{"id":8271,"date":"2024-07-26T16:15:00","date_gmt":"2024-07-26T14:15:00","guid":{"rendered":"https:\/\/ziolazycia.com\/nowa\/?post_type=product&#038;p=8271"},"modified":"2025-11-26T15:59:19","modified_gmt":"2025-11-26T14:59:19","slug":"probiotyk-i-prebiotyk-na-jelita-i-odpornosc-ekosynbiotyk-400ml","status":"publish","type":"product","link":"https:\/\/ziolazycia.com\/nowa\/product\/probiotyk-i-prebiotyk-na-jelita-i-odpornosc-ekosynbiotyk-400ml\/","title":{"rendered":"EkoSynbiotyk &#8211; Probiotyk i prebiotyk na jelita i odporno\u015b\u0107 400ml"},"content":{"rendered":"<p>Ekosynbiotyk to innowacyjny produkt, kt\u00f3ry wyr\u00f3\u017cnia si\u0119 nie tylko obecno\u015bci\u0105 probiotycznych bakterii, ale r\u00f3wnie\u017c bogactwem ich metabolit\u00f3w, co czyni go wyj\u0105tkowo skutecznym w wspieraniu zdrowia. Ekologiczn\u0105 i certyfikowan\u0105 po\u017cywk\u0105 dla tych mikroorganizm\u00f3w s\u0105 starannie dobrane sk\u0142adniki naturalne, takie jak topinambur, melasa z trzciny cukrowej oraz soki z granatu, jag\u00f3d i wi\u015bni. Dzi\u0119ki takiej technologii produkcji, ekosynbiotyk oferuje kompleksowe wsparcie dla organizmu.<\/p>\n<p>Zastosowanie naturalnego procesu fermentacji sprawia, \u017ce finalny produkt zawiera nie tylko probiotyczne bakterie, ale tak\u017ce szeroki zakres ich metabolit\u00f3w. W\u015br\u00f3d nich znajduj\u0105 si\u0119 kwasy mlekowy, bursztynowy, octowy, propionowy, asparaginowy, a tak\u017ce aminokwasy takie jak alanina, prolina, metionina i fenyloalanina. Ekosynbiotyk wzbogacony jest r\u00f3wnie\u017c o kluczowe witaminy, w tym witaminy K, B1, B6 i B12, co znacz\u0105co wp\u0142ywa na popraw\u0119 proces\u00f3w trawiennych i lepsze przyswajanie sk\u0142adnik\u00f3w od\u017cywczych.<\/p>\n<p>Warto podkre\u015bli\u0107, \u017ce ze wzgl\u0119du na naturalny charakter fermentacji, sk\u0142ad ilo\u015bciowy poszczeg\u00f3lnych substancji w ekosynbiotyku mo\u017ce si\u0119 r\u00f3\u017cni\u0107, co jest wynikiem dzia\u0142ania naturalnych proces\u00f3w biologicznych. Ekosynbiotyk dzia\u0142a kompleksowo, gdzie zar\u00f3wno obecno\u015b\u0107 bakterii, jak i ich metabolit\u00f3w, odgrywa kluczow\u0105 rol\u0119 w jego prozdrowotnym dzia\u0142aniu. To w\u0142a\u015bnie te metabolity, obok samych mikroorganizm\u00f3w, maj\u0105 istotny wp\u0142yw na \u015brodowisko wewn\u0119trzne organizmu, przyczyniaj\u0105c si\u0119 do poprawy og\u00f3lnego zdrowia.<\/p>\n","protected":false},"excerpt":{"rendered":"<p>EkoSynbiotyk: Probiotyk po\u0142\u0105czony z prebiotykiem, tworzony podczas wielomiesi\u0119cznego procesu fermentacji, zawiera ponad 4000 r\u00f3\u017cnych metabolit\u00f3w i 13 szczep\u00f3w \u017cywych bakterii probiotycznych. Charakteryzuje si\u0119 90% skuteczno\u015bci\u0105 zasiedlenia uk\u0142adu pokarmowego, co wspomaga wzmocnienie mikrobiomu, popraw\u0119 przyswajalno\u015bci pokarm\u00f3w i wzmacnianie odporno\u015bci organizmu. Produkt jest przebadany klinicznie i posiada certyfikat ekologiczny.<\/p>\n","protected":false},"featured_media":9880,"comment_status":"open","ping_status":"closed","template":"","meta":[],"product_brand":[],"product_cat":[76,72],"product_tag":[],"class_list":{"0":"post-8271","1":"product","2":"type-product","3":"status-publish","4":"has-post-thumbnail","6":"product_cat-probiotyki","7":"product_cat-suplementy-diety","9":"first","10":"instock","11":"featured","12":"taxable","13":"shipping-taxable","14":"purchasable","15":"product-type-simple"},"_links":{"self":[{"href":"https:\/\/ziolazycia.com\/nowa\/wp-json\/wp\/v2\/product\/8271","targetHints":{"allow":["GET"]}}],"collection":[{"href":"https:\/\/ziolazycia.com\/nowa\/wp-json\/wp\/v2\/product"}],"about":[{"href":"https:\/\/ziolazycia.com\/nowa\/wp-json\/wp\/v2\/types\/product"}],"replies":[{"embeddable":true,"href":"https:\/\/ziolazycia.com\/nowa\/wp-json\/wp\/v2\/comments?post=8271"}],"wp:featuredmedia":[{"embeddable":true,"href":"https:\/\/ziolazycia.com\/nowa\/wp-json\/wp\/v2\/media\/9880"}],"wp:attachment":[{"href":"https:\/\/ziolazycia.com\/nowa\/wp-json\/wp\/v2\/media?parent=8271"}],"wp:term":[{"taxonomy":"product_brand","embeddable":true,"href":"https:\/\/ziolazycia.com\/nowa\/wp-json\/wp\/v2\/product_brand?post=8271"},{"taxonomy":"product_cat","embeddable":true,"href":"https:\/\/ziolazycia.com\/nowa\/wp-json\/wp\/v2\/product_cat?post=8271"},{"taxonomy":"product_tag","embeddable":true,"href":"https:\/\/ziolazycia.com\/nowa\/wp-json\/wp\/v2\/product_tag?post=8271"}],"curies":[{"name":"wp","href":"https:\/\/api.w.org\/{rel}","templated":true}]}}