{"id":8033,"date":"2024-07-29T10:51:56","date_gmt":"2024-07-29T08:51:56","guid":{"rendered":"https:\/\/ziolazycia.com\/nowa\/?post_type=product&#038;p=8033"},"modified":"2025-11-26T15:59:19","modified_gmt":"2025-11-26T14:59:19","slug":"energetyczny-poranek-mini-kurs","status":"publish","type":"product","link":"https:\/\/ziolazycia.com\/nowa\/product\/energetyczny-poranek-mini-kurs\/","title":{"rendered":"Energetyczny poranek &#8211; Mini kurs"},"content":{"rendered":"<p>\ud83d\udc69\ud83c\udffc\u200d\ud83e\uddb0Ania &#8211; poka\u017ce sw\u00f3j s\u0142ynny automasa\u017c, poznasz jej &#8222;s\u0142owa mocy&#8221; na pozytywny dzie\u0144 i kilka sposob\u00f3w jak szybko i skutecznie zadba\u0107 o zdrowie.<\/p>\n<p>\ud83d\udc69\ud83c\udffb\u200d\ud83e\uddb1Aga &#8211; podpowie jak zmieni\u0107 nastawienie do siebie i \u015bwiata, jak uzyska\u0107 spok\u00f3j wewn\u0119trzny i zastrzyk energii na ca\u0142y dzie\u0144.<\/p>\n<p>\ud83d\udc68\ud83c\udffcRafa\u0142 &#8211; w kilka minut rozruszasz z nim cia\u0142o, to kr\u00f3tkie \u0107wiczenia na ka\u017cdym poziomie zaawansowania, a\u017c chce si\u0119 \u017cy\u0107!<\/p>\n<p>\ud83d\udd25Jak dbasz, tak masz! Zacznij zmiany z nami!<\/p>\n<p>\u2757UWAGA:<br \/>\nto nagranie mo\u017cesz ogl\u0105da\u0107 online, mo\u017cesz te\u017c \u015bci\u0105gn\u0105\u0107 plik na telefon i w\u0142\u0105cza\u0107 kiedy chcesz\ud83d\ude00<br \/>\nPo kolei wykonuj zadania i r\u00f3b pauz\u0119, aby zrobi\u0107 w swoim tempie!<\/p>\n<p>Spr\u00f3buj! Pomo\u017cemy Ci ruszy\u0107 z miejsca\ud83d\udcaa<\/p>\n<p>Opr\u00f3cz zada\u0144, w tym nagraniu, dostaniesz co\u015b bezcennego \ud83d\udc49\ud83d\udc49 NASZ\u0104 ENERGI\u0118!!<\/p>\n<p>\ud83d\udca5\ud83d\udca5Koszt? Cena na premier\u0119 mini kursu to tyle co kawa na mie\u015bcie &#8211; 19,99 z\u0142!<br \/>\nOFERTA OGRANICZONA CZASOWO!<\/p>\n<p>Cena regularna 39,99 z\u0142.<\/p>\n<div class=\"button-container\"><button class=\"add-to-cart-button\">KUP TERAZ<\/button> <!-- Zmie\u0144 123 na ID twojego produktu --><\/div>\n<p><script>\n    function redirectToCheckout(productId) {\n        window.location.href = 'https:\/\/ziolazycia.com\/zamowienie\/?add-to-cart=' + productId;\n    }\n<\/script><\/p>\n<style>\n.button-container {<br \/>    display: flex;<br \/>    justify-content: center;<br \/>    align-items: center;<br \/>    height: 100%; \/* Dostosuj w zale\u017cno\u015bci od potrzeb *\/<br \/>    margin: 20px 0; \/* Dodatkowa przestrze\u0144 nad i pod przyciskiem *\/<br \/>}<\/p>\n<p>.add-to-cart-button {<br \/>    background-color: #45a049; \/* Ciemniejszy kolor *\/<br \/>    border: none;<br \/>    color: white;<br \/>    padding: 15px 32px;<br \/>    text-align: center;<br \/>    text-decoration: none;<br \/>    display: inline-block;<br \/>    font-size: 16px;<br \/>    cursor: pointer;<br \/>    border-radius: 12px;<br \/>    transition: background-color 0.3s ease;<br \/>}<\/p>\n<p>.add-to-cart-button:hover {<br \/>    background-color: #4CAF50; \/* Ja\u015bniejszy kolor *\/<br \/>}<br \/><\/style>\n","protected":false},"excerpt":{"rendered":"<p>Zacznij dzie\u0144 z nami i zbuduj zdrowe nawyki\ud83d\udcaa<\/p>\n<p>Zainwestuj 20 min dziennie, aby zadba\u0107 o swoje cia\u0142o i umys\u0142!\ud83d\ude4f<\/p>\n<p>Dzi\u0119ki wskaz\u00f3wkom z mini kursu:<\/p>\n<p>\ud83d\ude03Na\u0142adujesz si\u0119 dobr\u0105 energi\u0105!<br \/>\n\ud83d\udcaaZmotywujesz do dzia\u0142ania!<br \/>\n\ud83d\ude4fWprowadzisz zdrowe nawyki!<br \/>\n\ud83e\udef6Zadbasz o siebie z samego rana!<br \/>\n\ud83e\uddb8\u200d\u2640\ufe0fPoczujesz si\u0119 pewniejsza\/y siebie &#8211; zrobisz to!<br \/>\n\ud83e\udd29Poczujesz, \u017ce panujesz nad swoim dniem!<br \/>\n\ud83d\udc78B\u0119dziesz z siebie dumna\/y!<br \/>\n\ud83d\ude0dZrobisz co\u015b dla siebie zanim wyjdziesz z domu!<\/p>\n<p>Ka\u017cdy z nas przygotowa\u0142 co\u015b innego: (kliknij poni\u017cej)<\/p>\n","protected":false},"featured_media":9879,"comment_status":"closed","ping_status":"closed","template":"","meta":[],"product_brand":[],"product_cat":[88],"product_tag":[],"class_list":{"0":"post-8033","1":"product","2":"type-product","3":"status-publish","4":"has-post-thumbnail","6":"product_cat-nagrania-i-szkolenia","8":"first","9":"instock","10":"sale","11":"downloadable","12":"virtual","13":"sold-individually","14":"taxable","15":"purchasable","16":"product-type-simple"},"_links":{"self":[{"href":"https:\/\/ziolazycia.com\/nowa\/wp-json\/wp\/v2\/product\/8033","targetHints":{"allow":["GET"]}}],"collection":[{"href":"https:\/\/ziolazycia.com\/nowa\/wp-json\/wp\/v2\/product"}],"about":[{"href":"https:\/\/ziolazycia.com\/nowa\/wp-json\/wp\/v2\/types\/product"}],"replies":[{"embeddable":true,"href":"https:\/\/ziolazycia.com\/nowa\/wp-json\/wp\/v2\/comments?post=8033"}],"wp:featuredmedia":[{"embeddable":true,"href":"https:\/\/ziolazycia.com\/nowa\/wp-json\/wp\/v2\/media\/9879"}],"wp:attachment":[{"href":"https:\/\/ziolazycia.com\/nowa\/wp-json\/wp\/v2\/media?parent=8033"}],"wp:term":[{"taxonomy":"product_brand","embeddable":true,"href":"https:\/\/ziolazycia.com\/nowa\/wp-json\/wp\/v2\/product_brand?post=8033"},{"taxonomy":"product_cat","embeddable":true,"href":"https:\/\/ziolazycia.com\/nowa\/wp-json\/wp\/v2\/product_cat?post=8033"},{"taxonomy":"product_tag","embeddable":true,"href":"https:\/\/ziolazycia.com\/nowa\/wp-json\/wp\/v2\/product_tag?post=8033"}],"curies":[{"name":"wp","href":"https:\/\/api.w.org\/{rel}","templated":true}]}}