{"id":800,"date":"2023-01-17T08:34:04","date_gmt":"2023-01-17T07:34:04","guid":{"rendered":"https:\/\/ziolazycia.com\/nowa\/?post_type=product&#038;p=800"},"modified":"2025-11-26T15:58:16","modified_gmt":"2025-11-26T14:58:16","slug":"kamien-gua-sha-z-kwarcu-do-masazu-twarzy-wschod-trojkat","status":"publish","type":"product","link":"https:\/\/ziolazycia.com\/nowa\/product\/kamien-gua-sha-z-kwarcu-do-masazu-twarzy-wschod-trojkat\/","title":{"rendered":"Kamie\u0144 Gua Sha z kwarcu r\u00f3\u017cowego do masa\u017cu twarzy &#8211; tr\u00f3jk\u0105t"},"content":{"rendered":"<p><strong>Wymiary<\/strong><\/p>\n<p>P\u0142ytka z kwarcu r\u00f3\u017cowego ma d\u0142ugo\u015b\u0107 9 cm, szeroko\u015b\u0107 5,5 cm i grubo\u015b\u0107 0,5 cm.<\/p>\n<h2><strong>Czym jest Gua Sha?<\/strong><\/h2>\n<p>Gua Sha to specyficzna forma tradycyjnego chi\u0144skiego masa\u017cu leczniczego, polegaj\u0105c\u0105 na skrobaniu sk\u00f3ry przy pomocy twardych p\u0142ytek lub rog\u00f3w, a\u017c do wywo\u0142ania na niej zaczerwienie\u0144\u00a0lub siniak\u00f3w.\u00a0Masa\u017c Gua Sha pozwala na rozszerzenie naczy\u0144 krwiono\u015bnych, likwidacj\u0119 skrzep\u00f3w, rozlu\u017anienie mi\u0119\u015bni, zmniejszenie lub zlikwidowanie opuchlizny oraz rozgrzanie organizmu i pobudzenie uk\u0142adu odporno\u015bciowego.<\/p>\n<h2><strong>Kiedy stosuje si\u0119 Gua Sha?<\/strong><\/h2>\n<p>Gua Sha wspomaga kr\u0105\u017cenie krwi i limfy w organizmie oraz pomaga usun\u0105\u0107 z niego toksyczne zwi\u0105zki. Masa\u017c Gua Sha wykorzystywany jest tak\u017ce w przypadku b\u00f3l\u00f3w mi\u0119\u015bni i staw\u00f3w, spi\u0119\u0107, sztywno\u015bci, wyzi\u0119bienia i gor\u0105czki, oraz\u00a0przy zwalczaniu nadwagi i oty\u0142o\u015bci, uzale\u017cnie\u0144, migrenowych b\u00f3l\u00f3w g\u0142owy i zawrot\u00f3w g\u0142owy oraz przewlek\u0142ego zm\u0119czenia.\u00a0Gua Sha poprzez pobudzanie uk\u0142adu odporno\u015bciowego pozwala skutecznie leczy\u0107 r\u00f3\u017cnego rodzaju infekcje.<\/p>\n<h2><strong>Jak stosowa\u0107 przyrz\u0105d do Gua Sha?<\/strong><\/h2>\n<p>Przed przyst\u0105pieniem do zabiegu Gua Sha plecy pacjenta nale\u017cy naoliwi\u0107 i rozgrza\u0107 przy pomocy klasycznego masa\u017cu manualnego. Masa\u017c p\u0142ytk\u0105 odbywa si\u0119 poprzez szybkie i energiczne pocieranie sk\u00f3ry plec\u00f3w. Zabieg nale\u017cy wykonywa\u0107 uwzgl\u0119dniaj\u0105c kierunki przep\u0142ywu energii Qi wzd\u0142u\u017c meridian, w celu pobudzenia jej przep\u0142ywu i udro\u017cnienia kana\u0142\u00f3w energetycznych.<\/p>\n<p><strong>Marka: <\/strong>WSCH\u00d3D<\/p>\n<p><strong>Podmiot odpowiedzialny:<\/strong><br \/>\nTCM Brand Sp. z o.o.<br \/>\nul. Winnicka 52<br \/>\n30-394 Krak\u00f3w<\/p>\n<p><strong>\u00a0<\/strong><\/p>\n","protected":false},"excerpt":{"rendered":"<p><strong>Kamie\u0144 Gua Sha<\/strong>\u00a0marki\u00a0<strong>Wsch\u00f3d<\/strong>\u00a0wykonany z wysokiej jako\u015bci, pi\u0119knego r<strong>\u00f3\u017cowego kwarcu<\/strong>.\u00a0<strong>Tr\u00f3jk\u0105tna p\u0142ytka<\/strong>\u00a0Gua Sha przeznaczona jest do\u00a0<strong>kosmetycznego masa\u017cu twarzy<\/strong>\u00a0oraz\u00a0<strong>terapeutycznego masa\u017cu cia\u0142a<\/strong>. P\u0142ytka dost\u0119pna w kolorze r\u00f3\u017cowym oraz bia\u0142ym. \u00a0Ze wzgl\u0119du na naturalne pochodzenia kamienia, poszczeg\u00f3lne egzemplarze mog\u0105 r\u00f3\u017cni\u0107 si\u0119 stopniem wybarwienia.<\/p>\n","protected":false},"featured_media":9371,"comment_status":"closed","ping_status":"closed","template":"","meta":[],"product_brand":[],"product_cat":[73,74],"product_tag":[],"class_list":{"0":"post-800","1":"product","2":"type-product","3":"status-publish","4":"has-post-thumbnail","6":"product_cat-akcesoria-do-twarzy-i-ciala","7":"product_cat-masaz-twarzy","9":"first","10":"instock","11":"taxable","12":"shipping-taxable","13":"purchasable","14":"product-type-simple"},"_links":{"self":[{"href":"https:\/\/ziolazycia.com\/nowa\/wp-json\/wp\/v2\/product\/800","targetHints":{"allow":["GET"]}}],"collection":[{"href":"https:\/\/ziolazycia.com\/nowa\/wp-json\/wp\/v2\/product"}],"about":[{"href":"https:\/\/ziolazycia.com\/nowa\/wp-json\/wp\/v2\/types\/product"}],"replies":[{"embeddable":true,"href":"https:\/\/ziolazycia.com\/nowa\/wp-json\/wp\/v2\/comments?post=800"}],"wp:featuredmedia":[{"embeddable":true,"href":"https:\/\/ziolazycia.com\/nowa\/wp-json\/wp\/v2\/media\/9371"}],"wp:attachment":[{"href":"https:\/\/ziolazycia.com\/nowa\/wp-json\/wp\/v2\/media?parent=800"}],"wp:term":[{"taxonomy":"product_brand","embeddable":true,"href":"https:\/\/ziolazycia.com\/nowa\/wp-json\/wp\/v2\/product_brand?post=800"},{"taxonomy":"product_cat","embeddable":true,"href":"https:\/\/ziolazycia.com\/nowa\/wp-json\/wp\/v2\/product_cat?post=800"},{"taxonomy":"product_tag","embeddable":true,"href":"https:\/\/ziolazycia.com\/nowa\/wp-json\/wp\/v2\/product_tag?post=800"}],"curies":[{"name":"wp","href":"https:\/\/api.w.org\/{rel}","templated":true}]}}