{"id":7975,"date":"2024-07-28T14:21:35","date_gmt":"2024-07-28T12:21:35","guid":{"rendered":"https:\/\/ziolazycia.com\/nowa\/?post_type=product&#038;p=7975"},"modified":"2025-11-26T15:59:19","modified_gmt":"2025-11-26T14:59:19","slug":"nagranie-o-pasozytach","status":"publish","type":"product","link":"https:\/\/ziolazycia.com\/nowa\/product\/nagranie-o-pasozytach\/","title":{"rendered":"Naturalne sposoby na pozbycie si\u0119 paso\u017cyt\u00f3w \u2013 Dost\u0119p do nagrania"},"content":{"rendered":"","protected":false},"excerpt":{"rendered":"<p>W nagraniu, Mgr Ania Kosmala, do\u015bwiadczona zielarka, dietetyczka, naturopatka i pasjonatka zdrowego stylu \u017cycia, dzieli si\u0119 swoj\u0105 wiedz\u0105 na temat skutecznych metod walki z paso\u017cytami w spos\u00f3b naturalny i bezpieczny dla organizmu.<\/p>\n<p>Ania wskazuje r\u00f3\u017cnorodne naturalne \u015brodki i techniki, kt\u00f3re pomog\u0105 w oczyszczeniu organizmu z paso\u017cyt\u00f3w. Nagranie to doskona\u0142a okazja dla wszystkich zainteresowanych zdrowiem i naturalnymi metodami leczenia, aby poszerzy\u0107 swoj\u0105 wiedz\u0119 i dowiedzie\u0107 si\u0119, jak dba\u0107 o swoje cia\u0142o w spos\u00f3b holistyczny.<\/p>\n","protected":false},"featured_media":9878,"comment_status":"closed","ping_status":"closed","template":"","meta":[],"product_brand":[],"product_cat":[88],"product_tag":[],"class_list":{"0":"post-7975","1":"product","2":"type-product","3":"status-publish","4":"has-post-thumbnail","6":"product_cat-nagrania-i-szkolenia","8":"first","9":"instock","10":"downloadable","11":"virtual","12":"sold-individually","13":"taxable","14":"purchasable","15":"product-type-simple"},"_links":{"self":[{"href":"https:\/\/ziolazycia.com\/nowa\/wp-json\/wp\/v2\/product\/7975","targetHints":{"allow":["GET"]}}],"collection":[{"href":"https:\/\/ziolazycia.com\/nowa\/wp-json\/wp\/v2\/product"}],"about":[{"href":"https:\/\/ziolazycia.com\/nowa\/wp-json\/wp\/v2\/types\/product"}],"replies":[{"embeddable":true,"href":"https:\/\/ziolazycia.com\/nowa\/wp-json\/wp\/v2\/comments?post=7975"}],"wp:featuredmedia":[{"embeddable":true,"href":"https:\/\/ziolazycia.com\/nowa\/wp-json\/wp\/v2\/media\/9878"}],"wp:attachment":[{"href":"https:\/\/ziolazycia.com\/nowa\/wp-json\/wp\/v2\/media?parent=7975"}],"wp:term":[{"taxonomy":"product_brand","embeddable":true,"href":"https:\/\/ziolazycia.com\/nowa\/wp-json\/wp\/v2\/product_brand?post=7975"},{"taxonomy":"product_cat","embeddable":true,"href":"https:\/\/ziolazycia.com\/nowa\/wp-json\/wp\/v2\/product_cat?post=7975"},{"taxonomy":"product_tag","embeddable":true,"href":"https:\/\/ziolazycia.com\/nowa\/wp-json\/wp\/v2\/product_tag?post=7975"}],"curies":[{"name":"wp","href":"https:\/\/api.w.org\/{rel}","templated":true}]}}