{"id":7749,"date":"2024-05-01T18:31:10","date_gmt":"2024-05-01T16:31:10","guid":{"rendered":"https:\/\/ziolazycia.com\/nowa\/?post_type=product&#038;p=7749"},"modified":"2025-11-26T15:59:19","modified_gmt":"2025-11-26T14:59:19","slug":"treenes-business-premium","status":"publish","type":"product","link":"https:\/\/ziolazycia.com\/nowa\/product\/treenes-business-premium\/","title":{"rendered":"Bi\u017cuteria Funkcyjna Treenes Business Premium Gold 25\/3 mm Sterling 925 24 K Absorber + PREZENT: Olejek Dzika pomara\u0144cza 15 ml (doTerra) za 89 z\u0142 gratis"},"content":{"rendered":"<p><strong data-start=\"488\" data-end=\"579\">Bi\u017cuteria Funkcyjna Treenes Business Premium Gold 25\/3 mm \u2013 Sterling 925, poz\u0142acana 24K<\/strong><\/p>\n<p>Ekskluzywna zawieszka z serii Business Premium Gold to elegancka bi\u017cuteria funkcyjna, kt\u00f3ra \u0142\u0105czy precyzyjne wykonanie jubilerskie z nowoczesn\u0105 technologi\u0105 absorpcji smogu elektromagnetycznego.<\/p>\n<p>Dzi\u0119ki spiralnej strukturze wewn\u0119trznej (dzia\u0142aj\u0105cej na zasadzie anteny), zawieszka dzia\u0142a jak mikroodkurzacz \u2013 poch\u0142ania niepo\u017c\u0105dane komponenty smogu elektrycznego i neutralizuje je poprzez przekszta\u0142cenie w bezpieczne ciep\u0142o.<\/p>\n<h6 data-start=\"1005\" data-end=\"1040\">\u2726 <strong data-start=\"1011\" data-end=\"1038\">Wysoka jako\u015b\u0107 wykonania<\/strong><\/h6>\n<ul data-start=\"1041\" data-end=\"1226\">\n<li data-start=\"1041\" data-end=\"1103\">Materia\u0142: srebro Sterling 925, pokryte 24-karatowym z\u0142otem<\/li>\n<li data-start=\"1104\" data-end=\"1129\">Kolor rdzenia: czarny<\/li>\n<li data-start=\"1130\" data-end=\"1226\">Rozmiar:\n<ul data-start=\"1145\" data-end=\"1226\">\n<li data-start=\"1145\" data-end=\"1169\">\u015arednica: ok. 2,7 cm<\/li>\n<li data-start=\"1172\" data-end=\"1194\">Wysoko\u015b\u0107: ok. 3 mm<\/li>\n<li data-start=\"1197\" data-end=\"1226\">Szeroko\u015b\u0107 rdzenia: 2,5 cm<\/li>\n<\/ul>\n<\/li>\n<\/ul>\n<h6 data-start=\"1228\" data-end=\"1261\">\u2726 <strong data-start=\"1234\" data-end=\"1259\">Funkcje i w\u0142a\u015bciwo\u015bci<\/strong><\/h6>\n<ul data-start=\"1262\" data-end=\"1475\">\n<li data-start=\"1262\" data-end=\"1292\">Zasi\u0119g dzia\u0142ania: ok. 4 m\u00b2<\/li>\n<li data-start=\"1293\" data-end=\"1311\">Dzia\u0142anie 360\u00b0<\/li>\n<li data-start=\"1312\" data-end=\"1333\">Gwarancja: 10 lat<\/li>\n<li data-start=\"1334\" data-end=\"1380\">Unisex \u2013 odpowiednia dla kobiet i m\u0119\u017cczyzn<\/li>\n<li data-start=\"1381\" data-end=\"1475\">Sprzedawana bez \u0142a\u0144cuszka (mo\u017cliwo\u015b\u0107 zawieszenia na z\u0142otym, srebrnym lub dowolnym sznurku)<\/li>\n<\/ul>\n<h6 data-start=\"1477\" data-end=\"1494\">\u2726 <strong data-start=\"1483\" data-end=\"1492\">Uwaga<\/strong><\/h6>\n<ul data-start=\"1495\" data-end=\"1651\">\n<li data-start=\"1495\" data-end=\"1570\">Produkt nie jest wodoodporny \u2013 nale\u017cy chroni\u0107 przed wilgoci\u0105 i zalaniem<\/li>\n<li data-start=\"1571\" data-end=\"1651\">Urz\u0105dzenie nie jest wyrobem medycznym i nie zast\u0119puje konsultacji z lekarzem<\/li>\n<\/ul>\n","protected":false},"excerpt":{"rendered":"<p>Bi\u017cuteria Treenes Business Premium Gold \u2013 elegancki absorber smogu elektromagnetycznego w srebrze 925, poz\u0142acany 24K, zasi\u0119g 4 m\u00b2.<\/p>\n","protected":false},"featured_media":9876,"comment_status":"open","ping_status":"closed","template":"","meta":[],"product_brand":[],"product_cat":[81],"product_tag":[],"class_list":{"0":"post-7749","1":"product","2":"type-product","3":"status-publish","4":"has-post-thumbnail","6":"product_cat-absorbery","8":"first","9":"instock","10":"taxable","11":"shipping-taxable","12":"purchasable","13":"product-type-simple"},"_links":{"self":[{"href":"https:\/\/ziolazycia.com\/nowa\/wp-json\/wp\/v2\/product\/7749","targetHints":{"allow":["GET"]}}],"collection":[{"href":"https:\/\/ziolazycia.com\/nowa\/wp-json\/wp\/v2\/product"}],"about":[{"href":"https:\/\/ziolazycia.com\/nowa\/wp-json\/wp\/v2\/types\/product"}],"replies":[{"embeddable":true,"href":"https:\/\/ziolazycia.com\/nowa\/wp-json\/wp\/v2\/comments?post=7749"}],"wp:featuredmedia":[{"embeddable":true,"href":"https:\/\/ziolazycia.com\/nowa\/wp-json\/wp\/v2\/media\/9876"}],"wp:attachment":[{"href":"https:\/\/ziolazycia.com\/nowa\/wp-json\/wp\/v2\/media?parent=7749"}],"wp:term":[{"taxonomy":"product_brand","embeddable":true,"href":"https:\/\/ziolazycia.com\/nowa\/wp-json\/wp\/v2\/product_brand?post=7749"},{"taxonomy":"product_cat","embeddable":true,"href":"https:\/\/ziolazycia.com\/nowa\/wp-json\/wp\/v2\/product_cat?post=7749"},{"taxonomy":"product_tag","embeddable":true,"href":"https:\/\/ziolazycia.com\/nowa\/wp-json\/wp\/v2\/product_tag?post=7749"}],"curies":[{"name":"wp","href":"https:\/\/api.w.org\/{rel}","templated":true}]}}