{"id":7735,"date":"2024-04-11T16:55:45","date_gmt":"2024-04-11T14:55:45","guid":{"rendered":"https:\/\/ziolazycia.com\/nowa\/?post_type=product&#038;p=7735"},"modified":"2025-11-26T15:59:19","modified_gmt":"2025-11-26T14:59:19","slug":"bio-hericium-w-proszku-100-g","status":"publish","type":"product","link":"https:\/\/ziolazycia.com\/nowa\/product\/bio-hericium-w-proszku-100-g\/","title":{"rendered":"BIO Hericium w proszku 100 g"},"content":{"rendered":"<p class=\"aj\"><strong>Hericium <\/strong>(<i>Hericium erinaceus,<\/i> czyli sopl\u00f3wka je\u017cowata)\u00a0 ma delikatny smak i\u00a0konsystencj\u0119 przypominaj\u0105c\u0105 ryby. Ro\u015bnie paso\u017cytniczo w k\u0119pach na uszkodzonych pniach lub drzewach. Hericium ma silne miejsce w tradycyjnej medycynie chi\u0144skiej. Wed\u0142ug niej <strong>Hericium<\/strong> mo\u017ce wyr\u00f3wna\u0107 nier\u00f3wnowag\u0119 yin i\u00a0yang w ca\u0142ym organizmie.<\/p>\n<p>Obecnie badany jest wp\u0142yw Hericium na produkcj\u0119 NFG (czynnik wzrostu nerw\u00f3w). Podobnie jak inne grzyby lecznicze, <strong>Hericium<\/strong> jest bogaty w polisacharydy \u2013 beta-glukan, minera\u0142y, pierwiastki \u015bladowe, specyficzne dla niego s\u0105 diterpenoidy &#8211; herisentony i\u00a0erinaciny. Inne wa\u017cne sk\u0142adniki Hericium to kwas palmitynowy, alkohol cukrowy treitol, D-arabinitol i\u00a0prowitamina D2 i\u00a0inne. St\u0119\u017cenie polisacharydu w ekstrakcie jest r\u00f3wnie\u017c wa\u017cne. Dzi\u0119ki d\u0142ugotrwa\u0142ym testom stwierdzono, \u017ce 30% jest optymalne do cel\u00f3w terapeutycznych. Ni\u017csze st\u0119\u017cenia (10%) s\u0105 mniej skuteczne, wy\u017csze st\u0119\u017cenia (40%) s\u0105 zawsze kosztem innych substancji czynnych, nast\u0119puje zmiana w dzia\u0142aniu okre\u015blonego grzyba.<\/p>\n<p class=\"aj\"><strong>Zawarto\u015b\u0107 opakowania:<\/strong>\u00a0100 g BIO proszku z\u00a0owocnik\u00f3w <i>Hericium erinaceus (biomasa\/powder).<\/i><\/p>\n<h2>BIO Hericium w proszku 100g &#8211; spos\u00f3b u\u017cycia:<\/h2>\n<p>1-3 g dziennie przynajmniej p\u00f3\u0142 godziny przed posi\u0142kiem.<\/p>\n<p class=\"aj\"><strong>Masa opakowania:\u00a0<\/strong>100g proszku.<i><br \/>\n<\/i><\/p>\n<p><strong>\u015arodki ostro\u017cno\u015bci<\/strong>: Produkt nie jest przeznaczony dla dzieci poni\u017cej 3 lat, dla kobiet w ci\u0105\u017cy i karmi\u0105cych piersi\u0105. Nie nale\u017cy przekracza\u0107 zalecanego dziennego dawkowania. Przechowywa\u0107 w miejscu niedost\u0119pnym dla dzieci. Produkt nie zast\u0119puje zr\u00f3\u017cnicowanej diety. Nie zawiera efedryny, kofeiny, glutenu, konserwant\u00f3w, barwnik\u00f3w ani cukru..<\/p>\n<p>Nie przekracza\u0107 zalecanej porcji do spo\u017cycia w ci\u0105gu dnia. Produkt nie mo\u017ce by\u0107 stosowany jako substytut zr\u00f3\u017cnicowanej diety. Wa\u017cne jest stosowanie zr\u00f3\u017cnicowanej i zbilansowanej diety oraz prowadzenie zdrowego trybu \u017cycia.<\/p>\n<p><strong>Przechowywanie:<\/strong><br \/>\nPo otwarciu przechowywa\u0107 w suchym i ciemnym miejscu, z dala od ma\u0142ych dzieci.<\/p>\n<p><strong>Producent:<\/strong><br \/>\nTCM Brand Sp. z\u00a0o. o<br \/>\nul. Winnicka 52<br \/>\n30-394 Krak\u00f3w<\/p>\n","protected":false},"excerpt":{"rendered":"<p><strong>Suplement diety<\/strong><\/p>\n<p><strong>Hericium<\/strong> (sopl\u00f3wka je\u017cowata, w j. angielski znana pod nazw\u0105 lwia grzywa, <i>Hericium erinaceus<\/i>) nale\u017cy do jadalnych podstawczak\u00f3w, grzyb\u00f3w leczniczych pochodz\u0105cych z\u00a0Azji, wyst\u0119puje tak\u017ce du\u017co na p\u00f3\u0142nocy Ameryki. <strong>Hericium<\/strong> jest rzadko spotykany w naszym kraju. Nazw\u0119 grzyb uzyska\u0142 zgodnie z unikalnym kszta\u0142tem owocnika, kt\u00f3ry jest kulisty i rozga\u0142\u0119ziony i mo\u017ce mie\u0107 \u015brednic\u0119 do 30 cm.<\/p>\n","protected":false},"featured_media":9875,"comment_status":"open","ping_status":"closed","template":"","meta":[],"product_brand":[],"product_cat":[72],"product_tag":[],"class_list":{"0":"post-7735","1":"product","2":"type-product","3":"status-publish","4":"has-post-thumbnail","6":"product_cat-suplementy-diety","8":"first","9":"instock","10":"sale","11":"taxable","12":"shipping-taxable","13":"purchasable","14":"product-type-simple"},"_links":{"self":[{"href":"https:\/\/ziolazycia.com\/nowa\/wp-json\/wp\/v2\/product\/7735","targetHints":{"allow":["GET"]}}],"collection":[{"href":"https:\/\/ziolazycia.com\/nowa\/wp-json\/wp\/v2\/product"}],"about":[{"href":"https:\/\/ziolazycia.com\/nowa\/wp-json\/wp\/v2\/types\/product"}],"replies":[{"embeddable":true,"href":"https:\/\/ziolazycia.com\/nowa\/wp-json\/wp\/v2\/comments?post=7735"}],"wp:featuredmedia":[{"embeddable":true,"href":"https:\/\/ziolazycia.com\/nowa\/wp-json\/wp\/v2\/media\/9875"}],"wp:attachment":[{"href":"https:\/\/ziolazycia.com\/nowa\/wp-json\/wp\/v2\/media?parent=7735"}],"wp:term":[{"taxonomy":"product_brand","embeddable":true,"href":"https:\/\/ziolazycia.com\/nowa\/wp-json\/wp\/v2\/product_brand?post=7735"},{"taxonomy":"product_cat","embeddable":true,"href":"https:\/\/ziolazycia.com\/nowa\/wp-json\/wp\/v2\/product_cat?post=7735"},{"taxonomy":"product_tag","embeddable":true,"href":"https:\/\/ziolazycia.com\/nowa\/wp-json\/wp\/v2\/product_tag?post=7735"}],"curies":[{"name":"wp","href":"https:\/\/api.w.org\/{rel}","templated":true}]}}