{"id":7733,"date":"2024-04-11T15:28:50","date_gmt":"2024-04-11T13:28:50","guid":{"rendered":"https:\/\/ziolazycia.com\/nowa\/?post_type=product&#038;p=7733"},"modified":"2025-11-26T15:59:19","modified_gmt":"2025-11-26T14:59:19","slug":"mumio-oczyszczone-shilajit-altajskie-60-tabletek","status":"publish","type":"product","link":"https:\/\/ziolazycia.com\/nowa\/product\/mumio-oczyszczone-shilajit-altajskie-60-tabletek\/","title":{"rendered":"Mumio Oczyszczone Shilajit a\u0142tajskie 60 tabletek"},"content":{"rendered":"<p><strong>Stosowanie:<\/strong>\u00a0doro\u015bli i dzieci powy\u017cej 14 lat 1 tabletka 2 razy dziennie podczas jedzenia<\/p>\n<p>Zawarto\u015b\u0107 sk\u0142adnik\u00f3w w dw\u00f3ch tabletkach (zalecana dzienna porcja): mumio oczyszczone \u2013 400mg<\/p>\n<p>Nie przekracza\u0107 zalecanej porcji do spo\u017cycia w ci\u0105gu dnia.<\/p>\n<p><strong>Przeciwwskazania:<\/strong>\u00a0indywidualna nietolerancja produktu, ci\u0105\u017ca, karmienie piersi\u0105, kamica nerkowa<\/p>\n<p>Produkt ten nie jest lekiem.<\/p>\n<p><strong>Producent:<\/strong>\u00a0Farm Grupp,\u00a065 Lesnoy tract, Barnaul, 656906, Altai Region, Federacja Rosyjska<\/p>\n<p><strong>Dystrybutor:<\/strong> Aram Natura &#8222;Aram Szaginian&#8221;, ul. Kili\u0144skiego 30 d, 27-400 Ostrowiec \u015awi\u0119tokrzyski<\/p>\n<p>Suplementy diety nie mog\u0105 by\u0107 stosowane jako substytut (zamiennik) zr\u00f3\u017cnicowanej diety. Utrzymanie prawid\u0142owego stanu zdrowia wymaga zr\u00f3\u017cnicowanego od\u017cywiania i prowadzenia zdrowego trybu \u017cycia.<\/p>\n<p><strong>Opakowanie:<\/strong>\u00a0 pude\u0142ko kartonowe,\u00a060 tab. po 200 mg<\/p>\n<p><strong>Przechowywanie: <\/strong>Przechowywa\u0107 w suchym, ciemnym miejscu niedost\u0119pnym dla dzieci, w temperaturze nie przekraczaj\u0105cej 25\u00b0C.<\/p>\n<p><strong>Kraj pochodzenia:<\/strong> Rosja<\/p>\n","protected":false},"excerpt":{"rendered":"<p><strong>Sk\u0142adniki:<\/strong>\u00a0mumio a\u0142tajskie oczyszczone 100%<br \/>\n<strong>Suplement diety<\/strong><\/p>\n<p>Mumio a\u0142tajskie (shilajit) to naturalna substancja pochodzenia mineralnego, pozyskiwana ze ska\u0142 wysokog\u00f3rskich A\u0142taju. Swoj\u0105 wyj\u0105tkow\u0105 reputacj\u0119 zawdzi\u0119cza bogatemu sk\u0142adowi, obejmuj\u0105cemu ponad 80 minera\u0142\u00f3w, kwas\u00f3w organicznych i innych bioaktywnych zwi\u0105zk\u00f3w.<\/p>\n","protected":false},"featured_media":9874,"comment_status":"open","ping_status":"closed","template":"","meta":[],"product_brand":[],"product_cat":[72],"product_tag":[],"class_list":{"0":"post-7733","1":"product","2":"type-product","3":"status-publish","4":"has-post-thumbnail","6":"product_cat-suplementy-diety","8":"first","9":"instock","10":"sale","11":"featured","12":"taxable","13":"shipping-taxable","14":"purchasable","15":"product-type-simple"},"_links":{"self":[{"href":"https:\/\/ziolazycia.com\/nowa\/wp-json\/wp\/v2\/product\/7733","targetHints":{"allow":["GET"]}}],"collection":[{"href":"https:\/\/ziolazycia.com\/nowa\/wp-json\/wp\/v2\/product"}],"about":[{"href":"https:\/\/ziolazycia.com\/nowa\/wp-json\/wp\/v2\/types\/product"}],"replies":[{"embeddable":true,"href":"https:\/\/ziolazycia.com\/nowa\/wp-json\/wp\/v2\/comments?post=7733"}],"wp:featuredmedia":[{"embeddable":true,"href":"https:\/\/ziolazycia.com\/nowa\/wp-json\/wp\/v2\/media\/9874"}],"wp:attachment":[{"href":"https:\/\/ziolazycia.com\/nowa\/wp-json\/wp\/v2\/media?parent=7733"}],"wp:term":[{"taxonomy":"product_brand","embeddable":true,"href":"https:\/\/ziolazycia.com\/nowa\/wp-json\/wp\/v2\/product_brand?post=7733"},{"taxonomy":"product_cat","embeddable":true,"href":"https:\/\/ziolazycia.com\/nowa\/wp-json\/wp\/v2\/product_cat?post=7733"},{"taxonomy":"product_tag","embeddable":true,"href":"https:\/\/ziolazycia.com\/nowa\/wp-json\/wp\/v2\/product_tag?post=7733"}],"curies":[{"name":"wp","href":"https:\/\/api.w.org\/{rel}","templated":true}]}}