{"id":7484,"date":"2024-02-14T18:10:46","date_gmt":"2024-02-14T17:10:46","guid":{"rendered":"https:\/\/ziolazycia.com\/nowa\/?post_type=product&#038;p=7484"},"modified":"2025-11-26T15:59:17","modified_gmt":"2025-11-26T14:59:17","slug":"sukces-jest-dla-ciebie-autor-dr-david-hawkins","status":"publish","type":"product","link":"https:\/\/ziolazycia.com\/nowa\/product\/sukces-jest-dla-ciebie-autor-dr-david-hawkins\/","title":{"rendered":"Sukces jest dla Ciebie. Autor: dr David R. Hawkins"},"content":{"rendered":"<h2 data-sourcepos=\"3:1-3:24\">G\u0142\u00f3wne tezy ksi\u0105\u017cki &#8222;<strong>Sukces jest dla Ciebie&#8221; <\/strong>autorstwa dr Davida R. Hawkinsa:<strong><br \/>\n<\/strong><\/h2>\n<ul data-sourcepos=\"5:1-5:1\">\n<li data-sourcepos=\"5:1-5:1\"><strong>Sukces jest stanem umys\u0142u:<\/strong> Hawkins twierdzi, \u017ce prawdziwy sukces nie polega na zewn\u0119trznych osi\u0105gni\u0119ciach, ale na wewn\u0119trznym stanie spokoju, rado\u015bci i spe\u0142nienia.<\/li>\n<li data-sourcepos=\"6:1-6:153\"><strong>Poziom \u015bwiadomo\u015bci determinuje poziom sukcesu:<\/strong> Im wy\u017cszy poziom \u015bwiadomo\u015bci, tym wi\u0119ksze szanse na osi\u0105gni\u0119cie sukcesu w r\u00f3\u017cnych dziedzinach \u017cycia.<\/li>\n<li data-sourcepos=\"7:1-7:225\"><strong>Mapa poziom\u00f3w \u015bwiadomo\u015bci:<\/strong> Hawkins przedstawia skal\u0119 17 poziom\u00f3w \u015bwiadomo\u015bci, od apatii i strachu (20) do o\u015bwiecenia (1000). Ka\u017cdy poziom wi\u0105\u017ce si\u0119 z okre\u015blonymi emocjami, my\u015blami i predyspozycjami do osi\u0105gania sukcesu.<\/li>\n<li data-sourcepos=\"8:1-8:8\"><strong>Techniki rozwoju osobistego:<\/strong> Ksi\u0105\u017cka zawiera praktyczne wskaz\u00f3wki i techniki, kt\u00f3re pomagaj\u0105 w podnoszeniu poziomu \u015bwiadomo\u015bci i uwalnianiu si\u0119 od negatywnych emocji, a tym samym sprzyjaj\u0105 osi\u0105ganiu sukcesu.<\/li>\n<\/ul>\n<p data-sourcepos=\"10:1-10:23\"><strong>Korzy\u015bci z lektury:<\/strong><\/p>\n<ul data-sourcepos=\"12:1-15:0\">\n<li data-sourcepos=\"12:1-12:85\">Ksi\u0105\u017cka mo\u017ce pom\u00f3c w zrozumieniu psychologicznych czynnik\u00f3w determinuj\u0105cych sukces.<\/li>\n<li data-sourcepos=\"13:1-13:74\">Mo\u017ce zainspirowa\u0107 do pracy nad w\u0142asnym rozwojem duchowym i emocjonalnym.<\/li>\n<li data-sourcepos=\"14:1-15:0\">Mo\u017ce dostarczy\u0107 praktycznych narz\u0119dzi do radzenia sobie z wyzwaniami i osi\u0105gania cel\u00f3w.<\/li>\n<\/ul>\n<p data-sourcepos=\"21:1-21:17\"><strong>Podsumowuj\u0105c:<\/strong><\/p>\n<p data-sourcepos=\"23:1-23:209\">Czy mo\u017cna rozwija\u0107 \u015bwiadomo\u015b\u0107 w codziennym \u017cyciu, w pracy zawodowej, w biznesie? Co przyci\u0105ga, promuje i buduje sukces, a nie wymaga czasu, energii i wysi\u0142ku? Tajemnica sukcesu wielu ludzi polega na tym, \u017ce robi\u0105 to, co lubi\u0105 najbardziej i daj\u0105 z siebie wszystko. Oznacza to, \u017ce mo\u017cemy odnie\u015b\u0107 sukces, w czymkolwiek zechcemy. Rozlu\u017anij si\u0119, przesta\u0144 z kimkolwiek rywalizowa\u0107. W \u015bwiecie sukcesu nie ma \u017cadnej konkurencji.<\/p>\n<p data-sourcepos=\"23:1-23:209\">&#8222;Sukces jest dla Ciebie&#8221; to ksi\u0105\u017cka warta przeczytania dla wszystkich, kt\u00f3rzy chc\u0105 \u015bwiadomie d\u0105\u017cy\u0107 do sukcesu w r\u00f3\u017cnych dziedzinach \u017cycia. Nale\u017cy jednak pami\u0119ta\u0107, \u017ce przedstawione w niej teorie nie zawsze s\u0105 akceptowane przez \u015brodowisko naukowe.<\/p>\n<div class=\"elementor-widget elementor-element elementor-element-dahjn0n elementor-widget-text-editor\" data-element_type=\"text-editor\">\n<div class=\"elementor-widget-container\">\n<div class=\"elementor-text-editor rte-content\">\n<p><strong>David R. Hawkins<\/strong>\u00a0(1927-2012)<br \/>\nDr nauk medycznych, renomowany psychiatra, badacz, nauczyciel duchowy i wyk\u0142adowca. Autor wielu artyku\u0142\u00f3w i ksi\u0105\u017cek, w tym jednej wsp\u00f3lnie z laureatem nagrody Nobla, Linusem Paulingiem.<br \/>\nPonadto Dr Hawkins prowadzi\u0142 zakrojone na szerok\u0105 skal\u0119 badania nad ludzk\u0105 \u015bwiadomo\u015bci\u0105. Jego znakiem rozpoznawczym jest pionierska, znana ju\u017c na ca\u0142ym \u015bwiecie \u201eMapa poziom\u00f3w \u015bwiadomo\u015bci\u201d (Map of Consciousness\u00ae), opisana po raz pierwszy w ciesz\u0105cej si\u0119 nies\u0142abn\u0105c\u0105 popularno\u015bci\u0105 ksi\u0105\u017cce <em><strong>Si\u0142a czy moc<\/strong><\/em>, przet\u0142umaczonej na ponad dwadzie\u015bcia j\u0119zyk\u00f3w.<\/p>\n<\/div>\n<\/div>\n<\/div>\n<div class=\"elementor-widget elementor-element elementor-element-j9xke25 elementor-widget-spacer\" data-element_type=\"spacer\">\n<div class=\"elementor-widget-container\">\n<div class=\"elementor-spacer\">\n<div class=\"elementor-spacer-inner\"><strong>Wydawnictwo:<\/strong> \u00a0\u00a0\u00a0\u00a0\u00a0\u00a0\u00a0\u00a0\u00a0\u00a0 Virgo<\/div>\n<div><strong>Rok wydania:<\/strong>\u00a0\u00a0\u00a0\u00a0\u00a0\u00a0\u00a0\u00a0\u00a0\u00a0\u00a0\u00a0\u00a0 2017<\/div>\n<div><strong>Ok\u0142adka:\u00a0<\/strong> \u00a0\u00a0\u00a0\u00a0\u00a0\u00a0\u00a0\u00a0\u00a0\u00a0\u00a0\u00a0\u00a0\u00a0\u00a0\u00a0\u00a0\u00a0\u00a0 Twarda<\/div>\n<div><strong>Liczba stron: <\/strong>\u00a0\u00a0\u00a0\u00a0\u00a0\u00a0\u00a0\u00a0\u00a0\u00a0\u00a0\u00a0\u00a0 232<\/div>\n<div><strong>Format [mm]:<\/strong> \u00a0\u00a0\u00a0\u00a0\u00a0\u00a0\u00a0\u00a0\u00a0\u00a0\u00a0\u00a0 145 x 207<\/div>\n<\/div>\n<\/div>\n<\/div>\n","protected":false},"excerpt":{"rendered":"<p>Ksi\u0105\u017cka &#8222;Sukces jest dla Ciebie&#8221; autorstwa Davida R. Hawkinsa zosta\u0142a uznana za Ksi\u0105\u017ck\u0119 Roku 2017 w Kategorii <em><strong>Poradniki.<\/strong><\/em>\u00a0 Jest to praktyczny przewodnik traktuj\u0105cy o osi\u0105ganiu sukcesu w \u017cyciu osobistym i zawodowym. Opieraj\u0105c si\u0119 na swoim wieloletnim do\u015bwiadczeniu psychiatrycznym i badawczym, Dr Hawkins przedstawia w nim map\u0119 poziom\u00f3w \u015bwiadomo\u015bci i t\u0142umaczy, jak wp\u0142ywa ona na nasze osi\u0105gni\u0119cia.<\/p>\n","protected":false},"featured_media":9868,"comment_status":"open","ping_status":"closed","template":"","meta":[],"product_brand":[],"product_cat":[66],"product_tag":[],"class_list":{"0":"post-7484","1":"product","2":"type-product","3":"status-publish","4":"has-post-thumbnail","6":"product_cat-ksiazki","8":"first","9":"outofstock","10":"taxable","11":"shipping-taxable","12":"product-type-simple"},"_links":{"self":[{"href":"https:\/\/ziolazycia.com\/nowa\/wp-json\/wp\/v2\/product\/7484","targetHints":{"allow":["GET"]}}],"collection":[{"href":"https:\/\/ziolazycia.com\/nowa\/wp-json\/wp\/v2\/product"}],"about":[{"href":"https:\/\/ziolazycia.com\/nowa\/wp-json\/wp\/v2\/types\/product"}],"replies":[{"embeddable":true,"href":"https:\/\/ziolazycia.com\/nowa\/wp-json\/wp\/v2\/comments?post=7484"}],"wp:featuredmedia":[{"embeddable":true,"href":"https:\/\/ziolazycia.com\/nowa\/wp-json\/wp\/v2\/media\/9868"}],"wp:attachment":[{"href":"https:\/\/ziolazycia.com\/nowa\/wp-json\/wp\/v2\/media?parent=7484"}],"wp:term":[{"taxonomy":"product_brand","embeddable":true,"href":"https:\/\/ziolazycia.com\/nowa\/wp-json\/wp\/v2\/product_brand?post=7484"},{"taxonomy":"product_cat","embeddable":true,"href":"https:\/\/ziolazycia.com\/nowa\/wp-json\/wp\/v2\/product_cat?post=7484"},{"taxonomy":"product_tag","embeddable":true,"href":"https:\/\/ziolazycia.com\/nowa\/wp-json\/wp\/v2\/product_tag?post=7484"}],"curies":[{"name":"wp","href":"https:\/\/api.w.org\/{rel}","templated":true}]}}