{"id":7479,"date":"2024-02-14T18:07:21","date_gmt":"2024-02-14T17:07:21","guid":{"rendered":"https:\/\/ziolazycia.com\/nowa\/?post_type=product&#038;p=7479"},"modified":"2025-11-26T15:59:17","modified_gmt":"2025-11-26T14:59:17","slug":"przywracanie-zdrowia-autor-dr-david-hawkins","status":"publish","type":"product","link":"https:\/\/ziolazycia.com\/nowa\/product\/przywracanie-zdrowia-autor-dr-david-hawkins\/","title":{"rendered":"Przywracanie zdrowia. Autor: dr David R. Hawkins"},"content":{"rendered":"<h2 data-sourcepos=\"3:1-3:24\"><strong>G\u0142\u00f3wne tezy ksi\u0105\u017cki &#8222;Przywracanie zdrowia&#8221; autorstwa dr Davida R. Hawkinsa:<br \/>\n<\/strong><\/h2>\n<ul data-sourcepos=\"5:1-5:136\">\n<li data-sourcepos=\"5:1-5:136\"><strong>Choroba ma swoje \u017ar\u00f3d\u0142o w umy\u015ble:<\/strong> Hawkins twierdzi, \u017ce choroby fizyczne s\u0105 cz\u0119sto manifestacj\u0105 problem\u00f3w emocjonalnych i duchowych. Niski poziom \u015bwiadomo\u015bci, taki jak l\u0119k, gniew, czy poczucie winy, os\u0142abia odporno\u015b\u0107 organizmu i sprzyja rozwojowi chor\u00f3b.<\/li>\n<li data-sourcepos=\"6:1-6:224\"><strong>Uzdrowienie jest mo\u017cliwe poprzez zmian\u0119 \u015bwiadomo\u015bci:<\/strong> Poprzez wzrost poziomu \u015bwiadomo\u015bci, np. poprzez mi\u0142o\u015b\u0107, rado\u015b\u0107, i wdzi\u0119czno\u015b\u0107, mo\u017cemy wzmocni\u0107 si\u0142\u0119 \u017cyciow\u0105 organizmu i tym samym przyczyni\u0107 si\u0119 do jego uzdrowienia.<\/li>\n<li data-sourcepos=\"7:1-7:82\"><strong>Mapa poziom\u00f3w \u015bwiadomo\u015bci:<\/strong> Hawkins przedstawia skal\u0119 17 poziom\u00f3w \u015bwiadomo\u015bci, od apatii i strachu (20) do o\u015bwiecenia (1000). Ka\u017cdy poziom wi\u0105\u017ce si\u0119 z okre\u015blonymi emocjami, my\u015blami i stanami zdrowia.<\/li>\n<li data-sourcepos=\"8:1-9:0\"><strong>Techniki uzdrawiania:<\/strong> Ksi\u0105\u017cka zawiera praktyczne wskaz\u00f3wki i techniki, kt\u00f3re pomagaj\u0105 w podnoszeniu poziomu \u015bwiadomo\u015bci i uwalnianiu si\u0119 od negatywnych emocji, a tym samym sprzyjaj\u0105 uzdrowieniu.<\/li>\n<\/ul>\n<h2 data-sourcepos=\"10:1-10:23\"><strong>Korzy\u015bci z lektury Davida R. Hawkinsa pt. &#8222;Przywracanie zdrowia&#8221;:<\/strong><\/h2>\n<ul data-sourcepos=\"12:1-15:0\">\n<li data-sourcepos=\"12:1-12:70\">Ksi\u0105\u017cka mo\u017ce pom\u00f3c w zrozumieniu psychosomatycznych przyczyn chor\u00f3b.<\/li>\n<li data-sourcepos=\"13:1-13:74\">Mo\u017ce zainspirowa\u0107 do pracy nad w\u0142asnym rozwojem duchowym i emocjonalnym.<\/li>\n<li data-sourcepos=\"14:1-15:0\">Mo\u017ce dostarczy\u0107 praktycznych narz\u0119dzi do radzenia sobie z problemami zdrowotnymi.<\/li>\n<\/ul>\n<p data-sourcepos=\"21:1-21:17\"><strong>Podsumowuj\u0105c:<\/strong><\/p>\n<p data-sourcepos=\"23:1-23:33\">&#8222;Przywracanie zdrowia&#8221; to ksi\u0105\u017cka warta przeczytania dla wszystkich, kt\u00f3rzy chc\u0105 holistycznie zadba\u0107 o swoje zdrowie i szukaj\u0105 odpowiedzi na pytanie o zwi\u0105zek mi\u0119dzy umys\u0142em a cia\u0142em. Nale\u017cy jednak pami\u0119ta\u0107, \u017ce przedstawione w niej teorie nie s\u0105 powszechnie akceptowane przez \u015brodowisko naukowe.<\/p>\n<p>Sam autor tak wypowiada si\u0119 o metodach opisanych w ksi\u0105\u017cce:<\/p>\n<p>&#8222;Przedstawimy tutaj koncepcj\u0119 zak\u0142adaj\u0105c\u0105 wykorzystanie \u015bwiadomo\u015bci w radzeniu sobie z ca\u0142\u0105 gam\u0105 ludzkich problem\u00f3w, takich jak stres, alkoholizm, r\u00f3\u017cne choroby, depresja, strach i poczucie straty, by wymieni\u0107 tylko niekt\u00f3re. Omawiaj\u0105c te wyzwania, ca\u0142y czas b\u0119dziemy odnosi\u0107 si\u0119 do Mapy poziom\u00f3w \u015bwiadomo\u015bci. Jest ona cz\u0119sto przywo\u0142ywana, by wyja\u015bni\u0107 relacje pomi\u0119dzy cia\u0142em, umys\u0142em i duchem, co w przypadku samouzdrawiania jest bardzo wa\u017cn\u0105 do przyswojenia informacj\u0105.<\/p>\n<p>Skoncentrujemy si\u0119 na samych technikach, kt\u00f3re wspomagaj\u0105 uzdrawianie, a tak\u017ce na ich zastosowaniu. Zg\u0142\u0119bimy r\u00f3wnie\u017c podstawowe zasady, jak na przyk\u0142ad t\u0119 m\u00f3wi\u0105c\u0105 o tym, \u017ce \u017ar\u00f3d\u0142em choroby cz\u0119sto jest nie\u015bwiadome poczucie winy i okre\u015blony system przekona\u0144, pogorszone jeszcze przez st\u0142umione emocje. Opisz\u0119, jak wykorzystywa\u0142em te techniki i ich zrozumienie, aby uleczy\u0107 siebie z ponad dwudziestu ci\u0119\u017ckich, chronicznych chor\u00f3b, kt\u00f3re przez lata by\u0142y oporne na metody leczenia tradycyjnej medycyny. Stopniowo przedstawiaj\u0105c to zagadnienie zobaczymy, jak dochodzi do tego, \u017ce choroba wynika z programowania zbiorowej \u015bwiadomo\u015bci (i jak w ni\u0105 nie popa\u015b\u0107) oraz jaki wp\u0142yw na jej wywo\u0142ywanie maj\u0105 systemy przekona\u0144. Nauczymy si\u0119, jak mo\u017cna wyleczy\u0107 si\u0119 z chor\u00f3b, kt\u00f3rych karmiczne parametry odziedziczyli\u015bmy. Nie ma tu czego\u015b takiego jak stopnie trudno\u015bci, niezale\u017cnie od tego, jak powa\u017cnie mo\u017ce wygl\u0105da\u0107 dana choroba. Nauczymy si\u0119 aktywizowa\u0107 wewn\u0119trznego uzdrowiciela, kt\u00f3ry za spraw\u0105 natury jest obecny w nas wszystkich.&#8221;<\/p>\n<p>Autor w tej ksi\u0105\u017cce pos\u0142uguje si\u0119 Map\u0105 poziom\u00f3w \u015bwiadomo\u015bci. Koncepcja Mapy poziom\u00f3w \u015bwiadomo\u015bci zosta\u0142a szczeg\u00f3\u0142owo przedstawiona w innych pozycjach tego autora wydanych tak\u017ce przez Wydawnictwo Virgo: <strong><em>Si\u0142a czy moc<\/em> i\/lub <em>Przekraczanie poziom\u00f3w \u015bwiadomo\u015bci <\/em><\/strong>oraz <strong><em>Mapa poziom\u00f3w \u015bwiadomo\u015bci.<\/em><\/strong><\/p>\n<p><strong>David R. Hawkins<\/strong>\u00a0(1927-2012)<br \/>\nDr nauk medycznych, renomowany psychiatra, badacz, nauczyciel duchowy i wyk\u0142adowca. Autor wielu artyku\u0142\u00f3w i ksi\u0105\u017cek, w tym jednej wsp\u00f3lnie z laureatem nagrody Nobla, Linusem Paulingiem.<br \/>\nPonadto dr Hawkins prowadzi\u0142 zakrojone na szerok\u0105 skal\u0119 badania nad ludzk\u0105 \u015bwiadomo\u015bci\u0105. Jego znakiem rozpoznawczym jest pionierska, znana ju\u017c na ca\u0142ym \u015bwiecie \u201eMapa poziom\u00f3w \u015bwiadomo\u015bci\u201d (Map of Consciousness\u00ae), opisana po raz pierwszy w ciesz\u0105cej si\u0119 nies\u0142abn\u0105c\u0105 popularno\u015bci\u0105 ksi\u0105\u017cce <em><strong>S<\/strong><\/em><em><strong>i\u0142a c<\/strong><\/em><em><strong>zy moc<\/strong><\/em>, przet\u0142umaczonej na ponad dwadzie\u015bcia j\u0119zyk\u00f3w.<\/p>\n<p><strong>Wydawnictwo:<\/strong>\u00a0\u00a0\u00a0\u00a0 Virgo<br \/>\n<strong>Rok wydania<\/strong>:\u00a0\u00a0\u00a0\u00a0\u00a0\u00a0 2021<br \/>\n<strong>Liczba stron:\u00a0\u00a0 <\/strong>\u00a0\u00a0\u00a0\u00a0 524<br \/>\n<strong>Ok\u0142adka:<\/strong> \u00a0\u00a0\u00a0\u00a0\u00a0\u00a0\u00a0\u00a0\u00a0\u00a0\u00a0\u00a0\u00a0 Twarda<br \/>\n<strong>Format [mm]:\u00a0<\/strong> \u00a0\u00a0\u00a0\u00a0 145 x 207<\/p>\n<p>&nbsp;<\/p>\n","protected":false},"excerpt":{"rendered":"<p>Ksi\u0105\u017cka &#8222;Przywracanie zdrowia&#8221; autorstwa Davida R. Hawkinsa to holistyczne spojrzenie na zwi\u0105zek mi\u0119dzy umys\u0142em a cia\u0142em. Autor, opieraj\u0105c si\u0119 na wieloletnim do\u015bwiadczeniu psychiatrycznym i badawczym, przedstawia map\u0119 poziom\u00f3w \u015bwiadomo\u015bci i t\u0142umaczy, jak wp\u0142ywa ona na nasze zdrowie fizyczne i psychiczne.<\/p>\n","protected":false},"featured_media":9866,"comment_status":"open","ping_status":"closed","template":"","meta":[],"product_brand":[],"product_cat":[66],"product_tag":[],"class_list":{"0":"post-7479","1":"product","2":"type-product","3":"status-publish","4":"has-post-thumbnail","6":"product_cat-ksiazki","8":"first","9":"instock","10":"taxable","11":"shipping-taxable","12":"purchasable","13":"product-type-simple"},"_links":{"self":[{"href":"https:\/\/ziolazycia.com\/nowa\/wp-json\/wp\/v2\/product\/7479","targetHints":{"allow":["GET"]}}],"collection":[{"href":"https:\/\/ziolazycia.com\/nowa\/wp-json\/wp\/v2\/product"}],"about":[{"href":"https:\/\/ziolazycia.com\/nowa\/wp-json\/wp\/v2\/types\/product"}],"replies":[{"embeddable":true,"href":"https:\/\/ziolazycia.com\/nowa\/wp-json\/wp\/v2\/comments?post=7479"}],"wp:featuredmedia":[{"embeddable":true,"href":"https:\/\/ziolazycia.com\/nowa\/wp-json\/wp\/v2\/media\/9866"}],"wp:attachment":[{"href":"https:\/\/ziolazycia.com\/nowa\/wp-json\/wp\/v2\/media?parent=7479"}],"wp:term":[{"taxonomy":"product_brand","embeddable":true,"href":"https:\/\/ziolazycia.com\/nowa\/wp-json\/wp\/v2\/product_brand?post=7479"},{"taxonomy":"product_cat","embeddable":true,"href":"https:\/\/ziolazycia.com\/nowa\/wp-json\/wp\/v2\/product_cat?post=7479"},{"taxonomy":"product_tag","embeddable":true,"href":"https:\/\/ziolazycia.com\/nowa\/wp-json\/wp\/v2\/product_tag?post=7479"}],"curies":[{"name":"wp","href":"https:\/\/api.w.org\/{rel}","templated":true}]}}