{"id":7473,"date":"2024-02-14T18:01:37","date_gmt":"2024-02-14T17:01:37","guid":{"rendered":"https:\/\/ziolazycia.com\/nowa\/?post_type=product&#038;p=7473"},"modified":"2025-11-26T15:59:17","modified_gmt":"2025-11-26T14:59:17","slug":"prawie-wszystko-o-ziolach-autor-mateusz-emanuel-senderski","status":"publish","type":"product","link":"https:\/\/ziolazycia.com\/nowa\/product\/prawie-wszystko-o-ziolach-autor-mateusz-emanuel-senderski\/","title":{"rendered":"Prawie wszystko o zio\u0142ach i zio\u0142olecznictwie. Autor: Mateusz Emanuel Senderski"},"content":{"rendered":"<p><strong>Ksi\u0105\u017cka &#8222;Prawie wszystko o zio\u0142ach i zio\u0142olecznictwie&#8221;<\/strong> zawiera szczeg\u00f3\u0142owe, dok\u0142adne opisy 257 ro\u015blin, kt\u00f3re znajduj\u0105 zastosowanie w zio\u0142olecznictwie. Dzi\u0119ki wiedzy zawartej w podr\u0119czniku z \u0142atwo\u015bci\u0105 b\u0119dzie mo\u017cna je rozpozna\u0107, a tak\u017ce wykorzysta\u0107 do zadbania o zdrowie. Mateusz E. Senderski spor\u0105 cz\u0119\u015b\u0107 publikacji po\u015bwi\u0119ci\u0142 poradom dotycz\u0105cym zbioru, suszenia i przechowywania zi\u00f3\u0142.<\/p>\n<p>Wyra\u017anie zaznaczone zosta\u0142y elementy ro\u015blin, kt\u00f3re zawieraj\u0105 surowiec leczniczy. Autor z wielk\u0105 dok\u0142adno\u015bci\u0105 informuje r\u00f3wnie\u017c o zawartych w ro\u015blinach substancjach czynnych, ich dzia\u0142aniu oraz mo\u017cliwych zastosowaniach. Pomog\u0105 nam w tym tak\u017ce informacje o potencjalnej skuteczno\u015bci dzia\u0142ania danej ro\u015bliny w profilaktyce jak i wsparciu w problemach zdrowotnych. Najwi\u0119cej miejsca po\u015bwi\u0119cono stronie praktycznej zielarstwa. Najwa\u017cniejsze jest bowiem u\u015bwiadomienie wszystkim zajmuj\u0105cych si\u0119 surowcami zielarskimi, \u017ce najistotniejsze s\u0105 trzy podstawowe zasady: po pierwsze &#8211; wiedzie\u0107 kiedy zbiera\u0107 i pozyskiwa\u0107 okre\u015blone zio\u0142a, po drugie &#8211; jak je przetwarza\u0107 i po trzecie &#8211; jak przechowywa\u0107, \u017ceby zachowa\u0142y jak najwi\u0119cej substancji czynnych decyduj\u0105cych o ich warto\u015bci.<\/p>\n<p>Publikacja &#8222;Prawie wszystko o zio\u0142ach i zio\u0142olecznictwie&#8221; z pewno\u015bci\u0105 zainteresuje r\u00f3wnie\u017c osoby, kt\u00f3re pragn\u0105 pozyska\u0107 wiedz\u0119 na temat przetw\u00f3rstwa surowc\u00f3w zielarskich oraz producentach zi\u00f3\u0142.<\/p>\n<p><strong>O autorze<\/strong><\/p>\n<p><strong>Mateusz Emanuel Senderski<\/strong> zadebiutowa\u0142 tym niezwykle interesuj\u0105cym poradnikiem. Publikacja zawiera wiele warto\u015bciowych informacji na temat zi\u00f3\u0142 i zio\u0142olecznictwa, a tak\u017ce produkcji lek\u00f3w i ma\u015bci. Autor z wielk\u0105 pasj\u0105 i dok\u0142adno\u015bci\u0105 omawia dzia\u0142anie ro\u015blin oraz ich znaczenie dla zdrowia cz\u0142owieka. Wszystko zosta\u0142o opisane w spos\u00f3b przejrzysty i zrozumia\u0142y, dzi\u0119ki czemu z podr\u0119cznika mog\u0105 skorzysta\u0107 r\u00f3wnie\u017c osoby niezaznajomione z tematem. Mateusz E.Senderski jest autorem wielu innych pozycji traktuj\u0105cych o wykorzystaniu zi\u00f3\u0142 w \u017cyciu codziennym takich jak: &#8222;Zio\u0142owe receptury na zdrowie&#8221;, 'Zio\u0142a dla uk\u0142adu oddechowego i oczu, &#8222;Zio\u0142a w leczeniu artretyzmu i reumatyzmu&#8230;.&#8221;, &#8222;Zio\u0142a w leczeniu uk\u0142adu moczowo-p\u0142ciowego&#8221;, &#8222;Zio\u0142a w leczeniu dolegliwo\u015bci i chor\u00f3b uk\u0142adu trawiennego oraz w\u0105troby i trzustki&#8221;, &#8222;Zio\u0142a na odporno\u015b\u0107&#8221; i wielu innych.<\/p>\n<p>&nbsp;<\/p>\n<p><strong>Wydawnictwo<\/strong>: Mateusz E.Senderski<br \/>\n<strong>Rok wydania<\/strong>: 2020<br \/>\n<strong>Ok\u0142adka<\/strong>: Mi\u0119kka<br \/>\n<strong>Liczba stron: 655<\/strong><br \/>\n<strong>Format [mm]<\/strong>: <span class=\"ui-t-gray-blue-900 ui-t-medium\">165 x 235<br \/>\n<\/span><\/p>\n<p>&nbsp;<\/p>\n","protected":false},"excerpt":{"rendered":"<p>Z poradnikiem &#8222;Prawie wszystko o zio\u0142ach i zio\u0142olecznictwie&#8221; odkryjesz niezwyk\u0142e w\u0142a\u015bciwo\u015bci popularnych ro\u015blin. Je\u015bli interesujesz si\u0119 medycyn\u0105 naturaln\u0105 i pragniesz wesprze\u0107 swoje zdrowie oraz zdrowie swoich bliskich, koniecznie zapoznaj si\u0119 z t\u0105 publikacj\u0105. Ksi\u0105\u017cka Mateusza E. Senderskiego &#8222;Prawie wszystko o zio\u0142ach&#8221; zawiera wiadomo\u015bci oparte na do\u015bwiadczeniach w\u0142asnych, z uwzgl\u0119dnieniem literatury specjalistycznej.<\/p>\n","protected":false},"featured_media":9862,"comment_status":"open","ping_status":"closed","template":"","meta":[],"product_brand":[],"product_cat":[66],"product_tag":[],"class_list":{"0":"post-7473","1":"product","2":"type-product","3":"status-publish","4":"has-post-thumbnail","6":"product_cat-ksiazki","8":"first","9":"instock","10":"sale","11":"taxable","12":"shipping-taxable","13":"purchasable","14":"product-type-simple"},"_links":{"self":[{"href":"https:\/\/ziolazycia.com\/nowa\/wp-json\/wp\/v2\/product\/7473","targetHints":{"allow":["GET"]}}],"collection":[{"href":"https:\/\/ziolazycia.com\/nowa\/wp-json\/wp\/v2\/product"}],"about":[{"href":"https:\/\/ziolazycia.com\/nowa\/wp-json\/wp\/v2\/types\/product"}],"replies":[{"embeddable":true,"href":"https:\/\/ziolazycia.com\/nowa\/wp-json\/wp\/v2\/comments?post=7473"}],"wp:featuredmedia":[{"embeddable":true,"href":"https:\/\/ziolazycia.com\/nowa\/wp-json\/wp\/v2\/media\/9862"}],"wp:attachment":[{"href":"https:\/\/ziolazycia.com\/nowa\/wp-json\/wp\/v2\/media?parent=7473"}],"wp:term":[{"taxonomy":"product_brand","embeddable":true,"href":"https:\/\/ziolazycia.com\/nowa\/wp-json\/wp\/v2\/product_brand?post=7473"},{"taxonomy":"product_cat","embeddable":true,"href":"https:\/\/ziolazycia.com\/nowa\/wp-json\/wp\/v2\/product_cat?post=7473"},{"taxonomy":"product_tag","embeddable":true,"href":"https:\/\/ziolazycia.com\/nowa\/wp-json\/wp\/v2\/product_tag?post=7473"}],"curies":[{"name":"wp","href":"https:\/\/api.w.org\/{rel}","templated":true}]}}