{"id":7470,"date":"2024-02-14T17:59:05","date_gmt":"2024-02-14T16:59:05","guid":{"rendered":"https:\/\/ziolazycia.com\/nowa\/?post_type=product&#038;p=7470"},"modified":"2025-11-26T15:59:17","modified_gmt":"2025-11-26T14:59:17","slug":"nieskonczone-zycie-autor-joaquin-camara","status":"publish","type":"product","link":"https:\/\/ziolazycia.com\/nowa\/product\/nieskonczone-zycie-autor-joaquin-camara\/","title":{"rendered":"Niesko\u0144czone \u017cycie. Podr\u00f3\u017c duszy po \u015bmierci. Autor: Joaqu\u00edn C\u00e1mara"},"content":{"rendered":"<div id=\"opis\" class=\"panels-content\">\n<article>\n<div class=\"panel-content\" data-gtm-vis-polling-id952035_538=\"249\" data-gtm-vis-recent-on-screen952035_538=\"1309\" data-gtm-vis-first-on-screen952035_538=\"1309\" data-gtm-vis-total-visible-time952035_538=\"16600\">Dzi\u0119ki tej wiedzy znajdujemy odpowiedzi na pytania, kt\u00f3re zawsze sobie stawiali\u015bmy:<\/div>\n<div class=\"panel-content\" data-gtm-vis-polling-id952035_538=\"249\" data-gtm-vis-recent-on-screen952035_538=\"1309\" data-gtm-vis-first-on-screen952035_538=\"1309\" data-gtm-vis-total-visible-time952035_538=\"16600\">Dok\u0105d idziemy po \u015bmierci?<\/div>\n<div class=\"panel-content\" data-gtm-vis-polling-id952035_538=\"249\" data-gtm-vis-recent-on-screen952035_538=\"1309\" data-gtm-vis-first-on-screen952035_538=\"1309\" data-gtm-vis-total-visible-time952035_538=\"16600\">Po co tu jeste\u015bmy?<\/div>\n<div class=\"panel-content\" data-gtm-vis-polling-id952035_538=\"249\" data-gtm-vis-recent-on-screen952035_538=\"1309\" data-gtm-vis-first-on-screen952035_538=\"1309\" data-gtm-vis-total-visible-time952035_538=\"16600\">Jaki jest sens naszego \u017cycia?<\/div>\n<div class=\"panel-content\" data-gtm-vis-polling-id952035_538=\"249\" data-gtm-vis-recent-on-screen952035_538=\"1309\" data-gtm-vis-first-on-screen952035_538=\"1309\" data-gtm-vis-total-visible-time952035_538=\"16600\">Dlaczego zawsze przytrafia nam si\u0119 to samo?<\/div>\n<div class=\"panel-content\" data-gtm-vis-polling-id952035_538=\"249\" data-gtm-vis-recent-on-screen952035_538=\"1309\" data-gtm-vis-first-on-screen952035_538=\"1309\" data-gtm-vis-total-visible-time952035_538=\"16600\">W jaki spos\u00f3b duchy mog\u0105 komunikowa\u0107 si\u0119 z bliskimi?<\/div>\n<div data-gtm-vis-polling-id952035_538=\"249\" data-gtm-vis-recent-on-screen952035_538=\"1309\" data-gtm-vis-first-on-screen952035_538=\"1309\" data-gtm-vis-total-visible-time952035_538=\"16600\"><\/div>\n<div class=\"panel-content\" data-gtm-vis-polling-id952035_538=\"249\" data-gtm-vis-recent-on-screen952035_538=\"1309\" data-gtm-vis-first-on-screen952035_538=\"1309\" data-gtm-vis-total-visible-time952035_538=\"16600\">Publikacja ta zosta\u0142a oparta na najwa\u017cniejszych badaniach i rzeczywistych przyk\u0142adach, kt\u00f3re autor zebra\u0142 podczas regresji ze swoimi pacjentami. Dzi\u0119ki czemu przybli\u017ca nas do prawdziwej rzeczywisto\u015bci \u017cycia po \u015bmierci, pozbawionej wp\u0142yw\u00f3w religijnych czy filozoficznych. Autor porusza r\u00f3wnie\u017c dwie kwestie \u015bci\u015ble zwi\u0105zane ze \u015bmierci\u0105: towarzyszenie umieraj\u0105cym oraz proces \u017ca\u0142oby.<\/div>\n<h2 class=\"panel-content\" data-gtm-vis-polling-id952035_538=\"249\" data-gtm-vis-recent-on-screen952035_538=\"1309\" data-gtm-vis-first-on-screen952035_538=\"1309\" data-gtm-vis-total-visible-time952035_538=\"16600\">Je\u017celi czyta\u0142e\u015b &#8222;W\u0119dr\u00f3wk\u0119 dusz&#8221; dr. Michael Newtona, to Joaqu\u00edn C\u00e1mara zaprasza do kolejnej lektury.<\/h2>\n<div data-gtm-vis-polling-id952035_538=\"249\" data-gtm-vis-recent-on-screen952035_538=\"1309\" data-gtm-vis-first-on-screen952035_538=\"1309\" data-gtm-vis-total-visible-time952035_538=\"16600\"><\/div>\n<div data-gtm-vis-polling-id952035_538=\"249\" data-gtm-vis-recent-on-screen952035_538=\"1309\" data-gtm-vis-first-on-screen952035_538=\"1309\" data-gtm-vis-total-visible-time952035_538=\"16600\"><strong>O Autorze<\/strong><\/div>\n<div data-gtm-vis-polling-id952035_538=\"249\" data-gtm-vis-recent-on-screen952035_538=\"1309\" data-gtm-vis-first-on-screen952035_538=\"1309\" data-gtm-vis-total-visible-time952035_538=\"16600\"><\/div>\n<div class=\"panel-content\" data-gtm-vis-polling-id952035_538=\"249\" data-gtm-vis-recent-on-screen952035_538=\"1309\" data-gtm-vis-first-on-screen952035_538=\"1309\" data-gtm-vis-total-visible-time952035_538=\"16600\"><strong>Joaqu\u00edn C\u00e1mara<\/strong> uko\u0144czy\u0142 studia psychologiczne.\u00a0 Jest specjalist\u0105 w zakresie terapii \u017ca\u0142oby i ekspertem w dziedzinie regresji do przesz\u0142ych wciele\u0144 i \u017cycia pomi\u0119dzy wcieleniami. Od ponad dziesi\u0119ciu lat bada zagadnienie \u017cycia po \u015bmierci oraz wykorzystuje t\u0119 wiedz\u0119 w swojej pracy psychoterapeutycznej. Prowadzi bloga i spo\u0142eczno\u015b\u0107 internetow\u0105 pod nazw\u0105 C\u00edrculo de B\u00fasqueda (Kr\u0105g poszukiwa\u0144), licz\u0105c\u0105 ponad milion czytelnik\u00f3w.<\/div>\n<\/article>\n<\/div>\n<div data-gtm-vis-polling-id952035_538=\"249\" data-gtm-vis-recent-on-screen952035_538=\"1309\" data-gtm-vis-first-on-screen952035_538=\"1309\" data-gtm-vis-total-visible-time952035_538=\"16600\"><\/div>\n<p><strong>Wydawnictwo<\/strong>: Purana<br \/>\n<strong>Rok wydania<\/strong>: 2022<br \/>\n<strong>Ok\u0142adka<\/strong>: Mi\u0119kka<br \/>\n<strong>Liczba stron<\/strong>: 220<br \/>\n<strong>Format [mm]<\/strong>: 145 x 210<\/p>\n","protected":false},"excerpt":{"rendered":"<p><strong>&#8222;ZROZUMIE\u0106 \u015aMIER\u0106, ABY ZROZUMIE\u0106 \u017bYCIE. TAKI JEST CEL\u201d.<\/strong><br \/>\nKsi\u0105\u017cka, kt\u00f3rej autorem jest <strong>Joaqu\u00edn C\u00e1mara<\/strong>, w g\u0142\u0119boki ale zarazem przyst\u0119pny spos\u00f3b przedstawia podr\u00f3\u017c, kt\u00f3r\u0105 wszyscy odbywamy po \u015bmierci. Szczeg\u00f3\u0142owo opisuje, jak wygl\u0105da \u017cycie po \u201etamtej stronie\u201d i jaki ma ono wp\u0142yw na nasze obecne \u017cycie na ziemi.<\/p>\n","protected":false},"featured_media":9860,"comment_status":"open","ping_status":"closed","template":"","meta":[],"product_brand":[],"product_cat":[66],"product_tag":[],"class_list":{"0":"post-7470","1":"product","2":"type-product","3":"status-publish","4":"has-post-thumbnail","6":"product_cat-ksiazki","8":"first","9":"instock","10":"sale","11":"taxable","12":"shipping-taxable","13":"purchasable","14":"product-type-simple"},"_links":{"self":[{"href":"https:\/\/ziolazycia.com\/nowa\/wp-json\/wp\/v2\/product\/7470","targetHints":{"allow":["GET"]}}],"collection":[{"href":"https:\/\/ziolazycia.com\/nowa\/wp-json\/wp\/v2\/product"}],"about":[{"href":"https:\/\/ziolazycia.com\/nowa\/wp-json\/wp\/v2\/types\/product"}],"replies":[{"embeddable":true,"href":"https:\/\/ziolazycia.com\/nowa\/wp-json\/wp\/v2\/comments?post=7470"}],"wp:featuredmedia":[{"embeddable":true,"href":"https:\/\/ziolazycia.com\/nowa\/wp-json\/wp\/v2\/media\/9860"}],"wp:attachment":[{"href":"https:\/\/ziolazycia.com\/nowa\/wp-json\/wp\/v2\/media?parent=7470"}],"wp:term":[{"taxonomy":"product_brand","embeddable":true,"href":"https:\/\/ziolazycia.com\/nowa\/wp-json\/wp\/v2\/product_brand?post=7470"},{"taxonomy":"product_cat","embeddable":true,"href":"https:\/\/ziolazycia.com\/nowa\/wp-json\/wp\/v2\/product_cat?post=7470"},{"taxonomy":"product_tag","embeddable":true,"href":"https:\/\/ziolazycia.com\/nowa\/wp-json\/wp\/v2\/product_tag?post=7470"}],"curies":[{"name":"wp","href":"https:\/\/api.w.org\/{rel}","templated":true}]}}