{"id":747,"date":"2022-11-25T08:51:17","date_gmt":"2022-11-25T07:51:17","guid":{"rendered":"https:\/\/ziolazycia.com\/nowa\/?post_type=product&#038;p=747"},"modified":"2026-04-29T16:54:10","modified_gmt":"2026-04-29T14:54:10","slug":"kapsulki-doterra-on-guard-wzmocnienie-odpornoscii-60-szt","status":"publish","type":"product","link":"https:\/\/ziolazycia.com\/nowa\/product\/kapsulki-doterra-on-guard-wzmocnienie-odpornoscii-60-szt\/","title":{"rendered":"Kapsu\u0142ki doTERRA &#8211;\u00a0 On Guard (Wzmocnienie odporno\u015bci)i &#8211; 60 szt."},"content":{"rendered":"<div class=\"_5pbx userContent _3576\" data-testid=\"post_message\" data-ft=\"{&quot;tn&quot;:&quot;K&quot;}\">\n<div class=\"text_exposed_root text_exposed\">\n<div class=\"spotlight__head-copy\">\n<p><span style=\"color: #000000\"><strong>G\u0142\u00f3wne zastosowanie:<\/strong><\/span><\/p>\n<\/div>\n<p><span style=\"color: #000000\">Kapsu\u0142ki On Guard+ \u0142\u0105cz\u0105 w sobie opatentowan\u0105\u00a0<a style=\"color: #000000\" href=\"https:\/\/planetstory.pl\/produkt\/doterra-on-guard-mieszanka-ochronna-15-ml\/\" target=\"_blank\" rel=\"noopener\"><strong>mieszank\u0119 ochronn\u0105 doTERRA On Guard<\/strong>\u00a0<\/a>oraz olejki eteryczne z czarnego pieprzu, oregano i melisy. Charakterystyczna mieszanka zosta\u0142a zamkni\u0119ta w wegetaria\u0144skich kapsu\u0142kach i zawiera olejki eteryczne o znanych i sprawdzonych zaletach.<\/span><\/p>\n<p><span style=\"color: #000000\"><strong>Podstawowe korzy\u015bci:<\/strong><\/span><\/p>\n<ul>\n<li><span style=\"color: #000000\">Kapsu\u0142ki wegetaria\u0144skie.<\/span><\/li>\n<li><span style=\"color: #000000\">Z dodatkiem olejk\u00f3w eterycznych z czarnego pieprzu, oregano i melisy,\u00a0<strong>wspomaga dzia\u0142anie organizmu<\/strong>.<\/span><\/li>\n<\/ul>\n<p><span style=\"color: #000000\">G\u0142\u00f3wne sk\u0142adniki:<\/span><\/p>\n<p><span style=\"color: #000000\"><a style=\"color: #000000\" href=\"https:\/\/planetstory.pl\/produkt\/olejek-eteryczny-wild-orange-citrus-sinensis-dzika-pomarancza-doterra-15-ml\/\" target=\"_blank\" rel=\"noopener\"><strong>Olejek z dzikiej pomara\u0144czy<\/strong>\u00a0<\/a>\u2013 ma dzia\u0142anie uspokajaj\u0105ce, podnosz\u0105ce na duchu i antyseptyczne<\/span><\/p>\n<p><span style=\"color: #000000\"><a style=\"color: #000000\" href=\"https:\/\/planetstory.pl\/produkt\/olejek-eteryczny-clove-eugenia-caryophyllata-gozdzik-doterra-15-ml\/\" target=\"_blank\" rel=\"noopener\"><strong>Olejek z go\u017adzika<\/strong><\/a>\u00a0\u2013 ma dzia\u0142anie antybakteryjne, antyseptyczne i mo\u017ce przyspiesza\u0107 powr\u00f3t do zdrowia<\/span><\/p>\n<p><span style=\"color: #000000\"><strong><a style=\"color: #000000\" href=\"https:\/\/planetstory.pl\/produkt\/olejek-eteryczny-black-pepper-piper-nigrum-czarny-pieprz-doterra-5-ml\/\" target=\"_blank\" rel=\"noopener\">Olejek z czarnego pieprzu<\/a><\/strong>\u00a0\u2013 ma w\u0142a\u015bciwo\u015bci antyseptyczne, przeciwkatarowe i wykrztu\u015bne. Mo\u017ce wspomaga\u0107 przy dolegliwo\u015bciach oddechowych i wspiera\u0107 prawid\u0142owy przep\u0142yw krwi oraz kr\u0105\u017cenie.<\/span><\/p>\n<p><span style=\"color: #000000\"><a style=\"color: #000000\" href=\"https:\/\/planetstory.pl\/produkt\/olejek-eteryczny-cinnamon-bark-cinnamomum-zeylanicum-cynamon-doterra-5-ml\/\" target=\"_blank\" rel=\"noopener\"><strong>Olejek z cynamonu<\/strong><\/a>\u00a0\u2013 jest antybakteryjny i przeciwdrobnoustrojowy. Tak\u017ce poprawia i wzmacnia dzia\u0142anie innych olejk\u00f3w eterycznych.<\/span><\/p>\n<p><span style=\"color: #000000\"><a style=\"color: #000000\" href=\"https:\/\/planetstory.pl\/produkt\/olejek-eteryczny-eucalyptus-eucalyptus-radiata-eukaliptusowy-doterra-15-ml\/\" target=\"_blank\" rel=\"noopener\"><strong>Olejek eukaliptusowy<\/strong><\/a>\u00a0\u2013 jest przeciwb\u00f3lowy, antybakteryjny i przeciwzaka\u017any.<\/span><\/p>\n<p><span style=\"color: #000000\"><a style=\"color: #000000\" href=\"https:\/\/planetstory.pl\/produkt\/olejek-eteryczny-oregano-origanum-vulgare-doterra-15-ml\/\" target=\"_blank\" rel=\"noopener\"><strong>Olejek z oregano<\/strong><\/a>\u00a0\u2013 ma mocne dzia\u0142anie antybakteryjne, przeciwgrzybicze i antywirusowe oraz jest cz\u0119sto sosowany, aby wspiera\u0107 dzia\u0142anie uk\u0142adu immunologicznego w walce z dolegliwo\u015bciami oddechowymi.<\/span><\/p>\n<p><span style=\"color: #000000\"><a style=\"color: #000000\" href=\"https:\/\/planetstory.pl\/produkt\/olejek-eteryczny-rosemary-rosmarinus-officinalis-rozmaryn-doterra-15-ml\/\" target=\"_blank\" rel=\"noopener\"><strong>Olejek rozmarynowy<\/strong><\/a>\u00a0\u2013 jest przeciwzaka\u017any, przeciwb\u00f3lowy, antybakteryjny, przeciwzapalny, przeciwkatarowy i wpiera uk\u0142ad oddechowy.<\/span><\/p>\n<p><span style=\"color: #000000\"><a style=\"color: #000000\" href=\"https:\/\/planetstory.pl\/produkt\/olejek-eteryczny-melissa-melissa-officinalis-melisa-lekarska-doterra-5-ml\/\" target=\"_blank\" rel=\"noopener\"><strong>Olejek z melisy<\/strong>\u00a0<\/a>\u2013 je<\/span>st znany ze swoich w\u0142a\u015bciwo\u015bci przeciwwirusowych i jest cz\u0119sto sosowany, aby wspiera\u0107 organizm przeciw dolegliwo\u015bciom uk\u0142adu oddechowego.<\/p>\n<p><strong>Spos\u00f3b u\u017cycia:<\/strong><\/p>\n<ul>\n<li>Przyjmowa\u0107 1 kapsu\u0142k\u0119 dziennie.<\/li>\n<\/ul>\n<p><strong>Wskaz\u00f3wki:<\/strong><\/p>\n<ul>\n<li>Chocia\u017c suplementy to \u015bwietne uzupe\u0142nienie codziennego treningu, pami\u0119taj, \u017ce nie zast\u0119puj\u0105 one zr\u00f3\u017cnicowanej i zbilansowanej diety oraz zdrowego stylu \u017cycia.<\/li>\n<li>Przed u\u017cyciem zapoznaj si\u0119 z ostrze\u017ceniami.<\/li>\n<li>Nie przekraczaj zalecanej dawki.<\/li>\n<\/ul>\n<p><strong>\u015arodki ostro\u017cno\u015bci:<\/strong><\/p>\n<p>Przechowywa\u0107 poza zasi\u0119giem dzieci. Nie nale\u017cy przekracza\u0107 zalecanej dziennej dawki. Suplementy diety nie mog\u0105 zast\u0105pi\u0107 zr\u00f3\u017cnicowanej i zbilansowanej diety oraz zdrowego stylu \u017cycia. Kobiety w ci\u0105\u017cy lub karmi\u0105ce piersi\u0105 oraz osoby ze stwierdzonymi schorzeniami powinny przed u\u017cyciem skonsultowa\u0107 si\u0119 z lekarzem. Przechowywa\u0107 w suchym i ch\u0142odnym miejscu.<\/p>\n<p><strong>Sk\u0142adniki:<\/strong><\/p>\n<p>Oliwa z oliwek z pierwszego t\u0142oczenia (extra virgin), modyfikowana skrobia kukurydziana, olejek ze sk\u00f3rki dzikiej pomara\u0144czy (Citrus sinensis), substancja utrzymuj\u0105ca wilgo\u0107 (glicerol), olejek z p\u0105czk\u00f3w go\u017adzika (Eugenia caryophyllata), olejek z owoc\u00f3w czarnego pieprzu (Piper nigrum), wype\u0142niacz (maltitol), substancja zag\u0119szczaj\u0105ca (karagen), woda, aromaty: olejek z li\u015bci cynamonu (Cinnamomum zeylanicum) olejek z kory cynamonu (Cinnamomum zeylanicum) olej z li\u015bci eukaliptusa (Eucalyptus globulus), olejek z li\u015bci oregano (Origanum vulgare), olejek z li\u015bci rozmarynu, olejek z li\u015bci melisy (Melissa officinalis).<\/p>\n<\/div>\n<\/div>\n<p data-mc-key=\"glowny-skladnik\"><strong>G\u0142\u00f3wny sk\u0142adnik:<\/strong> Mieszanka olejk\u00f3w eterycznych: dziki pomara\u0144cz, go\u017adzik, cynamon, eukaliptus i rozmaryn (formu\u0142a doTERRA On Guard).<\/p>\n","protected":false},"excerpt":{"rendered":"<p>Suplement diety z opatentowan\u0105 mieszkank\u0105 olejk\u00f3w eterycznych doTERRA On Guard\u00ae wzmacnia odporno\u015b\u0107 i wspiera dzia\u0142anie uk\u0142adu immunologicznego.<\/p>\n","protected":false},"featured_media":9370,"comment_status":"closed","ping_status":"closed","template":"","meta":[],"product_brand":[],"product_cat":[72],"product_tag":[],"class_list":{"0":"post-747","1":"product","2":"type-product","3":"status-publish","4":"has-post-thumbnail","6":"product_cat-suplementy-diety","8":"first","9":"instock","10":"taxable","11":"shipping-taxable","12":"purchasable","13":"product-type-simple"},"_links":{"self":[{"href":"https:\/\/ziolazycia.com\/nowa\/wp-json\/wp\/v2\/product\/747","targetHints":{"allow":["GET"]}}],"collection":[{"href":"https:\/\/ziolazycia.com\/nowa\/wp-json\/wp\/v2\/product"}],"about":[{"href":"https:\/\/ziolazycia.com\/nowa\/wp-json\/wp\/v2\/types\/product"}],"replies":[{"embeddable":true,"href":"https:\/\/ziolazycia.com\/nowa\/wp-json\/wp\/v2\/comments?post=747"}],"wp:featuredmedia":[{"embeddable":true,"href":"https:\/\/ziolazycia.com\/nowa\/wp-json\/wp\/v2\/media\/9370"}],"wp:attachment":[{"href":"https:\/\/ziolazycia.com\/nowa\/wp-json\/wp\/v2\/media?parent=747"}],"wp:term":[{"taxonomy":"product_brand","embeddable":true,"href":"https:\/\/ziolazycia.com\/nowa\/wp-json\/wp\/v2\/product_brand?post=747"},{"taxonomy":"product_cat","embeddable":true,"href":"https:\/\/ziolazycia.com\/nowa\/wp-json\/wp\/v2\/product_cat?post=747"},{"taxonomy":"product_tag","embeddable":true,"href":"https:\/\/ziolazycia.com\/nowa\/wp-json\/wp\/v2\/product_tag?post=747"}],"curies":[{"name":"wp","href":"https:\/\/api.w.org\/{rel}","templated":true}]}}