{"id":7467,"date":"2024-02-14T17:57:04","date_gmt":"2024-02-14T16:57:04","guid":{"rendered":"https:\/\/ziolazycia.com\/nowa\/?post_type=product&#038;p=7467"},"modified":"2025-11-26T15:59:16","modified_gmt":"2025-11-26T14:59:16","slug":"kod-emocji-autor-dr-bradley-nelson","status":"publish","type":"product","link":"https:\/\/ziolazycia.com\/nowa\/product\/kod-emocji-autor-dr-bradley-nelson\/","title":{"rendered":"Kod emocji. Autor: dr Bradley Nelson"},"content":{"rendered":"<p class=\"jquery-typographer-orphan\">Tysi\u0105ce przypadk\u00f3w z praktyki Nelsona potwierdzaj\u0105, \u017ce sfera emocji ma o wiele wi\u0119kszy wp\u0142yw na nasze \u017cycie, ni\u017c si\u0119 powszechnie uwa\u017ca. Zablokowane emocje mog\u0105 by\u0107 konsekwencj\u0105 naszych w\u0142asnych do\u015bwiadcze\u0144 lub dziedzictwem przodk\u00f3w. S\u0105 one powodem powstawania blokad, kt\u00f3re zniekszta\u0142caj\u0105 odbieranie przez nas \u015bwiata. To z kolei przek\u0142ada si\u0119 na stres, frustracj\u0119, apati\u0119 i l\u0119k, a tym samym na jako\u015b\u0107 ca\u0142ego naszego \u017cycia. Skutkiem takich blokad s\u0105 choroby o pod\u0142o\u017cu psychosomatycznym, a tak\u017ce brak zadowolenia z \u017cycia.<\/p>\n<p class=\"jquery-typographer-orphan\">Metoda dr Nelsona jest prosta i bardzo skuteczna. Polega na zidentyfikowaniu i nazwaniu zablokowanej emocji, a nast\u0119pnie jej usuni\u0119ciu. Odbywa si\u0119 to poprzez \u0142agodne oddzia\u0142ywanie na meridian biegn\u0105cy przez g\u0142ow\u0119 i kr\u0119gos\u0142up. Towarzyszy temu silna intencja uwolnienia danej emocji. Pozbycie si\u0119 tych, cz\u0119sto nie\u015bwiadomych, napi\u0119\u0107 sprawia, \u017ce jeste\u015bmy bardziej tw\u00f3rczy, rado\u015bni, pozytywnie nastawieni do \u015bwiata. Zmienia si\u0119 te\u017c nasze postrzeganie otoczenia jak i odbi\u00f3r nas samych przez otoczenie. Ludzie zaczynaj\u0105 ch\u0119tniej z nami wsp\u00f3\u0142pracowa\u0107 i utrzymywa\u0107 kontakty. Pozbawieni nieracjonalnych l\u0119k\u00f3w, odnajdujemy sw\u00f3j ukryty potencja\u0142. \u017bycie otwiera przed nami wi\u0119cej mo\u017cliwo\u015bci, kt\u00f3re teraz zaczynamy dostrzega\u0107.<\/p>\n<h2 class=\"jquery-typographer-orphan\"><strong>&#8222;Kod emocj<\/strong>i&#8221; dr Nelsona Bradley&#8217;a niesie dog\u0142\u0119bne zrozumienie samego siebie.<\/h2>\n<p class=\"jquery-typographer-orphan\">Pokazuje, \u017ce ka\u017cdy kto naprawd\u0119 tego pragnie, mo\u017ce pokona\u0107 ograniczenia przesz\u0142o\u015bci, mo\u017ce wkroczy\u0107 na \u015bcie\u017ck\u0119 osobistego rozwoju, poszerzy\u0107 w\u0142asne horyzonty i poprawi\u0107 jako\u015b\u0107 swojego \u017cycia.<\/p>\n<h2 class=\"jquery-typographer-orphan\">Opinie o ksi\u0105\u017cce &#8222;Kod Emocji&#8221;:<\/h2>\n<p class=\"jquery-typographer-orphan\">Ta ksi\u0105\u017cka to wst\u0119p do medycyny XXI wieku i\u00a0bezcenne narz\u0119dzie dla terapeut\u00f3w. Co najwa\u017cniejsze, dzi\u0119ki temu kompletnemu przewodnikowi ka\u017cdy mo\u017ce stosowa\u0107 t\u0119 metod\u0119 samodzielnie.<strong><br \/>\nDariusz Chwiejczak, terapeuta kodu emocji<\/strong><\/p>\n<p class=\"jquery-typographer-orphan\">W\u00a0swojej \u015bwietnej ksi\u0105\u017cce dr Brad Nelson oferuje nam prawdziwie rewolucyjn\u0105 perspektyw\u0119 postrzegania mechanizm\u00f3w zapadania na choroby i\u00a0powrotu do zdrowia. Wyja\u015bnia, w\u00a0jaki spos\u00f3b w\u00a0ciele mo\u017ce si\u0119 zagnie\u017adzi\u0107 i\u00a0zablokowa\u0107 wiele r\u00f3\u017cnorakich emocji, wywieraj\u0105c tym samym negatywny wp\u0142yw na zdrowie. Nast\u0119pnie autor podaje praktyczne narz\u0119dzia, za pomoc\u0105 kt\u00f3rych mo\u017cna si\u0119 oswobodzi\u0107 z\u00a0ograniczaj\u0105cych emocjonalnych blokad. Przeczytaj <em>Kod emocji<\/em> i\u00a0naucz si\u0119, jak zosta\u0107 swoim w\u0142asnym uzdrowicielem!<strong><br \/>\nJoe Dispenza, autor bestsellera \u201eNew York Timesa\u201d <em>Efekt placebo<\/em><\/strong><\/p>\n<p class=\"jquery-typographer-orphan\">Je\u015bli szukasz \u0142atwego, przyst\u0119pnego sposobu, by poprawi\u0107 zdrowie i\u00a0finanse, a\u00a0tak\u017ce wnie\u015b\u0107 wi\u0119cej mi\u0142o\u015bci do swojego \u017cycia, w\u0142a\u015bnie znalaz\u0142e\u015b to, czego ci trzeba. Prosty, skuteczny i\u00a0pot\u0119\u017cny w\u00a0swym dzia\u0142aniu, kod emocji to system uleczania, kt\u00f3ry mo\u017ce opanowa\u0107 i\u00a0zastosowa\u0107 ka\u017cdy z\u00a0nas.<br \/>\n<strong>Alexander Loyd, autor bestsellera <em>Kod uzdrawiania<\/em><\/strong><\/p>\n<p><strong>O Autorze<\/strong><\/p>\n<h2>Dr Bradley Nelson jest tw\u00f3rc\u0105 program\u00f3w The Emotion Code (&#8222;Kod emocji&#8221;) i Body Code Systems.<\/h2>\n<p>Jest <strong>holistycznym lekarzem intuicyjnym<\/strong> i <strong>chiropraktykiem<\/strong>. W przesz\u0142o\u015bci by\u0142 praktykuj\u0105cym <strong>kr\u0119garzem<\/strong>, udziela\u0142 pomocy osobom, kt\u00f3re zmaga\u0142y si\u0119 z emocjami i chorobami, w leczeniu kt\u00f3rych wsp\u00f3\u0142czesna medycyna nie by\u0142a w stanie im pom\u00f3c.<\/p>\n<p>Bradley Nelson pocz\u0105tkowo wi\u0105za\u0142 swoj\u0105 karier\u0119 z programowaniem i robotyk\u0105. Jednak jego prywatne do\u015bwiadczenia zdrowotne sprawi\u0142y, \u017ce skoncentrowa\u0142 si\u0119 na<strong> medycynie alternatywnej<\/strong>, co doprowadzi\u0142o go do szko\u0142y chiropraktyki. W 1988 r. uko\u0144czy\u0142 Life Chiropractic College West w San Lorenzo w Kalifornii. Jako praktykuj\u0105cy lekarz holistyczny, dr Nelson wyspecjalizowa\u0142 si\u0119 w pomocy osobom cierpi\u0105cym na zesp\u00f3\u0142 chronicznego zm\u0119czenia i fibromialgii. W tym nurcie skutecznie leczy\u0142 pacjent\u00f3w w Stanach Zjednoczonych i Kanadzie a\u017c do czasu przej\u015bcia na emerytur\u0119. W 2009 zaj\u0105\u0142 si\u0119 opracowaniem kursu samodzielnej nauki znanym jako system \u201eThe Body Code\u201d, podczas kt\u00f3rego szkoli student\u00f3w, jak osi\u0105gn\u0105\u0107 r\u00f3wnowag\u0119 cia\u0142a w 6 kluczowych obszarach. Metoda <strong>Kodu Cia\u0142a<\/strong> jest z powodzeniem stosowana zar\u00f3wno przez lekarzy oraz osoby chc\u0105ce wykorzysta\u0107 t\u0119 metod\u0119 dla w\u0142asnych potrzeb.<\/p>\n<p><strong>Wydawnictwo<\/strong>: Galaktyka<br \/>\n<strong>Rok wydania<\/strong>: 2020<br \/>\n<strong>Ok\u0142adka:<\/strong> Mi\u0119kka<br \/>\n<strong>Liczba stron<\/strong>: 380<br \/>\n<strong>Format [mm]<\/strong>: 155 x 225<\/p>\n","protected":false},"excerpt":{"rendered":"<h2>Kod emocji. Jak uwolni\u0107 zablokowane emocje i cieszy\u0107 si\u0119 zdrowiem, szcz\u0119\u015bciem oraz mi\u0142o\u015bci\u0105 &#8211; tak brzmi pe\u0142ny tytu\u0142 tej wyj\u0105tkowej ksi\u0105\u017cki.<\/h2>\n<p>Doktor Bradley Nelson opracowa\u0142<strong> autorsk\u0105 metod\u0119 uwalniania zablokowanych emocji.<\/strong> Jej rezultaty s\u0105 nadzwyczajne: ust\u0119puj\u0105cy b\u00f3l w\u00a0plecach, kolanach i\u00a0biodrach, bardziej satysfakcjonuj\u0105ce relacje z\u00a0innymi, lepsza sytuacja finansowa, a\u00a0nawet odnalezienie partnera \u017cyciowego.<\/p>\n","protected":false},"featured_media":9858,"comment_status":"open","ping_status":"closed","template":"","meta":[],"product_brand":[],"product_cat":[66],"product_tag":[],"class_list":{"0":"post-7467","1":"product","2":"type-product","3":"status-publish","4":"has-post-thumbnail","6":"product_cat-ksiazki","8":"first","9":"instock","10":"sale","11":"taxable","12":"shipping-taxable","13":"purchasable","14":"product-type-simple"},"_links":{"self":[{"href":"https:\/\/ziolazycia.com\/nowa\/wp-json\/wp\/v2\/product\/7467","targetHints":{"allow":["GET"]}}],"collection":[{"href":"https:\/\/ziolazycia.com\/nowa\/wp-json\/wp\/v2\/product"}],"about":[{"href":"https:\/\/ziolazycia.com\/nowa\/wp-json\/wp\/v2\/types\/product"}],"replies":[{"embeddable":true,"href":"https:\/\/ziolazycia.com\/nowa\/wp-json\/wp\/v2\/comments?post=7467"}],"wp:featuredmedia":[{"embeddable":true,"href":"https:\/\/ziolazycia.com\/nowa\/wp-json\/wp\/v2\/media\/9858"}],"wp:attachment":[{"href":"https:\/\/ziolazycia.com\/nowa\/wp-json\/wp\/v2\/media?parent=7467"}],"wp:term":[{"taxonomy":"product_brand","embeddable":true,"href":"https:\/\/ziolazycia.com\/nowa\/wp-json\/wp\/v2\/product_brand?post=7467"},{"taxonomy":"product_cat","embeddable":true,"href":"https:\/\/ziolazycia.com\/nowa\/wp-json\/wp\/v2\/product_cat?post=7467"},{"taxonomy":"product_tag","embeddable":true,"href":"https:\/\/ziolazycia.com\/nowa\/wp-json\/wp\/v2\/product_tag?post=7467"}],"curies":[{"name":"wp","href":"https:\/\/api.w.org\/{rel}","templated":true}]}}