{"id":7462,"date":"2024-02-14T17:53:33","date_gmt":"2024-02-14T16:53:33","guid":{"rendered":"https:\/\/ziolazycia.com\/nowa\/?post_type=product&#038;p=7462"},"modified":"2025-11-26T15:59:16","modified_gmt":"2025-11-26T14:59:16","slug":"jak-czytac-kroniki-akaszy-autor-l-howe","status":"publish","type":"product","link":"https:\/\/ziolazycia.com\/nowa\/product\/jak-czytac-kroniki-akaszy-autor-l-howe\/","title":{"rendered":"Jak czyta\u0107 kroniki Akaszy. Autor: dr Linda Howe"},"content":{"rendered":"<p>Zawieraj\u0105 one informacje o ka\u017cdej duszy, jej podr\u00f3\u017cy i do\u015bwiadczeniu. To niesko\u0144czone \u017ar\u00f3d\u0142o m\u0105dro\u015bci, \u015bwiadomo\u015bci i uzdrawiaj\u0105cej energii by\u0142o zarezerwowane dla nielicznych uzdolnionych duchowo.<br \/>\nZ kart ksi\u0105\u017cki dowiesz si\u0119 jak zrobi\u0107 odczyt z Kronik Akaszy. Zostan\u0105 Ci przekazane modlitwy i has\u0142o dost\u0119pu do Kronik. Uzyskasz tak\u017ce mo\u017cliwo\u015b\u0107 kontaktu z przewodnikami duchowymi. Odkryjesz etapy reinkarnacji. Poznasz wskaz\u00f3wki umo\u017cliwiaj\u0105ce zebranie najwa\u017cniejszych informacji, niezale\u017cnie od tego, czy czytasz dla siebie, czy innych os\u00f3b. Ksi\u0105\u017cka ta pos\u0142u\u017cy Ci jako wsparcie w rozwoju duchowym i osobistym. Zaczerpnij z m\u0105dro\u015bci swojej duszy.<\/p>\n<p><strong>Wydawnictwo<\/strong>: Studio Astropsychologii<br \/>\n<strong>Rok wydania<\/strong>: 2023<br \/>\n<strong>Ok\u0142adka<\/strong>: Mi\u0119kka<br \/>\n<strong>Liczba stron: 224<\/strong><br \/>\n<strong>Format [mm]<\/strong>: 208 x 146<\/p>\n","protected":false},"excerpt":{"rendered":"<p><strong>Kroniki Akaszy<\/strong>, znane r\u00f3wnie\u017c jako <strong>Ksi\u0119ga \u017bycia<\/strong> lub Kroniki <strong>Wszech\u015bwiata<\/strong>, s\u0105 uwa\u017cane za mistyczny zapis wszystkich wydarze\u0144, kt\u00f3re mia\u0142y miejsce, maj\u0105 miejsce i b\u0119d\u0105 mia\u0142y miejsce. M\u00f3wi si\u0119, \u017ce zawiera ona niesko\u0144czon\u0105 m\u0105dro\u015b\u0107 i wiedz\u0119 o wszystkim, co istnieje.<\/p>\n<h2>Uzdrowicielka i nauczycielka Linda Howe oferuje pierwsz\u0105 tego rodzaju ksi\u0105\u017ck\u0119, kt\u00f3ra podpowiada jak czyta\u0107 Kroniki Akaszy.<\/h2>\n","protected":false},"featured_media":9856,"comment_status":"open","ping_status":"closed","template":"","meta":[],"product_brand":[],"product_cat":[66],"product_tag":[],"class_list":{"0":"post-7462","1":"product","2":"type-product","3":"status-publish","4":"has-post-thumbnail","6":"product_cat-ksiazki","8":"first","9":"instock","10":"sale","11":"taxable","12":"shipping-taxable","13":"purchasable","14":"product-type-simple"},"_links":{"self":[{"href":"https:\/\/ziolazycia.com\/nowa\/wp-json\/wp\/v2\/product\/7462","targetHints":{"allow":["GET"]}}],"collection":[{"href":"https:\/\/ziolazycia.com\/nowa\/wp-json\/wp\/v2\/product"}],"about":[{"href":"https:\/\/ziolazycia.com\/nowa\/wp-json\/wp\/v2\/types\/product"}],"replies":[{"embeddable":true,"href":"https:\/\/ziolazycia.com\/nowa\/wp-json\/wp\/v2\/comments?post=7462"}],"wp:featuredmedia":[{"embeddable":true,"href":"https:\/\/ziolazycia.com\/nowa\/wp-json\/wp\/v2\/media\/9856"}],"wp:attachment":[{"href":"https:\/\/ziolazycia.com\/nowa\/wp-json\/wp\/v2\/media?parent=7462"}],"wp:term":[{"taxonomy":"product_brand","embeddable":true,"href":"https:\/\/ziolazycia.com\/nowa\/wp-json\/wp\/v2\/product_brand?post=7462"},{"taxonomy":"product_cat","embeddable":true,"href":"https:\/\/ziolazycia.com\/nowa\/wp-json\/wp\/v2\/product_cat?post=7462"},{"taxonomy":"product_tag","embeddable":true,"href":"https:\/\/ziolazycia.com\/nowa\/wp-json\/wp\/v2\/product_tag?post=7462"}],"curies":[{"name":"wp","href":"https:\/\/api.w.org\/{rel}","templated":true}]}}