{"id":7455,"date":"2024-02-14T17:45:51","date_gmt":"2024-02-14T16:45:51","guid":{"rendered":"https:\/\/ziolazycia.com\/nowa\/?post_type=product&#038;p=7455"},"modified":"2025-11-26T15:59:16","modified_gmt":"2025-11-26T14:59:16","slug":"doswiadczenie-rzeczywistosci-autor-david-hawkins","status":"publish","type":"product","link":"https:\/\/ziolazycia.com\/nowa\/product\/doswiadczenie-rzeczywistosci-autor-david-hawkins\/","title":{"rendered":"Do\u015bwiadczanie rzeczywisto\u015bci. Podr\u00f3\u017c ku O\u015bwieceniu. Autor: David R. Hawkins"},"content":{"rendered":"<h2 data-sourcepos=\"5:1-5:24\">G\u0142\u00f3wne tezy ksi\u0105\u017cki &#8222;Do\u015bwiadczanie rzeczywisto\u015bci&#8221; autorstwa Davida R. Hawkinsa:<\/h2>\n<ul data-sourcepos=\"7:1-11:0\">\n<li data-sourcepos=\"7:1-7:244\"><strong>Poziomy \u015bwiadomo\u015bci:<\/strong> Hawkins przedstawia skal\u0119 17 poziom\u00f3w \u015bwiadomo\u015bci, od apatii i strachu (20) do o\u015bwiecenia (1000). Poziom \u015bwiadomo\u015bci determinuje spos\u00f3b, w jaki interpretujemy rzeczywisto\u015b\u0107 i wp\u0142ywa na wszystkie aspekty naszego \u017cycia.<\/li>\n<li data-sourcepos=\"8:1-8:190\"><strong>Ego i iluzja:<\/strong> Autor demaskuje natur\u0119 ego, kt\u00f3re zniekszta\u0142ca postrzeganie rzeczywisto\u015bci i prowadzi do cierpienia. Uwalnianie si\u0119 od ego jest kluczowym krokiem na drodze do o\u015bwiecenia.<\/li>\n<li data-sourcepos=\"9:1-9:204\"><strong>Si\u0142a mi\u0142o\u015bci i wsp\u00f3\u0142czucia:<\/strong> Mi\u0142o\u015b\u0107 i wsp\u00f3\u0142czucie to najwy\u017csze wibracje, kt\u00f3re otwieraj\u0105 drzwi do prawdziwej rado\u015bci i spe\u0142nienia. Rozwijanie tych uczu\u0107 sprzyja wzrostowi \u015bwiadomo\u015bci i transformacji.<\/li>\n<li data-sourcepos=\"10:1-11:0\"><strong>Praktyczne wskaz\u00f3wki:<\/strong> Ksi\u0105\u017cka zawiera praktyczne wskaz\u00f3wki i techniki medytacyjne, kt\u00f3re pomagaj\u0105 w podnoszeniu poziomu \u015bwiadomo\u015bci, uwalnianiu si\u0119 od negatywnych emocji i do\u015bwiadczaniu rzeczywisto\u015bci w spos\u00f3b bardziej klarowny i autentyczny.<\/li>\n<\/ul>\n<p data-sourcepos=\"12:1-12:23\"><strong>Korzy\u015bci z lektury:<\/strong><\/p>\n<ul data-sourcepos=\"14:1-18:0\">\n<li data-sourcepos=\"14:1-14:69\">G\u0142\u0119bsze zrozumienie natury \u015bwiadomo\u015bci i jej wp\u0142ywu na nasze \u017cycie.<\/li>\n<li data-sourcepos=\"15:1-15:74\">Rozpoznanie mechanizm\u00f3w ego i sposob\u00f3w na uwolnienie si\u0119 od jego iluzji.<\/li>\n<li data-sourcepos=\"16:1-16:87\">Odkrycie si\u0142y mi\u0142o\u015bci i wsp\u00f3\u0142czucia jako kluczowych warto\u015bci na drodze do o\u015bwiecenia.<\/li>\n<li data-sourcepos=\"17:1-18:0\">Nabycie praktycznych narz\u0119dzi do rozwoju duchowego i transformacji osobistej.<\/li>\n<\/ul>\n<p data-sourcepos=\"24:1-24:17\"><strong>Podsumowuj\u0105c:<\/strong><\/p>\n<p data-sourcepos=\"26:1-26:311\">&#8222;Do\u015bwiadczanie Rzeczywisto\u015bci&#8221; to ksi\u0105\u017cka warta przeczytania dla wszystkich, kt\u00f3rzy poszukuj\u0105 g\u0142\u0119bszego zrozumienia rzeczywisto\u015bci i pragn\u0105 dokona\u0107 transformacji w swoim \u017cyciu. Nale\u017cy jednak pami\u0119ta\u0107, \u017ce przedstawione w niej koncepcje wykraczaj\u0105 poza ramy nauki i wymagaj\u0105 otwartej postawy ze strony czytelnika.<\/p>\n<div class=\"elementor-widget elementor-element elementor-element-mw9vsk0 elementor-widget-text-editor\" data-element_type=\"text-editor\">\n<div class=\"elementor-widget-container\">\n<div class=\"elementor-text-editor rte-content\">\n<p><strong>David R. Hawkins<\/strong>\u00a0(1927-2012)<\/p>\n<p>Dr nauk medycznych, renomowany psychiatra, badacz, nauczyciel duchowy i wyk\u0142adowca. Autor wielu artyku\u0142\u00f3w i ksi\u0105\u017cek, w tym jednej wsp\u00f3lnie z laureatem nagrody Nobla, Linusem Paulingiem.<br \/>\nPonadto dr Hawkins prowadzi\u0142 zakrojone na szerok\u0105 skal\u0119 badania nad ludzk\u0105 \u015bwiadomo\u015bci\u0105. Jego znakiem rozpoznawczym jest pionierska, znana ju\u017c na ca\u0142ym \u015bwiecie \u201eMapa poziom\u00f3w \u015bwiadomo\u015bci\u201d (Map of Consciousness\u00ae), opisana po raz pierwszy w ciesz\u0105cej si\u0119 nies\u0142abn\u0105c\u0105 popularno\u015bci\u0105 ksi\u0105\u017cce <em><strong>Si\u0142a czy moc<\/strong><\/em>, przet\u0142umaczonej na ponad dwadzie\u015bcia j\u0119zyk\u00f3w<\/p>\n<\/div>\n<\/div>\n<\/div>\n<p>&nbsp;<\/p>\n<p><strong>Wydawnictwo:<\/strong> \u00a0\u00a0\u00a0\u00a0\u00a0\u00a0\u00a0\u00a0\u00a0\u00a0\u00a0 Virgo<br \/>\n<strong>Rok wydania<\/strong>:\u00a0\u00a0\u00a0\u00a0\u00a0\u00a0\u00a0\u00a0\u00a0\u00a0\u00a0\u00a0\u00a0\u00a0 2018<br \/>\n<strong>Ok\u0142adka:\u00a0\u00a0<\/strong> \u00a0\u00a0\u00a0\u00a0\u00a0\u00a0\u00a0\u00a0\u00a0\u00a0\u00a0\u00a0\u00a0\u00a0\u00a0\u00a0\u00a0\u00a0\u00a0 Twarda<br \/>\n<strong>Liczba stron:\u00a0<\/strong> \u00a0\u00a0\u00a0\u00a0\u00a0\u00a0\u00a0\u00a0\u00a0\u00a0\u00a0\u00a0\u00a0 526<br \/>\n<strong>Format [mm]:\u00a0<\/strong> \u00a0\u00a0\u00a0\u00a0\u00a0\u00a0\u00a0\u00a0\u00a0\u00a0\u00a0\u00a0 145 x 207<\/p>\n","protected":false},"excerpt":{"rendered":"<p>Ksi\u0105\u017cka <strong>&#8222;Do\u015bwiadczanie Rzeczywisto\u015bci&#8221; autorstwa Davida R. Hawkinsa<\/strong> to obszerne dzie\u0142o stanowi\u0105ce trzeci\u0105 cz\u0119\u015b\u0107 trylogii po\u015bwi\u0119conej ewolucji ludzkiej \u015bwiadomo\u015bci. Autor, znany psychiatra i badacz, zabiera czytelnika w fascynuj\u0105c\u0105 podr\u00f3\u017c ku o\u015bwieceniu, prezentuj\u0105c map\u0119 poziom\u00f3w \u015bwiadomo\u015bci i ujawniaj\u0105c mechanizmy rz\u0105dz\u0105ce naszym postrzeganiem rzeczywisto\u015bci.<\/p>\n","protected":false},"featured_media":9854,"comment_status":"open","ping_status":"closed","template":"","meta":[],"product_brand":[],"product_cat":[66],"product_tag":[],"class_list":{"0":"post-7455","1":"product","2":"type-product","3":"status-publish","4":"has-post-thumbnail","6":"product_cat-ksiazki","8":"first","9":"instock","10":"taxable","11":"shipping-taxable","12":"purchasable","13":"product-type-simple"},"_links":{"self":[{"href":"https:\/\/ziolazycia.com\/nowa\/wp-json\/wp\/v2\/product\/7455","targetHints":{"allow":["GET"]}}],"collection":[{"href":"https:\/\/ziolazycia.com\/nowa\/wp-json\/wp\/v2\/product"}],"about":[{"href":"https:\/\/ziolazycia.com\/nowa\/wp-json\/wp\/v2\/types\/product"}],"replies":[{"embeddable":true,"href":"https:\/\/ziolazycia.com\/nowa\/wp-json\/wp\/v2\/comments?post=7455"}],"wp:featuredmedia":[{"embeddable":true,"href":"https:\/\/ziolazycia.com\/nowa\/wp-json\/wp\/v2\/media\/9854"}],"wp:attachment":[{"href":"https:\/\/ziolazycia.com\/nowa\/wp-json\/wp\/v2\/media?parent=7455"}],"wp:term":[{"taxonomy":"product_brand","embeddable":true,"href":"https:\/\/ziolazycia.com\/nowa\/wp-json\/wp\/v2\/product_brand?post=7455"},{"taxonomy":"product_cat","embeddable":true,"href":"https:\/\/ziolazycia.com\/nowa\/wp-json\/wp\/v2\/product_cat?post=7455"},{"taxonomy":"product_tag","embeddable":true,"href":"https:\/\/ziolazycia.com\/nowa\/wp-json\/wp\/v2\/product_tag?post=7455"}],"curies":[{"name":"wp","href":"https:\/\/api.w.org\/{rel}","templated":true}]}}