{"id":745,"date":"2022-11-25T08:49:56","date_gmt":"2022-11-25T07:49:56","guid":{"rendered":"https:\/\/ziolazycia.com\/nowa\/?post_type=product&#038;p=745"},"modified":"2025-11-26T15:58:16","modified_gmt":"2025-11-26T14:58:16","slug":"kapsulki-doterra-on-guard-beadletswzmocnienie-odpornosci-dla-dzieci-125-kulek","status":"publish","type":"product","link":"https:\/\/ziolazycia.com\/nowa\/product\/kapsulki-doterra-on-guard-beadletswzmocnienie-odpornosci-dla-dzieci-125-kulek\/","title":{"rendered":"Kapsu\u0142ki doTERRA &#8211;\u00a0 On Guard Beadlets (Wzmocnienie odporno\u015bci) dla dzieci &#8211; 125 kulek"},"content":{"rendered":"<div class=\"_5pbx userContent _3576\" data-testid=\"post_message\" data-ft=\"{&quot;tn&quot;:&quot;K&quot;}\">\n<div class=\"text_exposed_root text_exposed\">\n<p><strong>WSKAZANIA<\/strong><\/p>\n<ul>\n<li>zwalczanie r\u00f3\u017cnego rodzaju infekcji (przezi\u0119bienia i grypy),<\/li>\n<li>wzmacnianie odporno\u015bci u dzieci i doros\u0142ych,<\/li>\n<li>silne dzia\u0142anie antybakteryjne i antywirusowe.<\/li>\n<\/ul>\n<p><strong>SK\u0141AD<\/strong><\/p>\n<ul>\n<li><strong>Go\u017adzik<\/strong>\u00a0\u2013 zawiera eugenol \u2013 silnie przeciwzapalny sk\u0142adnik. Eugenol to naturalne znieczulenie, antyseptyk, jest przeciwbakteryjny i przeciwdrobnoustrojowy.<\/li>\n<li><strong>Cynamon<\/strong>\u00a0\u2013 olejek ten wykaza\u0142 najwy\u017csz\u0105 skuteczno\u015b\u0107 w testach na zwalczanie form bakterii\/grzyb\u00f3w.<\/li>\n<li><strong>Eukaliptus<\/strong>\u00a0\u2013 ma bardzo dobre efekty w zwalczaniu chor\u00f3b uk\u0142adu oddechowego.<\/li>\n<li><strong>Rozmaryn<\/strong>\u00a0\u2013 sk\u0142adnik antybakteryjny.<\/li>\n<li><strong>Dzika pomara\u0144cza<\/strong>\u00a0\u2013 ma silne w\u0142a\u015bciwo\u015bci przeciwbakteryjne, przeciwgrzybicze, przeciwzapalne i antyseptyczne.<\/li>\n<\/ul>\n<p><strong>STOSOWANIE<\/strong><\/p>\n<p>Dzienna dawka do spo\u017cycia 1-5 kuleczek.<\/p>\n<p><strong>Wszystkie olejki firmy doTERRA s\u0105 czyste i bezpieczne. Posiadaj\u0105 certyfikat \u2013 CPTG (Certified Pure Therapeutic Grade\u00ae) \u2013 testowana Czysta Klasa Terapeutyczna.<\/strong>\u00a0Mo\u017cna je bezpiecznie stosowa\u0107 doustnie, smarowa\u0107 swoje cia\u0142o oraz wdycha\u0107.<\/p>\n<p><strong>CPTG \u2013 Certified Pure Therapeutic Grade (ACKT \u2013 Atestowana Czysta Klasa Terapeutyczna)<\/strong>\u00a0olejk\u00f3w doTerra, kt\u00f3ry pozwala na absolutnie bezpieczne stosowanie olejk\u00f3w doustnie (tych, kt\u00f3re s\u0105 przeznaczone do u\u017cytku wewn\u0119trznego), oraz u ma\u0142ych dzieci.<\/p>\n<p>Co oznacza taki atest?<\/p>\n<ul>\n<li>jako\u015b\u0107 woln\u0105 od pestycyd\u00f3w i metali ci\u0119\u017ckich,<\/li>\n<li>brak sztucznych barwnik\u00f3w i wype\u0142niaczy,<\/li>\n<li>kontrolowane uprawy na obszarach, gdzie naturalnie wyst\u0119puje dana ro\u015blina i zbieranie jej w optymalnym momencie<\/li>\n<li>brak domieszek olejk\u00f3w z innych ro\u015blinnych<\/li>\n<li>brak domieszek olejk\u00f3w syntetycznych<\/li>\n<\/ul>\n<\/div>\n<\/div>\n","protected":false},"excerpt":{"rendered":"<p>Kuleczki doTERRA On Guard\u00ae\u00a0to \u0142atwy i wygodny spos\u00f3b na uzyskanie wspieraj\u0105cych odporno\u015b\u0107 korzy\u015bci p\u0142yn\u0105cych z mieszanki doTERRA On Guard\u00ae\u00a0Protective Blend.<\/p>\n<p>Kulki zapewniaj\u0105 aromatyczn\u0105 dawk\u0119 zastrze\u017conej mieszanki doTERRA On Guard z dzikiej pomara\u0144czy, go\u017adzik\u00f3w, cynamonu, eukaliptusa i rozmarynu. Ma\u0142e kuleczki warzywne s\u0105 \u0142atwe w u\u017cyciu i idealne dla dzieci i innych os\u00f3b. On Guard to opatentowana mieszanka firmy doTERRA wzmacniaj\u0105ca uk\u0142ad odporno\u015bciowy.<\/p>\n","protected":false},"featured_media":9369,"comment_status":"closed","ping_status":"closed","template":"","meta":[],"product_brand":[],"product_cat":[72],"product_tag":[],"class_list":{"0":"post-745","1":"product","2":"type-product","3":"status-publish","4":"has-post-thumbnail","6":"product_cat-suplementy-diety","8":"first","9":"instock","10":"sale","11":"taxable","12":"shipping-taxable","13":"purchasable","14":"product-type-simple"},"_links":{"self":[{"href":"https:\/\/ziolazycia.com\/nowa\/wp-json\/wp\/v2\/product\/745","targetHints":{"allow":["GET"]}}],"collection":[{"href":"https:\/\/ziolazycia.com\/nowa\/wp-json\/wp\/v2\/product"}],"about":[{"href":"https:\/\/ziolazycia.com\/nowa\/wp-json\/wp\/v2\/types\/product"}],"replies":[{"embeddable":true,"href":"https:\/\/ziolazycia.com\/nowa\/wp-json\/wp\/v2\/comments?post=745"}],"wp:featuredmedia":[{"embeddable":true,"href":"https:\/\/ziolazycia.com\/nowa\/wp-json\/wp\/v2\/media\/9369"}],"wp:attachment":[{"href":"https:\/\/ziolazycia.com\/nowa\/wp-json\/wp\/v2\/media?parent=745"}],"wp:term":[{"taxonomy":"product_brand","embeddable":true,"href":"https:\/\/ziolazycia.com\/nowa\/wp-json\/wp\/v2\/product_brand?post=745"},{"taxonomy":"product_cat","embeddable":true,"href":"https:\/\/ziolazycia.com\/nowa\/wp-json\/wp\/v2\/product_cat?post=745"},{"taxonomy":"product_tag","embeddable":true,"href":"https:\/\/ziolazycia.com\/nowa\/wp-json\/wp\/v2\/product_tag?post=745"}],"curies":[{"name":"wp","href":"https:\/\/api.w.org\/{rel}","templated":true}]}}