{"id":7439,"date":"2024-02-14T17:34:09","date_gmt":"2024-02-14T16:34:09","guid":{"rendered":"https:\/\/ziolazycia.com\/nowa\/?post_type=product&#038;p=7439"},"modified":"2025-11-26T15:59:14","modified_gmt":"2025-11-26T14:59:14","slug":"larens-zel-do-twarzy-50ml","status":"publish","type":"product","link":"https:\/\/ziolazycia.com\/nowa\/product\/larens-zel-do-twarzy-50ml\/","title":{"rendered":"Larens Face Gel &#8211; \u017bel kolagenowy do twarzy, szyi i dekoltu 50 ml"},"content":{"rendered":"<p>Dlaczego warto si\u0119gn\u0105\u0107 po ten konkretnie produkt?<\/p>\n<h2>Zach\u0119ca do tego unikalny sk\u0142ad Larens Face Gel, w kt\u00f3rym mamy m.in.:<\/h2>\n<p>&#8211; <strong>Biopeptide Complex:<\/strong> kompleks oligo i polipeptyd\u00f3w kolagenu rybiego, nawil\u017caj\u0105cy i poprawiaj\u0105cy elastyczno\u015b\u0107 sk\u00f3ry.<br \/>\n&#8211; <strong>Kolagen<\/strong>: wzmacniaj\u0105cy w\u0142osy i paznokcie, chroni\u0105cy sk\u00f3r\u0119 przed utrat\u0105 nawil\u017cenia.<br \/>\n&#8211; <strong>Witamina C<\/strong>: redukuj\u0105ca zmarszczki, od\u017cywiaj\u0105ca i rozja\u015bniaj\u0105ca sk\u00f3r\u0119.<br \/>\n&#8211; <strong>Biotyna<\/strong>: wzmacniaj\u0105ca i od\u017cywiaj\u0105ca sk\u00f3r\u0119, w\u0142osy i paznokcie.<br \/>\n&#8211; <strong>Kwas Mlekowy<\/strong>: pobudzaj\u0105cy produkcj\u0119 kolagenu, wyg\u0142adzaj\u0105cy sk\u00f3r\u0119.<\/p>\n<p><strong>Zawarto\u015b\u0107 opakowania:<\/strong> 50 ml<\/p>\n<p><strong>Sk\u0142ad:\u00a0<\/strong> Aqua, Collagen, Elastin, Arginine\/Lysine Polypeptide, Palmitoyl Oligopeptide, Biotin, Urea, Lactic Acid, Citrus Limon Fruit Extract.<\/p>\n<p><strong>Preparat z oznaczeniem ORGANIC PLUS<\/strong> &#8211; pozbawiony paraben\u00f3w, PEG-\u00f3w, posiada tylko bezpieczne konserwanty. Ponadto jest wolny od olej\u00f3w mineralnych, sztucznych barwnik\u00f3w i zapach\u00f3w.<\/p>\n<h2><strong>Larens Face Gel &#8211; spos\u00f3b u\u017cycia:<\/strong><\/h2>\n<p>Na sk\u00f3r\u0119 twarzy: Nanie\u015b\u0107 na oczyszczon\u0105 sk\u00f3r\u0119 i delikatnie wklepa\u0107.<\/p>\n<p><strong>Przechowywanie: <\/strong>Przechowywa\u0107 w spos\u00f3b niedost\u0119pny dla ma\u0142ych dzieci.<\/p>\n<p><strong>Producent:<\/strong><br \/>\nWell4U<\/p>\n<p>&nbsp;<\/p>\n<p>&nbsp;<\/p>\n<p>&nbsp;<\/p>\n","protected":false},"excerpt":{"rendered":"<p>\u017bel kolagenowo-peptydowy przeznaczony <strong>d<\/strong>o twarzy, szyi i dekoltu<strong>. Larens Face Gel<\/strong> wykazuje dzia\u0142anie <strong>przeciwzmarszczkow<\/strong>e oraz <strong>liftingujace<\/strong>. Face Gel to wielofunkcyjny kosmeceutyk, \u0142\u0105cz\u0105cy <strong>innowacyjn\u0105 formu\u0142\u0119 Biopeptide Complex<\/strong> z <strong>wod\u0105 Nutrivi.<\/strong> Jego sk\u0142ad wzbogacono o kompleks naturalnych peptyd\u00f3w kolagenu rybiego, kwas mlekowy, biotyn\u0119 i witamin\u0119 C. \u017bel przeznaczony jest do piel\u0119gnacji sk\u00f3ry twarzy, szczeg\u00f3lnie w przypadkach problem\u00f3w sk\u00f3rnych takich jak AZS, \u0142uszczyca, podra\u017cnienia, przesuszenie.<\/p>\n","protected":false},"featured_media":9846,"comment_status":"open","ping_status":"closed","template":"","meta":[],"product_brand":[],"product_cat":[82,83,128],"product_tag":[],"class_list":{"0":"post-7439","1":"product","2":"type-product","3":"status-publish","4":"has-post-thumbnail","6":"product_cat-kosmetyki-naturalne","7":"product_cat-larens","8":"product_cat-kosmetyki-naturalne-larens","10":"first","11":"instock","12":"sale","13":"taxable","14":"shipping-taxable","15":"purchasable","16":"product-type-simple"},"_links":{"self":[{"href":"https:\/\/ziolazycia.com\/nowa\/wp-json\/wp\/v2\/product\/7439","targetHints":{"allow":["GET"]}}],"collection":[{"href":"https:\/\/ziolazycia.com\/nowa\/wp-json\/wp\/v2\/product"}],"about":[{"href":"https:\/\/ziolazycia.com\/nowa\/wp-json\/wp\/v2\/types\/product"}],"replies":[{"embeddable":true,"href":"https:\/\/ziolazycia.com\/nowa\/wp-json\/wp\/v2\/comments?post=7439"}],"wp:featuredmedia":[{"embeddable":true,"href":"https:\/\/ziolazycia.com\/nowa\/wp-json\/wp\/v2\/media\/9846"}],"wp:attachment":[{"href":"https:\/\/ziolazycia.com\/nowa\/wp-json\/wp\/v2\/media?parent=7439"}],"wp:term":[{"taxonomy":"product_brand","embeddable":true,"href":"https:\/\/ziolazycia.com\/nowa\/wp-json\/wp\/v2\/product_brand?post=7439"},{"taxonomy":"product_cat","embeddable":true,"href":"https:\/\/ziolazycia.com\/nowa\/wp-json\/wp\/v2\/product_cat?post=7439"},{"taxonomy":"product_tag","embeddable":true,"href":"https:\/\/ziolazycia.com\/nowa\/wp-json\/wp\/v2\/product_tag?post=7439"}],"curies":[{"name":"wp","href":"https:\/\/api.w.org\/{rel}","templated":true}]}}