{"id":7435,"date":"2024-02-14T17:32:43","date_gmt":"2024-02-14T16:32:43","guid":{"rendered":"https:\/\/ziolazycia.com\/nowa\/?post_type=product&#038;p=7435"},"modified":"2025-11-26T15:59:14","modified_gmt":"2025-11-26T14:59:14","slug":"ziolowe-swiece-do-konchowania-uszu","status":"publish","type":"product","link":"https:\/\/ziolazycia.com\/nowa\/product\/ziolowe-swiece-do-konchowania-uszu\/","title":{"rendered":"Zio\u0142owe \u015bwiece do konchowania uszu"},"content":{"rendered":"<p data-sourcepos=\"5:1-5:338\"><span class=\"citation-0 entailed citation-end-0\" tabindex=\"0\" role=\"button\">K<\/span><span class=\"citation-1 entailed citation-end-1 interactive-span-selected\" tabindex=\"0\" role=\"button\">onchowanie polega na umieszczeniu specjalnie skonstruowanej \u015bwiecy w uchu i jej delikatnym paleniu, co ma na celu oczyszczenie ucha z nadmiaru woskowiny, z\u0142agodzenie b\u00f3lu i popraw\u0119 s\u0142uchu.<\/span><\/p>\n<p data-sourcepos=\"7:1-7:10\"><strong>Sk\u0142ad:<\/strong><\/p>\n<p data-sourcepos=\"9:1-9:86\">\u015awiece do konchowania uszu s\u0105 zazwyczaj wykonane z naturalnych sk\u0142adnik\u00f3w, takich jak:<\/p>\n<ul data-sourcepos=\"11:1-16:0\">\n<li data-sourcepos=\"11:1-11:95\"><strong>Wosk pszczeli:<\/strong>\u00a0Naturalny antybiotyk o w\u0142a\u015bciwo\u015bciach przeciwzapalnych i antybakteryjnych.<\/li>\n<li data-sourcepos=\"12:1-12:47\"><strong>Bawe\u0142na:<\/strong>\u00a0Stanowi no\u015bnik dla wosku i zi\u00f3\u0142.<\/li>\n<li data-sourcepos=\"13:1-13:153\"><strong>Zio\u0142a:<\/strong>\u00a0R\u00f3\u017cne mieszanki zi\u00f3\u0142, np. sza\u0142wia, rumianek, nagietek, lawenda, mog\u0105 mie\u0107 r\u00f3\u017cne w\u0142a\u015bciwo\u015bci, np. przeciwzapalne, przeciwb\u00f3lowe, relaksuj\u0105ce.<\/li>\n<li data-sourcepos=\"14:1-14:92\"><strong>Propolis:<\/strong>\u00a0<span class=\"citation-2 entailed citation-end-2\" tabindex=\"0\" role=\"button\">Naturalny antybiotyk o w\u0142a\u015bciwo\u015bciach wzmacniaj\u0105cych odporno\u015b\u0107. \u00a0\u00a0\u00a0 <\/span><\/li>\n<li data-sourcepos=\"14:1-14:92\"><strong>Olejek eteryczny:<\/strong>\u00a0Dodaje przyjemnego zapachu i mo\u017ce mie\u0107 dodatkowe w\u0142a\u015bciwo\u015bci terapeutyczne.<\/li>\n<\/ul>\n<p data-sourcepos=\"17:1-17:17\"><strong>Zastosowanie:<\/strong><\/p>\n<p data-sourcepos=\"19:1-19:66\">Zio\u0142owe \u015bwiece do konchowania uszu mog\u0105 by\u0107 stosowane w przypadku:<\/p>\n<ul data-sourcepos=\"21:1-28:0\">\n<li data-sourcepos=\"21:1-21:29\">Nadmiaru woskowiny w uszach<\/li>\n<li data-sourcepos=\"22:1-22:11\">B\u00f3lu ucha<\/li>\n<li data-sourcepos=\"23:1-23:16\">Zapalenia ucha<\/li>\n<li data-sourcepos=\"24:1-24:16\">Szum\u00f3w usznych<\/li>\n<li data-sourcepos=\"26:1-26:21\"><span class=\"citation-4 entailed citation-end-4\" tabindex=\"0\" role=\"button\">Migren<\/span><\/li>\n<li data-sourcepos=\"27:1-28:0\"><span class=\"citation-5 entailed citation-end-5\" tabindex=\"0\" role=\"button\">Stres\u00f3w i napi\u0119cia<\/span><\/li>\n<\/ul>\n<p data-sourcepos=\"29:1-29:21\"><strong>Przeciwwskazania:<\/strong><\/p>\n<p data-sourcepos=\"31:1-31:47\">Konchowanie uszu nie jest zalecane w przypadku:<\/p>\n<ul data-sourcepos=\"33:1-38:0\">\n<li data-sourcepos=\"33:1-33:41\"><span class=\"citation-6 entailed citation-end-6\" tabindex=\"0\" role=\"button\">P\u0119kni\u0119cia b\u0142ony b\u0119benkowej<\/span><\/li>\n<li data-sourcepos=\"34:1-34:30\"><span class=\"citation-7 entailed citation-end-7\" tabindex=\"0\" role=\"button\">Perforacji ucha<\/span><\/li>\n<li data-sourcepos=\"35:1-35:7\">Ci\u0105\u017cy<\/li>\n<li data-sourcepos=\"36:1-36:28\">Alergii na sk\u0142adniki \u015bwiec<\/li>\n<li data-sourcepos=\"37:1-38:0\">Stan\u00f3w zapalnych ucha zewn\u0119trznego<\/li>\n<\/ul>\n<p data-sourcepos=\"39:1-39:10\"><strong>Wa\u017cne:<\/strong><\/p>\n<ul data-sourcepos=\"41:1-45:0\">\n<li data-sourcepos=\"41:1-41:80\"><span class=\"citation-8 entailed citation-end-8\" tabindex=\"0\" role=\"button\">Konchowanie uszu powinno by\u0107 wykonywane przez do\u015bwiadczon\u0105 osob\u0119.<\/span><\/li>\n<li data-sourcepos=\"41:1-41:80\">Nale\u017cy \u015ble przestrzega\u0107 instrukcji do\u0142\u0105czonych do \u015bwiec.<\/li>\n<li data-sourcepos=\"41:1-41:80\"><span class=\"citation-9 entailed citation-end-9\" tabindex=\"0\" role=\"button\">Zabieg nie powinien by\u0107 wykonywany u dzieci poni\u017cej 3 roku \u017cycia.<br \/>\n<\/span><\/li>\n<li data-sourcepos=\"44:1-45:0\"><span class=\"citation-10 entailed citation-end-10\" tabindex=\"0\" role=\"button\">Podczas konchowania nale\u017cy zachowa\u0107 ostro\u017cno\u015b\u0107, aby nie poparzy\u0107 si\u0119.<\/span><\/li>\n<\/ul>\n<p data-sourcepos=\"50:1-50:25\"><strong>Dodatkowe informacje:<\/strong><\/p>\n<p data-sourcepos=\"52:1-52:154\">Przed rozpocz\u0119ciem konchowania uszu warto skonsultowa\u0107 si\u0119 z lekarzem lub naturopat\u0105, aby upewni\u0107 si\u0119, \u017ce ta metoda jest odpowiednia dla danego przypadku.<\/p>\n<p data-sourcepos=\"54:1-54:13\"><strong>Pami\u0119taj:<\/strong><\/p>\n<p data-sourcepos=\"56:1-56:177\">Konchowanie uszu to metoda terapii alternatywnej i nie zast\u0119puje tradycyjnego leczenia. W przypadku powa\u017cnych problem\u00f3w ze s\u0142uchem nale\u017cy koniecznie skonsultowa\u0107 si\u0119 z lekarzem.<\/p>\n","protected":false},"excerpt":{"rendered":"<p><span class=\"citation-0 entailed citation-end-0\" tabindex=\"0\" role=\"button\">Zio\u0142owe \u015bwiece do konchowania uszu to naturalne produkty wykorzystywane do tradycyjnej naturalnej metody terapii zwanej konchowaniem lub \u015bwiecowaniem wzorowanych na praktykach medycyny ludowej ameryka\u0144skich Indian Hopi. Daje ona znacz\u0105ce rezultaty oczyszczaj\u0105ce i lecz\u0105ce uszy i zatoki.<\/span><\/p>\n","protected":false},"featured_media":9845,"comment_status":"open","ping_status":"closed","template":"","meta":[],"product_brand":[],"product_cat":[80],"product_tag":[],"class_list":{"0":"post-7435","1":"product","2":"type-product","3":"status-publish","4":"has-post-thumbnail","6":"product_cat-akcesoria","8":"first","9":"instock","10":"sale","11":"taxable","12":"shipping-taxable","13":"purchasable","14":"product-type-simple"},"_links":{"self":[{"href":"https:\/\/ziolazycia.com\/nowa\/wp-json\/wp\/v2\/product\/7435","targetHints":{"allow":["GET"]}}],"collection":[{"href":"https:\/\/ziolazycia.com\/nowa\/wp-json\/wp\/v2\/product"}],"about":[{"href":"https:\/\/ziolazycia.com\/nowa\/wp-json\/wp\/v2\/types\/product"}],"replies":[{"embeddable":true,"href":"https:\/\/ziolazycia.com\/nowa\/wp-json\/wp\/v2\/comments?post=7435"}],"wp:featuredmedia":[{"embeddable":true,"href":"https:\/\/ziolazycia.com\/nowa\/wp-json\/wp\/v2\/media\/9845"}],"wp:attachment":[{"href":"https:\/\/ziolazycia.com\/nowa\/wp-json\/wp\/v2\/media?parent=7435"}],"wp:term":[{"taxonomy":"product_brand","embeddable":true,"href":"https:\/\/ziolazycia.com\/nowa\/wp-json\/wp\/v2\/product_brand?post=7435"},{"taxonomy":"product_cat","embeddable":true,"href":"https:\/\/ziolazycia.com\/nowa\/wp-json\/wp\/v2\/product_cat?post=7435"},{"taxonomy":"product_tag","embeddable":true,"href":"https:\/\/ziolazycia.com\/nowa\/wp-json\/wp\/v2\/product_tag?post=7435"}],"curies":[{"name":"wp","href":"https:\/\/api.w.org\/{rel}","templated":true}]}}