{"id":7433,"date":"2024-02-14T17:29:54","date_gmt":"2024-02-14T16:29:54","guid":{"rendered":"https:\/\/ziolazycia.com\/nowa\/?post_type=product&#038;p=7433"},"modified":"2025-11-26T15:59:14","modified_gmt":"2025-11-26T14:59:14","slug":"ziola-do-kapieli-100g-proherbis","status":"publish","type":"product","link":"https:\/\/ziolazycia.com\/nowa\/product\/ziola-do-kapieli-100g-proherbis\/","title":{"rendered":"Zio\u0142a do k\u0105pieli 100g Proherbis"},"content":{"rendered":"<div class=\"innerbox\">\n<div class=\"resetcss\">\n<p><strong>Sk\u0142adniki:\u00a0<\/strong>korze\u0144 omanu, k\u0142\u0105cze tataraku, owoc kminku, ziele pio\u0142unu, ziele tymianku, ziele tysi\u0105cznika, li\u015b\u0107 bobrka, li\u015b\u0107 orzecha w\u0142oskiego, glistnik jask\u00f3\u0142cze ziele, \u0142uska owsa zwyczajnego w r\u00f3\u017cnych proporcjach.<\/p>\n<h2><strong>Zio\u0142a da k\u0105pieli Proherbis &#8211; spos\u00f3b u\u017cycia: <\/strong><\/h2>\n<p>1\/2 zawarto\u015bci produktu zala\u0107 2 litrami wrz\u0105cej wody i pozostawi\u0107 do zaparzenia na 30 minut. Nast\u0119pnie przecedzi\u0107 i wla\u0107 do wanny nape\u0142nionej wod\u0105. DO STOSOWANIA WY\u0141\u0104CZNIE ZEWN\u0118TRZNEGO.<\/p>\n<p><strong>Przechowywanie:<\/strong> Przechowywa\u0107 w suchym, ch\u0142odnym miejscu niedost\u0119pnym dla dzieci. Chroni\u0107 przed \u015bwiat\u0142em.<\/p>\n<p><strong>Masa netto<\/strong>: 100g<\/p>\n<p><strong>Producent:<\/strong><br \/>\nProherbis, Jaros\u0142aw Wola\u0144ski<br \/>\nZarzecze 294, 38-220 D\u0119bowiec<\/p>\n<p>&nbsp;<\/p>\n<\/div>\n<\/div>\n","protected":false},"excerpt":{"rendered":"<h2>Zio\u0142a do k\u0105pieli<\/h2>\n<p>Stosowa\u0107 <strong>zewn\u0119trznie <\/strong>do\u00a0<strong>k\u0105pieli oczyszczaj\u0105cych i <\/strong>wspomagaj\u0105cych\u00a0<strong>kuracje przeciwpaso\u017cytnicze<\/strong>.<\/p>\n<p><strong>\u00a0<\/strong><\/p>\n","protected":false},"featured_media":9844,"comment_status":"open","ping_status":"closed","template":"","meta":[],"product_brand":[],"product_cat":[82],"product_tag":[],"class_list":{"0":"post-7433","1":"product","2":"type-product","3":"status-publish","4":"has-post-thumbnail","6":"product_cat-kosmetyki-naturalne","8":"first","9":"outofstock","10":"sale","11":"taxable","12":"shipping-taxable","13":"purchasable","14":"product-type-simple"},"_links":{"self":[{"href":"https:\/\/ziolazycia.com\/nowa\/wp-json\/wp\/v2\/product\/7433","targetHints":{"allow":["GET"]}}],"collection":[{"href":"https:\/\/ziolazycia.com\/nowa\/wp-json\/wp\/v2\/product"}],"about":[{"href":"https:\/\/ziolazycia.com\/nowa\/wp-json\/wp\/v2\/types\/product"}],"replies":[{"embeddable":true,"href":"https:\/\/ziolazycia.com\/nowa\/wp-json\/wp\/v2\/comments?post=7433"}],"wp:featuredmedia":[{"embeddable":true,"href":"https:\/\/ziolazycia.com\/nowa\/wp-json\/wp\/v2\/media\/9844"}],"wp:attachment":[{"href":"https:\/\/ziolazycia.com\/nowa\/wp-json\/wp\/v2\/media?parent=7433"}],"wp:term":[{"taxonomy":"product_brand","embeddable":true,"href":"https:\/\/ziolazycia.com\/nowa\/wp-json\/wp\/v2\/product_brand?post=7433"},{"taxonomy":"product_cat","embeddable":true,"href":"https:\/\/ziolazycia.com\/nowa\/wp-json\/wp\/v2\/product_cat?post=7433"},{"taxonomy":"product_tag","embeddable":true,"href":"https:\/\/ziolazycia.com\/nowa\/wp-json\/wp\/v2\/product_tag?post=7433"}],"curies":[{"name":"wp","href":"https:\/\/api.w.org\/{rel}","templated":true}]}}