{"id":7431,"date":"2024-02-14T17:28:48","date_gmt":"2024-02-14T16:28:48","guid":{"rendered":"https:\/\/ziolazycia.com\/nowa\/?post_type=product&#038;p=7431"},"modified":"2025-11-26T15:59:14","modified_gmt":"2025-11-26T14:59:14","slug":"zestaw-do-mycia-bethru","status":"publish","type":"product","link":"https:\/\/ziolazycia.com\/nowa\/product\/zestaw-do-mycia-bethru\/","title":{"rendered":"Zestaw podarunkowy Nawil\u017caj\u0105ce oczyszczenie Bethru (4 szt.)"},"content":{"rendered":"<p>Do\u015bwiadcz doskona\u0142ego po\u0142\u0105czenia g\u0142\u0119bokiego nawil\u017cenia i delikatnego oczyszczania. Zapewnij swojej sk\u00f3rze i w\u0142osom to, na co w pe\u0142ni zas\u0142uguj\u0105. Uzupe\u0142nij swoj\u0105 codzienn\u0105 rutyn\u0119 piel\u0119gnacyjn\u0105 o niezb\u0119dne produkty w formie sta\u0142ej od Bethru Solid Cosmetics. To gwarancja od\u015bwie\u017cenia i nawil\u017cenia odczuwana za ka\u017cdym razem.<\/p>\n<p><strong>Pude\u0142ko z zestawem zawiera:<\/strong><br \/>\nx1 Szampon nawil\u017caj\u0105cy w kostce<br \/>\nx1 Kostka do mycia cia\u0142a pod prysznicem<br \/>\nx1 Eko pude\u0142ko podr\u00f3\u017cne<br \/>\nx1 Eko uchwyt na kostk\u0119 prysznicowy<\/p>\n<p><strong>Spos\u00f3b u\u017cycia<\/strong>: pocieraj zwil\u017con\u0105 kostk\u0119 d\u0142o\u0144mi, a\u017c uzyskasz g\u0119st\u0105 pian\u0119. Oczy\u015b\u0107 ni\u0105 w\u0142osy (szampon) lub cia\u0142o (kostka do mycia), a nast\u0119pnie sp\u0142ucz wod\u0105.<\/p>\n<p><b>Uwagi:<\/b> do przechowywania zalecamy u\u017cywanie naszych akcesori\u00f3w, takich jak uchwyt prysznicowy na kostk\u0119 lub podk\u0142adka na kostk\u0119 Luffa. Uchwyt prysznicowy na kostk\u0119 b\u0119dzie s\u0142u\u017cy\u0142 znacznie d\u0142u\u017cej, poniewa\u017c dzi\u0119ki temu kostka pozostanie sucha.<\/p>\n<p><strong>Szampon nawil\u017caj\u0105cy w kostce &#8211; sk\u0142adniki:<br \/>\nINCI<\/strong>: Sodium Coco Sulfate, Cetearyl Alkohol, Talc, Citric Acid, Glycerin, Olea Europaea Fruit Oil, Inulin, Parfum, Prunus Amygdalus Dulcis Oil, Theobroma Cacao Seed Butter, Tocopherol, Aloe Barbadensis Leaf Juice, Limonene.<\/p>\n<p><strong>Kostka do mycia cia\u0142a pod prysznicem &#8211; sk\u0142adniki:<\/strong><strong><br \/>\nINCI<\/strong>: Sodium Coco Sulfate, Cetearyl Alkohol, Talc, Glycerin, Olea Europaea Fruit Oil, Maris Sal, Zea Mais (Corn) Starch, Tapioca Starch, Butyrospermum Parkii Butter, Citric Acid, Theobroma Cacao Seed Butter, Inulin, Parfum, Prunus Amygdalus Dulcis Oil, Hydrated Silica, Tocopherol, Aloe Barbadensis Leaf Juice, Geraniol, Linalool, Limonene.<\/p>\n<div id=\"shopify-section-template--15012737515727__main\" class=\"shopify-section section-product-template\">\n<div data-section-id=\"template--15012737515727__main\" data-section-type=\"product\" data-enable-history-state=\"true\">\n<div class=\"container row\">\n<div class=\"reading-width reading-width--no-mobile-padding\"><strong>Podmiot odpowiedzialny:<\/strong><\/div>\n<div>Bethru Sp. z o.o.<br \/>\nul. Sportowa 20, 97-410 Kleszcz\u00f3w<\/div>\n<\/div>\n<\/div>\n<\/div>\n<section id=\"shopify-section-template--15012737515727__loox-product-reviews-app-section\" class=\"shopify-section\">\n<div class=\"container\">\n<div class=\"page-width\">\n<div id=\"shopify-block-loox-product-reviews\" class=\"shopify-block shopify-app-block\">\n<div id=\"looxReviews\" data-limit=\"20\" data-product-id=\"8468488126790\" data-upgraded=\"true\"><\/div>\n<\/div>\n<\/div>\n<\/div>\n<\/section>\n<p>&nbsp;<\/p>\n<p>&nbsp;<\/p>\n","protected":false},"excerpt":{"rendered":"<p>Zestaw podarunkowy<strong> Nawil\u017caj\u0105ce oczyszczenie Bethru<\/strong> zawiera luksusowy szampon nawil\u017caj\u0105cy w kostce do mycia zniszczonych i przesuszonych w\u0142os\u00f3w, od\u017cywcz\u0105 kremow\u0105 kostk\u0119 do mycia cia\u0142a pod prysznicem o zapachu hibiskusa, a tak\u017ce wygodne pude\u0142ko podr\u00f3\u017cne na te kostki oraz uchwyt prysznicowy.<\/p>\n","protected":false},"featured_media":9843,"comment_status":"open","ping_status":"closed","template":"","meta":[],"product_brand":[],"product_cat":[80,73],"product_tag":[],"class_list":{"0":"post-7431","1":"product","2":"type-product","3":"status-publish","4":"has-post-thumbnail","6":"product_cat-akcesoria","7":"product_cat-akcesoria-do-twarzy-i-ciala","9":"first","10":"outofstock","11":"sale","12":"taxable","13":"shipping-taxable","14":"purchasable","15":"product-type-simple"},"_links":{"self":[{"href":"https:\/\/ziolazycia.com\/nowa\/wp-json\/wp\/v2\/product\/7431","targetHints":{"allow":["GET"]}}],"collection":[{"href":"https:\/\/ziolazycia.com\/nowa\/wp-json\/wp\/v2\/product"}],"about":[{"href":"https:\/\/ziolazycia.com\/nowa\/wp-json\/wp\/v2\/types\/product"}],"replies":[{"embeddable":true,"href":"https:\/\/ziolazycia.com\/nowa\/wp-json\/wp\/v2\/comments?post=7431"}],"wp:featuredmedia":[{"embeddable":true,"href":"https:\/\/ziolazycia.com\/nowa\/wp-json\/wp\/v2\/media\/9843"}],"wp:attachment":[{"href":"https:\/\/ziolazycia.com\/nowa\/wp-json\/wp\/v2\/media?parent=7431"}],"wp:term":[{"taxonomy":"product_brand","embeddable":true,"href":"https:\/\/ziolazycia.com\/nowa\/wp-json\/wp\/v2\/product_brand?post=7431"},{"taxonomy":"product_cat","embeddable":true,"href":"https:\/\/ziolazycia.com\/nowa\/wp-json\/wp\/v2\/product_cat?post=7431"},{"taxonomy":"product_tag","embeddable":true,"href":"https:\/\/ziolazycia.com\/nowa\/wp-json\/wp\/v2\/product_tag?post=7431"}],"curies":[{"name":"wp","href":"https:\/\/api.w.org\/{rel}","templated":true}]}}