{"id":7425,"date":"2024-02-14T17:25:43","date_gmt":"2024-02-14T16:25:43","guid":{"rendered":"https:\/\/ziolazycia.com\/nowa\/?post_type=product&#038;p=7425"},"modified":"2025-11-26T15:59:14","modified_gmt":"2025-11-26T14:59:14","slug":"larens-tonik-do-twarzy-z-peptydami-250ml","status":"publish","type":"product","link":"https:\/\/ziolazycia.com\/nowa\/product\/larens-tonik-do-twarzy-z-peptydami-250ml\/","title":{"rendered":"Larens Repair+Toner &#8211; Tonik naprawczy z kompleksem biopeptydowym 250ml"},"content":{"rendered":"<p>Obecno\u015b\u0107 ekstraktu z w\u0105kroty azjatyckiej przywraca sk\u00f3rze perfekcyjne nawil\u017cenie.<br \/>\nRepair+ Toner zosta\u0142 uzupe\u0142niony \u0142agodz\u0105cymi sk\u00f3r\u0119 allantoin\u0105 i D-panthenolem, kt\u00f3re niczym koj\u0105cy kompres przygotowuj\u0105 j\u0105 do dalszej piel\u0119gnacji. Dzia\u0142anie niweluj\u0105ce podra\u017cnienia maj\u0105 r\u00f3wnie\u017c peptydy kolagenu rybiego zawarte w Biopeptide Comlex, kt\u00f3re dodatkowo pobudzaj\u0105 regeneracj\u0119 i odm\u0142adzaj\u0105 sk\u00f3r\u0119.<\/p>\n<p>Kosmetyk przeznaczony jest dla ka\u017cdego typu sk\u00f3ry. U\u017cywaj go zw\u0142aszcza wtedy, gdy Twoja cera jest sucha, zm\u0119czona, szorstka i brak jej nawil\u017cenia.<\/p>\n<p>Sk\u0142adniki aktywne preparatu zosta\u0142y dobrane tak, \u017ceby dzia\u0142a\u0107 synergicznie dla uzyskania optymalnego efektu: tonizowania, nawil\u017cenia, od\u017cywienia, wzmocnienia oraz ukojenia sk\u00f3ry.<\/p>\n<p><strong>Zawarto\u015b\u0107 opakowania:<\/strong>\u00a0250 ml<\/p>\n<p><strong>Sk\u0142ad:<\/strong> <em>\u00a0<\/em>Aqua, Glycerin, Methylpropanediol, Collagen, Elastin, Collagen Amino Acids, Elastin Amino Acids, Arginine\/Lysine Polypeptide, Palmitoyl Oligopeptide, Caprylyl Glycol, Phenylpropanol, Allantoin, Panthenol, Lactobionic Acid, Butylene Glycol, Centella Asiatica Leaf Extract.<\/p>\n<p>Kosmetyk nie zawiera paraben\u00f3w, PEGi, phenoxyethanolu, nylonu, aluminium, PVP, SLS-\u00f3w i mikroplastiuk.<\/p>\n<h2><strong>Larens Repair+ Toner &#8211; spos\u00f3b u\u017cycia:<\/strong><\/h2>\n<p>Tonik nanie\u015b\u0107 na sk\u00f3r\u0119 za pomoc\u0105 p\u0142atk\u00f3w kosmetycznych. Aby zintensyfikowa\u0107 dzia\u0142anie pozostaw p\u0142atki na powiekach lub pod oczami.<\/p>\n<p><strong>Przechowywanie: <\/strong>Przechowywa\u0107 w spos\u00f3b niedost\u0119pny dla ma\u0142ych dzieci.<\/p>\n<p><strong>Producent:<\/strong><br \/>\nWell4U<\/p>\n","protected":false},"excerpt":{"rendered":"<h2>Tonik tonizuj\u0105co-naprawczy zawieraj\u0105cy innowacyjny Biopeptide Complex.<\/h2>\n<p>Kwa\u015bny odczyn, charakterystyczny dla toniku Repair+ Toner,przywraca sk\u00f3rze jej naturalny poziom pH chroni\u0105c przed rozwojem bakterii i zachwianiem r\u00f3wnowagi mikrobiologicznej. Zawarty w toniku kolagen dzia\u0142a naprawczo ju\u017c na etapie tonizacji.<br \/>\nDzi\u0119ki kwasowi laktobionowemu Repair+ Toner widocznie roz\u015bwietla i wyg\u0142adza sk\u00f3r\u0119, pozostawiaj\u0105c j\u0105 satynowo g\u0142adk\u0105 <strong>(tzw. Satin Effect)<\/strong>.<\/p>\n","protected":false},"featured_media":9841,"comment_status":"open","ping_status":"closed","template":"","meta":[],"product_brand":[],"product_cat":[83,128],"product_tag":[],"class_list":{"0":"post-7425","1":"product","2":"type-product","3":"status-publish","4":"has-post-thumbnail","6":"product_cat-larens","7":"product_cat-kosmetyki-naturalne-larens","9":"first","10":"instock","11":"taxable","12":"shipping-taxable","13":"purchasable","14":"product-type-simple"},"_links":{"self":[{"href":"https:\/\/ziolazycia.com\/nowa\/wp-json\/wp\/v2\/product\/7425","targetHints":{"allow":["GET"]}}],"collection":[{"href":"https:\/\/ziolazycia.com\/nowa\/wp-json\/wp\/v2\/product"}],"about":[{"href":"https:\/\/ziolazycia.com\/nowa\/wp-json\/wp\/v2\/types\/product"}],"replies":[{"embeddable":true,"href":"https:\/\/ziolazycia.com\/nowa\/wp-json\/wp\/v2\/comments?post=7425"}],"wp:featuredmedia":[{"embeddable":true,"href":"https:\/\/ziolazycia.com\/nowa\/wp-json\/wp\/v2\/media\/9841"}],"wp:attachment":[{"href":"https:\/\/ziolazycia.com\/nowa\/wp-json\/wp\/v2\/media?parent=7425"}],"wp:term":[{"taxonomy":"product_brand","embeddable":true,"href":"https:\/\/ziolazycia.com\/nowa\/wp-json\/wp\/v2\/product_brand?post=7425"},{"taxonomy":"product_cat","embeddable":true,"href":"https:\/\/ziolazycia.com\/nowa\/wp-json\/wp\/v2\/product_cat?post=7425"},{"taxonomy":"product_tag","embeddable":true,"href":"https:\/\/ziolazycia.com\/nowa\/wp-json\/wp\/v2\/product_tag?post=7425"}],"curies":[{"name":"wp","href":"https:\/\/api.w.org\/{rel}","templated":true}]}}