{"id":7423,"date":"2024-02-14T17:23:54","date_gmt":"2024-02-14T16:23:54","guid":{"rendered":"https:\/\/ziolazycia.com\/nowa\/?post_type=product&#038;p=7423"},"modified":"2025-11-26T15:59:14","modified_gmt":"2025-11-26T14:59:14","slug":"szczoteczka-do-zebow-kol-zielony-nitrens","status":"publish","type":"product","link":"https:\/\/ziolazycia.com\/nowa\/product\/szczoteczka-do-zebow-kol-zielony-nitrens\/","title":{"rendered":"Antybakteryjna szczoteczka do z\u0119b\u00f3w Nitens Silver kol. zielony"},"content":{"rendered":"<div class=\"description tinymce_html col-xs-12 col-sm-9\">\n<p><strong>Szczoteczka Dentalcare NITENS Silver<\/strong> \u0142\u0105czy dobroczynne dzia\u0142anie srebra z systemem podw\u00f3jnego w\u0142osia i elastyczn\u0105 konstrukcja r\u0105czki. Antybakteryjna pow\u0142oka w\u0142osia zabija do 99% bakterii.<\/p>\n<p>Produkt polecany nosz\u0105cym aparat ortodontyczny, osobom z problemami dzi\u0105se\u0142 lub maj\u0105cym wra\u017cliwe z\u0119by.<\/p>\n<ul>\n<li>Pow\u0142oka w\u0142osia powstrzymuje rozw\u00f3j bakterii, zapobiega powstawaniu pr\u00f3chnicy z\u0119b\u00f3w i nie\u015bwie\u017cemu oddechowi.<\/li>\n<li>Szczoteczka NITENS Silver skutecznie czy\u015bci nie tylko \u0142atwo, ale i trudno dost\u0119pne miejsca dzi\u0119ki ma\u0142ej, elastycznej, zw\u0119\u017caj\u0105cej si\u0119 g\u0142\u00f3wce o op\u0142ywowym kszta\u0142cie.<\/li>\n<li>Podw\u00f3jna struktura w\u0142osia &#8211; g\u0142\u00f3wka szczoteczki sk\u0142ada si\u0119 z w\u0142osia o podw\u00f3jnej d\u0142ugo\u015bci: cienkiego d\u0142ugiego i normalnego w\u0142osia w optymalnych proporcjach. D\u0142ugie, cienkie w\u0142osie imituje czyszczenie nitk\u0105 z\u0119bow\u0105, usuwa resztki jedzenia ze szczelin mi\u0119dzyz\u0119bowych i na linii dzi\u0105se\u0142.<\/li>\n<\/ul>\n<p><img fetchpriority=\"high\" decoding=\"async\" src=\"https:\/\/sklep-stomatologiczny.eu\/uploads\/NITENS silver g\u0142owka antybakteryjnej szczoteczki do z\u0119b\u00f3w (facedental sklep-stomatologiczny.eu)_1.jpg?1697482643763\" alt=\"\" width=\"250\" height=\"317\" \/><\/p>\n<ul>\n<li>Zaokr\u0105glone ko\u0144c\u00f3wki w\u0142osia. Zosta\u0142o naukowo udowodnione, \u017ce zaokr\u0105glone ko\u0144c\u00f3wki w\u0142osia chroni\u0105 tkank\u0119 mi\u0119kk\u0105 jamy ustnej przed zadrapaniami i urazami. Ze wzgl\u0119du na to szczoteczki te s\u0105 ch\u0119tnie wybierane przez kupuj\u0105cych z wra\u017cliwymi dzi\u0105s\u0142ami i szkliwem z\u0119b\u00f3w.<\/li>\n<li>Ko\u0144ce w\u0142osia s\u0105 barwione. Gdy kolor w\u0142osia ca\u0142kowicie zniknie, nale\u017cy wymieni\u0107 szczoteczk\u0119 do z\u0119b\u00f3w na now\u0105.<\/li>\n<li>Producent, na podstawie wieloletniego do\u015bwiadczenia i licznych bada\u0144 klinicznych, dobra\u0142 ilo\u015b\u0107, g\u0119sto\u015b\u0107 i \u015brednic\u0119 w\u0142osia w taki spos\u00f3b, aby przed\u0142u\u017cy\u0107 \u017cywotno\u015b\u0107 szczoteczki do z\u0119b\u00f3w. Dzi\u0119ki temu szczoteczki do z\u0119b\u00f3w NITENS zachowuj\u0105 w\u0142a\u015bciwo\u015bci antybakteryjne nawet do 6 miesi\u0119cy.<\/li>\n<li>Elegancki uchwyt wykonany z biodegradowalnych \u017cywic jest nie tylko wygodny, ale i estetyczny w odbiorze.<\/li>\n<\/ul>\n<p><strong>Opakowanie<\/strong>: 1 szczoteczka NITENS Silver w kolorze zielonym.<\/p>\n<p><strong>Producent:<\/strong><br \/>\nDentalCare, Korea Po\u0142udniowa<\/p>\n<p>&nbsp;<\/p>\n<\/div>\n","protected":false},"excerpt":{"rendered":"<h2><strong>NITENS Silver<\/strong> &#8211; antybakteryjna szczoteczka do z\u0119b\u00f3w zawieraj\u0105ca niewielkie st\u0119\u017cenie jon\u00f3w srebra<\/h2>\n<p>Szczoteczka <strong>Dentalcare NITENS Silver<\/strong> \u0142\u0105czy dobroczynne dzia\u0142anie srebra z systemem podw\u00f3jnego w\u0142osia i elastyczn\u0105 konstrukcja r\u0105czki. Antybakteryjna pow\u0142oka w\u0142osia zabija do 99% bakterii.<\/p>\n","protected":false},"featured_media":9840,"comment_status":"open","ping_status":"closed","template":"","meta":[],"product_brand":[],"product_cat":[80],"product_tag":[],"class_list":{"0":"post-7423","1":"product","2":"type-product","3":"status-publish","4":"has-post-thumbnail","6":"product_cat-akcesoria","8":"first","9":"instock","10":"sale","11":"taxable","12":"shipping-taxable","13":"purchasable","14":"product-type-simple"},"_links":{"self":[{"href":"https:\/\/ziolazycia.com\/nowa\/wp-json\/wp\/v2\/product\/7423","targetHints":{"allow":["GET"]}}],"collection":[{"href":"https:\/\/ziolazycia.com\/nowa\/wp-json\/wp\/v2\/product"}],"about":[{"href":"https:\/\/ziolazycia.com\/nowa\/wp-json\/wp\/v2\/types\/product"}],"replies":[{"embeddable":true,"href":"https:\/\/ziolazycia.com\/nowa\/wp-json\/wp\/v2\/comments?post=7423"}],"wp:featuredmedia":[{"embeddable":true,"href":"https:\/\/ziolazycia.com\/nowa\/wp-json\/wp\/v2\/media\/9840"}],"wp:attachment":[{"href":"https:\/\/ziolazycia.com\/nowa\/wp-json\/wp\/v2\/media?parent=7423"}],"wp:term":[{"taxonomy":"product_brand","embeddable":true,"href":"https:\/\/ziolazycia.com\/nowa\/wp-json\/wp\/v2\/product_brand?post=7423"},{"taxonomy":"product_cat","embeddable":true,"href":"https:\/\/ziolazycia.com\/nowa\/wp-json\/wp\/v2\/product_cat?post=7423"},{"taxonomy":"product_tag","embeddable":true,"href":"https:\/\/ziolazycia.com\/nowa\/wp-json\/wp\/v2\/product_tag?post=7423"}],"curies":[{"name":"wp","href":"https:\/\/api.w.org\/{rel}","templated":true}]}}