{"id":7418,"date":"2024-02-14T17:21:28","date_gmt":"2024-02-14T16:21:28","guid":{"rendered":"https:\/\/ziolazycia.com\/nowa\/?post_type=product&#038;p=7418"},"modified":"2025-11-26T15:59:13","modified_gmt":"2025-11-26T14:59:13","slug":"szampon-nawilzajacy-w-kostce-60g-bethru","status":"publish","type":"product","link":"https:\/\/ziolazycia.com\/nowa\/product\/szampon-nawilzajacy-w-kostce-60g-bethru\/","title":{"rendered":"Szampon nawil\u017caj\u0105cy w kostce 60g Bethru"},"content":{"rendered":"<div id=\"tab1\" class=\"rte rte--expanded-images clearfix row tab-content tab-content--active product-description__no-expand\">\n<p>Oferuje przyjemne doznanie relaksu z orze\u017awiaj\u0105cym zapachem i delikatnie oczyszcza w\u0142osy, nie wysuszaj\u0105c ich. \u0141agodna formu\u0142a zawieraj\u0105ca olej migda\u0142owy sprawia, ze w\u0142osy s\u0105 wspaniale g\u0142adkie, od\u017cywione i zregenerowane.<br \/>\nIdealny do w\u0142os\u00f3w suchych.<\/p>\n<p><strong>Zapach:<\/strong> bardzo owocowy &#8211; grejpfrut, pomara\u0144cza, passiflora i malina.<\/p>\n<p><strong>Spos\u00f3b u\u017cycia<\/strong>: pocieraj zwil\u017con\u0105 kostk\u0119 d\u0142o\u0144mi, a\u017c do uzyskania g\u0119stej piany. Umyj ni\u0105 w\u0142osy, a nast\u0119pnie sp\u0142ucz. Mo\u017cesz te\u017c u\u017cy\u0107 zwil\u017conej kostki bezpo\u015brednio na mokre w\u0142osy.<br \/>\n<strong><br \/>\n<\/strong><b>Uwagi:<\/b> do przechowywania zalecamy u\u017cywanie naszych akcesori\u00f3w, takich jak uchwyt prysznicowy na kostk\u0119 lub podk\u0142adka na kostk\u0119 Luffa. Uchwyt prysznicowy na kostk\u0119 b\u0119dzie s\u0142u\u017cy\u0142 znacznie d\u0142u\u017cej, poniewa\u017c dzi\u0119ki temu kostka pozostanie sucha.<\/p>\n<p><strong>Sk\u0142adniki:<br \/>\nINCI<\/strong>: Sodium Coco Sulfate, Cetearyl Alkohol, Talc, Citric Acid, Glycerin, Olea Europaea Fruit Oil, Inulin, Parfum, Prunus Amygdalus Dulcis Oil, Theobroma Cacao Seed Butter, Tocopherol, Aloe Barbadensis Leaf Juice, Limonene.<\/p>\n<\/div>\n<p><strong>Podmiot odpowiedzialny:<\/strong><br \/>\nBethru Sp. z o.o.<br \/>\nul.Sportowa 20, 97- 410 Kleszcz\u00f3w<\/p>\n","protected":false},"excerpt":{"rendered":"<h2>Nawil\u017caj\u0105cy szampon z aloesem Bethru w kostce zapewnia intensywn\u0105 dawk\u0119 nawil\u017cenia bez obci\u0105\u017cania w\u0142os\u00f3w.<\/h2>\n<p>Przywraca<br \/>\nelastyczno\u015b\u0107 i zdrowy wygl\u0105d zniszczonym w\u0142osom<\/p>\n","protected":false},"featured_media":9837,"comment_status":"open","ping_status":"closed","template":"","meta":[],"product_brand":[],"product_cat":[82],"product_tag":[],"class_list":{"0":"post-7418","1":"product","2":"type-product","3":"status-publish","4":"has-post-thumbnail","6":"product_cat-kosmetyki-naturalne","8":"first","9":"outofstock","10":"sale","11":"taxable","12":"shipping-taxable","13":"purchasable","14":"product-type-simple"},"_links":{"self":[{"href":"https:\/\/ziolazycia.com\/nowa\/wp-json\/wp\/v2\/product\/7418","targetHints":{"allow":["GET"]}}],"collection":[{"href":"https:\/\/ziolazycia.com\/nowa\/wp-json\/wp\/v2\/product"}],"about":[{"href":"https:\/\/ziolazycia.com\/nowa\/wp-json\/wp\/v2\/types\/product"}],"replies":[{"embeddable":true,"href":"https:\/\/ziolazycia.com\/nowa\/wp-json\/wp\/v2\/comments?post=7418"}],"wp:featuredmedia":[{"embeddable":true,"href":"https:\/\/ziolazycia.com\/nowa\/wp-json\/wp\/v2\/media\/9837"}],"wp:attachment":[{"href":"https:\/\/ziolazycia.com\/nowa\/wp-json\/wp\/v2\/media?parent=7418"}],"wp:term":[{"taxonomy":"product_brand","embeddable":true,"href":"https:\/\/ziolazycia.com\/nowa\/wp-json\/wp\/v2\/product_brand?post=7418"},{"taxonomy":"product_cat","embeddable":true,"href":"https:\/\/ziolazycia.com\/nowa\/wp-json\/wp\/v2\/product_cat?post=7418"},{"taxonomy":"product_tag","embeddable":true,"href":"https:\/\/ziolazycia.com\/nowa\/wp-json\/wp\/v2\/product_tag?post=7418"}],"curies":[{"name":"wp","href":"https:\/\/api.w.org\/{rel}","templated":true}]}}