{"id":7416,"date":"2024-02-14T17:19:47","date_gmt":"2024-02-14T16:19:47","guid":{"rendered":"https:\/\/ziolazycia.com\/nowa\/?post_type=product&#038;p=7416"},"modified":"2025-11-26T15:59:13","modified_gmt":"2025-11-26T14:59:13","slug":"szalwia-biala-31-39gg-peczek","status":"publish","type":"product","link":"https:\/\/ziolazycia.com\/nowa\/product\/szalwia-biala-31-39gg-peczek\/","title":{"rendered":"Sza\u0142wia bia\u0142a 31-39g (p\u0119czek)"},"content":{"rendered":"<div class=\"response-container-content ng-tns-c185027224-25\">\n<div class=\"response-content ng-tns-c185027224-25 ng-animate-disabled\">\n<div class=\"markdown markdown-main-panel ui-v2-enabled\" dir=\"ltr\">\n<p data-sourcepos=\"3:1-3:59\">Bia\u0142a sza\u0142wia to krzew, kt\u00f3ry dorasta do 1 metra wysoko\u015bci. Jego li\u015bcie s\u0105 owalne i szarozielone, pokryte delikatnymi w\u0142oskami. Kwiaty s\u0105 ma\u0142e i bia\u0142e.<\/p>\n<p data-sourcepos=\"5:1-5:22\">Li\u015bcie i kwiaty bia\u0142ej sza\u0142wii s\u0105 suszone i u\u017cywane do okadzania. Dym z bia\u0142ej sza\u0142wii ma ostry, gorzki zapach, o kt\u00f3rym m\u00f3wi si\u0119, \u017ce oczyszcza negatywn\u0105 energi\u0119.<\/p>\n<p data-sourcepos=\"7:1-7:253\">Bia\u0142a sza\u0142wia jest powszechnie stosowana do okadzania pomieszcze\u0144, przedmiot\u00f3w i ludzi ze wzgl\u0119du na przypisywane jej w\u0142a\u015bciwo\u015bci oczyszczaj\u0105ce. Bia\u0142a sza\u0142wia jest r\u00f3wnie\u017c u\u017cywana jako remedium umo\u017cliwiaj\u0105ce osi\u0105gni\u0119cie r\u00f3wnowagi duchowej, spokoju relaksu oraz zmniejszanie stresu.<\/p>\n<p data-sourcepos=\"15:1-15:191\">Nale\u017cy pami\u0119ta\u0107, \u017ce dym z bia\u0142ej sza\u0142wii mo\u017ce by\u0107 szkodliwy dla zdrowia. Je\u015bli masz problemy z oddychaniem, wa\u017cne jest, aby u\u017cycie bia\u0142ej sza\u0142wii skonsultowa\u0107 z lekarzem.<\/p>\n<p data-sourcepos=\"24:1-24:30\">Oto jak okadza\u0107 bia\u0142\u0105 sza\u0142wi\u0105:<\/p>\n<ol data-sourcepos=\"26:1-30:68\">\n<li data-sourcepos=\"26:1-26:35\">Otw\u00f3rz okno, aby dym m\u00f3g\u0142 uciec.<\/li>\n<li data-sourcepos=\"27:1-27:62\">Zapal koniec p\u0119czka bia\u0142ej sza\u0142wii zapa\u0142k\u0105 lub zapalniczk\u0105.<\/li>\n<li data-sourcepos=\"28:1-28:77\">Pozw\u00f3l sza\u0142wii si\u0119 tli\u0107 przez kilka sekund, a nast\u0119pnie zdmuchnij p\u0142omie\u0144.<\/li>\n<li data-sourcepos=\"29:1-29:64\">Okadzaj siebie, innych lub przedmioty dymem z bia\u0142ej sza\u0142wii.<\/li>\n<li data-sourcepos=\"30:1-30:68\">Gdy sko\u0144czysz, pozw\u00f3l sza\u0142wii wypali\u0107 si\u0119 lub zanurz j\u0105 w wodzie celem dogaszenia.<\/li>\n<\/ol>\n<\/div>\n<div class=\"response-footer gap complete\">\n<div class=\"sources-list-container\">Podczas okadzania bia\u0142\u0105 sza\u0142wi\u0105 nale\u017cy zachowa\u0107 wszelkie niezb\u0119dne \u015brodki ostro\u017cno\u015bci.<\/div>\n<\/div>\n<\/div>\n<\/div>\n","protected":false},"excerpt":{"rendered":"<p><strong>Bia\u0142a sza\u0142wia (Salvia apiana)<\/strong> to ro\u015blina pochodz\u0105ca z Kalifornii i Meksyku. Od wiek\u00f3w jest u\u017cywana przez rdzennych mieszka\u0144c\u00f3w Ameryki do ceremonii oczyszczaj\u0105cych.<\/p>\n","protected":false},"featured_media":9836,"comment_status":"open","ping_status":"closed","template":"","meta":[],"product_brand":[],"product_cat":[79],"product_tag":[],"class_list":{"0":"post-7416","1":"product","2":"type-product","3":"status-publish","4":"has-post-thumbnail","6":"product_cat-ziola-i-herbatki-ziolowe","8":"first","9":"instock","10":"sale","11":"taxable","12":"shipping-taxable","13":"purchasable","14":"product-type-simple"},"_links":{"self":[{"href":"https:\/\/ziolazycia.com\/nowa\/wp-json\/wp\/v2\/product\/7416","targetHints":{"allow":["GET"]}}],"collection":[{"href":"https:\/\/ziolazycia.com\/nowa\/wp-json\/wp\/v2\/product"}],"about":[{"href":"https:\/\/ziolazycia.com\/nowa\/wp-json\/wp\/v2\/types\/product"}],"replies":[{"embeddable":true,"href":"https:\/\/ziolazycia.com\/nowa\/wp-json\/wp\/v2\/comments?post=7416"}],"wp:featuredmedia":[{"embeddable":true,"href":"https:\/\/ziolazycia.com\/nowa\/wp-json\/wp\/v2\/media\/9836"}],"wp:attachment":[{"href":"https:\/\/ziolazycia.com\/nowa\/wp-json\/wp\/v2\/media?parent=7416"}],"wp:term":[{"taxonomy":"product_brand","embeddable":true,"href":"https:\/\/ziolazycia.com\/nowa\/wp-json\/wp\/v2\/product_brand?post=7416"},{"taxonomy":"product_cat","embeddable":true,"href":"https:\/\/ziolazycia.com\/nowa\/wp-json\/wp\/v2\/product_cat?post=7416"},{"taxonomy":"product_tag","embeddable":true,"href":"https:\/\/ziolazycia.com\/nowa\/wp-json\/wp\/v2\/product_tag?post=7416"}],"curies":[{"name":"wp","href":"https:\/\/api.w.org\/{rel}","templated":true}]}}