{"id":741,"date":"2022-11-25T08:46:44","date_gmt":"2022-11-25T07:46:44","guid":{"rendered":"https:\/\/ziolazycia.com\/nowa\/?post_type=product&#038;p=741"},"modified":"2025-11-26T15:58:15","modified_gmt":"2025-11-26T14:58:15","slug":"serum-do-ciala-dottera-yarrow-pom-odnowa-ciala","status":"publish","type":"product","link":"https:\/\/ziolazycia.com\/nowa\/product\/serum-do-ciala-dottera-yarrow-pom-odnowa-ciala\/","title":{"rendered":"doTERRA Serum regeneruj\u0105ce do cia\u0142a Yarrow|Pom (Odnowa Cia\u0142a) 100 ml"},"content":{"rendered":"<div class=\"_5pbx userContent _3576\" data-testid=\"post_message\" data-ft=\"{&quot;tn&quot;:&quot;K&quot;}\">\n<div class=\"text_exposed_root text_exposed\">\n<h2>Spos\u00f3b u\u017cycia serum regeneruj\u0105cego do cia\u0142a doTERRA Yarrow|Pom:<strong><br \/>\n<\/strong><\/h2>\n<p>Nak\u0142adaj cienk\u0105 warstw\u0119 na cia\u0142o dwa razy dziennie. Wmasuj delikatnie do wch\u0142oni\u0119cia. Przed u\u017cyciem wstrz\u0105sn\u0105\u0107. Przechowuj w temperaturze pokojowej.<\/p>\n<h2>G\u0142\u00f3wne sk\u0142adniki Serum regeneruj\u0105cego do cia\u0142a doTERRA Yarrow|Pom i ich w\u0142a\u015bciwo\u015bci:<strong><br \/>\n<\/strong><\/h2>\n<ul>\n<li>Olejek eteryczny z krwawnika sprzyja zachowaniu m\u0142odego i zdrowego wygl\u0105du sk\u00f3ry.<\/li>\n<li>Oleje z jojoby, s\u0142onecznika, awokado, pestek winogron i arganowy poprawiaj\u0105 nawil\u017cenie sk\u00f3ry.<\/li>\n<li>Wyci\u0105g z ziaren kawy jest \u015brodkiem piel\u0119gnuj\u0105cym sk\u00f3r\u0119 i pomaga zwi\u0119kszy\u0107 jej g\u0142adko\u015b\u0107.<\/li>\n<li>Serum regeneruj\u0105ce do cia\u0142a Yarrow|Pom jest wype\u0142nione silnymi bioaktywnymi sk\u0142adnikami i proteinami chroni\u0105cymi sk\u00f3r\u0119.<\/li>\n<\/ul>\n<p><strong>Sk\u0142adniki:<\/strong> Olejek z nasion Simmondsia chinensis (jojoba), olej z pestek Punica granatum (granat), olejek z nasion Helianthus annuus (s\u0142onecznik), olejek z Persea gratissima (awokado), olej z pestek Vitis vinifera (winogrono), krzemionka, estry hydroksyfenyloetylowe, olej z nasion Punica granatu, olej z nasion Argania spinosa (argania), wyci\u0105g z ziaren Coffea arabica (kawa), olej ze sk\u00f3rki owoc\u00f3w Citrus junos (yuzu), olejek z Achillea millefolium (krwawnik), tokoferol olejek z kwiat\u00f3w\/ li\u015bci\/\u0142odygi Anthemis nobilis (rumianek rzymski), olejek z Mentha piperita (mi\u0119ta pieprzowa), olejek z kwiat\u00f3w Cananga odorata, limonen.<\/p>\n<p><strong>\u015arodki ostro\u017cno\u015bci:<\/strong> <strong>Wy\u0142\u0105cznie do u\u017cytku zewn\u0119trznego<\/strong>. Przechowywa\u0107 poza zasi\u0119giem dzieci. Nie stosowa\u0107 na uszkodzon\u0105 lub podra\u017cnion\u0105 sk\u00f3r\u0119. W przypadku wyst\u0105pienia podra\u017cnienia lub zaczerwienienia nale\u017cy przerwa\u0107 stosowanie. Mo\u017ce plami\u0107 powierzchnie i ubrania.<\/p>\n<\/div>\n<p><strong>Pojemno\u015b\u0107: <\/strong>100 ml<\/p>\n<p><strong>UWAGA:<\/strong><\/p>\n<div class=\"text_exposed_root text_exposed\">\n<div id=\"box_description\" class=\"box tab\">\n<div class=\"innerbox\">\n<div class=\"resetcss\">\n<p><span style=\"font-size: 8pt;\">Opis i w\u0142a\u015bciwo\u015bci olejk\u00f3w opisane na stronie maj\u0105 wy\u0142\u0105cznie charakter informacyjny. W razie choroby lub problem\u00f3w ze zdrowiem skontaktuj si\u0119 z lekarzem i zastosuj si\u0119 do jego zalece\u0144 i wskaz\u00f3wek. W \u017cadnym wypadku kuracje olejkami nie zast\u0119puj\u0105 leczenia prowadzonego przez lekarza. Olejki nie s\u0105 lekami, suplementami diety ani \u017cywno\u015bci\u0105 specjalnego przeznaczenia! Zastosowanie produkt\u00f3w, olejk\u00f3w le\u017c\u0105 wy\u0142\u0105cznie w gestii, inwencji kupuj\u0105cego. Olejki doTERRA posiadaj\u0105 certyfikat doTERRA CPTG Certified Pure Tested Grade\u00ae. Olejki te s\u0105 czystymi, naturalnymi aromatycznymi zwi\u0105zkami starannie wyekstrahowanymi z ro\u015blin. Nie zawieraj\u0105 sztucznych sk\u0142adnik\u00f3w ani wype\u0142niaczy, kt\u00f3re os\u0142abi\u0142yby ich czynne w\u0142a\u015bciwo\u015bci oraz nie zawieraj\u0105 zanieczyszcze\u0144 i innych pozosta\u0142o\u015bci chemicznych. Certyfikat ten oznacza, \u017ce olejek zosta\u0142 poddany rygorystycznym procesom testowym, kt\u00f3re oceniaj\u0105 czysto\u015b\u0107 i moc olejk\u00f3w eterycznych. Je\u015bli oleje zostan\u0105 przetestowane w systemie CPTG i oka\u017c\u0105 si\u0119 czyste i mocne, s\u0105 one nast\u0119pnie sprzedawane jako pojedyncze oleje lub stosowane w mieszankach olejk\u00f3w eterycznych, takich jak mieszanka doTERRA Purify.<\/span><\/p>\n<p><strong>Producent:<\/strong> doTERRA.<\/p>\n<\/div>\n<\/div>\n<\/div>\n<\/div>\n<\/div>\n","protected":false},"excerpt":{"rendered":"<p>Serum regeneruj\u0105ce do cia\u0142a Yarrow|Pom to luksusowe, jedwabiste serum wype\u0142nione silnymi bioaktywnymi zwi\u0105zkami i proteinami chroni\u0105cymi sk\u00f3r\u0119, kt\u00f3re zapewniaj\u0105 jej najlepsz\u0105 piel\u0119gnacj\u0119 i wygl\u0105d. Olejek eteryczny z krwawnika i t\u0142oczony na zimno olejek z nasion granatu dzia\u0142aj\u0105 razem dla uzyskania m\u0142odszego wygl\u0105du sk\u00f3ry. Pozosta\u0142e olejki eteryczne CPTG\u2122 z rumianku rzymskiego, yuzu, mi\u0119ty pieprzowej i jagodlinu \u0142agodz\u0105 sk\u00f3r\u0119 i wprawiaj\u0105 w pozytywny, odpr\u0119\u017cony nastr\u00f3j. Oleje z jojoby, s\u0142onecznika, winogron i arganowy zapewniaj\u0105 g\u0142\u0119bokie nawil\u017cenie. Wyci\u0105g z ziaren kawy i estry granat\u00f3w przyczyniaj\u0105 si\u0119 do roz\u015bwietlenia sk\u00f3ry i poprawy jej wygl\u0105du, zapewniaj\u0105c intensywny blask od st\u00f3p do g\u0142\u00f3w.<\/p>\n","protected":false},"featured_media":9367,"comment_status":"closed","ping_status":"closed","template":"","meta":[],"product_brand":[],"product_cat":[67,119],"product_tag":[],"class_list":{"0":"post-741","1":"product","2":"type-product","3":"status-publish","4":"has-post-thumbnail","6":"product_cat-produkty-doterra","7":"product_cat-doterra-produkty","9":"first","10":"instock","11":"taxable","12":"shipping-taxable","13":"purchasable","14":"product-type-simple"},"_links":{"self":[{"href":"https:\/\/ziolazycia.com\/nowa\/wp-json\/wp\/v2\/product\/741","targetHints":{"allow":["GET"]}}],"collection":[{"href":"https:\/\/ziolazycia.com\/nowa\/wp-json\/wp\/v2\/product"}],"about":[{"href":"https:\/\/ziolazycia.com\/nowa\/wp-json\/wp\/v2\/types\/product"}],"replies":[{"embeddable":true,"href":"https:\/\/ziolazycia.com\/nowa\/wp-json\/wp\/v2\/comments?post=741"}],"wp:featuredmedia":[{"embeddable":true,"href":"https:\/\/ziolazycia.com\/nowa\/wp-json\/wp\/v2\/media\/9367"}],"wp:attachment":[{"href":"https:\/\/ziolazycia.com\/nowa\/wp-json\/wp\/v2\/media?parent=741"}],"wp:term":[{"taxonomy":"product_brand","embeddable":true,"href":"https:\/\/ziolazycia.com\/nowa\/wp-json\/wp\/v2\/product_brand?post=741"},{"taxonomy":"product_cat","embeddable":true,"href":"https:\/\/ziolazycia.com\/nowa\/wp-json\/wp\/v2\/product_cat?post=741"},{"taxonomy":"product_tag","embeddable":true,"href":"https:\/\/ziolazycia.com\/nowa\/wp-json\/wp\/v2\/product_tag?post=741"}],"curies":[{"name":"wp","href":"https:\/\/api.w.org\/{rel}","templated":true}]}}