{"id":7406,"date":"2024-02-14T17:12:16","date_gmt":"2024-02-14T16:12:16","guid":{"rendered":"https:\/\/ziolazycia.com\/nowa\/?post_type=product&#038;p=7406"},"modified":"2025-11-26T15:59:12","modified_gmt":"2025-11-26T14:59:12","slug":"szampon-moc-7-ziol-beaute-marrakech","status":"publish","type":"product","link":"https:\/\/ziolazycia.com\/nowa\/product\/szampon-moc-7-ziol-beaute-marrakech\/","title":{"rendered":"Normalizuj\u0105cy szampon do w\u0142os\u00f3w Moc 7 zi\u00f3\u0142 (Shampoo Power of 7 Herbs) 250 ml Beaute Marrakech"},"content":{"rendered":"<div class=\"con1 content\">\n<div><strong>SZAMPON\u00a0 ZIO\u0141OWY do w\u0142os\u00f3w przet\u0142uszczaj\u0105cych si\u0119 i wzmacniaj\u0105cy cebulki w\u0142os\u00f3w<br \/>\nz tymiankiem, rozmarynem i sza\u0142wi\u0105. <\/strong><\/p>\n<p>Delikatny szampon wzbogacony wyci\u0105giem z zi\u00f3\u0142. Obecna w szamponie sza\u0142wia dzia\u0142a od\u015bwie\u017caj\u0105co oraz odka\u017caj\u0105co na sk\u00f3r\u0119 g\u0142owy jednocze\u015bnie zapobiegaj\u0105c podra\u017cnieniom. <strong>Rozmaryn<\/strong> wzmacnia w\u0142osy, wyg\u0142adza je oraz poprawia kr\u0105\u017cenie zapobiegaj\u0105c tym samym ich nadmiernemu wypadaniu. <strong>Tymianek<\/strong> wspomaga walk\u0119 z nadmiernym przet\u0142uszczaniem si\u0119 w\u0142os\u00f3w, a tak\u017ce posiada w\u0142a\u015bciwo\u015bci przeciw\u0142upie\u017cowe.<br \/>\nSzampon u\u0142atwia w\u0142a\u015bciw\u0105 piel\u0119gnacj\u0119 w\u0142os\u00f3w, przywraca im r\u00f3wnowag\u0119 oraz zmi\u0119kcza. Dog\u0142\u0119bnie wzmacnia w\u0142osy od nasady, wspomaga ich porost (dzi\u0119ki w\u0142a\u015bciwo\u015bciom tonizuj\u0105cym regeneruj\u0105cym rozmarynu). Szampon polecany dla m\u0119\u017cczyzn, szczeg\u00f3lnie przeciw \u0142ysieniu, wypadaniu w\u0142os\u00f3w.<br \/>\nOdpowiedni do codziennego stosowania. Bez sztucznych substancji zapachowych i barwnik\u00f3w. Nie zawiera SLES, SLS.<\/div>\n<div><\/div>\n<div><strong>Sk\u0142adniki:<\/strong><br \/>\nINCI: Aqua, Sodium Coco Sulfate, Coco Sulfate, Cocamidopropyl Betaine, Salvia Officinalis Leaf Extract, Polyquaternium-7, Glycerine, Disodium EDTA, Potasium Sorbate, Rosmarinus Officinalis Leaf Oil, Thymus Vulgaris Flower\/Leaf Extract, Sodium Benzoate, Sodium Chloride, Benzyl Alcohol.<\/div>\n<\/div>\n<div><\/div>\n<div><strong>Pojemno\u015b\u0107<\/strong>: 250 ml<\/div>\n<div><\/div>\n<div><strong>Podmiot odpowiedzialny:<\/strong><\/div>\n<div>Maroko Sklep<br \/>\nul. Je\u017cynowa 1<br \/>\n62-002 Suchy Las k\/Poznania<\/div>\n<div><\/div>\n","protected":false},"excerpt":{"rendered":"<p>SZAMPON\u00a0 ZIO\u0141OWY do w\u0142os\u00f3w przet\u0142uszczaj\u0105cych si\u0119 i wzmacniaj\u0105cy cebulki w\u0142os\u00f3w z tymiankiem, rozmarynem i sza\u0142wi\u0105. Delikatny szampon wzbogacony wyci\u0105giem z zi\u00f3\u0142. Obecna w szamponie sza\u0142wia dzia\u0142a od\u015bwie\u017caj\u0105co oraz odka\u017caj\u0105co na sk\u00f3r\u0119 g\u0142owy jednocze\u015bnie zapobiegaj\u0105c podra\u017cnieniom. Rozmaryn wzmacnia w\u0142osy, wyg\u0142adza je oraz poprawia kr\u0105\u017cenie zapobiegaj\u0105c tym samym ich nadmiernemu wypadaniu. Tymianek wspomaga walk\u0119 z nadmiernym przet\u0142uszczaniem [&hellip;]<\/p>\n","protected":false},"featured_media":9834,"comment_status":"open","ping_status":"closed","template":"","meta":[],"product_brand":[],"product_cat":[82],"product_tag":[],"class_list":{"0":"post-7406","1":"product","2":"type-product","3":"status-publish","4":"has-post-thumbnail","6":"product_cat-kosmetyki-naturalne","8":"first","9":"instock","10":"sale","11":"taxable","12":"shipping-taxable","13":"purchasable","14":"product-type-simple"},"_links":{"self":[{"href":"https:\/\/ziolazycia.com\/nowa\/wp-json\/wp\/v2\/product\/7406","targetHints":{"allow":["GET"]}}],"collection":[{"href":"https:\/\/ziolazycia.com\/nowa\/wp-json\/wp\/v2\/product"}],"about":[{"href":"https:\/\/ziolazycia.com\/nowa\/wp-json\/wp\/v2\/types\/product"}],"replies":[{"embeddable":true,"href":"https:\/\/ziolazycia.com\/nowa\/wp-json\/wp\/v2\/comments?post=7406"}],"wp:featuredmedia":[{"embeddable":true,"href":"https:\/\/ziolazycia.com\/nowa\/wp-json\/wp\/v2\/media\/9834"}],"wp:attachment":[{"href":"https:\/\/ziolazycia.com\/nowa\/wp-json\/wp\/v2\/media?parent=7406"}],"wp:term":[{"taxonomy":"product_brand","embeddable":true,"href":"https:\/\/ziolazycia.com\/nowa\/wp-json\/wp\/v2\/product_brand?post=7406"},{"taxonomy":"product_cat","embeddable":true,"href":"https:\/\/ziolazycia.com\/nowa\/wp-json\/wp\/v2\/product_cat?post=7406"},{"taxonomy":"product_tag","embeddable":true,"href":"https:\/\/ziolazycia.com\/nowa\/wp-json\/wp\/v2\/product_tag?post=7406"}],"curies":[{"name":"wp","href":"https:\/\/api.w.org\/{rel}","templated":true}]}}