{"id":7402,"date":"2024-02-14T17:09:18","date_gmt":"2024-02-14T16:09:18","guid":{"rendered":"https:\/\/ziolazycia.com\/nowa\/?post_type=product&#038;p=7402"},"modified":"2025-11-26T15:59:12","modified_gmt":"2025-11-26T14:59:12","slug":"reishi-puder-100g","status":"publish","type":"product","link":"https:\/\/ziolazycia.com\/nowa\/product\/reishi-puder-100g\/","title":{"rendered":"BIO Reishi w proszku 100g"},"content":{"rendered":"<p>W czo\u0142\u00f3wce przedmiot\u00f3w bada\u0144 naukowych znalaz\u0142y si\u0119 g\u0142\u00f3wnie skoncentrowane ilo\u015bci polisacharyd\u00f3w i przeciwutleniacze zawarte w Reishi.<\/p>\n<p>Grzyb Reishi jest jednym z najstarszych i najlepiej poznanych naturalnych \u015brodk\u00f3w odm\u0142adzaj\u0105cych i witalizuj\u0105cych, wspomagaj\u0105cych w stanach zm\u0119czenia fizycznego i umys\u0142owego. Jego dobroczynne dzia\u0142anie na organizm cz\u0142owieka wykorzystywane jest w Tradycyjnej Medycynie Chi\u0144skiej ju\u017c od ponad 4000 lat<strong>.<\/strong><\/p>\n<p><strong>Zawarto\u015b\u0107 opakowania<\/strong>:\u00a0100g proszek<\/p>\n<p><strong>Dzienne spo\u017cycie<\/strong>:\u00a02g<\/p>\n<p><strong>Sk\u0142adniki:<\/strong> 100 g BIO proszku z owocnik\u00f3w Ganoderma lucidum (biomasa\/powder). Proszek zawiera oko\u0142o 0,5 &#8211; 3% polisacharyd\u00f3w.<\/p>\n<p><strong>BIO Reishi w proszku 100g &#8211; spos\u00f3b u\u017cycia:<\/strong><\/p>\n<p>1 &#8211; 3 g dziennie, co najmniej p\u00f3\u0142 godziny przed posi\u0142kiem, wymiesza\u0107 z oko\u0142o 10 ml wody i wypi\u0107 (1 r\u00f3wna \u0142y\u017ceczka = 2 g proszku)<\/p>\n<p>Stosowa\u0107 w systemie 5\/2<\/p>\n<p>Podczas stosowania grzyb\u00f3w leczniczych zaleca si\u0119 zwi\u0119kszenie spo\u017cycia witaminy C, kt\u00f3ra zwi\u0119ksza wch\u0142anianie substancji czynnych zawartych w Cordycepsie.<\/p>\n<p><strong>Ostrze\u017cenie:<\/strong> Produkt nie jest przeznaczony dla dzieci poni\u017cej 3 lat, dla kobiet w ci\u0105\u017cy i karmi\u0105cych piersi\u0105.<\/p>\n<p>Nie przekracza\u0107 zalecanej porcji do spo\u017cycia w ci\u0105gu dnia. Produkt nie mo\u017ce by\u0107 stosowany jako substytut zr\u00f3\u017cnicowanej diety. Wa\u017cne jest stosowanie zr\u00f3\u017cnicowanej i zbilansowanej diety oraz prowadzenie zdrowego trybu \u017cycia.<\/p>\n<p><strong>Przechowywanie:<\/strong><br \/>\nPo otwarciu przechowywa\u0107 w suchym i ciemnym miejscu, z dala od ma\u0142ych dzieci.<\/p>\n<p><strong>Producent:<\/strong><br \/>\nTCM Brand Sp. z\u00a0o. o<br \/>\nul. Winnicka 52<br \/>\n30-394 Krak\u00f3w<\/p>\n<p>&nbsp;<\/p>\n","protected":false},"excerpt":{"rendered":"<p><strong>Suplement diety<\/strong><\/p>\n<p>G\u0142\u00f3wnym sk\u0142adnikiem suplementu diety <strong>BIO Reishi w proszku 100g<\/strong> jest Reishi (Lakownica \u017c\u00f3\u0142tawa Ganoderma lucidum) lub inaczej \u201eGrzyb nie\u015bmiertelno\u015bci\u201c. Zawiera on ogromn\u0105 ilo\u015b\u0107 substancji bioaktywnych, kt\u00f3rych pozytywny wp\u0142yw na zdrowie cz\u0142owieka zosta\u0142 udokumentowany naukowo.<\/p>\n","protected":false},"featured_media":9832,"comment_status":"open","ping_status":"closed","template":"","meta":[],"product_brand":[87],"product_cat":[72],"product_tag":[],"class_list":{"0":"post-7402","1":"product","2":"type-product","3":"status-publish","4":"has-post-thumbnail","6":"product_brand-mycomedica","7":"product_cat-suplementy-diety","9":"first","10":"instock","11":"sale","12":"featured","13":"taxable","14":"shipping-taxable","15":"purchasable","16":"product-type-simple"},"_links":{"self":[{"href":"https:\/\/ziolazycia.com\/nowa\/wp-json\/wp\/v2\/product\/7402","targetHints":{"allow":["GET"]}}],"collection":[{"href":"https:\/\/ziolazycia.com\/nowa\/wp-json\/wp\/v2\/product"}],"about":[{"href":"https:\/\/ziolazycia.com\/nowa\/wp-json\/wp\/v2\/types\/product"}],"replies":[{"embeddable":true,"href":"https:\/\/ziolazycia.com\/nowa\/wp-json\/wp\/v2\/comments?post=7402"}],"wp:featuredmedia":[{"embeddable":true,"href":"https:\/\/ziolazycia.com\/nowa\/wp-json\/wp\/v2\/media\/9832"}],"wp:attachment":[{"href":"https:\/\/ziolazycia.com\/nowa\/wp-json\/wp\/v2\/media?parent=7402"}],"wp:term":[{"taxonomy":"product_brand","embeddable":true,"href":"https:\/\/ziolazycia.com\/nowa\/wp-json\/wp\/v2\/product_brand?post=7402"},{"taxonomy":"product_cat","embeddable":true,"href":"https:\/\/ziolazycia.com\/nowa\/wp-json\/wp\/v2\/product_cat?post=7402"},{"taxonomy":"product_tag","embeddable":true,"href":"https:\/\/ziolazycia.com\/nowa\/wp-json\/wp\/v2\/product_tag?post=7402"}],"curies":[{"name":"wp","href":"https:\/\/api.w.org\/{rel}","templated":true}]}}