{"id":7392,"date":"2024-02-14T17:03:19","date_gmt":"2024-02-14T16:03:19","guid":{"rendered":"https:\/\/ziolazycia.com\/nowa\/?post_type=product&#038;p=7392"},"modified":"2025-11-26T15:59:12","modified_gmt":"2025-11-26T14:59:12","slug":"plyn-odstraszajacy-komary-i-kleszcze-200ml-dr-beta","status":"publish","type":"product","link":"https:\/\/ziolazycia.com\/nowa\/product\/plyn-odstraszajacy-komary-i-kleszcze-200ml-dr-beta\/","title":{"rendered":"P\u0142yn odstraszaj\u0105cy komary i kleszcze 200ml Dr Beta"},"content":{"rendered":"<div id=\"opis\" class=\"product-tab-pane tab-pane active\">\n<div class=\"product-description cms-content\">\n<p><strong>W\u0142a\u015bciwo\u015bci i dzia\u0142anie:<\/strong><\/p>\n<ul>\n<li>Okres dzia\u0142ania odstraszaj\u0105cego komary i kleszcze &#8211; do 6 godzin od momentu zaaplikowania.<\/li>\n<li>Odstrasza komary i kleszcze, zapobiega uk\u0105szeniom nara\u017conych cz\u0119\u015bci cia\u0142a u ludzi oraz zapewnia ochron\u0119 zwierz\u0119tom domowym i gospodarskim.<\/li>\n<\/ul>\n<p><strong>Zastosowanie:<\/strong><br \/>\nPreparat w postaci gotowego do u\u017cycia p\u0142ynu przeznaczony do stosowania na sk\u00f3r\u0119 ludzi oraz na sier\u015b\u0107 zwierz\u0105t domowych i gospodarskich.<\/p>\n<p><strong>Spos\u00f3b u\u017cycia: <\/strong>wed\u0142ug potrzeb.<\/p>\n<p><strong>Pojemno\u015b\u0107: <\/strong>200ml<\/p>\n<div>\n<p><strong>Wa\u017cne informacje:<\/strong><br \/>\nProdukt biob\u00f3jczy. <strong>Numer pozwolenia MZ: 3008\/06<\/strong>.<br \/>\nProdukt\u00f3w biob\u00f3jczych nale\u017cy u\u017cywa\u0107 z zachowaniem w\u0142a\u015bciwych \u015brodk\u00f3w ostro\u017cno\u015bci. Przed ka\u017cdym u\u017cyciem nale\u017cy przeczyta\u0107 etykiet\u0119 i informacje dotycz\u0105ce produktu.<\/p>\n<p><strong>Producent:<\/strong><br \/>\nPOLLENA AROMA<br \/>\n05-100 Nowy Dw\u00f3r Mazowiecki<br \/>\nUl. Przemys\u0142owa 14<\/p>\n<\/div>\n<\/div>\n<\/div>\n","protected":false},"excerpt":{"rendered":"<h2>P\u0142yn w sprayu odstraszaj\u0105cy komary i kleszcze.<\/h2>\n<p>Zawiera specjalnie dobran\u0105 mieszank\u0119 olejk\u00f3w eterycznych o w\u0142a\u015bciwo\u015bciach odstraszaj\u0105cych komary i kleszcze.<\/p>\n<p><strong>Sk\u0142adniki: <\/strong>Olejek cedrowy, lawendowy, eukaliptusowy, mi\u0119ty pieprzowej, etanol.<\/p>\n","protected":false},"featured_media":9830,"comment_status":"open","ping_status":"closed","template":"","meta":[],"product_brand":[],"product_cat":[82],"product_tag":[],"class_list":{"0":"post-7392","1":"product","2":"type-product","3":"status-publish","4":"has-post-thumbnail","6":"product_cat-kosmetyki-naturalne","8":"first","9":"outofstock","10":"taxable","11":"shipping-taxable","12":"product-type-simple"},"_links":{"self":[{"href":"https:\/\/ziolazycia.com\/nowa\/wp-json\/wp\/v2\/product\/7392","targetHints":{"allow":["GET"]}}],"collection":[{"href":"https:\/\/ziolazycia.com\/nowa\/wp-json\/wp\/v2\/product"}],"about":[{"href":"https:\/\/ziolazycia.com\/nowa\/wp-json\/wp\/v2\/types\/product"}],"replies":[{"embeddable":true,"href":"https:\/\/ziolazycia.com\/nowa\/wp-json\/wp\/v2\/comments?post=7392"}],"wp:featuredmedia":[{"embeddable":true,"href":"https:\/\/ziolazycia.com\/nowa\/wp-json\/wp\/v2\/media\/9830"}],"wp:attachment":[{"href":"https:\/\/ziolazycia.com\/nowa\/wp-json\/wp\/v2\/media?parent=7392"}],"wp:term":[{"taxonomy":"product_brand","embeddable":true,"href":"https:\/\/ziolazycia.com\/nowa\/wp-json\/wp\/v2\/product_brand?post=7392"},{"taxonomy":"product_cat","embeddable":true,"href":"https:\/\/ziolazycia.com\/nowa\/wp-json\/wp\/v2\/product_cat?post=7392"},{"taxonomy":"product_tag","embeddable":true,"href":"https:\/\/ziolazycia.com\/nowa\/wp-json\/wp\/v2\/product_tag?post=7392"}],"curies":[{"name":"wp","href":"https:\/\/api.w.org\/{rel}","templated":true}]}}