{"id":739,"date":"2022-11-25T08:44:48","date_gmt":"2022-11-25T07:44:48","guid":{"rendered":"https:\/\/ziolazycia.com\/nowa\/?post_type=product&#038;p=739"},"modified":"2025-11-26T15:58:15","modified_gmt":"2025-11-26T14:58:15","slug":"mieszanka-olejkow-eterycznych-doterra-salubelle-beauty-blend-10-ml","status":"publish","type":"product","link":"https:\/\/ziolazycia.com\/nowa\/product\/mieszanka-olejkow-eterycznych-doterra-salubelle-beauty-blend-10-ml\/","title":{"rendered":"doTERRA Mieszanka olejk\u00f3w eterycznych SALUBELLE BEAUTY BLEND\u00a0(Na Zmarszczki) roll-on 10 ml\u00a0 \u00a0"},"content":{"rendered":"<div class=\"_5pbx userContent _3576\" data-testid=\"post_message\" data-ft=\"{&quot;tn&quot;:&quot;K&quot;}\">\n<div class=\"text_exposed_root text_exposed\">\n<h2>Zastosowania mieszanki doTERRA Salubelle Beaty Blend:<\/h2>\n<div class=\"product-uses__block-list\">\n<ul class=\"custom-list\">\n<li>Wetrzyj mieszkank\u0119 Salubelle pod pachami przed treningiem lub aktywno\u015bci\u0105 na \u015bwie\u017cym powietrzu.<\/li>\n<li>Stosuj mieszank\u0119 Salubelle miejscowo, jako oczyszczaj\u0105c\u0105 i wyg\u0142adzaj\u0105c\u0105 baz\u0119 przed nawil\u017caniem.<\/li>\n<li>Na\u0142\u00f3\u017c cienk\u0105 warstw\u0119 Salubelle na twarz, szyj\u0119 i dekolt, a nast\u0119pnie powt\u00f3rz aplikacj\u0119 na problematycznych obszarach sk\u00f3ry<\/li>\n<li>Stosuj mieszank\u0119 Salubelle na sk\u00f3r\u0119, aby zredukowa\u0107 widoczno\u015b\u0107 niedoskona\u0142o\u015bci sk\u00f3ry.<\/li>\n<li>Stosuj Salubelle podczas codziennej porannej i wieczornej piel\u0119gnacji sk\u00f3ry twarzy.<\/li>\n<\/ul>\n<\/div>\n<\/div>\n<\/div>\n<h2>Podstawowe korzy\u015bci stosowania mieszanki doTERRA Salubelle Beaty Blend:<strong><br \/>\n<\/strong><\/h2>\n<p>\u2022 Pomaga zmniejszy\u0107 pojawienie si\u0119 wyprysk\u00f3w<br \/>\n\u2022 Odm\u0142adza sk\u00f3r\u0119<br \/>\n\u2022 Czyni sk\u00f3r\u0119 g\u0142adsz\u0105, bardziej promienn\u0105<\/p>\n<div class=\"_5pbx userContent _3576\" data-testid=\"post_message\" data-ft=\"{&quot;tn&quot;:&quot;K&quot;}\">\n<div class=\"text_exposed_root text_exposed\">\n<p><strong>Spos\u00f3b u\u017cycia mieszanki doTERRA Salubelle Beauty Blend:<br \/>\n<\/strong><\/p>\n<p><strong>Wy\u0142\u0105cznie do u\u017cytku miejscowego<\/strong>. U\u017cyj aplikatora kulkowego, kt\u00f3ry jednocze\u015bnie perfumuje, piel\u0119gnuje i masuje sk\u00f3r\u0119.<\/p>\n<p><strong>\u015arodki ostro\u017cno\u015bci:<\/strong> Mo\u017ce powodowa\u0107 podra\u017cnienia sk\u00f3ry. Przechowywa\u0107 poza zasi\u0119giem dzieci. Je\u015bli jeste\u015b w ci\u0105\u017cy, karmisz piersi\u0105 lub jeste\u015b pod opiek\u0105 lekarsk\u0105, skonsultuj si\u0119 ze swoim lekarzem. Unika\u0107 kontaktu z oczami, wewn\u0119trzn\u0105 cz\u0119\u015bci\u0105 uszu i innymi wra\u017cliwymi obszarami.<\/p>\n<p><strong>Sk\u0142adniki: <\/strong>Olejek z Boswellia carterii, olejek z lawendy (Lavandula angustifolia), olejek z \u017cywicy kadzid\u0142owca Cartera (Boswellia sacra), olejek z mirry (Commiphora myrrha), olejek z drzewa sanda\u0142owego (Fusanus spicatus), olejek z sanda\u0142owca bia\u0142ego (Santalum album), olejek z \u017cywicy kadzid\u0142owca Boswellia papyrifera, olejek z kwiat\u00f3w\/li\u015bci\/\u0142odyg kocanki w\u0142oskiej (Helichrysum italicum), olejek z \u017cywicy kadzid\u0142owca Boswellia frereana, olejek z kwiat\u00f3w r\u00f3\u017cy damasce\u0144skiej (Rosa damascena), olejek z hawajskiego drzewa sanda\u0142owego (Santalum Paniculatum), linalol*, limonen*.<br \/>\n* Naturalnie wyst\u0119puj\u0105ce zwi\u0105zki oleju.<\/p>\n<p><strong>Aromat: <\/strong>drzewny, korzenny, bogaty, \u015bwie\u017cy.<\/p>\n<p><strong>Pojemno\u015b\u0107:<\/strong> 10 ml (buteleczka z ciemnego szk\u0142a z aplikatorem kulkowym)<\/p>\n<p><strong>UWAGA:<\/strong><\/p>\n<div id=\"box_description\" class=\"box tab\">\n<div class=\"innerbox\">\n<div class=\"resetcss\">\n<p><span style=\"font-size: 8pt;\">Opis i w\u0142a\u015bciwo\u015bci olejk\u00f3w opisane na stronie maj\u0105 wy\u0142\u0105cznie charakter informacyjny. W razie choroby lub problem\u00f3w ze zdrowiem skontaktuj si\u0119 z lekarzem i zastosuj si\u0119 do jego zalece\u0144 i wskaz\u00f3wek. W \u017cadnym wypadku kuracje olejkami nie zast\u0119puj\u0105 leczenia prowadzonego przez lekarza. Olejki nie s\u0105 lekami, suplementami diety ani \u017cywno\u015bci\u0105 specjalnego przeznaczenia! Zastosowanie produkt\u00f3w, olejk\u00f3w le\u017c\u0105 wy\u0142\u0105cznie w gestii, inwencji kupuj\u0105cego. Olejki doTERRA posiadaj\u0105 certyfikat doTERRA CPTG Certified Pure Tested Grade\u00ae. Olejki te s\u0105 czystymi, naturalnymi aromatycznymi zwi\u0105zkami starannie wyekstrahowanymi z ro\u015blin. Nie zawieraj\u0105 sztucznych sk\u0142adnik\u00f3w ani wype\u0142niaczy, kt\u00f3re os\u0142abi\u0142yby ich czynne w\u0142a\u015bciwo\u015bci oraz nie zawieraj\u0105 zanieczyszcze\u0144 i innych pozosta\u0142o\u015bci chemicznych. Certyfikat ten oznacza, \u017ce olejek zosta\u0142 poddany rygorystycznym procesom testowym, kt\u00f3re oceniaj\u0105 czysto\u015b\u0107 i moc olejk\u00f3w eterycznych. Je\u015bli oleje zostan\u0105 przetestowane w systemie CPTG i oka\u017c\u0105 si\u0119 czyste i mocne, s\u0105 one nast\u0119pnie sprzedawane jako pojedyncze oleje lub stosowane w mieszankach olejk\u00f3w eterycznych, takich jak mieszanka doTERRA Purify.<\/span><\/p>\n<p><strong>Producent<\/strong>: doTERRA.<\/p>\n<\/div>\n<\/div>\n<\/div>\n<\/div>\n<\/div>\n","protected":false},"excerpt":{"rendered":"<div class=\"spotlight__head-copy\">\n<p>Mieszanka upi\u0119kszaj\u0105ca doTERRA Salubelle to opatentowana mieszanka rzadkich olejk\u00f3w eterycznych u\u017cywanych na przestrzeni wiek\u00f3w ze wzgl\u0119du na ich upi\u0119kszaj\u0105ce w\u0142a\u015bciwo\u015bci. Zosta\u0142a ona opracowana w celu piel\u0119gnacji i od\u017cywiania sk\u00f3ry. Eksperci doTERRA dobrali olejki eteryczne tej unikalnej mieszanki tak, aby Twoja sk\u00f3ra wygl\u0105da\u0142a g\u0142adko, promiennie i m\u0142odo. doTERRA Salubelle \u0142atwo si\u0119 wch\u0142ania, zmniejszaj\u0105c widoczno\u015b\u0107 drobnych i g\u0142\u0119bokich zmarszczek oraz redukuj\u0105c oznaki starzenia si\u0119 sk\u00f3ry. Wygodna buteleczka z kulk\u0105 u\u0142atwia nak\u0142adanie mieszanki Salubelle na twarz, szyj\u0119 i dekolt.<\/p>\n<\/div>\n","protected":false},"featured_media":9366,"comment_status":"closed","ping_status":"closed","template":"","meta":[],"product_brand":[],"product_cat":[70,122,67,119],"product_tag":[],"class_list":{"0":"post-739","1":"product","2":"type-product","3":"status-publish","4":"has-post-thumbnail","6":"product_cat-doterra-mieszanki-olejkow-eterycznych","7":"product_cat-doterra-miesz-oe","8":"product_cat-produkty-doterra","9":"product_cat-doterra-produkty","11":"first","12":"instock","13":"taxable","14":"shipping-taxable","15":"purchasable","16":"product-type-simple"},"_links":{"self":[{"href":"https:\/\/ziolazycia.com\/nowa\/wp-json\/wp\/v2\/product\/739","targetHints":{"allow":["GET"]}}],"collection":[{"href":"https:\/\/ziolazycia.com\/nowa\/wp-json\/wp\/v2\/product"}],"about":[{"href":"https:\/\/ziolazycia.com\/nowa\/wp-json\/wp\/v2\/types\/product"}],"replies":[{"embeddable":true,"href":"https:\/\/ziolazycia.com\/nowa\/wp-json\/wp\/v2\/comments?post=739"}],"wp:featuredmedia":[{"embeddable":true,"href":"https:\/\/ziolazycia.com\/nowa\/wp-json\/wp\/v2\/media\/9366"}],"wp:attachment":[{"href":"https:\/\/ziolazycia.com\/nowa\/wp-json\/wp\/v2\/media?parent=739"}],"wp:term":[{"taxonomy":"product_brand","embeddable":true,"href":"https:\/\/ziolazycia.com\/nowa\/wp-json\/wp\/v2\/product_brand?post=739"},{"taxonomy":"product_cat","embeddable":true,"href":"https:\/\/ziolazycia.com\/nowa\/wp-json\/wp\/v2\/product_cat?post=739"},{"taxonomy":"product_tag","embeddable":true,"href":"https:\/\/ziolazycia.com\/nowa\/wp-json\/wp\/v2\/product_tag?post=739"}],"curies":[{"name":"wp","href":"https:\/\/api.w.org\/{rel}","templated":true}]}}