{"id":7389,"date":"2024-02-14T17:00:22","date_gmt":"2024-02-14T16:00:22","guid":{"rendered":"https:\/\/ziolazycia.com\/nowa\/?post_type=product&#038;p=7389"},"modified":"2025-11-26T15:59:11","modified_gmt":"2025-11-26T14:59:11","slug":"physio-sport-kompleks-peptydowy-nutrivi","status":"publish","type":"product","link":"https:\/\/ziolazycia.com\/nowa\/product\/physio-sport-kompleks-peptydowy-nutrivi\/","title":{"rendered":"Physio Sport Peptide Complex Nutrivi (Drink kolagenowy) 30 saszetek"},"content":{"rendered":"<div><strong>Physio Sport Pepttide Complex Nutrivi w saszetkach\u00a0 przeznaczony jest dla os\u00f3b:<\/strong><br \/>\n&#8211; potrzebuj\u0105cych intensywnego wsparcia kondycji aparatu ruchu, sk\u00f3ry w\u0142os\u00f3w i paznokci,- uprawiaj\u0105cych sport amatorsko i zawodowo,<\/p>\n<p>&#8211; b\u0119d\u0105cych w trakcie rehabilitacji i fizjoterapii<\/p>\n<p>&#8211; chc\u0105cych zacz\u0105\u0107 uprawia\u0107 sport, ale nie mog\u0105 z powodu z\u0142ej kondycji aparatu ruchu.<\/p>\n<\/div>\n<div><\/div>\n<div><strong>Sk\u0142adniki aktywne Physio Sport Peptide Complex Nutrivi:<\/strong>K<strong>olagen liofilizowany 650mg (<\/strong><span dir=\"ltr\" role=\"presentation\">aktywu<\/span><span dir=\"ltr\" role=\"presentation\">je <\/span> <span dir=\"ltr\" role=\"presentation\">peptydy sygna\u0142owe,<\/span><span dir=\"ltr\" role=\"presentation\"> kt\u00f3re inicjuj\u0105 syntez\u0119 naszego w\u0142asnego kolagenu w sk\u00f3rze), <\/span><\/p>\n<p><strong>Ekstrakt z ananasa z bromelain\u0105 500mg <\/strong>(<span dir=\"ltr\" role=\"presentation\">dzia\u0142a przeciwzapalnie, <\/span><span dir=\"ltr\" role=\"presentation\">u\u0142atwia trawienie bia\u0142ka),<\/span><\/p>\n<p><strong>MSM 500mg <\/strong>(<span dir=\"ltr\" role=\"presentation\">Metylosulfonylometan<\/span> (<span dir=\"ltr\" role=\"presentation\">organiczny zwi\u0105zek zawieraj\u0105cy <\/span><span dir=\"ltr\" role=\"presentation\">siark\u0119, odgrywa kluczow\u0105 rol\u0119 w budowaniu aparatu <\/span><span dir=\"ltr\" role=\"presentation\">kostno-stawowego),<\/span><\/p>\n<p><strong>Kadzid\u0142owiec indyjski 500mg <\/strong>(<span dir=\"ltr\" role=\"presentation\">dzia\u0142a przeciwzapalnie, przeciwb\u00f3lowo, a tak\u017ce uspokajaj\u0105co),<\/span><\/p>\n<p><strong>Kosmatka japo\u0144ska 33mg <\/strong>(<span dir=\"ltr\" role=\"presentation\">dzia\u0142a mukolitycznie <\/span><span dir=\"ltr\" role=\"presentation\">&#8211; up\u0142ynnia \u015bluz, podnosi wydolno\u015b\u0107 oddechow\u0105),<\/span><\/p>\n<p><strong>Ekstrakt z buraka 300mg <\/strong>(zawiera betain\u0119, kt\u00f3ra<span dir=\"ltr\" role=\"presentation\"> poprawia <\/span><span dir=\"ltr\" role=\"presentation\">ukrwienie i natlenienie organizmu), <\/span><\/p>\n<p><strong>Siarczan glukozaminy 330mg <\/strong>(<span dir=\"ltr\" role=\"presentation\">jest substratem do syntezy proteoglikan\u00f3w, kt\u00f3re z kolei stanowi\u0105 macierz <\/span><span dir=\"ltr\" role=\"presentation\">tkanki w\u0142a\u015bciwej),<\/span><\/p>\n<p><strong>Kwas hialuronowy 100mg<\/strong> (<span dir=\"ltr\" role=\"presentation\">buduje \u015bciany naczy\u0144, jest sk\u0142adnikiem p\u0142yn\u00f3w <\/span><span dir=\"ltr\" role=\"presentation\">ustrojowych <\/span><span dir=\"ltr\" role=\"presentation\">oraz <\/span><span dir=\"ltr\" role=\"presentation\">tkanki <\/span><span dir=\"ltr\" role=\"presentation\">\u0142\u0105cznej, wi\u0105\u017ce wod\u0119 w organizmie), <\/span><\/p>\n<p><strong>Siarczan chondroityny 100mg <\/strong>(organiczny zwi\u0105zek chemiczny, jest wa\u017cnym strukturalnym komponentem tkanki chrz\u0119stnej),<\/p>\n<p><strong>Ekstrakt z aronii czarnej<\/strong> (Aronia melanocarpa) <strong>10 mg z witamin\u0105 C<\/strong> (kwas L-askorbinowy) <strong>90 mg \/ 100 mg<\/strong><\/p>\n<\/div>\n<div><strong>Sk\u0142adniki:<\/strong> Kolagen rybi liofilizowany, ekstrakt z ananasa z bromelain\u0105, MSM (metylosulfonylometan), kadzid\u0142owiec indyjski (Boswellia serrata), siarczan glukozaminy KCl (ze skorupiak\u00f3w), ekstrakt z buraka, aromaty, regulator kwasowo\u015bci (kwas cytrynowy), kwas hialuronowy, siarczan chondroityny (ze skorupiak\u00f3w), kosmatka japo\u0144ska (Eriobotrya japonica).<\/div>\n<div><\/div>\n<div>\n<div><strong>Zalecana porcja do spo\u017cycia w ci\u0105gu dnia<\/strong>: 1 saszetka zawieraj\u0105ca ni\u017cej wymienione sk\u0142adniki w ilo\u015bciach:<\/div>\n<div><\/div>\n<div>\n<ul>\n<li>Kolagen liofilizowany 650 mg<\/li>\n<li>Ekstrakt z ananasa z bromelain\u0105 500 mg<\/li>\n<li>MSM (metylosulfonylometan) 500 mg<\/li>\n<li>Kadzid\u0142owiec indyjski (Boswellia serrata) 500 mg<\/li>\n<li>Kosmatka japo\u0144ska (Eriobotrya japonica) 33 mg<\/li>\n<li>Ekstrakt z buraka 300 mg<\/li>\n<li>Siarczan glukozaminy KCl330 mg<\/li>\n<li>Kwas hialuronowy 100 mg<\/li>\n<li>Siarczan chondroityny 100 mg<\/li>\n<\/ul>\n<\/div>\n<p>Nie przekracza\u0107 zalecanej porcji do spo\u017cycia w ci\u0105gu dnia. Produkt nie mo\u017ce by\u0107 stosowany jako substytut zr\u00f3\u017cnicowanej diety. Wa\u017cne jest stosowanie zr\u00f3\u017cnicowanej i zbilansowanej diety oraz prowadzenie zdrowego trybu \u017cycia. Nie jest przeznaczony dla dzieci, kobiet w ci\u0105\u017cy i karmi\u0105cych.<\/p>\n<h2><strong>Physio Sport Peptide Complex Nutrivi 30 saszetek &#8211; spos\u00f3b u\u017cycia<\/strong>:<\/h2>\n<div>Zawarto\u015b\u0107 saszetki rozpu\u015bci\u0107 w 150 ml wody, wymiesza\u0107 i spo\u017cy\u0107 bezpo\u015brednio po przygotowaniu. Aby uzyska\u0107 jednolity nap\u00f3j mo\u017cesz u\u017cy\u0107 spieniacza do mleka, blendera lub wymiesza\u0107 porcj\u0119, energicznie potrz\u0105saj\u0105c zamkni\u0119t\u0105 butelk\u0105 z roztworem produktu. Uwaga! Nie mieszamy suplementu diety z ciep\u0142\u0105 ani gor\u0105c\u0105 wod\u0105! Pod wp\u0142ywem temperatury delikatne peptydy sygna\u0142owe rozpadaj\u0105 si\u0119, a kolagen cz\u0119\u015bciowo si\u0119 rozpuszcza tworz\u0105c \u017celatyn\u0119. Podgrzewanie powoduje denaturacj\u0119 kolagenu. Naturalny kolagen bardzo s\u0142abo rozpuszcza si\u0119 w wodzie i rozpuszczalnikach organicznych.<\/div>\n<div><\/div>\n<div>Suplementy diety nie mog\u0105 by\u0107 stosowane jako zamiennik zr\u00f3\u017cnicowanej diety. Zr\u00f3wnowa\u017cony spos\u00f3b \u017cywienia i zdrowy tryb \u017cycia s\u0105 wa\u017cne.<\/div>\n<\/div>\n<div><\/div>\n<div><strong>Przechowywanie:<\/strong> Suplementy diety powinny by\u0107 przechowywane w spos\u00f3b niedost\u0119pny dla ma\u0142ych dzieci. Przechowywa\u0107 szczelnie zamkni\u0119te, w suchym miejscu, w temperaturze pokojowej. Chroni\u0107 przed bezpo\u015brednimi \u017ar\u00f3d\u0142ami ciep\u0142a, promieniami s\u0142onecznymi oraz wilgoci\u0105.<\/div>\n<div><\/div>\n<div><strong>Przeciwwskazania:<\/strong> Produkt nie jest przeznaczony dla dzieci, kobiet karmi\u0105cych piersi\u0105 ani kobiet w ci\u0105\u017cy.<\/div>\n<div><\/div>\n<div><strong>Masa netto<\/strong>: 110 g<\/div>\n<div><\/div>\n<div><strong>Producent:<\/strong><\/div>\n<div>WellU Sp. z o.o.<\/div>\n<div>ul. Wielkopolska 280<\/div>\n<div>81-531 Gdynia<\/div>\n","protected":false},"excerpt":{"rendered":"<div><strong>Suplement diety<\/strong><\/div>\n<div><\/div>\n<div><strong>Physio Sport Peptide Complex<\/strong> to autorska formu\u0142a premium wyr\u00f3\u017cniaj\u0105ca si\u0119 bogatym sk\u0142adem i wysokim st\u0119\u017ceniem liofilizowanego kolagenu rybiego (a\u017c 650 mg w jednej porcji).<\/div>\n<div>Nowa, wzmocniona formu\u0142a Physio Sport Peptide Complex zosta\u0142a uzupe\u0142niona specjalnie wyselekcjonowan\u0105 kompozycj\u0119 sk\u0142adnik\u00f3w, takich jak liofilizowany kolagen rybi o wysokim st\u0119\u017ceniu, kwas hialuronowy, MSM, bromelain\u0119, kadzid\u0142owiec indyjski i kosmatk\u0119 japo\u0144sk\u0105.<\/div>\n","protected":false},"featured_media":9828,"comment_status":"open","ping_status":"closed","template":"","meta":[],"product_brand":[],"product_cat":[72],"product_tag":[],"class_list":{"0":"post-7389","1":"product","2":"type-product","3":"status-publish","4":"has-post-thumbnail","6":"product_cat-suplementy-diety","8":"first","9":"instock","10":"sale","11":"featured","12":"taxable","13":"shipping-taxable","14":"purchasable","15":"product-type-simple"},"_links":{"self":[{"href":"https:\/\/ziolazycia.com\/nowa\/wp-json\/wp\/v2\/product\/7389","targetHints":{"allow":["GET"]}}],"collection":[{"href":"https:\/\/ziolazycia.com\/nowa\/wp-json\/wp\/v2\/product"}],"about":[{"href":"https:\/\/ziolazycia.com\/nowa\/wp-json\/wp\/v2\/types\/product"}],"replies":[{"embeddable":true,"href":"https:\/\/ziolazycia.com\/nowa\/wp-json\/wp\/v2\/comments?post=7389"}],"wp:featuredmedia":[{"embeddable":true,"href":"https:\/\/ziolazycia.com\/nowa\/wp-json\/wp\/v2\/media\/9828"}],"wp:attachment":[{"href":"https:\/\/ziolazycia.com\/nowa\/wp-json\/wp\/v2\/media?parent=7389"}],"wp:term":[{"taxonomy":"product_brand","embeddable":true,"href":"https:\/\/ziolazycia.com\/nowa\/wp-json\/wp\/v2\/product_brand?post=7389"},{"taxonomy":"product_cat","embeddable":true,"href":"https:\/\/ziolazycia.com\/nowa\/wp-json\/wp\/v2\/product_cat?post=7389"},{"taxonomy":"product_tag","embeddable":true,"href":"https:\/\/ziolazycia.com\/nowa\/wp-json\/wp\/v2\/product_tag?post=7389"}],"curies":[{"name":"wp","href":"https:\/\/api.w.org\/{rel}","templated":true}]}}