{"id":7386,"date":"2024-02-14T16:56:08","date_gmt":"2024-02-14T15:56:08","guid":{"rendered":"https:\/\/ziolazycia.com\/nowa\/?post_type=product&#038;p=7386"},"modified":"2025-11-26T15:59:11","modified_gmt":"2025-11-26T14:59:11","slug":"pasta-do-zebow-z-weglem-aktywnym-ecodenta","status":"publish","type":"product","link":"https:\/\/ziolazycia.com\/nowa\/product\/pasta-do-zebow-z-weglem-aktywnym-ecodenta\/","title":{"rendered":"Pasta do z\u0119b\u00f3w z w\u0119glem aktywnym 100ml Ecodenta"},"content":{"rendered":"<div class=\"mpof_ki myre_zn myre_8v_l m389_6m_l\">\n<div class=\"mp4t_16_s mryx_16_s mr3m_1 mli2_1 mh85_56 mh85_0_l\">\n<div class=\"mgn2_16 _0d3bd_am0a-\">\n<p><b>Sk\u0142adniki aktywne:<\/b><\/p>\n<p><strong>W\u0119giel aktywny<\/strong> &#8211; ma w\u0142a\u015bciwo\u015bci wybielaj\u0105ce z\u0119b\u00f3w, pomo\u017ce pozby\u0107 si\u0119 codziennych osad\u00f3w z z\u0119b\u00f3w.<\/p>\n<p><strong>TEAVIGO (ekstrakt z zielonej herbaty bezkofeinowej)<\/strong> &#8211; ten innowacyjny sk\u0142adnik przeciwdzia\u0142a powstawaniu si\u0119 osadu naz\u0119bnego i gwarantuje d\u0142ugotrwa\u0142e uczucie \u015bwie\u017co\u015bci na d\u0142ugo.<\/p>\n<p><strong>Ekstrakt z \u017curawiny<\/strong> &#8211; pomaga w walce z bakteriami powoduj\u0105cymi odk\u0142adanie si\u0119 p\u0142ytki naz\u0119bnej.<\/p>\n<p><strong>Wyci\u0105gi z kory d\u0119bu i krwawnika pospolitego<\/strong> &#8211; skutecznie uspokajaj\u0105 i powstrzymuj\u0105 krwawienie dzi\u0105se\u0142.<\/p>\n<p><strong>Kalident,<\/strong> wchodz\u0105cy w sk\u0142ad Ecodenta, wzmacnia szkliwo i wype\u0142nia mikrop\u0119kni\u0119cia i zarysowania. Badania naukowe wykaza\u0142y, \u017ce substancja ta, swoim sk\u0142adem analogiczna sk\u0142adowi szkliwa z\u0119b\u00f3w, przywraca mineralizacj\u0119 szkliwa i pozwala pozby\u0107 si\u0119 pr\u00f3chnicy z\u0119b\u00f3w.<\/p>\n<p>Pasty do z\u0119b\u00f3w Ecodenta stworzone zosta\u0142y przez naukowc\u00f3w Litewskiego Uniwersytetu Medycznego w Kownie we wsp\u00f3\u0142pracy z dentystami.<\/p>\n<\/div>\n<\/div>\n<\/div>\n<div class=\"mpof_ki myre_zn myre_8v_l m389_6m_l\">\n<div class=\"mp4t_16_s mryx_16_s mr3m_1 mli2_1 mh85_56 mh85_0_l\">\n<div class=\"mgn2_16 _0d3bd_am0a-\">\n<p><b>Spos\u00f3b u\u017cycia:<\/b><\/p>\n<p>Ma\u0142\u0105 ilo\u015b\u0107 produktu nanie\u015b\u0107 na szczoteczk\u0119 i czy\u015bci\u0107 z\u0119by przez oko\u0142o 2-3 minuty. Z\u0119by nale\u017cy my\u0107 nie rzadziej ni\u017c 2 razy na dob\u0119.<\/p>\n<p><b>Sk\u0142ad:<\/b><\/p>\n<p>Glycerin*, Aqua*, Hydrated Silica*, Sorbitol*, Bentonite*, Sodium Cocoyl Glutamate*, Sodium Cocoyl Glutamate*,\u00a0Aroma, Epigallocatechin Gallate*, Xantan Gum*, Mentha Arvensis\u00a0(Mint) Oil*, Sodium Benzoate,\u00a0Potassium Sorbate,\u00a0Phenoxyethanol, , Ethylhexylglycerin, Sodium Saccharin, Cl 77266 (Carbon Black), Cl 77499.<\/p>\n<p>*ECOCERT &#8211; 93 %\u00a0sk\u0142adniki pochodzenia naturalnego.<\/p>\n<p><strong>Nie zawiera fluoru.<\/strong><\/p>\n<p><strong>Pojemno\u015b\u0107:<\/strong> 100 ml<\/p>\n<\/div>\n<\/div>\n<\/div>\n","protected":false},"excerpt":{"rendered":"<p>Czarna pasta do z\u0119b\u00f3w marki ECODENTA to produkt przeznaczony do codziennej piel\u0119gnacji jamy ustnej, zapewniaj\u0105cy wybielenie z\u0119b\u00f3w oraz od\u015bwie\u017cenie.<\/p>\n","protected":false},"featured_media":9826,"comment_status":"open","ping_status":"closed","template":"","meta":[],"product_brand":[],"product_cat":[82],"product_tag":[],"class_list":{"0":"post-7386","1":"product","2":"type-product","3":"status-publish","4":"has-post-thumbnail","6":"product_cat-kosmetyki-naturalne","8":"first","9":"outofstock","10":"taxable","11":"shipping-taxable","12":"product-type-simple"},"_links":{"self":[{"href":"https:\/\/ziolazycia.com\/nowa\/wp-json\/wp\/v2\/product\/7386","targetHints":{"allow":["GET"]}}],"collection":[{"href":"https:\/\/ziolazycia.com\/nowa\/wp-json\/wp\/v2\/product"}],"about":[{"href":"https:\/\/ziolazycia.com\/nowa\/wp-json\/wp\/v2\/types\/product"}],"replies":[{"embeddable":true,"href":"https:\/\/ziolazycia.com\/nowa\/wp-json\/wp\/v2\/comments?post=7386"}],"wp:featuredmedia":[{"embeddable":true,"href":"https:\/\/ziolazycia.com\/nowa\/wp-json\/wp\/v2\/media\/9826"}],"wp:attachment":[{"href":"https:\/\/ziolazycia.com\/nowa\/wp-json\/wp\/v2\/media?parent=7386"}],"wp:term":[{"taxonomy":"product_brand","embeddable":true,"href":"https:\/\/ziolazycia.com\/nowa\/wp-json\/wp\/v2\/product_brand?post=7386"},{"taxonomy":"product_cat","embeddable":true,"href":"https:\/\/ziolazycia.com\/nowa\/wp-json\/wp\/v2\/product_cat?post=7386"},{"taxonomy":"product_tag","embeddable":true,"href":"https:\/\/ziolazycia.com\/nowa\/wp-json\/wp\/v2\/product_tag?post=7386"}],"curies":[{"name":"wp","href":"https:\/\/api.w.org\/{rel}","templated":true}]}}