{"id":7381,"date":"2024-02-14T16:51:51","date_gmt":"2024-02-14T15:51:51","guid":{"rendered":"https:\/\/ziolazycia.com\/nowa\/?post_type=product&#038;p=7381"},"modified":"2025-11-26T15:59:11","modified_gmt":"2025-11-26T14:59:11","slug":"pasta-do-zebow-z-weglem-aktywnym-100ml-dabur","status":"publish","type":"product","link":"https:\/\/ziolazycia.com\/nowa\/product\/pasta-do-zebow-z-weglem-aktywnym-100ml-dabur\/","title":{"rendered":"Pasta do z\u0119b\u00f3w z w\u0119glem aktywnym CHARCOAL ORGANIC 100ml Dabur"},"content":{"rendered":"<div id=\"idTab1\" class=\"rte\">\n<div id=\"short_description_block\">\n<div id=\"short_description_content\" class=\"rte align_justify\">\n<p>Ponadto pasta zosta\u0142a wzmocniona naturalnymi ekstraktami z imbiru i czarnego pieprzu o dzia\u0142aniu przeciwzapalnym.<\/p>\n<\/div>\n<\/div>\n<div>\n<p>W\u0119giel aktywowany jest pierwiastkiem posiadaj\u0105cym naturaln\u0105 zdolno\u015b\u0107 do poch\u0142aniania r\u00f3\u017cnych substancji. Chodzi tu najcz\u0119\u015bciej o toksyny, brud i bakterie. Jego budowa chemiczna sprawia, \u017ce przyklejaj\u0105 si\u0119 do niego najr\u00f3\u017cniejsze zwi\u0105zki chemiczne, np. taniny, kt\u00f3re s\u0105 odpowiedzialne za to, \u017ce nasze z\u0119by \u017c\u00f3\u0142kn\u0105 i ciemniej\u0105.<\/p>\n<p>Opr\u00f3cz tego w\u0119giel dobrze poleruje i szlifuje z\u0119by ,nie naruszaj\u0105c przy tym stanu szkliwa. Poza tym usuwa kamie\u0144 naz\u0119bny, dzi\u0119ki czemu po u\u017cyciu takiej pasty b\u0119dziesz mia\u0142 wra\u017cenie, \u017ce z\u0119by s\u0105 naprawd\u0119 czyste.<\/p>\n<p>NIE ZAWIERA FLUORU.<\/p>\n<p><strong>Sk\u0142adniki<\/strong>: Aqua, Sorbitol, Silica, PEG-32, Sodium coco-sulfate, Aroma (Flavor), Xanthan gum, Tetrasodium pyrophosphate, Charcoal powder, Piper nigrum (Black pepper) fruit extract, Piper longum (Long pepper) fruit extract, Zingiber officinale (Ginger) root extract, Zanthoxylum alatum fruit oil, Sodium saccharin, Trisodium phosphate, Tetrapotassium pyrophosphate, Mica, Benzyl alcohol, Eugenol, CI 77891.<\/p>\n<p><strong>Pojemno\u015b\u0107<\/strong>: 100 ml<\/p>\n<p><strong>Producent:<\/strong><br \/>\nDabur, Indie<\/p>\n<\/div>\n<\/div>\n","protected":false},"excerpt":{"rendered":"<div id=\"short_description_block\">\n<div id=\"short_description_content\" class=\"rte align_justify\">\n<p>Wybielaj\u0105ca pasta do z\u0119b\u00f3w Dabur to zio\u0142owa pasta do z\u0119b\u00f3w na bazie w\u0119gla aktywnego. Pasta ta skutecznie czy\u015bci kamie\u0144 naz\u0119bny i dzia\u0142a bakteriob\u00f3jczo.<\/p>\n<\/div>\n<\/div>\n<div id=\"long_desc\"><strong>W\u0119giel drzewny wykazuje dzia\u0142anie wybielaj\u0105ce, zapewnia uczucie \u015bwie\u017co\u015bci i czysto\u015bci.<\/strong><\/div>\n","protected":false},"featured_media":9823,"comment_status":"open","ping_status":"closed","template":"","meta":[],"product_brand":[],"product_cat":[82],"product_tag":[],"class_list":{"0":"post-7381","1":"product","2":"type-product","3":"status-publish","4":"has-post-thumbnail","6":"product_cat-kosmetyki-naturalne","8":"first","9":"instock","10":"sale","11":"taxable","12":"shipping-taxable","13":"purchasable","14":"product-type-simple"},"_links":{"self":[{"href":"https:\/\/ziolazycia.com\/nowa\/wp-json\/wp\/v2\/product\/7381","targetHints":{"allow":["GET"]}}],"collection":[{"href":"https:\/\/ziolazycia.com\/nowa\/wp-json\/wp\/v2\/product"}],"about":[{"href":"https:\/\/ziolazycia.com\/nowa\/wp-json\/wp\/v2\/types\/product"}],"replies":[{"embeddable":true,"href":"https:\/\/ziolazycia.com\/nowa\/wp-json\/wp\/v2\/comments?post=7381"}],"wp:featuredmedia":[{"embeddable":true,"href":"https:\/\/ziolazycia.com\/nowa\/wp-json\/wp\/v2\/media\/9823"}],"wp:attachment":[{"href":"https:\/\/ziolazycia.com\/nowa\/wp-json\/wp\/v2\/media?parent=7381"}],"wp:term":[{"taxonomy":"product_brand","embeddable":true,"href":"https:\/\/ziolazycia.com\/nowa\/wp-json\/wp\/v2\/product_brand?post=7381"},{"taxonomy":"product_cat","embeddable":true,"href":"https:\/\/ziolazycia.com\/nowa\/wp-json\/wp\/v2\/product_cat?post=7381"},{"taxonomy":"product_tag","embeddable":true,"href":"https:\/\/ziolazycia.com\/nowa\/wp-json\/wp\/v2\/product_tag?post=7381"}],"curies":[{"name":"wp","href":"https:\/\/api.w.org\/{rel}","templated":true}]}}