{"id":7378,"date":"2024-02-14T16:49:32","date_gmt":"2024-02-14T15:49:32","guid":{"rendered":"https:\/\/ziolazycia.com\/nowa\/?post_type=product&#038;p=7378"},"modified":"2025-11-26T15:59:11","modified_gmt":"2025-11-26T14:59:11","slug":"pasta-do-zebow-z-gozdzikiem-100ml-dabur","status":"publish","type":"product","link":"https:\/\/ziolazycia.com\/nowa\/product\/pasta-do-zebow-z-gozdzikiem-100ml-dabur\/","title":{"rendered":"Pasta do z\u0119b\u00f3w z go\u017adzikiem CLOVE ORGANIC 100ml Dabur"},"content":{"rendered":"<div id=\"idTab1\" class=\"rte\">\n<div id=\"short_description_block\">\n<div id=\"short_description_content\" class=\"rte align_justify\">\n<p>Produkt jest w 100% wegetaria\u0144ski i nie zawiera w swoim sk\u0142adzie substancji chemicznych.<\/p>\n<\/div>\n<\/div>\n<div id=\"long_desc\">\n<p><strong>Sk\u0142adniki aktywne:<\/strong><br \/>\nWyci\u0105g z go\u017adzika<br \/>\nAkacja<br \/>\nWyci\u0105gi z Symplocos racemosa, Mimusops elengi oraz Eugenia jamb olana<\/p>\n<p><strong>Spos\u00f3b u\u017cycia: <\/strong><\/p>\n<p>Porcj\u0119 pasty wielko\u015bci ziarnka grochu nanie\u015b na szczoteczk\u0119, a nast\u0119pnie delikatnymi ruchami wyczy\u015b\u0107 z\u0119by i dzi\u0105s\u0142a.<\/p>\n<p><strong>Sk\u0142adniki<\/strong>:Calcium carbonate, Aqua, Glycerin, Silica, Sodium coco-sulfate, Aroma (Flavor), Syzygium aromaticum (Clove) bud oil, Anacyclus pyrethrum (root) extract, Acacia arabica (stem bark) extract, Mimusops elengi (flower) extract, Symplocos racemosa (bark) extract, Eugenia cumini (fruit) extract, Sodium silicate, Xanthan gum, Carrageenan, Sodium saccharin, Benzyl alcohol, Eugenol, Limonene.<\/p>\n<p>NIE ZAWIERA FLUORU<\/p>\n<p><strong>Pojemno\u015b\u0107<\/strong>: 100 ml<br \/>\n<strong>Producent:<\/strong><br \/>\nDabur, Indie<\/p>\n<\/div>\n<\/div>\n","protected":false},"excerpt":{"rendered":"<p><strong>Ajurwedyjska zio\u0142owa pasta z go\u017adzikiem<\/strong> firmy Dabur przeznaczona jest w szczeg\u00f3lno\u015bci do piel\u0119gnacji wra\u017cliwych z\u0119b\u00f3w i dzi\u0105se\u0142.<\/p>\n<p>Posiada w\u0142a\u015bciwo\u015bci antybakteryjne, zapobiega krwawieniom oraz wzmacnia z\u0119by.<\/p>\n","protected":false},"featured_media":9821,"comment_status":"open","ping_status":"closed","template":"","meta":[],"product_brand":[],"product_cat":[82],"product_tag":[],"class_list":{"0":"post-7378","1":"product","2":"type-product","3":"status-publish","4":"has-post-thumbnail","6":"product_cat-kosmetyki-naturalne","8":"first","9":"instock","10":"sale","11":"taxable","12":"shipping-taxable","13":"purchasable","14":"product-type-simple"},"_links":{"self":[{"href":"https:\/\/ziolazycia.com\/nowa\/wp-json\/wp\/v2\/product\/7378","targetHints":{"allow":["GET"]}}],"collection":[{"href":"https:\/\/ziolazycia.com\/nowa\/wp-json\/wp\/v2\/product"}],"about":[{"href":"https:\/\/ziolazycia.com\/nowa\/wp-json\/wp\/v2\/types\/product"}],"replies":[{"embeddable":true,"href":"https:\/\/ziolazycia.com\/nowa\/wp-json\/wp\/v2\/comments?post=7378"}],"wp:featuredmedia":[{"embeddable":true,"href":"https:\/\/ziolazycia.com\/nowa\/wp-json\/wp\/v2\/media\/9821"}],"wp:attachment":[{"href":"https:\/\/ziolazycia.com\/nowa\/wp-json\/wp\/v2\/media?parent=7378"}],"wp:term":[{"taxonomy":"product_brand","embeddable":true,"href":"https:\/\/ziolazycia.com\/nowa\/wp-json\/wp\/v2\/product_brand?post=7378"},{"taxonomy":"product_cat","embeddable":true,"href":"https:\/\/ziolazycia.com\/nowa\/wp-json\/wp\/v2\/product_cat?post=7378"},{"taxonomy":"product_tag","embeddable":true,"href":"https:\/\/ziolazycia.com\/nowa\/wp-json\/wp\/v2\/product_tag?post=7378"}],"curies":[{"name":"wp","href":"https:\/\/api.w.org\/{rel}","templated":true}]}}