{"id":737,"date":"2022-11-25T08:42:29","date_gmt":"2022-11-25T07:42:29","guid":{"rendered":"https:\/\/ziolazycia.com\/nowa\/?post_type=product&#038;p=737"},"modified":"2025-11-26T15:58:15","modified_gmt":"2025-11-26T14:58:15","slug":"zestaw-10-olejkow-eterycznych-z-dyfuzorem-home-essentials-doterra-dyfuzor-petal-2-0","status":"publish","type":"product","link":"https:\/\/ziolazycia.com\/nowa\/product\/zestaw-10-olejkow-eterycznych-z-dyfuzorem-home-essentials-doterra-dyfuzor-petal-2-0\/","title":{"rendered":"doTERRA HOME ESSENTIALS (Zestaw\u00a010 olejk\u00f3w eterycznych z dyfuzorem Petal 2.0)"},"content":{"rendered":"<div class=\"_5pbx userContent _3576\" data-testid=\"post_message\" data-ft=\"{&quot;tn&quot;:&quot;K&quot;}\">\n<div class=\"text_exposed_root text_exposed\">\n<h2>ZESTAW doTERRA HOME ESSENTIALS ZAWIERA NAST\u0118PUJ\u0104CE OLEJKI:<\/h2>\n<ul>\n<li><span style=\"color: #000000;\"><a style=\"color: #000000;\" href=\"https:\/\/planetstory.pl\/produkt\/olejek-eteryczny-frankincense-boswellia-kadzidlowiec-doterra-15-ml\/\" target=\"_blank\" rel=\"noopener noreferrer\"><strong>Frankincense 15ml \u2013 kadzid\u0142owiec<\/strong><\/a>\u00a0\u2013 okre\u015blany \u201ekr\u00f3lem\u201d olejk\u00f3w wzmacnia uk\u0142ad odporno\u015bciowy, wspiera odbudow\u0119 kom\u00f3rkow\u0105, niweluje niedoskona\u0142o\u015bci sk\u00f3ry, odm\u0142adza, uspokaja.<\/span><\/li>\n<li><span style=\"color: #000000;\"><a style=\"color: #000000;\" href=\"https:\/\/planetstory.pl\/produkt\/olejek-eteryczny-lavender-lavandula-angustifolia-lawenda-doterra-15-ml\/\" target=\"_blank\" rel=\"noopener noreferrer\"><strong>Lavender 15 ml \u2013 lawenda<\/strong><\/a>\u00a0\u2013 \u00a0jeden z najpopularniejszych olejk\u00f3w, szeroko stosowany ze wzgl\u0119du na swoje w\u0142a\u015bciwo\u015bci uspokajaj\u0105ce i relaksuj\u0105ce, \u0142agodzi podra\u017cnienia sk\u00f3ry i przyspiesza regeneracj\u0119 sk\u00f3ry, rozlu\u017ania skurcze w karku.<\/span><\/li>\n<li><span style=\"color: #000000;\"><a style=\"color: #000000;\" href=\"https:\/\/planetstory.pl\/produkt\/olejek-eteryczny-lemon-citrus-limon-cytryna-doterra-15-ml\/\" target=\"_blank\" rel=\"noopener noreferrer\"><strong>Lemon 15 ml \u2013 cytryna<\/strong><\/a>\u00a0\u2013 oczyszcza powietrze i powierzchnie, pomoc w trawieniu, wspiera uk\u0142ad oddechowy, daje pozytywn\u0105 energi\u0119 i zwi\u0119ksza koncentracj\u0119.<\/span><\/li>\n<li><span style=\"color: #000000;\"><a style=\"color: #000000;\" href=\"https:\/\/planetstory.pl\/produkt\/olejek-eteryczny-melaleuca-tea-tree-melaleuca-alternifolia-drzewo-herbaciane-doterra-15-ml\/\" target=\"_blank\" rel=\"noopener noreferrer\"><strong>Tea Tree 15 ml \u2013 drzewo herbaciane<\/strong><\/a>\u00a0\u2013 koj\u0105cy, regeneruj\u0105cy i odm\u0142adzaj\u0105cy sk\u00f3r\u0119, idealny przy tr\u0105dziku i wypryskach, wspiera uk\u0142ad odporno\u015bciowy, \u0142agodzi infekcje.<\/span><\/li>\n<li><span style=\"color: #000000;\"><a style=\"color: #000000;\" href=\"https:\/\/planetstory.pl\/produkt\/olejek-eteryczny-oregano-origanum-vulgare-doterra-15-ml\/\" target=\"_blank\" rel=\"noopener noreferrer\"><strong>Oregano 15 ml \u2013 oregano<\/strong><\/a>\u00a0\u2013 ma mocne dzia\u0142anie oczyszczaj\u0105ce, wspiera w\u0142a\u015bciw\u0105 prac\u0119 uk\u0142adu trawiennego i przewodu oddechowego, \u017ar\u00f3d\u0142o antyoksydant\u00f3w, naturalny antybiotyk.<\/span><\/li>\n<li><span style=\"color: #000000;\"><a style=\"color: #000000;\" href=\"https:\/\/planetstory.pl\/produkt\/olejek-eteryczny-peppermint-mentha-piperita-mieta-pieprzowa-doterra-15-ml\/\" target=\"_blank\" rel=\"noopener noreferrer\"><strong>Peppermint 15 ml \u2013 mi\u0119ta pieprzowa<\/strong><\/a>\u00a0\u2013 wspiera funkcjonowanie przewodu oddechowego, \u0142agodzi roztr\u00f3j \u017co\u0142\u0105dka, dba o zdrowie jamy ustnej, koi b\u00f3le g\u0142owy.<\/span><\/li>\n<li><span style=\"color: #000000;\"><strong><a style=\"color: #000000;\" href=\"https:\/\/planetstory.pl\/produkt\/mieszanka-olejkow-eterycznych-air-mieszanka-oczyszczajaca-doterra-15-ml\/\" target=\"_blank\" rel=\"noopener noreferrer\">d\u014dTERRA Air\u2122 15 ml \u2013 mieszanka u\u0142atwiaj\u0105ca oddychanie\u00a0<\/a><\/strong>\u2013 mi\u0119towa, orze\u017awiaj\u0105ca mieszanka dzia\u0142a\u00a0uspokajaj\u0105co i koj\u0105co na sk\u00f3r\u0119. Powietrze wzbogacone mieszank\u0105 olejk\u00f3w, kt\u00f3re maj\u0105 na celu\u00a0och\u0142odzenie i o\u017cywienie cia\u0142a, zapewniaj\u0105c\u00a0uczucie dro\u017cnych dr\u00f3g oddechowych.<\/span><\/li>\n<li><span style=\"color: #000000;\"><strong><a style=\"color: #000000;\" href=\"https:\/\/planetstory.pl\/produkt\/doterra-deep-blue-mieszanka-kojaca-5-ml\/\" target=\"_blank\" rel=\"noopener noreferrer\">Deep Blue\u2122 5 ml<\/a>\u00a0<\/strong>\u2013 mieszanka przeciwb\u00f3lowa \u2013 \u0142agodzi b\u00f3l mi\u0119\u015bni i staw\u00f3w, wspiera zdrowe kr\u0105\u017cenie, idealna dla aktywnych os\u00f3b przy r\u00f3\u017cnego rodzaju kontuzjach,<\/span><\/li>\n<li><span style=\"color: #000000;\"><a style=\"color: #000000;\" href=\"https:\/\/planetstory.pl\/produkt\/doterra-zengest-mieszanka-olejkow-na-trawienie-15-ml\/\" target=\"_blank\" rel=\"noopener noreferrer\"><strong>ZenGest\u2122 15 ml<\/strong><\/a>\u00a0\u2013 mieszanka na trawienie \u2013 wspiera trawienie, koi problemy \u017co\u0142\u0105dkowe, dba o prawid\u0142owe funkcjonowanie przewodu pokarmowego.<\/span><\/li>\n<li><span style=\"color: #000000;\"><a style=\"color: #000000;\" href=\"https:\/\/planetstory.pl\/produkt\/doterra-on-guard-mieszanka-ochronna-15-ml\/\" target=\"_blank\" rel=\"noopener noreferrer\"><strong>d\u014dTERRA On Guard\u2122 15 ml<\/strong><\/a>\u00a0\u2013 mieszanka ochronna \u2013 wspiera dzia\u0142anie uk\u0142adu odporno\u015bciowego, chroni przed \u015brodowiskowymi zagro\u017ceniami t.j. bakterie czy wirusy, oczyszcza powierzchnie, dba o sk\u00f3r\u0119 i wspiera zdrowe kr\u0105\u017cenie,<\/span><\/li>\n<\/ul>\n<h2><span style=\"color: #000000;\">INNE PRODUKTY W ZESTAWIE doTERRA HOME ESSENTIALS:<\/span><strong><span style=\"color: #000000;\"><br \/>\n<\/span><\/strong><\/h2>\n<ul>\n<li><span style=\"color: #000000;\"><a style=\"color: #000000;\" href=\"https:\/\/planetstory.pl\/produkt\/dyfuzor-petal-2-0-doterra\/\" target=\"_blank\" rel=\"noopener noreferrer\"><strong>Dyfuzor Petal 2.0<\/strong><\/a>\u00a0<\/span>\u2013 ultrad\u017awi\u0119kowy dyfuzor do pomieszcze\u0144 o powierzchni do 30 m2, idealny spos\u00f3b na wziewne aplikowanie olejk\u00f3w eterycznych.<\/li>\n<li>Broszura na temat olejk\u00f3w d\u014dTERRA w j\u0119zyku polskim.<\/li>\n<\/ul>\n<p>Broszura wprowadzaj\u0105ca doTERRA Essentials informuje o misji doTERRA polegaj\u0105cej na dostarczaniu czystych, silnych i wysokiej jako\u015bci olejk\u00f3w oraz o tym, jak wprowadzi\u0107 produkty doTERRA do \u017cycia swojej rodziny, aby w pe\u0142ni korzysta\u0107 z ich w\u0142a\u015bciwo\u015bci. W \u015brodku znajduje si\u0119 kr\u00f3tki\u00a0<strong>opis ka\u017cdego olejku eterycznego<\/strong>, g\u0142\u00f3wnych korzy\u015bci i zastosowa\u0144, a tak\u017ce\u00a0<strong>arkusz z naklejkami na nakr\u0119tki,<\/strong>\u00a0kt\u00f3re pomog\u0105 Ci lepiej uporz\u0105dkowa\u0107 kolekcj\u0119 olejk\u00f3w eterycznych. Po zapoznaniu si\u0119 z szerok\u0105 gam\u0105 produkt\u00f3w doTERRA znajdziesz naturalne rozwi\u0105zania codziennych problem\u00f3w ca\u0142ej swojej rodziny, aby\u00a0<strong>cieszy\u0107 si\u0119 lepszym zdrowiem i samopoczuciem.<\/strong><\/p>\n<p><strong>Pojemno\u015b\u0107<\/strong>: 9x15ml + 1x5ml<\/p>\n<p><strong>UWAGA:<\/strong><\/p>\n<div id=\"box_description\" class=\"box tab\">\n<div class=\"innerbox\">\n<div class=\"resetcss\">\n<p><span style=\"font-size: 8pt;\">Opis i w\u0142a\u015bciwo\u015bci olejk\u00f3w opisane na stronie maj\u0105 wy\u0142\u0105cznie charakter informacyjny. W razie choroby lub problem\u00f3w ze zdrowiem skontaktuj si\u0119 z lekarzem i zastosuj si\u0119 do jego zalece\u0144 i wskaz\u00f3wek. W \u017cadnym wypadku kuracje olejkami nie zast\u0119puj\u0105 leczenia prowadzonego przez lekarza. Olejki nie s\u0105 lekami, suplementami diety ani \u017cywno\u015bci\u0105 specjalnego przeznaczenia! Zastosowanie produkt\u00f3w, olejk\u00f3w le\u017c\u0105 wy\u0142\u0105cznie w gestii, inwencji kupuj\u0105cego. Olejki doTERRA posiadaj\u0105 certyfikat doTERRA CPTG Certified Pure Tested Grade\u00ae. Olejki te s\u0105 czystymi, naturalnymi aromatycznymi zwi\u0105zkami starannie wyekstrahowanymi z ro\u015blin. Nie zawieraj\u0105 sztucznych sk\u0142adnik\u00f3w ani wype\u0142niaczy, kt\u00f3re os\u0142abi\u0142yby ich czynne w\u0142a\u015bciwo\u015bci oraz nie zawieraj\u0105 zanieczyszcze\u0144 i innych pozosta\u0142o\u015bci chemicznych. Certyfikat ten oznacza, \u017ce olejek zosta\u0142 poddany rygorystycznym procesom testowym, kt\u00f3re oceniaj\u0105 czysto\u015b\u0107 i moc olejk\u00f3w eterycznych. Je\u015bli oleje zostan\u0105 przetestowane w systemie CPTG i oka\u017c\u0105 si\u0119 czyste i mocne, s\u0105 one nast\u0119pnie sprzedawane jako pojedyncze oleje lub stosowane w mieszankach olejk\u00f3w eterycznych, takich jak mieszanka doTERRA Purify.<\/span><\/p>\n<p><strong>Producent:<\/strong> doTERRA.<\/p>\n<\/div>\n<\/div>\n<\/div>\n<\/div>\n<\/div>\n","protected":false},"excerpt":{"rendered":"<p>Zestaw olejk\u00f3w zawiera wszystko co niezb\u0119dne, aby do\u015bwiadcza\u0107 i dzieli\u0107 si\u0119 zdrowym stylem \u017cycia doTERRA. Niezb\u0119dnik w ka\u017cdym domu. Naturalna domowa apteczka zawieraj\u0105ca 10 starannie dobranych olejk\u00f3w pojedynczych i mieszanek olejk\u00f3w wraz z dyfuzorem.<\/p>\n","protected":false},"featured_media":9365,"comment_status":"closed","ping_status":"closed","template":"","meta":[],"product_brand":[],"product_cat":[71,126,67,119],"product_tag":[],"class_list":{"0":"post-737","1":"product","2":"type-product","3":"status-publish","4":"has-post-thumbnail","6":"product_cat-doterra-zestawy","7":"product_cat-doterra-zest","8":"product_cat-produkty-doterra","9":"product_cat-doterra-produkty","11":"first","12":"instock","13":"taxable","14":"shipping-taxable","15":"purchasable","16":"product-type-simple"},"_links":{"self":[{"href":"https:\/\/ziolazycia.com\/nowa\/wp-json\/wp\/v2\/product\/737","targetHints":{"allow":["GET"]}}],"collection":[{"href":"https:\/\/ziolazycia.com\/nowa\/wp-json\/wp\/v2\/product"}],"about":[{"href":"https:\/\/ziolazycia.com\/nowa\/wp-json\/wp\/v2\/types\/product"}],"replies":[{"embeddable":true,"href":"https:\/\/ziolazycia.com\/nowa\/wp-json\/wp\/v2\/comments?post=737"}],"wp:featuredmedia":[{"embeddable":true,"href":"https:\/\/ziolazycia.com\/nowa\/wp-json\/wp\/v2\/media\/9365"}],"wp:attachment":[{"href":"https:\/\/ziolazycia.com\/nowa\/wp-json\/wp\/v2\/media?parent=737"}],"wp:term":[{"taxonomy":"product_brand","embeddable":true,"href":"https:\/\/ziolazycia.com\/nowa\/wp-json\/wp\/v2\/product_brand?post=737"},{"taxonomy":"product_cat","embeddable":true,"href":"https:\/\/ziolazycia.com\/nowa\/wp-json\/wp\/v2\/product_cat?post=737"},{"taxonomy":"product_tag","embeddable":true,"href":"https:\/\/ziolazycia.com\/nowa\/wp-json\/wp\/v2\/product_tag?post=737"}],"curies":[{"name":"wp","href":"https:\/\/api.w.org\/{rel}","templated":true}]}}