{"id":7363,"date":"2024-02-14T16:40:55","date_gmt":"2024-02-14T15:40:55","guid":{"rendered":"https:\/\/ziolazycia.com\/nowa\/?post_type=product&#038;p=7363"},"modified":"2025-11-26T15:59:09","modified_gmt":"2025-11-26T14:59:09","slug":"olejek-on-guard-10ml-doterra","status":"publish","type":"product","link":"https:\/\/ziolazycia.com\/nowa\/product\/olejek-on-guard-10ml-doterra\/","title":{"rendered":"doTERRA Mieszanka olejk\u00f3w eterycznych ON GUARD TOUCH 10ml roll-on"},"content":{"rendered":"<h2>Korzy\u015bci stosowania mieszanki olejk\u00f3w doTERRA On Guard Touch:<\/h2>\n<ul>\n<li>Wsparcie naturalnej ochrony organizmu.<\/li>\n<li>Zwi\u0119kszenie odporno\u015bci organizmu.<\/li>\n<li>Oczyszczanie sk\u00f3ry.<\/li>\n<\/ul>\n<p><strong>Aromat:<\/strong> gor\u0105cy, pikantny, cynamonowy, go\u017adzikowy.<\/p>\n<p><strong>Sk\u0142adniki: <\/strong>Olejek z kokosa (Cocos nucifera), olejek ze sk\u00f3rki s\u0142odkiej pomara\u0144czy (Citrus aurantium dulcis), olejek z go\u017adzik\u00f3w (Eugenia caryophyllus), olejek z li\u015bci cynamonu (Cinnamomum zeylanicum), olejek zkory cynamonu (Cinnamomum zeylanicum), olejek z li\u015bci eukaliptusa ga\u0142kowego (Eucalyptus globulus), olejek z li\u015bci rozmarynu (Rosmarinus officinalis), limonen*, eugenol* benzoesan benzylu*, linalol*. olejek z li\u015bcia rozmarynu.<\/p>\n<h2>Spos\u00f3b u\u017cycia mieszanki olejk\u00f3w doTERRA On Guard Touch:<\/h2>\n<div class=\"product-uses__block-list\">\n<ul class=\"custom-list\">\n<li>Olejek On Guard Touch z aplikatorem kulkowym przeznaczony jest <strong>wy\u0142\u0105cznie do u\u017cytku miejscowego. Nie nale\u017cy go stosowa\u0107 w dyfuzorach ani wewn\u0119trznie.<\/strong><\/li>\n<li>Miejscowo: nanosi\u0107 punktowo na wybrany obszar cia\u0142a celem uzyskania po\u017c\u0105danego efektu. Aplikator kulkowy jednocze\u015bnie perfumuje, piel\u0119gnuje i masuje sk\u00f3r\u0119.<\/li>\n<\/ul>\n<p><strong>\u015arodki ostro\u017cno\u015bci:\u00a0<\/strong>Mo\u017ce powodowa\u0107 podra\u017cnienia sk\u00f3ry. Przechowywa\u0107 poza zasi\u0119giem dzieci. Je\u015bli jeste\u015b w ci\u0105\u017cy lub znajdujesz si\u0119 pod opiek\u0105 medyczn\u0105, skonsultuj si\u0119 ze swoim lekarzem. Unika\u0107 kontaktu z oczami, wewn\u0119trzn\u0105 cz\u0119\u015bci\u0105 uszu i innymi wra\u017cliwymi obszarami. Unikaj \u015bwiat\u0142a s\u0142onecznego i promieni UV przez co najmniej 12 godzin po zastosowaniu.<\/p>\n<p><strong>Pojemno\u015b\u0107<\/strong>: 10 ml (buteleczka z ciemnego szk\u0142a z aplikatorem kulkowym).<\/p>\n<p><strong>UWAGA:<\/strong><\/p>\n<div id=\"box_description\" class=\"box tab\">\n<div class=\"innerbox\">\n<div class=\"resetcss\">\n<p>Opis i w\u0142a\u015bciwo\u015bci olejk\u00f3w opisane na stronie maj\u0105 wy\u0142\u0105cznie charakter informacyjny. W razie choroby lub problem\u00f3w ze zdrowiem skontaktuj si\u0119 z lekarzem i zastosuj si\u0119 do jego zalece\u0144 i wskaz\u00f3wek. W \u017cadnym wypadku kuracje olejkami nie zast\u0119puj\u0105 leczenia prowadzonego przez lekarza. Olejki nie s\u0105 lekami, suplementami diety ani \u017cywno\u015bci\u0105 specjalnego przeznaczenia! Zastosowanie produkt\u00f3w, olejk\u00f3w le\u017c\u0105 wy\u0142\u0105cznie w gestii, inwencji kupuj\u0105cego. Olejki doTERRA posiadaj\u0105 certyfikat doTERRA CPTG Certified Pure Tested Grade\u00ae. Olejki te s\u0105 czystymi, naturalnymi aromatycznymi zwi\u0105zkami starannie wyekstrahowanymi z ro\u015blin. Nie zawieraj\u0105 sztucznych sk\u0142adnik\u00f3w ani wype\u0142niaczy, kt\u00f3re os\u0142abi\u0142yby ich czynne w\u0142a\u015bciwo\u015bci oraz nie zawieraj\u0105 zanieczyszcze\u0144 i innych pozosta\u0142o\u015bci chemicznych. Certyfikat ten oznacza, \u017ce olejek zosta\u0142 poddany rygorystycznym procesom testowym, kt\u00f3re oceniaj\u0105 czysto\u015b\u0107 i moc olejk\u00f3w eterycznych. Je\u015bli oleje zostan\u0105 przetestowane w systemie CPTG i oka\u017c\u0105 si\u0119 czyste i mocne, s\u0105 one nast\u0119pnie sprzedawane jako pojedyncze oleje lub stosowane w mieszankach olejk\u00f3w eterycznych, takich jak mieszanka doTERRA Purify.<\/p>\n<p><strong>Producent<\/strong>: doTERRA.<\/p>\n<\/div>\n<\/div>\n<\/div>\n<\/div>\n","protected":false},"excerpt":{"rendered":"<p class=\"spotlight__head-latin-title\"><strong>Mieszanka olejk\u00f3w o w\u0142a\u015bciwo\u015bciach ochronnych i oczyszczaj\u0105cych.<\/strong><\/p>\n<div class=\"spotlight__head-copy\">\n<p>Mieszanka doTERRA On Guard Touch w kulce umo\u017cliwia delikatny i wygodny spos\u00f3b aplikowania naszej opatentowanej mieszanki olejk\u00f3w eterycznych. Idealna zar\u00f3wno dla dzieci, jak i doros\u0142ych, mieszanka doTERRA On Guard Touch w kulce dostarcza energetyzuj\u0105cego, poprawiaj\u0105cego nastr\u00f3j aromatu stosowana miejscowo na klatk\u0119 piersiow\u0105 oraz na podeszwy st\u00f3p. Olejki eteryczne wchodz\u0105ce w sk\u0142ad tej mieszanki \u2013 z dzikiej pomara\u0144czy, go\u017adzik\u00f3w, eukaliptusa i rozmarynu \u2013 s\u0105 znane ze swoich oczyszczaj\u0105cych sk\u00f3r\u0119 w\u0142a\u015bciwo\u015bci.<\/p>\n<\/div>\n<div class=\"spotlight__head-icons\"><\/div>\n","protected":false},"featured_media":9813,"comment_status":"open","ping_status":"closed","template":"","meta":[],"product_brand":[],"product_cat":[70,122,67,119],"product_tag":[],"class_list":{"0":"post-7363","1":"product","2":"type-product","3":"status-publish","4":"has-post-thumbnail","6":"product_cat-doterra-mieszanki-olejkow-eterycznych","7":"product_cat-doterra-miesz-oe","8":"product_cat-produkty-doterra","9":"product_cat-doterra-produkty","11":"first","12":"instock","13":"sale","14":"taxable","15":"shipping-taxable","16":"purchasable","17":"product-type-simple"},"_links":{"self":[{"href":"https:\/\/ziolazycia.com\/nowa\/wp-json\/wp\/v2\/product\/7363","targetHints":{"allow":["GET"]}}],"collection":[{"href":"https:\/\/ziolazycia.com\/nowa\/wp-json\/wp\/v2\/product"}],"about":[{"href":"https:\/\/ziolazycia.com\/nowa\/wp-json\/wp\/v2\/types\/product"}],"replies":[{"embeddable":true,"href":"https:\/\/ziolazycia.com\/nowa\/wp-json\/wp\/v2\/comments?post=7363"}],"wp:featuredmedia":[{"embeddable":true,"href":"https:\/\/ziolazycia.com\/nowa\/wp-json\/wp\/v2\/media\/9813"}],"wp:attachment":[{"href":"https:\/\/ziolazycia.com\/nowa\/wp-json\/wp\/v2\/media?parent=7363"}],"wp:term":[{"taxonomy":"product_brand","embeddable":true,"href":"https:\/\/ziolazycia.com\/nowa\/wp-json\/wp\/v2\/product_brand?post=7363"},{"taxonomy":"product_cat","embeddable":true,"href":"https:\/\/ziolazycia.com\/nowa\/wp-json\/wp\/v2\/product_cat?post=7363"},{"taxonomy":"product_tag","embeddable":true,"href":"https:\/\/ziolazycia.com\/nowa\/wp-json\/wp\/v2\/product_tag?post=7363"}],"curies":[{"name":"wp","href":"https:\/\/api.w.org\/{rel}","templated":true}]}}