{"id":7360,"date":"2024-02-14T16:39:23","date_gmt":"2024-02-14T15:39:23","guid":{"rendered":"https:\/\/ziolazycia.com\/nowa\/?post_type=product&#038;p=7360"},"modified":"2025-11-26T15:59:09","modified_gmt":"2025-11-26T14:59:09","slug":"olejek-eteryczny-meta-pwr-beadlets-403g-doterra","status":"publish","type":"product","link":"https:\/\/ziolazycia.com\/nowa\/product\/olejek-eteryczny-meta-pwr-beadlets-403g-doterra\/","title":{"rendered":"doTERRA Mieszanka olejk\u00f3w eterycznych META PWR BEADLETS 4,03g\/ 125 kuleczek"},"content":{"rendered":"<p>Kuleczki MetaPWR\u2122 to niewielkie kapsu\u0142ki zawieraj\u0105ce mieszank\u0119 olejk\u00f3w eterycznych. To \u0142atwy i wygodny spos\u00f3b na w\u0142\u0105czenie mieszanki olejk\u00f3w eterycznych MetaPWR do codziennej rutyny.<\/p>\n<h2 class=\"product-uses__block-title\">Zastosowania doTERRA Meta PWR Beadlets:<\/h2>\n<div class=\"product-uses__block-list\">\n<ul class=\"custom-list\">\n<li>Z my\u015bl\u0105 o orze\u017awieniu i przygotowaniu na aktywno\u015b\u0107 fizyczn\u0105 za\u017cyj kuleczk\u0119 MetaPWR tu\u017c przed sesj\u0105 treningow\u0105, by zadba\u0107 o stymuluj\u0105ce do\u015bwiadczenia.<\/li>\n<li>U\u017cywaj produktu przy zr\u00f3\u017cnicowanej i zbilansowanej diecie oraz zdrowym stylu \u017cycia.<\/li>\n<li>Kiedy masz ochot\u0119 na co\u015b s\u0142odkiego, wybierz owocowy, \u015bwie\u017cy smak MetaPWR w postaci kuleczek.<\/li>\n<li>Przyjmuj jako cz\u0119\u015b\u0107 kompletnego Systemu MetaPWR\u2122, by \u017cy\u0107 pe\u0142ni\u0105 \u017cycia.<\/li>\n<\/ul>\n<\/div>\n<p>&nbsp;<\/p>\n<h2>Spos\u00f3b u\u017cycia\u00a0doTERRA Meta PWR Beadlets:<\/h2>\n<p>do 4 kuleczek dziennie.<\/p>\n<p><strong>Sk\u0142adniki<\/strong>: Tr\u00f3jglicerydy o \u015bredniej d\u0142ugo\u015bci \u0142a\u0144cucha (olej kokosowy), olejek eteryczny ze sk\u00f3rki grejpfruta (Citrus paradisi), olejek eteryczny ze sk\u00f3rki cytryny (Citrus limon), olejek eteryczny z naziemnych cz\u0119\u015bci mi\u0119ty pieprzowej (Mentha piperita), substancja \u017celuj\u0105ca (agar, guma guar, gliceryna, alginian sodu), aromaty: olejek eteryczny z korzenia imbiru (Zingiber officinale), olejek eteryczny z kory cynamonu (Cinnamomum zeylanicum), s\u0142odzik (ksylitol).<\/p>\n<p><strong>\u015arodki ostro\u017cno\u015bci: <\/strong>Przechowywa\u0107 poza zasi\u0119giem dzieci. Nie nale\u017cy przekracza\u0107 zalecanej dziennej dawki. Suplementy diety nie mog\u0105 zast\u0105pi\u0107 zr\u00f3\u017cnicowanej i zbilansowanej diety oraz zdrowego stylu \u017cycia. Kobiety w ci\u0105\u017cy lub karmi\u0105ce piersi\u0105 oraz osoby ze stwierdzonymi schorzeniami powinny przed u\u017cyciem skonsultowa\u0107 si\u0119 z lekarzem. Szczelnie zamkn\u0105\u0107 i przechowywa\u0107 w ch\u0142odnym miejscu.<\/p>\n<p><strong>Nie przekracza\u0107 zalecanej porcji do spo\u017cycia w ci\u0105gu dnia. Suplement nie mo\u017ce by\u0107 stosowany jako substytut zr\u00f3\u017cnicowanej diety. Wa\u017cne jest stosowanie zr\u00f3\u017cnicowanej i zbilansowanej diety oraz prowadzenie zdrowego trybu \u017cycia.<br \/>\n<\/strong><\/p>\n<p><strong>UWAGA:<\/strong><\/p>\n<p>Opis i w\u0142a\u015bciwo\u015bci olejk\u00f3w opisane na stronie maj\u0105 wy\u0142\u0105cznie charakter informacyjny. W razie choroby lub problem\u00f3w ze zdrowiem skontaktuj si\u0119 z lekarzem i zastosuj si\u0119 do jego zalece\u0144 i wskaz\u00f3wek. W \u017cadnym wypadku kuracje olejkami nie zast\u0119puj\u0105 leczenia prowadzonego przez lekarza. Olejki nie s\u0105 lekami, suplementami diety ani \u017cywno\u015bci\u0105 specjalnego przeznaczenia! Zastosowanie produkt\u00f3w, olejk\u00f3w le\u017c\u0105 wy\u0142\u0105cznie w gestii, inwencji kupuj\u0105cego. Olejki doTERRA posiadaj\u0105 certyfikat doTERRA CPTG Certified Pure Tested Grade\u00ae. Olejki te s\u0105 czystymi, naturalnymi aromatycznymi zwi\u0105zkami starannie wyekstrahowanymi z ro\u015blin. Nie zawieraj\u0105 sztucznych sk\u0142adnik\u00f3w ani wype\u0142niaczy, kt\u00f3re os\u0142abi\u0142yby ich czynne w\u0142a\u015bciwo\u015bci oraz nie zawieraj\u0105 zanieczyszcze\u0144 i innych pozosta\u0142o\u015bci chemicznych. Certyfikat ten oznacza, \u017ce olejek zosta\u0142 poddany rygorystycznym procesom testowym, kt\u00f3re oceniaj\u0105 czysto\u015b\u0107 i moc olejk\u00f3w eterycznych. Je\u015bli oleje zostan\u0105 przetestowane w systemie CPTG i oka\u017c\u0105 si\u0119 czyste i mocne, s\u0105 one nast\u0119pnie sprzedawane jako pojedyncze oleje lub stosowane w mieszankach olejk\u00f3w eterycznych, takich jak mieszanka doTERRA Purify.<\/p>\n<p><strong>Producent:<\/strong> doTERRA.<\/p>\n","protected":false},"excerpt":{"rendered":"<p class=\"spotlight__head-latin-title\"><strong>Suplement diety zawieraj\u0105cy olejki eteryczne i substancj\u0119 s\u0142odz\u0105c\u0105<\/strong><\/p>\n<p>Mieszanka olejk\u00f3w eterycznych doTERRA MetaPWR zosta\u0142a stworzona z my\u015bl\u0105 o wsparciu stylu \u017cycia opartego na wi\u0119kszej witalno\u015bci, lepszych wyborach \u017cywieniowych oraz zachowaniu dobrego samopoczucia. Mieszanka MetaPWR to owoc pracy naukowc\u00f3w klinicznych i medycznych doTERRA, a do jej stworzenia u\u017cyto olejk\u00f3w CPTG\u2122 z grejpfruta, cytryny, mi\u0119ty pieprzowej, imbiru oraz cynamonu w idealnie zbalansowanych proporcjach.<\/p>\n","protected":false},"featured_media":9812,"comment_status":"open","ping_status":"closed","template":"","meta":[],"product_brand":[],"product_cat":[86,124,67,119],"product_tag":[],"class_list":{"0":"post-7360","1":"product","2":"type-product","3":"status-publish","4":"has-post-thumbnail","6":"product_cat-doterra-suplementy-diety","7":"product_cat-doterra-suple-diety","8":"product_cat-produkty-doterra","9":"product_cat-doterra-produkty","11":"first","12":"instock","13":"sale","14":"taxable","15":"shipping-taxable","16":"purchasable","17":"product-type-simple"},"_links":{"self":[{"href":"https:\/\/ziolazycia.com\/nowa\/wp-json\/wp\/v2\/product\/7360","targetHints":{"allow":["GET"]}}],"collection":[{"href":"https:\/\/ziolazycia.com\/nowa\/wp-json\/wp\/v2\/product"}],"about":[{"href":"https:\/\/ziolazycia.com\/nowa\/wp-json\/wp\/v2\/types\/product"}],"replies":[{"embeddable":true,"href":"https:\/\/ziolazycia.com\/nowa\/wp-json\/wp\/v2\/comments?post=7360"}],"wp:featuredmedia":[{"embeddable":true,"href":"https:\/\/ziolazycia.com\/nowa\/wp-json\/wp\/v2\/media\/9812"}],"wp:attachment":[{"href":"https:\/\/ziolazycia.com\/nowa\/wp-json\/wp\/v2\/media?parent=7360"}],"wp:term":[{"taxonomy":"product_brand","embeddable":true,"href":"https:\/\/ziolazycia.com\/nowa\/wp-json\/wp\/v2\/product_brand?post=7360"},{"taxonomy":"product_cat","embeddable":true,"href":"https:\/\/ziolazycia.com\/nowa\/wp-json\/wp\/v2\/product_cat?post=7360"},{"taxonomy":"product_tag","embeddable":true,"href":"https:\/\/ziolazycia.com\/nowa\/wp-json\/wp\/v2\/product_tag?post=7360"}],"curies":[{"name":"wp","href":"https:\/\/api.w.org\/{rel}","templated":true}]}}