{"id":7353,"date":"2024-02-14T16:25:36","date_gmt":"2024-02-14T15:25:36","guid":{"rendered":"https:\/\/ziolazycia.com\/nowa\/?post_type=product&#038;p=7353"},"modified":"2025-11-26T15:59:09","modified_gmt":"2025-11-26T14:59:09","slug":"olejek-eteryczny-doterra-imbir-15ml","status":"publish","type":"product","link":"https:\/\/ziolazycia.com\/nowa\/product\/olejek-eteryczny-doterra-imbir-15ml\/","title":{"rendered":"doTERRA Olejek eteryczny GINGER (Imbir) 15ml"},"content":{"rendered":"<h2 data-sourcepos=\"3:1-3:53\">Korzy\u015bci stosowania olejku imbirowego doTERRA:<\/h2>\n<ul data-sourcepos=\"5:1-12:0\">\n<li data-sourcepos=\"5:1-5:20\">Wspomaga trawienie.<\/li>\n<li data-sourcepos=\"6:1-6:32\">\u0141agodzi md\u0142o\u015bci i niestrawno\u015b\u0107, tak\u017ce w chorobie lokomocyjnej.<\/li>\n<li data-sourcepos=\"7:1-7:20\">Wzmacnia odporno\u015b\u0107.<\/li>\n<li data-sourcepos=\"8:1-8:30\">\u0141agodzi b\u00f3le mi\u0119\u015bni i staw\u00f3w.<\/li>\n<li data-sourcepos=\"9:1-9:19\">Poprawia kr\u0105\u017cenie.<\/li>\n<li data-sourcepos=\"10:1-10:24\">Dzia\u0142a przeciwzapalnie.<\/li>\n<li data-sourcepos=\"11:1-12:0\">Pomaga w odchudzaniu.<\/li>\n<\/ul>\n<h2 data-sourcepos=\"13:1-13:41\">Stosowanie olejku imbirowego doTERRA:<\/h2>\n<ul data-sourcepos=\"15:1-18:0\">\n<li data-sourcepos=\"15:1-15:81\">Do aromaterapii: Dodaj kilka kropli olejku do dyfuzora lub kominka zapachowego.<\/li>\n<li data-sourcepos=\"16:1-16:112\">Do miejscowego stosowania: Rozcie\u0144cz olejek z no\u015bnikiem, takim jak olej jojoba lub migda\u0142owy i na\u0142\u00f3\u017c na sk\u00f3r\u0119.<\/li>\n<li data-sourcepos=\"17:1-18:0\">Do u\u017cytku wewn\u0119trznego: Dodaj kropl\u0119 olejku do szklanki wody lub herbaty.<\/li>\n<\/ul>\n<p><strong>Olejek imbirowy doTERRA to wszechstronny olejek, kt\u00f3ry mo\u017cna stosowa\u0107 na wiele r\u00f3\u017cnych sposob\u00f3w. Jest to doskona\u0142y olejek do os\u00f3b, kt\u00f3re szukaj\u0105 naturalnego sposobu na popraw\u0119 trawienia, z\u0142agodzenie md\u0142o\u015bci, wzmocnienie odporno\u015bci i \u0142agodzenie b\u00f3lu.<\/strong><\/p>\n<p><strong>\u015arodki ostro\u017cno\u015bci<\/strong>: Olejek imbirowy mo\u017ce powodowa\u0107 podra\u017cnienia sk\u00f3ry u niekt\u00f3rych os\u00f3b. U\u017cywa\u0107 tylko po rozcie\u0144czeniu. Za\u017cywa\u0107 nie wi\u0119cej ni\u017c jedn\u0105 kropl\u0119 dziennie. Przechowywa\u0107 poza zasi\u0119giem dzieci. Unika\u0107 kontaktu z oczami i b\u0142onami \u015bluzowymi. Je\u015bli jeste\u015b w ci\u0105\u017cy lub karmisz piersi\u0105, skonsultuj si\u0119 z lekarzem przed u\u017cyciem olejku.<\/p>\n<p><strong>Pojemno\u015b\u0107:<\/strong> 15 ml (buteleczka z ciemnego szk\u0142a).<\/p>\n<p><strong>UWAGA:<\/strong><\/p>\n<p>Opis i w\u0142a\u015bciwo\u015bci olejk\u00f3w opisane na stronie maj\u0105 wy\u0142\u0105cznie charakter informacyjny. W razie choroby lub problem\u00f3w ze zdrowiem skontaktuj si\u0119 z lekarzem i zastosuj si\u0119 do jego zalece\u0144 i wskaz\u00f3wek. W \u017cadnym wypadku kuracje olejkami nie zast\u0119puj\u0105 leczenia prowadzonego przez lekarza. Olejki nie s\u0105 lekami, suplementami diety ani \u017cywno\u015bci\u0105 specjalnego przeznaczenia! Zastosowanie produkt\u00f3w, olejk\u00f3w le\u017c\u0105 wy\u0142\u0105cznie w gestii, inwencji kupuj\u0105cego. Olejki doTERRA posiadaj\u0105 certyfikat doTERRA CPTG Certified Pure Tested Grade\u00ae. Olejki te s\u0105 czystymi, naturalnymi aromatycznymi zwi\u0105zkami starannie wyekstrahowanymi z ro\u015blin. Nie zawieraj\u0105 sztucznych sk\u0142adnik\u00f3w ani wype\u0142niaczy, kt\u00f3re os\u0142abi\u0142yby ich czynne w\u0142a\u015bciwo\u015bci oraz nie zawieraj\u0105 zanieczyszcze\u0144 i innych pozosta\u0142o\u015bci chemicznych. Certyfikat ten oznacza, \u017ce olejek zosta\u0142 poddany rygorystycznym procesom testowym, kt\u00f3re oceniaj\u0105 czysto\u015b\u0107 i moc olejk\u00f3w eterycznych. Je\u015bli oleje zostan\u0105 przetestowane w systemie CPTG i oka\u017c\u0105 si\u0119 czyste i mocne, s\u0105 one nast\u0119pnie sprzedawane jako pojedyncze oleje lub stosowane w mieszankach olejk\u00f3w eterycznych, takich jak mieszanka doTERRA Purify.<\/p>\n<p><strong>Producent:<\/strong> doTERRA.<\/p>\n","protected":false},"excerpt":{"rendered":"<div class=\"spotlight__head-copy\">\n<p>Pochodz\u0105cy z Madagaskaru olejek eteryczny doTERRA z imbiru <em>(Zingiber officinale) <\/em>pozyskiwany jest ze \u015bwie\u017cego k\u0142\u0105cza \u2013 podziemnej \u0142odygi, kt\u00f3ra wypuszcza korzenie. Imbir jest sk\u0142adnikiem wielu potraw kuchni azjatyckiej. Nadaje im pikantny smak i wyrazisty aromat. W tradycji zachodniej imbir u\u017cywany jest raczej jako przyprawa do potraw s\u0142odkich, takich jak imbirowe pierniki i ciasteczka.<\/p>\n<\/div>\n<div class=\"spotlight__head-icons\"><\/div>\n","protected":false},"featured_media":9808,"comment_status":"open","ping_status":"closed","template":"","meta":[],"product_brand":[],"product_cat":[69,125,67,119],"product_tag":[],"class_list":{"0":"post-7353","1":"product","2":"type-product","3":"status-publish","4":"has-post-thumbnail","6":"product_cat-doterra-olejki-eteryczne-pojedyncze","7":"product_cat-doterra-oe-poj","8":"product_cat-produkty-doterra","9":"product_cat-doterra-produkty","11":"first","12":"instock","13":"sale","14":"taxable","15":"shipping-taxable","16":"purchasable","17":"product-type-simple"},"_links":{"self":[{"href":"https:\/\/ziolazycia.com\/nowa\/wp-json\/wp\/v2\/product\/7353","targetHints":{"allow":["GET"]}}],"collection":[{"href":"https:\/\/ziolazycia.com\/nowa\/wp-json\/wp\/v2\/product"}],"about":[{"href":"https:\/\/ziolazycia.com\/nowa\/wp-json\/wp\/v2\/types\/product"}],"replies":[{"embeddable":true,"href":"https:\/\/ziolazycia.com\/nowa\/wp-json\/wp\/v2\/comments?post=7353"}],"wp:featuredmedia":[{"embeddable":true,"href":"https:\/\/ziolazycia.com\/nowa\/wp-json\/wp\/v2\/media\/9808"}],"wp:attachment":[{"href":"https:\/\/ziolazycia.com\/nowa\/wp-json\/wp\/v2\/media?parent=7353"}],"wp:term":[{"taxonomy":"product_brand","embeddable":true,"href":"https:\/\/ziolazycia.com\/nowa\/wp-json\/wp\/v2\/product_brand?post=7353"},{"taxonomy":"product_cat","embeddable":true,"href":"https:\/\/ziolazycia.com\/nowa\/wp-json\/wp\/v2\/product_cat?post=7353"},{"taxonomy":"product_tag","embeddable":true,"href":"https:\/\/ziolazycia.com\/nowa\/wp-json\/wp\/v2\/product_tag?post=7353"}],"curies":[{"name":"wp","href":"https:\/\/api.w.org\/{rel}","templated":true}]}}