{"id":7331,"date":"2024-02-14T16:08:39","date_gmt":"2024-02-14T15:08:39","guid":{"rendered":"https:\/\/ziolazycia.com\/nowa\/?post_type=product&#038;p=7331"},"modified":"2025-11-26T15:59:08","modified_gmt":"2025-11-26T14:59:08","slug":"olej-z-papryki-100ml-vitamin-bottle","status":"publish","type":"product","link":"https:\/\/ziolazycia.com\/nowa\/product\/olej-z-papryki-100ml-vitamin-bottle\/","title":{"rendered":"Olej z nasion papryki 100ml Vitamin Bottle"},"content":{"rendered":"<p>Olej z nasion papryki zawiera tak\u017ce kapsaicyny, kt\u00f3re odpowiadaj\u0105 za lekko pikantny smak.<\/p>\n<p><strong>WARTO\u015a\u0106 OD\u017bYWCZA w 100 g<\/strong><\/p>\n<table>\n<tbody>\n<tr>\n<td><strong>Warto\u015b\u0107 energetyczna<\/strong><\/td>\n<td><strong>3675 KJ\/ 894 Kcal<\/strong><\/td>\n<\/tr>\n<tr>\n<td>T\u0142uszcz (g\/100g)<\/td>\n<td>99,0<\/td>\n<\/tr>\n<tr>\n<td>w tym kwasy t\u0142uszczowe nasycone<\/td>\n<td>14,2<\/td>\n<\/tr>\n<tr>\n<td>kwasy t\u0142uszczowe jednonienasycone<\/td>\n<td>14,8<\/td>\n<\/tr>\n<tr>\n<td>kwasy t\u0142uszczowe wielonienasycone<\/td>\n<td>70,0<\/td>\n<\/tr>\n<tr>\n<td>W\u0119glowodany (g\/100g)<\/td>\n<td>&lt;0,6<\/td>\n<\/tr>\n<tr>\n<td>w tym cukry (g\/100g)<\/td>\n<td>&lt;0,1<\/td>\n<\/tr>\n<tr>\n<td>Bia\u0142ko (g\/100g)<\/td>\n<td>&lt;0,1<\/td>\n<\/tr>\n<tr>\n<td>S\u00f3l (g\/100g)<\/td>\n<td>&lt;0,1<\/td>\n<\/tr>\n<tr>\n<td>Witamina E (mg\/100g)<\/td>\n<td>128,8<\/td>\n<\/tr>\n<tr>\n<td>GDA%<\/td>\n<td>77,3<\/td>\n<\/tr>\n<\/tbody>\n<\/table>\n<p>&nbsp;<\/p>\n<p><strong>Sk\u0142adniki: <\/strong>100% olej z nasion s\u0142odkiej papryki t\u0142oczony na zimno.<\/p>\n<p><strong>Przechowywanie:<\/strong> Zaleca si\u0119 przechowywa\u0107 olej w suchym i ch\u0142odnym miejscu, z dala od \u017ar\u00f3de\u0142 ciep\u0142a i \u015bwiat\u0142a.<\/p>\n<p><strong>Pojemno\u015b\u0107<\/strong>: 100 ml (butelka z ciemnego szk\u0142a)<\/p>\n<p><strong>Wyprodukowano w UE<\/strong>:<br \/>\nVitamin Bottle, 1027 Budapest,<br \/>\nBem J. u. 6., W\u0119gry<\/p>\n<p><strong>Dystrybutor<\/strong>:<br \/>\nBhealthy Ewa Ostachowska, ul. Zeusa 54,<br \/>\n80-299 Gda\u0144sk<\/p>\n","protected":false},"excerpt":{"rendered":"<p>T\u0142oczony na zimno olej z nasion papryki charakteryzuje si\u0119 wysok\u0105 zawarto\u015bci\u0105 wielonasyconych kwas\u00f3w t\u0142uszczowych, witaminy E oraz karotenoid\u00f3w. W\u0142a\u015bnie karotenoidy nadaj\u0105 mu intensywny czerwony kolor.<\/p>\n","protected":false},"featured_media":9801,"comment_status":"open","ping_status":"closed","template":"","meta":[],"product_brand":[],"product_cat":[85,120],"product_tag":[],"class_list":{"0":"post-7331","1":"product","2":"type-product","3":"status-publish","4":"has-post-thumbnail","6":"product_cat-oleje-spozywcze","7":"product_cat-oleje-spoz","9":"first","10":"instock","11":"sale","12":"taxable","13":"shipping-taxable","14":"purchasable","15":"product-type-simple"},"_links":{"self":[{"href":"https:\/\/ziolazycia.com\/nowa\/wp-json\/wp\/v2\/product\/7331","targetHints":{"allow":["GET"]}}],"collection":[{"href":"https:\/\/ziolazycia.com\/nowa\/wp-json\/wp\/v2\/product"}],"about":[{"href":"https:\/\/ziolazycia.com\/nowa\/wp-json\/wp\/v2\/types\/product"}],"replies":[{"embeddable":true,"href":"https:\/\/ziolazycia.com\/nowa\/wp-json\/wp\/v2\/comments?post=7331"}],"wp:featuredmedia":[{"embeddable":true,"href":"https:\/\/ziolazycia.com\/nowa\/wp-json\/wp\/v2\/media\/9801"}],"wp:attachment":[{"href":"https:\/\/ziolazycia.com\/nowa\/wp-json\/wp\/v2\/media?parent=7331"}],"wp:term":[{"taxonomy":"product_brand","embeddable":true,"href":"https:\/\/ziolazycia.com\/nowa\/wp-json\/wp\/v2\/product_brand?post=7331"},{"taxonomy":"product_cat","embeddable":true,"href":"https:\/\/ziolazycia.com\/nowa\/wp-json\/wp\/v2\/product_cat?post=7331"},{"taxonomy":"product_tag","embeddable":true,"href":"https:\/\/ziolazycia.com\/nowa\/wp-json\/wp\/v2\/product_tag?post=7331"}],"curies":[{"name":"wp","href":"https:\/\/api.w.org\/{rel}","templated":true}]}}