{"id":7328,"date":"2024-02-14T16:06:00","date_gmt":"2024-02-14T15:06:00","guid":{"rendered":"https:\/\/ziolazycia.com\/nowa\/?post_type=product&#038;p=7328"},"modified":"2025-11-26T15:59:08","modified_gmt":"2025-11-26T14:59:08","slug":"olej-z-nasion-maku-250ml-vitamin-bomb","status":"publish","type":"product","link":"https:\/\/ziolazycia.com\/nowa\/product\/olej-z-nasion-maku-250ml-vitamin-bomb\/","title":{"rendered":"Olej makowy (t\u0142oczony na zimno) 250ml Vitamin Bottle"},"content":{"rendered":"<div class=\"product-tab\" data-tab=\"box_description\">\n<div class=\"innerbox\">\n<div class=\"resetcss\">\n<p>W sk\u0142adzie oleju makowego znajdziemy tak\u017ce liczne minera\u0142y: wap\u0144, cynk, potas, mangan, \u017celazo oraz fosfor.<\/p>\n<p><strong>WARTO\u015a\u0106 OD\u017bYWCZA w 100 g<\/strong><\/p>\n<table>\n<tbody>\n<tr>\n<td><strong>Warto\u015b\u0107 energetyczna<\/strong><\/td>\n<td><strong>3695 KJ\/ 899 Kcal<\/strong><\/td>\n<\/tr>\n<tr>\n<td>T\u0142uszcz (g\/100g)<\/td>\n<td>99,9<\/td>\n<\/tr>\n<tr>\n<td>w tym kwasy t\u0142uszczowe nasycone<\/td>\n<td>11,2<\/td>\n<\/tr>\n<tr>\n<td>kwasy t\u0142uszczowe jednonienasycone<\/td>\n<td>16,1<\/td>\n<\/tr>\n<tr>\n<td>kwasy t\u0142uszczowe wielonienasycone<\/td>\n<td>72,6<\/td>\n<\/tr>\n<tr>\n<td>W\u0119glowodany (g\/100g)<\/td>\n<td>&lt;0,03<\/td>\n<\/tr>\n<tr>\n<td>w tym cukry (g\/100g)<\/td>\n<td>&lt;0,03<\/td>\n<\/tr>\n<tr>\n<td>Bia\u0142ko (g\/100g)<\/td>\n<td>&lt;0,2<\/td>\n<\/tr>\n<tr>\n<td>S\u00f3l (g\/100g)<\/td>\n<td>&lt;0,03<\/td>\n<\/tr>\n<tr>\n<td>Witamina E (mg\/100g)<\/td>\n<td>4,6 (38%*)<\/td>\n<\/tr>\n<tr>\n<td>GDA%<\/td>\n<td>7,7<\/td>\n<\/tr>\n<\/tbody>\n<\/table>\n<p>* dzienna referencyjna warto\u015b\u0107 spo\u017cycia<\/p>\n<p><strong>Sk\u0142adniki: <\/strong>100% olej z nasion maku t\u0142oczony na zimno.<\/p>\n<p><strong>Przechowywanie:<\/strong> Olej makowy zaleca si\u0119 przechowywa\u0107 w suchym i ch\u0142odnym miejscu, z dala od \u017ar\u00f3de\u0142 ciep\u0142a i \u015bwiat\u0142a.<\/p>\n<p><strong>Pojemno\u015b\u0107<\/strong>: 250 ml (butelka z ciemnego szk\u0142a)<\/p>\n<p><strong>Wyprodukowano w UE<\/strong>:<br \/>\nVitamin Bottle, 1027 Budapest, Bem J. u. 6., W\u0119gry<\/p>\n<p><strong>Dystrybutor<\/strong>:<br \/>\nBhealthy Ewa Ostachowska, ul. Zeusa 54, 80-299 Gda\u0144sk<\/p>\n<\/div>\n<\/div>\n<\/div>\n","protected":false},"excerpt":{"rendered":"<p>Olej z nasion maku w ponad 90% sk\u0142ada si\u0119 z nienasyconych kwas\u00f3w t\u0142uszczowych. Jest nieocenionym \u017ar\u00f3d\u0142em fitosteroli, witamin\u00a0 A, E\u00a0 oraz witamin z grupy B, takich jak ryboflawina, niacyna, kwas pantotenowy, kwas foliowy, tiamina.<\/p>\n","protected":false},"featured_media":9800,"comment_status":"open","ping_status":"closed","template":"","meta":[],"product_brand":[],"product_cat":[85,120],"product_tag":[],"class_list":{"0":"post-7328","1":"product","2":"type-product","3":"status-publish","4":"has-post-thumbnail","6":"product_cat-oleje-spozywcze","7":"product_cat-oleje-spoz","9":"first","10":"instock","11":"sale","12":"taxable","13":"shipping-taxable","14":"purchasable","15":"product-type-simple"},"_links":{"self":[{"href":"https:\/\/ziolazycia.com\/nowa\/wp-json\/wp\/v2\/product\/7328","targetHints":{"allow":["GET"]}}],"collection":[{"href":"https:\/\/ziolazycia.com\/nowa\/wp-json\/wp\/v2\/product"}],"about":[{"href":"https:\/\/ziolazycia.com\/nowa\/wp-json\/wp\/v2\/types\/product"}],"replies":[{"embeddable":true,"href":"https:\/\/ziolazycia.com\/nowa\/wp-json\/wp\/v2\/comments?post=7328"}],"wp:featuredmedia":[{"embeddable":true,"href":"https:\/\/ziolazycia.com\/nowa\/wp-json\/wp\/v2\/media\/9800"}],"wp:attachment":[{"href":"https:\/\/ziolazycia.com\/nowa\/wp-json\/wp\/v2\/media?parent=7328"}],"wp:term":[{"taxonomy":"product_brand","embeddable":true,"href":"https:\/\/ziolazycia.com\/nowa\/wp-json\/wp\/v2\/product_brand?post=7328"},{"taxonomy":"product_cat","embeddable":true,"href":"https:\/\/ziolazycia.com\/nowa\/wp-json\/wp\/v2\/product_cat?post=7328"},{"taxonomy":"product_tag","embeddable":true,"href":"https:\/\/ziolazycia.com\/nowa\/wp-json\/wp\/v2\/product_tag?post=7328"}],"curies":[{"name":"wp","href":"https:\/\/api.w.org\/{rel}","templated":true}]}}