{"id":7325,"date":"2024-02-14T16:04:04","date_gmt":"2024-02-14T15:04:04","guid":{"rendered":"https:\/\/ziolazycia.com\/nowa\/?post_type=product&#038;p=7325"},"modified":"2025-11-26T15:59:08","modified_gmt":"2025-11-26T14:59:08","slug":"olej-z-gorczycy-wlosy-cialo-twarz-30ml-marocco-product","status":"publish","type":"product","link":"https:\/\/ziolazycia.com\/nowa\/product\/olej-z-gorczycy-wlosy-cialo-twarz-30ml-marocco-product\/","title":{"rendered":"Olej z gorczycy W\u0142osy-Cia\u0142o-Twarz 30ml Beaute Marrakech"},"content":{"rendered":"<div class=\"con1 content\">\n<div><strong>Bogactwo pozyskane z nasion gorczycy.<\/strong><\/p>\n<p>Olej z nasion gorczycy bogaty jest w nienasycone kwasy t\u0142uszczowe &#8211; Omega 3, 6 i 9, witaminy i minera\u0142y. Stymuluje porost w\u0142os\u00f3w, od\u017cywia i wzmacnia sk\u00f3r\u0119 g\u0142owy, przez co zapobiega wypadaniu w\u0142os\u00f3w.<br \/>\nOlej musztardowy wykazuje dzia\u0142anie rozgrzewaj\u0105ce dlatego polecany jest do masa\u017cu cia\u0142a &#8211; pobudza kr\u0105\u017cenie i regeneracj\u0119 sk\u00f3ry. Wysoka zawarto\u015b\u0107 przeciwutleniaczy wyg\u0142adza zmarszczki, poprawia koloryt i uj\u0119drnia sk\u00f3r\u0119.<\/p><\/div>\n<div><\/div>\n<\/div>\n<div><strong>Sk\u0142adniki:<\/strong><\/div>\n<div class=\"con1 content\">\n<div>INCI: 100% Brassica Juncea Seed Oil<\/p>\n<p><strong>Spos\u00f3b u\u017cycia<\/strong>: Dok\u0142adnie wmasowa\u0107 w sk\u00f3r\u0119 g\u0142owy, pozostawiaj\u0105c na ok.30 minut. Do piel\u0119gnacji twarzy u\u017cywa\u0107 po rozcie\u0144czeniu olejem bazowym.<\/div>\n<div><\/div>\n<div><strong>Pojemno\u015b\u0107:<\/strong> 30 ml<\/p>\n<p><strong>Kraj pochodzenia<\/strong>: Pakistan<\/div>\n<div><\/div>\n<\/div>\n<div><strong>Podmiot odpowiedzialny:<\/strong><\/div>\n<div>Maroko Sklep<br \/>\nul. Je\u017cynowa 1<br \/>\n62-002 Suchy Las k\/Poznania<\/div>\n","protected":false},"excerpt":{"rendered":"<h2>OLEJ Z NASION GORCZYCY KOSMETYCZNY 30ml<\/h2>\n<p><strong><br \/>\n* 100% naturalny<\/strong><\/p>\n<p><strong>*\u00a0 t\u0142oczony na zimno<\/strong><\/p>\n<p><strong>*\u00a0 odpowiedni dla wegan<\/strong><\/p>\n","protected":false},"featured_media":9798,"comment_status":"open","ping_status":"closed","template":"","meta":[],"product_brand":[],"product_cat":[82],"product_tag":[],"class_list":{"0":"post-7325","1":"product","2":"type-product","3":"status-publish","4":"has-post-thumbnail","6":"product_cat-kosmetyki-naturalne","8":"first","9":"instock","10":"sale","11":"taxable","12":"shipping-taxable","13":"purchasable","14":"product-type-simple"},"_links":{"self":[{"href":"https:\/\/ziolazycia.com\/nowa\/wp-json\/wp\/v2\/product\/7325","targetHints":{"allow":["GET"]}}],"collection":[{"href":"https:\/\/ziolazycia.com\/nowa\/wp-json\/wp\/v2\/product"}],"about":[{"href":"https:\/\/ziolazycia.com\/nowa\/wp-json\/wp\/v2\/types\/product"}],"replies":[{"embeddable":true,"href":"https:\/\/ziolazycia.com\/nowa\/wp-json\/wp\/v2\/comments?post=7325"}],"wp:featuredmedia":[{"embeddable":true,"href":"https:\/\/ziolazycia.com\/nowa\/wp-json\/wp\/v2\/media\/9798"}],"wp:attachment":[{"href":"https:\/\/ziolazycia.com\/nowa\/wp-json\/wp\/v2\/media?parent=7325"}],"wp:term":[{"taxonomy":"product_brand","embeddable":true,"href":"https:\/\/ziolazycia.com\/nowa\/wp-json\/wp\/v2\/product_brand?post=7325"},{"taxonomy":"product_cat","embeddable":true,"href":"https:\/\/ziolazycia.com\/nowa\/wp-json\/wp\/v2\/product_cat?post=7325"},{"taxonomy":"product_tag","embeddable":true,"href":"https:\/\/ziolazycia.com\/nowa\/wp-json\/wp\/v2\/product_tag?post=7325"}],"curies":[{"name":"wp","href":"https:\/\/api.w.org\/{rel}","templated":true}]}}