{"id":7321,"date":"2024-02-14T16:02:30","date_gmt":"2024-02-14T15:02:30","guid":{"rendered":"https:\/\/ziolazycia.com\/nowa\/?post_type=product&#038;p=7321"},"modified":"2025-11-26T15:59:06","modified_gmt":"2025-11-26T14:59:06","slug":"olej-z-czarnuszki-tloczony-na-zimno-250ml-big-nature","status":"publish","type":"product","link":"https:\/\/ziolazycia.com\/nowa\/product\/olej-z-czarnuszki-tloczony-na-zimno-250ml-big-nature\/","title":{"rendered":"Olej z czarnuszki t\u0142oczony na zimno 250 ml Big Nature"},"content":{"rendered":"<h2><strong>Olejek z czarnuszki to bogactwo substancji prozdrowotnych, w tym takich sk\u0142adnik\u00f3w jak:<\/strong><\/h2>\n<ul>\n<li>nienasycone kwasy t\u0142uszczowe (ok. 85% sk\u0142adu to NNKT), z czego:<\/li>\n<li>ok. 60% to kwas linolowy (omega-6);<\/li>\n<li>ok. 25% to kwas oleinowy (omega-9);<\/li>\n<li>ok. 1% to kwas alfa linolenowy (omega-3);<\/li>\n<li>witamina E;<\/li>\n<li>biotyna;<\/li>\n<li>beta-karoten;<\/li>\n<li>sterole;<\/li>\n<li>przeciwutleniacze;<\/li>\n<li>sole mineralne, takie jak wap\u0144, cynk, mied\u017a, potas, \u017celazo;<\/li>\n<li>tymochinon \u2013 sk\u0142adnik o w\u0142a\u015bciwo\u015bciach przeciwzapalnych, kt\u00f3rego dzia\u0142anie mo\u017cna przyr\u00f3wna\u0107 do aktywno\u015bci aspiryny w dawce 100 mg\/kg;<\/li>\n<li>pozosta\u0142e zwi\u0105zki czynne olejku eterycznego, takie jak np. tymohydrochinon, ditymochinon, p-cymen, nigellon, karwakrol i tymol.<\/li>\n<\/ul>\n<h2><strong>W\u015br\u00f3d w\u0142a\u015bciwo\u015bci leczniczych oleju z czarnuszki, potwierdzonych ponad 800 badaniami naukowymi, mo\u017cemy wymieni\u0107:<\/strong><\/h2>\n<ul>\n<li><strong>dzia\u0142anie antyoksydacyjne<\/strong> \u2013 zar\u00f3wno nasiona, jak i olej z czarnuszki doskonale obni\u017caj\u0105 stres oksydacyjny, co w konsekwencji pomaga w utrzymaniu prawid\u0142owego poziomu ci\u015bnienia t\u0119tniczego krwi oraz t\u0119tna;<\/li>\n<li><strong>dzia\u0142anie immunomoduluj\u0105ce<\/strong> \u2013 to jedna z najwa\u017cniejszych w\u0142a\u015bciwo\u015bci oleju z czarnuszki, kt\u00f3ry nie tylko wspiera prac\u0119 uk\u0142adu odporno\u015bciowego u os\u00f3b z obni\u017con\u0105 odporno\u015bci\u0105 poprzez wzrost liczby kom\u00f3rek odporno\u015bciowych, ale tak\u017ce wspiera leczenie r\u00f3\u017cnego rodzaju chor\u00f3b autoimmunologicznych;<\/li>\n<li><strong>dzia\u0142anie przeciwalergiczne<\/strong> \u2013 olejek z czarnuszki to wed\u0142ug lekarzy naturalny spos\u00f3b na walk\u0119 z objawami alergii, co ma zwi\u0105zek z zawarto\u015bci\u0105 tymochinonu. W przeciwie\u0144stwie do lek\u00f3w antyhistaminowych \u0142agodz\u0105cych katar sienny olejek z czarnuszki nie wywo\u0142uje skutk\u00f3w ubocznych;<\/li>\n<li><strong>naturalne wsparcie dolegliwo\u015bci uk\u0142adu pokarmowego<\/strong> \u2013 olejek z czarnuszki mo\u017ce \u0142agodzi\u0107 takie problemy jak refluks, wrzody \u017co\u0142\u0105dka i dwunastnicy, a tak\u017ce zatrucie pokarmowe. Mo\u017ce te\u017c korzystnie wp\u0142ywa\u0107 na prac\u0119 w\u0105troby i chroni\u0107 przed bakteri\u0105 Helicobacter pylori odpowiedzialn\u0105 za rozw\u00f3j choroby wrzodowej;<\/li>\n<li><strong>korzystny wp\u0142yw na spadek poziomu cholesterolu oraz cukru we krwi<\/strong> \u2013 dzi\u0119ki tym cennym w\u0142a\u015bciwo\u015bciom olejku z czarnuszki mo\u017ce on przyczynia\u0107 si\u0119 do zahamowania procesu rozwoju takich schorze\u0144 przewlek\u0142ych jak m.in. cukrzyca typu II, mia\u017cd\u017cyca oraz wiele chor\u00f3b uk\u0142adu sercowo-naczyniowego;<\/li>\n<li><strong>dzia\u0142anie hipotensyjne<\/strong> \u2013 olejek z czarnuszki mo\u017ce w niewielkim stopniu obni\u017ca\u0107 ci\u015bnienie t\u0119tnicze, dzi\u0119ki czemu jest on polecany osobom zmagaj\u0105cym si\u0119 z nadci\u015bnieniem;<\/li>\n<li><strong>w\u0142a\u015bciwo\u015bci przeciwb\u00f3lowe i rozkurczowe<\/strong>;<\/li>\n<li><strong>dzia\u0142anie przeciwgrzybicze i przeciwpaso\u017cytnicze<\/strong> \u2013 olej z czarnuszki mo\u017ce okaza\u0107 si\u0119 pomocny w zwalczaniu m.in. tasiemca i owsik\u00f3w;<\/li>\n<li><strong>dzia\u0142anie antybakteryjne;<\/strong><\/li>\n<li><strong>w\u0142a\u015bciwo\u015bci mukolityczne (rozrzedzaj\u0105ce wydzielin\u0119)<\/strong> \u2013 olejek z czarnuszki skraca czas leczenia chor\u00f3b g\u00f3rnych dr\u00f3g oddechowych, jak np. zapalenia oskrzeli.<\/li>\n<li><strong>potencjalne w\u0142a\u015bciwo\u015bci antynowotworowe<\/strong> \u2013 coraz wi\u0119cej m\u00f3wi si\u0119 o tym, \u017ce olejek z czarnuszki jest w stanie zatrzyma\u0107 rozw\u00f3j kom\u00f3rek nowotworowych, a nawet je niszczy\u0107.<\/li>\n<\/ul>\n<h2><strong>Zastosowania kosmetyczne oleju z czarnuszki:<\/strong><\/h2>\n<p>Olej na\u0142o\u017cony bezpo\u015brednio na sk\u00f3r\u0119 chroni j\u0105 przed oparzeniami s\u0142onecznymi, a tak\u017ce \u0142agodzi podra\u017cnienia lub drobne rany sk\u00f3rne. Ponadto, stosowany na twarz mo\u017ce wspom\u00f3c leczenie dolegliwo\u015bci dermatologicznych, takich jak np. tr\u0105dzik m\u0142odzie\u0144czy, liszaj czy te\u017c atopowe zapalenie sk\u00f3ry (AZS). Olejek z czarnuszki doskonale nawil\u017ca sk\u00f3r\u0119 twarzy, a za spraw\u0105 du\u017cej zawarto\u015bci antyoksydant\u00f3w &#8211; skutecznie op\u00f3\u017ania proces starzenia si\u0119 sk\u00f3ry. Dlatego polecany jest do codziennej piel\u0119gnacji sk\u00f3ry suchej i dojrza\u0142ej. Olej z czarnuszki mo\u017cemy stosowa\u0107 r\u00f3wnie\u017c bezpo\u015brednio na w\u0142osy dla z\u0142agodzenia objaw\u00f3w \u0142upie\u017cu.<\/p>\n<p><strong>Smak:<\/strong> specyficzny, nieco korzenny i bardzo wyrazisty. Niekt\u00f3rym mo\u017ce kojarzy\u0107 si\u0119 z pieprzem. Olej ma g\u0119st\u0105 konsystencj\u0119 oraz miodowy lub ciemnobr\u0105zowy kolor.<\/p>\n<p><strong>Spos\u00f3b u\u017cycia:<\/strong><br \/>\n<strong>Dzieci<\/strong> poni\u017cej 1 roku \u017cycia &#8211; kilka kropli. Dzieci powy\u017cej 1 roku \u017cycia &#8211; dawk\u0119 mo\u017cna zwi\u0119kszy\u0107 do \u00bc \u0142y\u017ceczki. Stopniowo zwi\u0119kszamy dawk\u0119 do jednej \u0142y\u017ceczki w momencie uko\u0144czenia przez dziecko 6 roku \u017cycia.<\/p>\n<p><strong>Doro\u015bli:<\/strong> 1-2 \u0142y\u017cki oleju dziennie (przed posi\u0142kiem).<\/p>\n<p><strong>Przeciwwskazania i \u015brodki ostro\u017cno\u015bci:<\/strong><br \/>\nSpo\u017cywanie oleju z czarnuszki nie jest zalecane w przypadku kobiet w ci\u0105\u017cy ze wzgl\u0119du na jego dzia\u0142anie przeciwskurczowe (potencjalne spowolnienie lub ca\u0142kowite zatrzymanie skurcz\u00f3w macicy). Olej z czarnuszki nie jest tak\u017ce zalecany kobietom karmi\u0105cym, jako \u017ce zawarte w nim fitoestrogeny mog\u0105 zaburzy\u0107 prawid\u0142owy przebieg procesu laktacji.<\/p>\n<p>Ze wzgl\u0119du na fakt, \u017ce olej z czarnuszki mo\u017ce obni\u017ca\u0107 ci\u015bnienie krwi, nie jest on zalecany tak\u017ce osobom z niedoci\u015bnieniem t\u0119tniczym (hipotensj\u0105). Osoby za\u017cywaj\u0105ce leki (np. na nadci\u015bnienie) powinny skonsultowa\u0107 z lekarzem, czy spo\u017cywanie produkt\u00f3w z czarnuszki nie wchodzi z nimi w interakcj\u0119.<\/p>\n<h2>Warto\u015bci od\u017cywcze oleju z czarnuszki:<\/h2>\n<table class=\"table\">\n<thead>\n<tr>\n<th>Warto\u015bci od\u017cywcze:<\/th>\n<th>w 100 ml<\/th>\n<\/tr>\n<\/thead>\n<tbody>\n<tr>\n<td><strong>Warto\u015bci energetyczne:<\/strong><\/td>\n<td>3760 kJ\/900 kcal<\/td>\n<\/tr>\n<tr class=\"trClean-first\">\n<td><strong>T\u0142uszcze<\/strong><\/td>\n<td>99,8 g<\/td>\n<\/tr>\n<tr class=\"trClean\">\n<td>w tym kwasy t\u0142uszczowe nasycone<\/td>\n<td>15,5 g<\/td>\n<\/tr>\n<tr class=\"trClean\">\n<td>w tym kwasy t\u0142uszczowe jednonienasycone<\/td>\n<td>20,4 g<\/td>\n<\/tr>\n<tr class=\"trClean\">\n<td>w tym kwasy t\u0142uszczowe wielonienasycone<\/td>\n<td>62,6 g<\/td>\n<\/tr>\n<tr class=\"trClean-first\">\n<td><strong>W\u0119glowodany<\/strong><\/td>\n<td>0 g<\/td>\n<\/tr>\n<tr class=\"trClean trClean-last\">\n<td>w tym cukry<\/td>\n<td>0 g<\/td>\n<\/tr>\n<tr>\n<td><strong>Bia\u0142ko<\/strong><\/td>\n<td>0 g<\/td>\n<\/tr>\n<tr>\n<td><strong>S\u00f3l<\/strong><\/td>\n<td>0 g<\/td>\n<\/tr>\n<\/tbody>\n<\/table>\n<p>&nbsp;<\/p>\n<p><strong>Pojemno\u015b\u0107:<\/strong> 250 ml (butelka z ciemnego szk\u0142a)<\/p>\n<p><b>Kraj pochodzenia:\u00a0<\/b>Syria<\/p>\n<p><strong>Wyprodukowano dla:<\/strong><br \/>\nMix Brands Sp z o.o.<br \/>\nul. Odlewnicza 7 03231 Warszawa<\/p>\n","protected":false},"excerpt":{"rendered":"<p><strong>Olej z czarnuszki (\u0142ac. Oleum Nigellae Sativae) to produkt pozyskiwany z nasion czarnuszki siewnej, kt\u00f3ra ro\u015bnie g\u0142\u00f3wnie w Europie Wschodniej oraz zachodniej cz\u0119\u015bci Azji.<\/strong> Co ciekawe, zar\u00f3wno nasiona czarnuszki, jak i wyt\u0142aczany z nich na zimno olej znane s\u0105 w medycynie ajurwedyjskiej i chi\u0144skiej ju\u017c od czas\u00f3w staro\u017cytno\u015bci. Staro\u017cytni Grecy, Rzymianie i Egipcjanie wykorzystywali czarnuszk\u0119 m.in. jako przypraw\u0119, dzi\u0119ki kt\u00f3rej podkre\u015blali smak r\u00f3\u017cnych potraw, jak r\u00f3wnie\u017c jako lek na wiele schorze\u0144.<\/p>\n","protected":false},"featured_media":9795,"comment_status":"open","ping_status":"closed","template":"","meta":[],"product_brand":[],"product_cat":[85,120],"product_tag":[],"class_list":{"0":"post-7321","1":"product","2":"type-product","3":"status-publish","4":"has-post-thumbnail","6":"product_cat-oleje-spozywcze","7":"product_cat-oleje-spoz","9":"first","10":"instock","11":"sale","12":"taxable","13":"shipping-taxable","14":"purchasable","15":"product-type-simple"},"_links":{"self":[{"href":"https:\/\/ziolazycia.com\/nowa\/wp-json\/wp\/v2\/product\/7321","targetHints":{"allow":["GET"]}}],"collection":[{"href":"https:\/\/ziolazycia.com\/nowa\/wp-json\/wp\/v2\/product"}],"about":[{"href":"https:\/\/ziolazycia.com\/nowa\/wp-json\/wp\/v2\/types\/product"}],"replies":[{"embeddable":true,"href":"https:\/\/ziolazycia.com\/nowa\/wp-json\/wp\/v2\/comments?post=7321"}],"wp:featuredmedia":[{"embeddable":true,"href":"https:\/\/ziolazycia.com\/nowa\/wp-json\/wp\/v2\/media\/9795"}],"wp:attachment":[{"href":"https:\/\/ziolazycia.com\/nowa\/wp-json\/wp\/v2\/media?parent=7321"}],"wp:term":[{"taxonomy":"product_brand","embeddable":true,"href":"https:\/\/ziolazycia.com\/nowa\/wp-json\/wp\/v2\/product_brand?post=7321"},{"taxonomy":"product_cat","embeddable":true,"href":"https:\/\/ziolazycia.com\/nowa\/wp-json\/wp\/v2\/product_cat?post=7321"},{"taxonomy":"product_tag","embeddable":true,"href":"https:\/\/ziolazycia.com\/nowa\/wp-json\/wp\/v2\/product_tag?post=7321"}],"curies":[{"name":"wp","href":"https:\/\/api.w.org\/{rel}","templated":true}]}}