{"id":7317,"date":"2024-02-14T15:58:47","date_gmt":"2024-02-14T14:58:47","guid":{"rendered":"https:\/\/ziolazycia.com\/nowa\/?post_type=product&#038;p=7317"},"modified":"2025-11-26T15:59:06","modified_gmt":"2025-11-26T14:59:06","slug":"okulary-ajurwedyjskie","status":"publish","type":"product","link":"https:\/\/ziolazycia.com\/nowa\/product\/okulary-ajurwedyjskie\/","title":{"rendered":"Okulary ajurwedyjskie"},"content":{"rendered":"<section class=\"section\">\n<div class=\"item item-6\">\n<section class=\"text-item\">Okulary ajurwedyjskie to okulary z soczewk\u0105 z ma\u0142ymi otworkami, kt\u00f3re maj\u0105 poprawi\u0107 widzenie poprzez trening mi\u0119\u015bni oka. Soczewka z otworami ogranicza pole widzenia, co wymusza skupienie si\u0119 oczu na centralnym obrazie. Dzi\u0119ki temu mi\u0119\u015bnie oka s\u0105 stymulowane do pracy, a wzrok si\u0119 poprawia.Budowa okular\u00f3w ajurwedyjskich jest oparta na zasadach Ajurwedy. Zosta\u0142y one po raz pierwszy opisane w staro\u017cytnym traktacie medycznym Charaka Samhita. W Ajurwedzie uwa\u017ca si\u0119, \u017ce wzrok jest uzale\u017cniony od stanu mi\u0119\u015bni oka. Gdy mi\u0119\u015bnie oka s\u0105 os\u0142abione, wzrok si\u0119 pogarsza. Celem noszenia okular\u00f3w ajurwedyjskich jest wzmocnienie mi\u0119\u015bni oka i popraw\u0119 widzenia.Korzystanie z okular\u00f3w ajurwedyjskich mo\u017ce by\u0107 pomocne przy r\u00f3\u017cnorodnych wadach wzroku:<\/p>\n<ul>\n<li aria-level=\"1\">kr\u00f3tkowzroczno\u015b\u0107<\/li>\n<li aria-level=\"1\">dalekowzroczno\u015b\u0107<\/li>\n<li aria-level=\"1\">starczowzroczno\u015b\u0107<\/li>\n<li aria-level=\"1\">za\u0107ma<\/li>\n<li aria-level=\"1\">astygmatyzm<\/li>\n<li aria-level=\"1\">zm\u0119czenie wzroku<\/li>\n<li aria-level=\"1\">zez u dzieci<\/li>\n<\/ul>\n<p>Okulary ajurwedyjskie mog\u0105 przyczynia\u0107 si\u0119 do poprawy widzenia poprzez:<\/p>\n<ul>\n<li aria-level=\"1\">wzmocnienie mi\u0119\u015bni oka<\/li>\n<li aria-level=\"1\">popraw\u0119 ostro\u015bci widzenia<\/li>\n<li aria-level=\"1\">zmniejszenie zm\u0119czenia wzroku<\/li>\n<li aria-level=\"1\">zapobieganie pogorszeniu wzroku<\/li>\n<\/ul>\n<p><strong>Spos\u00f3b u\u017cycia<\/strong>: Okulary ajurwedyjskie nale\u017cy nosi\u0107 regularnie. Pocz\u0105tkowo np. po 15-20 minut dziennie. Czas noszenia okular\u00f3w nale\u017cy stopniowo zwi\u0119ksza\u0107, aby oczy mog\u0142y si\u0119 do nich przyzwyczai\u0107, do 2-3 godzin dziennie. Podczas noszenia okular\u00f3w unikaj patrzenia w jasne \u015bwiat\u0142o, np. w s\u0142o\u0144ce.Po zdj\u0119ciu okular\u00f3w oczy mog\u0105 by\u0107 lekko podra\u017cnione. Jest to normalne zjawisko, kt\u00f3re powinno ust\u0105pi\u0107 po kilku minutach.<\/p>\n<p>Okulary ajurwedyjskie s\u0105 metod\u0105 nieinwazyjn\u0105 i naturaln\u0105, kt\u00f3ra mo\u017ce poprawi\u0107 widzenie. Chocia\u017c nie ma wystarczaj\u0105cych bada\u0144 naukowych, kt\u00f3re potwierdza\u0142yby ich skuteczno\u015b\u0107, pozytywne opinie os\u00f3b, kt\u00f3re stosowa\u0142y te okulary, wskazuj\u0105, \u017ce mog\u0105 by\u0107 one skuteczne w niekt\u00f3rych przypadkach.<\/p>\n<\/section>\n<\/div>\n<\/section>\n<section class=\"section\">\n<div class=\"item item-6\">\n<section class=\"text-item\">\u00a0<\/section>\n<\/div>\n<\/section>\n<p data-sourcepos=\"14:1-14:144\">\n","protected":false},"excerpt":{"rendered":"<h2>Okulary ajurwedyjskie poprawiaj\u0105ce wzrok<\/h2>\n<p>Okulary ajurwedyjskie to alternatywny spos\u00f3b na popraw\u0119 problem\u00f3w ze wzrokiem. Natychmiast po ich mo\u017cesz zobaczy\u0107 wyra\u017aniejszy obraz i bardziej intensywne kolory.<\/p>\n","protected":false},"featured_media":9794,"comment_status":"open","ping_status":"closed","template":"","meta":[],"product_brand":[],"product_cat":[80],"product_tag":[],"class_list":{"0":"post-7317","1":"product","2":"type-product","3":"status-publish","4":"has-post-thumbnail","6":"product_cat-akcesoria","8":"first","9":"outofstock","10":"sale","11":"taxable","12":"shipping-taxable","13":"purchasable","14":"product-type-simple"},"_links":{"self":[{"href":"https:\/\/ziolazycia.com\/nowa\/wp-json\/wp\/v2\/product\/7317","targetHints":{"allow":["GET"]}}],"collection":[{"href":"https:\/\/ziolazycia.com\/nowa\/wp-json\/wp\/v2\/product"}],"about":[{"href":"https:\/\/ziolazycia.com\/nowa\/wp-json\/wp\/v2\/types\/product"}],"replies":[{"embeddable":true,"href":"https:\/\/ziolazycia.com\/nowa\/wp-json\/wp\/v2\/comments?post=7317"}],"wp:featuredmedia":[{"embeddable":true,"href":"https:\/\/ziolazycia.com\/nowa\/wp-json\/wp\/v2\/media\/9794"}],"wp:attachment":[{"href":"https:\/\/ziolazycia.com\/nowa\/wp-json\/wp\/v2\/media?parent=7317"}],"wp:term":[{"taxonomy":"product_brand","embeddable":true,"href":"https:\/\/ziolazycia.com\/nowa\/wp-json\/wp\/v2\/product_brand?post=7317"},{"taxonomy":"product_cat","embeddable":true,"href":"https:\/\/ziolazycia.com\/nowa\/wp-json\/wp\/v2\/product_cat?post=7317"},{"taxonomy":"product_tag","embeddable":true,"href":"https:\/\/ziolazycia.com\/nowa\/wp-json\/wp\/v2\/product_tag?post=7317"}],"curies":[{"name":"wp","href":"https:\/\/api.w.org\/{rel}","templated":true}]}}