{"id":7315,"date":"2024-02-14T15:57:21","date_gmt":"2024-02-14T14:57:21","guid":{"rendered":"https:\/\/ziolazycia.com\/nowa\/?post_type=product&#038;p=7315"},"modified":"2025-11-26T15:59:06","modified_gmt":"2025-11-26T14:59:06","slug":"odzywka-wygladzajaca-60g","status":"publish","type":"product","link":"https:\/\/ziolazycia.com\/nowa\/product\/odzywka-wygladzajaca-60g\/","title":{"rendered":"Od\u017cywka wyg\u0142adzaj\u0105ca 60g Bethru"},"content":{"rendered":"<div id=\"tab1\" class=\"rte rte--expanded-images clearfix row tab-content tab-content--active product-description__no-expand\">\n<p>Inulina, znajduj\u0105ca si\u0119 w sk\u0142adzie kostki, u\u0142atwia rozczesywanie trudnych do uk\u0142adania w\u0142os\u00f3w oraz ich stylizacj\u0119, nadaj\u0105c im spr\u0119\u017cysto\u015bci i mi\u0119kko\u015bci. Wszystkie sk\u0142adniki s\u0105 naturalne, a g\u0142\u00f3wne sk\u0142adniki ro\u015blinne &#8211; to mas\u0142o kakaowe i oliwa.<\/p>\n<p><strong>Zapach: b<\/strong>ergamotka, zio\u0142a, ja\u015bmin, paczula, kwiatowy.<\/p>\n<p><strong>Spos\u00f3b u\u017cycia<\/strong>: zwil\u017c kostk\u0119 wod\u0105 i masuj\u0105c j\u0105 w d\u0142oniach wytw\u00f3rz emulsj\u0119, kt\u00f3r\u0105 nast\u0119pnie wmasuj we w\u0142osy. Zwil\u017con\u0105 kostk\u0119 mo\u017cesz te\u017c bezpo\u015brednio wmasowa\u0107 we w\u0142osy. Pozostaw na par\u0119 minut i sp\u0142ucz w\u0142osy ciep\u0142\u0105 wod\u0105.<br \/>\n<strong><br \/>\n<\/strong><b>Uwagi:<\/b> do przechowywania zalecamy u\u017cywanie naszych akcesori\u00f3w, takich jak uchwyt prysznicowy na kostk\u0119 lub podk\u0142adka na kostk\u0119 Luffa. Uchwyt prysznicowy na kostk\u0119 b\u0119dzie s\u0142u\u017cy\u0142 znacznie d\u0142u\u017cej, poniewa\u017c dzi\u0119ki temu kostka pozostanie sucha.<\/p>\n<p><strong>Sk\u0142adniki:<br \/>\nINCI<\/strong>: Cetearyl Alkohol, Sodium Coco Sulfate, Xanthan, Glycerin, Butyrospermum Parkii Butter, Prunus Amygdalus Dulcis Oil, Glucose, Inulin, Citric Acid, Hydrated Silica, Tapioca Starch, Talc, Theobroma Cacao Seed Butter, Lauryl\/Myristyl Polyricinoleate, Parfum, Aloe Barbadensis Leaf Juice, Tocopherol, Limonene, Linalool.<\/p>\n<p><strong><br \/>\nPodmiot odpowiedzialny:<\/strong><br \/>\nBethru Sp. z o.o.<br \/>\nul.Sportowa 20, 97-410 Kleszcz\u00f3w<\/p>\n<\/div>\n","protected":false},"excerpt":{"rendered":"<h2>Od\u017cywka wyg\u0142adzaj\u0105ca w kostce Bethru jest warto\u015bciowym produktem do zastosowania po umyciu w\u0142os\u00f3w.<\/h2>\n<p>Od\u017cywka Bethru dba nie tylko o w\u0142osy, ale tak\u017ce o sk\u00f3r\u0119 g\u0142owy<\/p>\n","protected":false},"featured_media":9793,"comment_status":"open","ping_status":"closed","template":"","meta":[],"product_brand":[],"product_cat":[82],"product_tag":[],"class_list":{"0":"post-7315","1":"product","2":"type-product","3":"status-publish","4":"has-post-thumbnail","6":"product_cat-kosmetyki-naturalne","8":"first","9":"outofstock","10":"sale","11":"taxable","12":"shipping-taxable","13":"purchasable","14":"product-type-simple"},"_links":{"self":[{"href":"https:\/\/ziolazycia.com\/nowa\/wp-json\/wp\/v2\/product\/7315","targetHints":{"allow":["GET"]}}],"collection":[{"href":"https:\/\/ziolazycia.com\/nowa\/wp-json\/wp\/v2\/product"}],"about":[{"href":"https:\/\/ziolazycia.com\/nowa\/wp-json\/wp\/v2\/types\/product"}],"replies":[{"embeddable":true,"href":"https:\/\/ziolazycia.com\/nowa\/wp-json\/wp\/v2\/comments?post=7315"}],"wp:featuredmedia":[{"embeddable":true,"href":"https:\/\/ziolazycia.com\/nowa\/wp-json\/wp\/v2\/media\/9793"}],"wp:attachment":[{"href":"https:\/\/ziolazycia.com\/nowa\/wp-json\/wp\/v2\/media?parent=7315"}],"wp:term":[{"taxonomy":"product_brand","embeddable":true,"href":"https:\/\/ziolazycia.com\/nowa\/wp-json\/wp\/v2\/product_brand?post=7315"},{"taxonomy":"product_cat","embeddable":true,"href":"https:\/\/ziolazycia.com\/nowa\/wp-json\/wp\/v2\/product_cat?post=7315"},{"taxonomy":"product_tag","embeddable":true,"href":"https:\/\/ziolazycia.com\/nowa\/wp-json\/wp\/v2\/product_tag?post=7315"}],"curies":[{"name":"wp","href":"https:\/\/api.w.org\/{rel}","templated":true}]}}