{"id":731,"date":"2022-11-25T08:37:49","date_gmt":"2022-11-25T07:37:49","guid":{"rendered":"https:\/\/ziolazycia.com\/nowa\/?post_type=product&#038;p=731"},"modified":"2025-11-26T15:58:14","modified_gmt":"2025-11-26T14:58:14","slug":"mieszanka-olejkow-eterycznych-doterra-deep-blue-5-ml","status":"publish","type":"product","link":"https:\/\/ziolazycia.com\/nowa\/product\/mieszanka-olejkow-eterycznych-doterra-deep-blue-5-ml\/","title":{"rendered":"doTERRA Mieszanka olejk\u00f3w eterycznych DEEP BLUE (Mieszanka Koj\u0105ca) 5 ml \u00a0"},"content":{"rendered":"<div class=\"_5pbx userContent _3576\" data-testid=\"post_message\" data-ft=\"{&quot;tn&quot;:&quot;K&quot;}\">\n<div class=\"text_exposed_root text_exposed\">\n<p><strong>Sk\u0142adniki: <\/strong>Olejek z li\u015bci\/\u0142odyg mi\u0119ty kanadyjskiej (Mentha canadensis), olejek z li\u015bci\/\u0142odyg rozmarynu (Rosmarinus officinalis), olejek z \u017cywicy Copaifera coriacea\/langsdorffii\/officinalis\/reticulata, olejek z owoc\u00f3w\/nasion any\u017cu gwia\u017adzistego (Illicium verum), olejek z mi\u0119ty cytrynowej (Mentha citrata), olejek z mi\u0119ty pieprzowej (Mentha piperita), olejek z li\u015bci eukaliptusa ga\u0142kowego (Eucalyptus globulus), olejek z li\u015bci drzewa herbacianego (Melaleuca alternifolia), Olejek z kwiat\u00f3w\/li\u015bci\/\u0142odyg kocanki w\u0142oskiej (Helichrysum italicum), Olejek z kwiat\u00f3w\/li\u015bci\/\u0142odyg wrotycza maroka\u0144skiego (Tanacetum annuum) olejek z rumianku pospolitego (Chamomilla recutita (Matricaria), olejek z kwiat\u00f3w\/li\u015bci\/\u0142odygi golterii (Gaultheria procumbens), linalol*, limonen*<\/p>\n<p>* Naturalnie wyst\u0119puj\u0105ce zwi\u0105zki oleju.<\/p>\n<p><strong>Aromat: <\/strong>mi\u0119towy, kamforowy.<\/p>\n<h2>Spos\u00f3b u\u017cycia mieszanki doTERRA Deep Blue:<\/h2>\n<p>Nak\u0142adaj na stopy i kolana przed i po treningu.<br \/>\nPrzed snem wmasuj Deep Blue kilkoma kroplami olejku no\u015bnikowego na nogi rosn\u0105cych dzieci.<br \/>\nPocieraj ciemnoniebieskie mi\u0119\u015bnie dolnej cz\u0119\u015bci plec\u00f3w po dniu ci\u0119\u017ckiego podnoszenia w pracy lub podczas ruchu.<br \/>\nZastosowanie miejscowe: Zastosuj do \u017c\u0105danego obszaru. Rozcie\u0144czy\u0107 frakcjonowanym olejem kokosowym doTERRA, aby zminimalizowa\u0107 wra\u017cliwo\u015b\u0107 sk\u00f3ry.<\/p>\n<h2>Korzy\u015bci stosowania mieszanki Deep Blue:<strong><br \/>\n<\/strong><\/h2>\n<ul>\n<li>mieszanka olejk\u00f3w koj\u0105cych i ch\u0142odz\u0105cych,<\/li>\n<li>wskazany produkt do masa\u017cu regeneruj\u0105cego stawy<\/li>\n<li>obola\u0142e mi\u0119\u015bnie,<\/li>\n<li>kontuzje<\/li>\n<\/ul>\n<p><strong>\u015arodki ostro\u017cno\u015bci<\/strong>: Mo\u017cliwa wra\u017cliwo\u015b\u0107 sk\u00f3ry. Trzyma\u0107 poza zasi\u0119giem dzieci. Je\u015bli jeste\u015b w ci\u0105\u017cy, karmisz piersi\u0105 lub jeste\u015b pod opiek\u0105 lekarza, skonsultuj si\u0119 z lekarzem. Unikaj kontaktu z oczami, uszami wewn\u0119trznymi i wra\u017cliwymi obszarami.<\/p>\n<p><strong>Mo\u017cesz ten olejek wykorzysta\u0107 do masa\u017cu w po\u0142\u0105czeniu z innymi olejkami.<\/strong><\/p>\n<p>Pojemno\u015b\u0107: 5 ml (buteleczka z ciemnego szk\u0142a).<\/p>\n<p><strong>UWAGA:<\/strong><\/p>\n<div id=\"box_description\" class=\"box tab\">\n<div class=\"innerbox\">\n<div class=\"resetcss\">\n<p><span style=\"font-size: 8pt;\">Opis i w\u0142a\u015bciwo\u015bci olejk\u00f3w opisane na stronie maj\u0105 wy\u0142\u0105cznie charakter informacyjny. W razie choroby lub problem\u00f3w ze zdrowiem skontaktuj si\u0119 z lekarzem i zastosuj si\u0119 do jego zalece\u0144 i wskaz\u00f3wek. W \u017cadnym wypadku kuracje olejkami nie zast\u0119puj\u0105 leczenia prowadzonego przez lekarza. Olejki nie s\u0105 lekami, suplementami diety ani \u017cywno\u015bci\u0105 specjalnego przeznaczenia! Zastosowanie produkt\u00f3w, olejk\u00f3w le\u017c\u0105 wy\u0142\u0105cznie w gestii, inwencji kupuj\u0105cego. Olejki doTERRA posiadaj\u0105 certyfikat doTERRA CPTG Certified Pure Tested Grade\u00ae. Olejki te s\u0105 czystymi, naturalnymi aromatycznymi zwi\u0105zkami starannie wyekstrahowanymi z ro\u015blin. Nie zawieraj\u0105 sztucznych sk\u0142adnik\u00f3w ani wype\u0142niaczy, kt\u00f3re os\u0142abi\u0142yby ich czynne w\u0142a\u015bciwo\u015bci oraz nie zawieraj\u0105 zanieczyszcze\u0144 i innych pozosta\u0142o\u015bci chemicznych. Certyfikat ten oznacza, \u017ce olejek zosta\u0142 poddany rygorystycznym procesom testowym, kt\u00f3re oceniaj\u0105 czysto\u015b\u0107 i moc olejk\u00f3w eterycznych. Je\u015bli oleje zostan\u0105 przetestowane w systemie CPTG i oka\u017c\u0105 si\u0119 czyste i mocne, s\u0105 one nast\u0119pnie sprzedawane jako pojedyncze oleje lub stosowane w mieszankach olejk\u00f3w eterycznych, takich jak mieszanka doTERRA Purify.<\/span><\/p>\n<p><strong>Producent:<\/strong> doTERRA.<\/p>\n<\/div>\n<\/div>\n<\/div>\n<\/div>\n<\/div>\n","protected":false},"excerpt":{"rendered":"<p>doTERRA Deep Blue doskonale nadaje si\u0119 do koj\u0105cego masa\u017cu po d\u0142ugim dniu pracy. Wintergreen, kamfora, mi\u0119ta pieprzowa, ylang-ylang, helichrysum, niebieski wrotycz pospolity, niebieski rumianek i osmantus dzia\u0142aj\u0105 razem, aby uspokoi\u0107 i och\u0142odzi\u0107. Po d\u0142ugich godzinach sp\u0119dzonych przy komputerze, spr\u00f3buj natrze\u0107 zastrze\u017con\u0105 mieszank\u0119 Deep Blue palce, nadgarstki, ramiona i szyj\u0119. Kilka kropli Deep Blue Soothing Blend rozcie\u0144czonej w frakcjonowanym oleju kokosowym doTERRA mo\u017ce by\u0107 cz\u0119\u015bci\u0105 ch\u0142odz\u0105cego i koj\u0105cego masa\u017cu.<\/p>\n","protected":false},"featured_media":9361,"comment_status":"closed","ping_status":"closed","template":"","meta":[],"product_brand":[],"product_cat":[70,122,67,119],"product_tag":[],"class_list":{"0":"post-731","1":"product","2":"type-product","3":"status-publish","4":"has-post-thumbnail","6":"product_cat-doterra-mieszanki-olejkow-eterycznych","7":"product_cat-doterra-miesz-oe","8":"product_cat-produkty-doterra","9":"product_cat-doterra-produkty","11":"first","12":"instock","13":"taxable","14":"shipping-taxable","15":"purchasable","16":"product-type-simple"},"_links":{"self":[{"href":"https:\/\/ziolazycia.com\/nowa\/wp-json\/wp\/v2\/product\/731","targetHints":{"allow":["GET"]}}],"collection":[{"href":"https:\/\/ziolazycia.com\/nowa\/wp-json\/wp\/v2\/product"}],"about":[{"href":"https:\/\/ziolazycia.com\/nowa\/wp-json\/wp\/v2\/types\/product"}],"replies":[{"embeddable":true,"href":"https:\/\/ziolazycia.com\/nowa\/wp-json\/wp\/v2\/comments?post=731"}],"wp:featuredmedia":[{"embeddable":true,"href":"https:\/\/ziolazycia.com\/nowa\/wp-json\/wp\/v2\/media\/9361"}],"wp:attachment":[{"href":"https:\/\/ziolazycia.com\/nowa\/wp-json\/wp\/v2\/media?parent=731"}],"wp:term":[{"taxonomy":"product_brand","embeddable":true,"href":"https:\/\/ziolazycia.com\/nowa\/wp-json\/wp\/v2\/product_brand?post=731"},{"taxonomy":"product_cat","embeddable":true,"href":"https:\/\/ziolazycia.com\/nowa\/wp-json\/wp\/v2\/product_cat?post=731"},{"taxonomy":"product_tag","embeddable":true,"href":"https:\/\/ziolazycia.com\/nowa\/wp-json\/wp\/v2\/product_tag?post=731"}],"curies":[{"name":"wp","href":"https:\/\/api.w.org\/{rel}","templated":true}]}}