{"id":7301,"date":"2024-02-14T15:50:28","date_gmt":"2024-02-14T14:50:28","guid":{"rendered":"https:\/\/ziolazycia.com\/nowa\/?post_type=product&#038;p=7301"},"modified":"2025-11-26T15:59:06","modified_gmt":"2025-11-26T14:59:06","slug":"revers-mascara-z-olejem-konopnym","status":"publish","type":"product","link":"https:\/\/ziolazycia.com\/nowa\/product\/revers-mascara-z-olejem-konopnym\/","title":{"rendered":"Revers Cosmetics Hemp Seed Oil CBD Mascara Tusz do rz\u0119s z olejem konopnym 12ml"},"content":{"rendered":"<div id=\"description\" class=\"tab-pane fade js-product-tab-active active in\" role=\"tabpanel\" aria-expanded=\"true\">\n<div class=\"product-description\">\n<div class=\"rte\">\n<p>Silikonowa szczoteczka jest doskonale wyprofilowana. Dzi\u0119ki temu precyzyjnie rozczesuje rz\u0119sy i pozwala dotrze\u0107 do najtrudniej dost\u0119pnych miejsc takich, jak k\u0105ciki oczu.<\/p>\n<p><strong>Naturalny olej konopny<\/strong> pozyskiwany jest z nasion konopi siewnych (Cannabis sativa). Charakteryzuje si\u0119 on silnymi w\u0142a\u015bciwo\u015bciami piel\u0119gnacyjnymi, regeneracyjnymi i ochronnymi. Niemal 80 procent sk\u0142adnik\u00f3w zawartych w oleju konopnym to niezb\u0119dne nienasycone kwasy t\u0142uszczowe. S\u0105 to przede wszystkim kwasy omega \u2013 3 i omega \u2013 6 w stosunku 1:3. Olej z nasion konopi siewnych to r\u00f3wnie\u017c cenne \u017ar\u00f3d\u0142o witamin rozpuszczalnych w t\u0142uszczach (A, E, D, K), a tak\u017ce kwas\u00f3w, aminokwas\u00f3w i minera\u0142\u00f3w.<\/p>\n<h2><strong>Hemp Seed Oil CBD Mascara &#8211; w\u0142a\u015bciwo\u015bci:<\/strong><\/h2>\n<ul>\n<li>Znacz\u0105co pogrubia rz\u0119sy<\/li>\n<li>Wyd\u0142u\u017ca<\/li>\n<li>R\u00f3wnomiernie pokrywa ka\u017cd\u0105 rz\u0119s\u0119<\/li>\n<li>Rozdziela rz\u0119sy<\/li>\n<li>Podkre\u015bla spojrzenie<\/li>\n<li>Nadaje g\u0142\u0119bokiej czerni<\/li>\n<li>Piel\u0119gnuje i regeneruje<\/li>\n<\/ul>\n<p><strong>Ingredients: <\/strong>Aqua (Water), Synthetic Beeswax, Paraffin, Acacia Senegal Gum, Stearic Acid, Triethanolamine, Palmitic Acid, Copernicia Cerifera Cera (Copernicia Cerifera (Carnauba) Wax), Glyceryl Stearate, Polybutene, VP\/Eicosene Copolymer, Butylene Glycol, Oryza Sativa Cera (Oryza Sativa (Rice) Bran Wax), Phenoxyethanol, Cannabis Sativa Seed Oil, Methylparaben, Propylparaben, Hydroxyethy lcellulose, CI 77499 (Iron Oxides).<\/p>\n<p><strong>Pojemno\u015b\u0107: 12ml<\/strong><\/p>\n<p><strong>Producent:<\/strong><br \/>\nREVERS COSMETICS Sp. z o.o.,<br \/>\nul. S\u0142owikowskiego 39A,<br \/>\n05-090 Raszyn POLSKA<\/p>\n<\/div>\n<\/div>\n<\/div>\n","protected":false},"excerpt":{"rendered":"<p>Wyj\u0105tkowo d\u0142ugie, spektakularnie pogrubione rz\u0119sy o maksymalnej obj\u0119to\u015bci, jednocze\u015bnie zregenerowane i od\u017cywione. To jest teraz jak najbardziej mo\u017cliwe z tuszem do rz\u0119s <strong>Hemp Seed Oil CBD Mascara.<\/strong> Tusz do rz\u0119s zosta\u0142 stworzony na bazie oleju konopnego, kt\u00f3ry charakteryzuje si\u0119 silnymi w\u0142a\u015bciwo\u015bciami regeneracyjnymi. Czarny, intensywny pigment nadaje rz\u0119som wyj\u0105tkowej g\u0142\u0119bi koloru i jedwabistego blasku. Z kolei innowacyjne polimery zapewni\u0105 im niesamowit\u0105 d\u0142ugo\u015b\u0107 i elastyczno\u015b\u0107.<\/p>\n","protected":false},"featured_media":9786,"comment_status":"open","ping_status":"closed","template":"","meta":[],"product_brand":[],"product_cat":[82],"product_tag":[],"class_list":{"0":"post-7301","1":"product","2":"type-product","3":"status-publish","4":"has-post-thumbnail","6":"product_cat-kosmetyki-naturalne","8":"first","9":"instock","10":"sale","11":"taxable","12":"shipping-taxable","13":"purchasable","14":"product-type-simple"},"_links":{"self":[{"href":"https:\/\/ziolazycia.com\/nowa\/wp-json\/wp\/v2\/product\/7301","targetHints":{"allow":["GET"]}}],"collection":[{"href":"https:\/\/ziolazycia.com\/nowa\/wp-json\/wp\/v2\/product"}],"about":[{"href":"https:\/\/ziolazycia.com\/nowa\/wp-json\/wp\/v2\/types\/product"}],"replies":[{"embeddable":true,"href":"https:\/\/ziolazycia.com\/nowa\/wp-json\/wp\/v2\/comments?post=7301"}],"wp:featuredmedia":[{"embeddable":true,"href":"https:\/\/ziolazycia.com\/nowa\/wp-json\/wp\/v2\/media\/9786"}],"wp:attachment":[{"href":"https:\/\/ziolazycia.com\/nowa\/wp-json\/wp\/v2\/media?parent=7301"}],"wp:term":[{"taxonomy":"product_brand","embeddable":true,"href":"https:\/\/ziolazycia.com\/nowa\/wp-json\/wp\/v2\/product_brand?post=7301"},{"taxonomy":"product_cat","embeddable":true,"href":"https:\/\/ziolazycia.com\/nowa\/wp-json\/wp\/v2\/product_cat?post=7301"},{"taxonomy":"product_tag","embeddable":true,"href":"https:\/\/ziolazycia.com\/nowa\/wp-json\/wp\/v2\/product_tag?post=7301"}],"curies":[{"name":"wp","href":"https:\/\/api.w.org\/{rel}","templated":true}]}}