{"id":729,"date":"2022-11-25T08:36:24","date_gmt":"2022-11-25T07:36:24","guid":{"rendered":"https:\/\/ziolazycia.com\/nowa\/?post_type=product&#038;p=729"},"modified":"2025-11-26T15:58:14","modified_gmt":"2025-11-26T14:58:14","slug":"mieszanka-olejkow-eterycznych-doterra-terrashield-15-ml","status":"publish","type":"product","link":"https:\/\/ziolazycia.com\/nowa\/product\/mieszanka-olejkow-eterycznych-doterra-terrashield-15-ml\/","title":{"rendered":"doTERRA Mieszanka olejk\u00f3w eterycznych TERRA SHIELD NOWA FORMU\u0141A 15 ml \u00a0"},"content":{"rendered":"<div class=\"_5pbx userContent _3576\" data-testid=\"post_message\" data-ft=\"{&quot;tn&quot;:&quot;K&quot;}\">\n<div class=\"text_exposed_root text_exposed\">\n<h2 class=\"product-uses__block-title\">Zastosowania mieszanki doTERRA Terra Shield:<\/h2>\n<div class=\"product-uses__block-list\">\n<ul class=\"custom-list\">\n<li>Przed wyj\u015bciem na zewn\u0105trz zastosuj mieszank\u0119 TerraShield na nogi, ramiona i szyj\u0119.<\/li>\n<li>Zawsze spakuj mieszank\u0119 TerraShield, gdy jedziesz na kemping lub imprezy plenerowe.<\/li>\n<li>U\u017cyj TerraShield wok\u00f3\u0142 swoich drzwi, uszczelek do okien i namiotu.<\/li>\n<li>Dyfuzuj podczas spotka\u0144 na \u015bwie\u017cym powietrzu (3-4 krople w dyfuzorze).<\/li>\n<\/ul>\n<\/div>\n<\/div>\n<\/div>\n<div class=\"product-uses__directions-for-use\">\n<div class=\"product-uses__directions-for-use-item\">\n<div class=\"product-uses__directions-for-use-icon\"><\/div>\n<\/div>\n<\/div>\n<p>&nbsp;<\/p>\n<p><strong>Sk\u0142adniki<\/strong>: Olejek z nasion sezamu (Sesamum indicum), olejek z li\u015bci cytronelli (Cymbopogon winterianus), olejek z palczatki pogi\u0119tej (Cymbopogon flexuosus), olejek z tymianku (Thymus vulgaris), olejek z ja\u0142owca wirginijskiego (Juniperus virginiana), olejek z geranium (Pelargonium graveolens), olejek z mi\u0119ty pieprzowej (Mentha piperita), cytral*, geraniol*, cytronelol*, limonen*, linalol*.<\/p>\n<p>* Naturalnie wyst\u0119puj\u0105ce zwi\u0105zki oleju.<\/p>\n<div class=\"_5pbx userContent _3576\" data-testid=\"post_message\" data-ft=\"{&quot;tn&quot;:&quot;K&quot;}\">\n<div class=\"text_exposed_root text_exposed\">\n<p><strong>\u015arodki ostro\u017cno\u015bci: <\/strong>Mo\u017cliwa wra\u017cliwo\u015b\u0107 sk\u00f3ry. Trzyma\u0107 poza zasi\u0119giem dzieci. Je\u015bli jeste\u015b w ci\u0105\u017cy, karmisz piersi\u0105 lub jeste\u015b pod opiek\u0105 lekarza, skonsultuj si\u0119 z lekarzem. Unikaj kontaktu z oczami, uszami wewn\u0119trznymi i wra\u017cliwymi obszarami.<\/p>\n<p><strong>Aromaty:<\/strong> zielny, drzewny, kwiatowy, ostry, po chwili wietrzeje i jest \u0142agodny.<\/p>\n<p><strong>Pojemno\u015b\u0107:<\/strong> 15 ml (buteleczka z ciemnego szk\u0142a).<\/p>\n<p><strong>UWAGA:<\/strong><\/p>\n<div id=\"box_description\" class=\"box tab\">\n<div class=\"innerbox\">\n<div class=\"resetcss\">\n<p><span style=\"font-size: 8pt;\">Opis i w\u0142a\u015bciwo\u015bci olejk\u00f3w opisane na stronie maj\u0105 wy\u0142\u0105cznie charakter informacyjny. W razie choroby lub problem\u00f3w ze zdrowiem skontaktuj si\u0119 z lekarzem i zastosuj si\u0119 do jego zalece\u0144 i wskaz\u00f3wek. W \u017cadnym wypadku kuracje olejkami nie zast\u0119puj\u0105 leczenia prowadzonego przez lekarza. Olejki nie s\u0105 lekami, suplementami diety ani \u017cywno\u015bci\u0105 specjalnego przeznaczenia! Zastosowanie produkt\u00f3w, olejk\u00f3w le\u017c\u0105 wy\u0142\u0105cznie w gestii, inwencji kupuj\u0105cego. Olejki doTERRA posiadaj\u0105 certyfikat doTERRA CPTG Certified Pure Tested Grade\u00ae. Olejki te s\u0105 czystymi, naturalnymi aromatycznymi zwi\u0105zkami starannie wyekstrahowanymi z ro\u015blin. Nie zawieraj\u0105 sztucznych sk\u0142adnik\u00f3w ani wype\u0142niaczy, kt\u00f3re os\u0142abi\u0142yby ich czynne w\u0142a\u015bciwo\u015bci oraz nie zawieraj\u0105 zanieczyszcze\u0144 i innych pozosta\u0142o\u015bci chemicznych. Certyfikat ten oznacza, \u017ce olejek zosta\u0142 poddany rygorystycznym procesom testowym, kt\u00f3re oceniaj\u0105 czysto\u015b\u0107 i moc olejk\u00f3w eterycznych. Je\u015bli oleje zostan\u0105 przetestowane w systemie CPTG i oka\u017c\u0105 si\u0119 czyste i mocne, s\u0105 one nast\u0119pnie sprzedawane jako pojedyncze oleje lub stosowane w mieszankach olejk\u00f3w eterycznych, takich jak mieszanka doTERRA Purify.<\/span><\/p>\n<p><strong>Producent:<\/strong> doTERRA.<\/p>\n<\/div>\n<\/div>\n<\/div>\n<\/div>\n<\/div>\n","protected":false},"excerpt":{"rendered":"<p>TerraShield Nowa Formu\u0142a zawiera olejki eteryczne i inne oleje ro\u015blinne, o kt\u00f3rych wiadomo, \u017ce w naturalny i bezpieczny spos\u00f3b chroni\u0105 przed uci\u0105\u017cliwo\u015bciami \u015brodowiska. Jest to mieszanka do stosowania na zewn\u0105trz i w domu. Zawartych w niej olejk\u00f3w nie lubi\u0105 komary i inne owady lataj\u0105ce. TerraShield to bezpieczna formu\u0142a, kt\u00f3r\u0105 mo\u017ce stosowa\u0107 ka\u017cdy cz\u0142onek rodziny.<\/p>\n","protected":false},"featured_media":9360,"comment_status":"closed","ping_status":"closed","template":"","meta":[],"product_brand":[],"product_cat":[70,122,67,119],"product_tag":[],"class_list":{"0":"post-729","1":"product","2":"type-product","3":"status-publish","4":"has-post-thumbnail","6":"product_cat-doterra-mieszanki-olejkow-eterycznych","7":"product_cat-doterra-miesz-oe","8":"product_cat-produkty-doterra","9":"product_cat-doterra-produkty","11":"first","12":"instock","13":"taxable","14":"shipping-taxable","15":"purchasable","16":"product-type-simple"},"_links":{"self":[{"href":"https:\/\/ziolazycia.com\/nowa\/wp-json\/wp\/v2\/product\/729","targetHints":{"allow":["GET"]}}],"collection":[{"href":"https:\/\/ziolazycia.com\/nowa\/wp-json\/wp\/v2\/product"}],"about":[{"href":"https:\/\/ziolazycia.com\/nowa\/wp-json\/wp\/v2\/types\/product"}],"replies":[{"embeddable":true,"href":"https:\/\/ziolazycia.com\/nowa\/wp-json\/wp\/v2\/comments?post=729"}],"wp:featuredmedia":[{"embeddable":true,"href":"https:\/\/ziolazycia.com\/nowa\/wp-json\/wp\/v2\/media\/9360"}],"wp:attachment":[{"href":"https:\/\/ziolazycia.com\/nowa\/wp-json\/wp\/v2\/media?parent=729"}],"wp:term":[{"taxonomy":"product_brand","embeddable":true,"href":"https:\/\/ziolazycia.com\/nowa\/wp-json\/wp\/v2\/product_brand?post=729"},{"taxonomy":"product_cat","embeddable":true,"href":"https:\/\/ziolazycia.com\/nowa\/wp-json\/wp\/v2\/product_cat?post=729"},{"taxonomy":"product_tag","embeddable":true,"href":"https:\/\/ziolazycia.com\/nowa\/wp-json\/wp\/v2\/product_tag?post=729"}],"curies":[{"name":"wp","href":"https:\/\/api.w.org\/{rel}","templated":true}]}}