{"id":7284,"date":"2024-02-14T15:40:04","date_gmt":"2024-02-14T14:40:04","guid":{"rendered":"https:\/\/ziolazycia.com\/nowa\/?post_type=product&#038;p=7284"},"modified":"2025-11-26T15:59:05","modified_gmt":"2025-11-26T14:59:05","slug":"larens-lipocoll-hydro-serum-30-ml","status":"publish","type":"product","link":"https:\/\/ziolazycia.com\/nowa\/product\/larens-lipocoll-hydro-serum-30-ml\/","title":{"rendered":"Larens Lipocoll HA Hydro Serum 30 ml"},"content":{"rendered":"<h2><strong>Co \u015bwiadczy o wyj\u0105tkowo\u015bci Larens <\/strong><strong>LipoColl HA Hydro Serum<\/strong><strong>?<\/strong><\/h2>\n<p>&#8211; zawarto\u015b\u0107 <strong>kolagenu<\/strong> i <strong>kwasu hialuronowego<\/strong> w postaci liposomalnej czyli po\u0142\u0105czenie dw\u00f3ch najsilniej dzia\u0142aj\u0105cych humektant\u00f3w wyst\u0119puj\u0105cych w naturze w postaci umo\u017cliwiaj\u0105cej dotarcie do najg\u0142\u0119bszych warstw sk\u00f3ry. Efekt to natychmiastowe sp\u0142ycenie zmarszczek i wyg\u0142adzenie sk\u00f3ry przy jednoczesnym nawil\u017ceniu g\u0142\u0119bokich jej warstw;<\/p>\n<p>&#8211; delikatny <strong>zapach zielonej herbaty<\/strong> i <strong>bergamotki,<\/strong><\/p>\n<p><strong>&#8211;<\/strong> zastosowanie <strong>gumy ksantanowej jako naturalnego no\u015bnika dla kolagenu. <\/strong>\u00a0Naturalny emulgator i zag\u0119szczacz.<\/p>\n<p><strong>Zawarto\u015b\u0107 opakowania:<\/strong>\u00a0 30 ml<\/p>\n<p><strong>Sk\u0142ad:<\/strong> Aqua, Collagen, Elastin, Collagen Amino Acids, Elastin Amino Acids, Arginine\/Lysine Polypeptide, Palmitoyl Oligopeptide, Pentylene Glycol, Phosphatidylcholine, Xanthan Gum, Propylene Glycol, Lactic Acid, Sodium Hyaluronate, Tocopherol, Polyglyceryl-4 Caprylate, Sodium Lauroyl Glutamate, Diglycerin, Decyl Glucoside, Tocopheryl Acetate, Dehydroacetic Acid, Benzyl Alcohol, Parfum.<\/p>\n<p><strong>Spos\u00f3b u\u017cycia:<\/strong><br \/>\nNanie\u015b niewielk\u0105 ilo\u015b\u0107 kremu na oczyszczon\u0105 sk\u00f3r\u0119 twarzy, szyi i dekoltu. Do stosowania jako krem na dzie\u0144 i na noc.<\/p>\n<p><strong>Przechowywanie: <\/strong>Przechowywa\u0107 w spos\u00f3b niedost\u0119pny dla ma\u0142ych dzieci.<\/p>\n<p><strong>Producent:<\/strong><br \/>\nWell4U<\/p>\n","protected":false},"excerpt":{"rendered":"<h2>Nawadniaj\u0105ce serum przeciwzmarszczkowe.<\/h2>\n<p><strong>Larens Lipocoll HA Hydro Serum<\/strong> &#8211; to niezwykle skuteczne serum, kt\u00f3re b\u0142yskawicznie podnosi poziom nawodnienia sk\u00f3ry, widocznie j\u0105 zag\u0119szczaj\u0105c i zapewni\u0105j\u0105c kompleksow\u0105 hydroodbudow\u0119 wszystkich jej warstw.<\/p>\n<p>&nbsp;<\/p>\n","protected":false},"featured_media":9779,"comment_status":"open","ping_status":"closed","template":"","meta":[],"product_brand":[],"product_cat":[82,83,128],"product_tag":[],"class_list":{"0":"post-7284","1":"product","2":"type-product","3":"status-publish","4":"has-post-thumbnail","6":"product_cat-kosmetyki-naturalne","7":"product_cat-larens","8":"product_cat-kosmetyki-naturalne-larens","10":"first","11":"instock","12":"taxable","13":"shipping-taxable","14":"purchasable","15":"product-type-simple"},"_links":{"self":[{"href":"https:\/\/ziolazycia.com\/nowa\/wp-json\/wp\/v2\/product\/7284","targetHints":{"allow":["GET"]}}],"collection":[{"href":"https:\/\/ziolazycia.com\/nowa\/wp-json\/wp\/v2\/product"}],"about":[{"href":"https:\/\/ziolazycia.com\/nowa\/wp-json\/wp\/v2\/types\/product"}],"replies":[{"embeddable":true,"href":"https:\/\/ziolazycia.com\/nowa\/wp-json\/wp\/v2\/comments?post=7284"}],"wp:featuredmedia":[{"embeddable":true,"href":"https:\/\/ziolazycia.com\/nowa\/wp-json\/wp\/v2\/media\/9779"}],"wp:attachment":[{"href":"https:\/\/ziolazycia.com\/nowa\/wp-json\/wp\/v2\/media?parent=7284"}],"wp:term":[{"taxonomy":"product_brand","embeddable":true,"href":"https:\/\/ziolazycia.com\/nowa\/wp-json\/wp\/v2\/product_brand?post=7284"},{"taxonomy":"product_cat","embeddable":true,"href":"https:\/\/ziolazycia.com\/nowa\/wp-json\/wp\/v2\/product_cat?post=7284"},{"taxonomy":"product_tag","embeddable":true,"href":"https:\/\/ziolazycia.com\/nowa\/wp-json\/wp\/v2\/product_tag?post=7284"}],"curies":[{"name":"wp","href":"https:\/\/api.w.org\/{rel}","templated":true}]}}