{"id":7282,"date":"2024-02-14T15:38:12","date_gmt":"2024-02-14T14:38:12","guid":{"rendered":"https:\/\/ziolazycia.com\/nowa\/?post_type=product&#038;p=7282"},"modified":"2025-11-26T15:59:05","modified_gmt":"2025-11-26T14:59:05","slug":"larens-liftingujacy-krem-do-twarzy-50-ml","status":"publish","type":"product","link":"https:\/\/ziolazycia.com\/nowa\/product\/larens-liftingujacy-krem-do-twarzy-50-ml\/","title":{"rendered":"Larens Lifting Face Cream &#8211; Intensywnie liftinguj\u0105cy krem do sk\u00f3ry dojrza\u0142ej 50ml"},"content":{"rendered":"<p>Krem Larens Lifting Face Cream zawiera jedynie naturalne konserwanty, emolienty i sk\u0142adniki dodatkowe. St\u0105d w sk\u0142adzie pojawi\u0142 si\u0119 <strong>karagenian<\/strong> &#8211; czyli tzw. <strong>&#8222;naturalny silikon<\/strong>&#8221; czy <strong>pentiol eco<\/strong> &#8211; <strong>naturalny konserwant,<\/strong> kt\u00f3ry ma neutralny wp\u0142yw na sk\u00f3r\u0119.<\/p>\n<h2><strong>Co \u015bwiadczy o wyj\u0105tkowo\u015bci kremu liftinguj\u0105cego Larens Lifting Face Cream?<\/strong><\/h2>\n<p><strong>&#8211;<\/strong> <strong>Liposomal Collagen Complex<\/strong> &#8211; unikatowy na rynku kompleks, b\u0119d\u0105cy innowacyjnym po\u0142\u0105czeniem naturalnego kolagenu rybiego, peptyd\u00f3w, aminokwas\u00f3w, dekoryn, lumikan\u00f3w oraz histon\u00f3w zamkni\u0119tych w no\u015bniku liposomalnym.<\/p>\n<p>&#8211; <strong>Phytodermina Lifting\u00ae<\/strong> &#8211; naturalny zwi\u0105zek ro\u015blinny (st\u0119\u017cony roztw\u00f3r cyklicznego oligosacharydu). Posiada on w\u0142asno\u015bci nawil\u017caj\u0105ce i daj\u0105ce efekt natychmiastowego liftingu poprzez tworzenie niewidzialnego filmu na sk\u00f3rze i poprawienie napi\u0119cia powierzchniowego sk\u00f3ry. W rezultacie sk\u00f3ra staje si\u0119 g\u0142adsza, rozja\u015bniona, nabiera naturalnego blasku.<\/p>\n<p>&#8211; <strong>Regestril\u00ae<\/strong> &#8211; kombinacja rutyny, ekstraktu z fasoli (Phaseolus lunatus) i matrykin, kt\u00f3re przyspieszaj\u0105 syntez\u0119 fibronektyny i kolagenu w matrix mi\u0119dzykom\u00f3rkowym, przeciwdzia\u0142aj\u0105c w ten spos\u00f3b niszcz\u0105cemu dzia\u0142aniu enzym\u00f3w proteolitycznych, a tym samym op\u00f3\u017aniaj\u0105c efekty starzenia.<\/p>\n<p>&#8211; <strong>Witamina E<\/strong> &#8211; hamuje procesy starzenia si\u0119 sk\u00f3ry, nawil\u017ca j\u0105, wyg\u0142adza i zmi\u0119kcza nask\u00f3rek. Zmniejsza szkodliwe dzia\u0142anie promieni s\u0142onecznych na kom\u00f3rki sk\u00f3ry. Neutralizuje wolne rodniki.<\/p>\n<p>&#8211; <strong>Liposomalny kwas hialuronowy<\/strong> &#8211; wyg\u0142adza nask\u00f3rek, wspiera w\u0142a\u015bciwo\u015bci ochronne, zatrzymuje wod\u0119. Jest wykorzystywany r\u00f3wnie\u017c jako naturalny film, os\u0142aniaj\u0105cy warstw\u0119 rogow\u0105 nask\u00f3rka przed wnikaniem w ni\u0105 substancji chemicznych i bakterii. Dzi\u0119ki liposomalnej formie dociera do g\u0142\u0119bszych warstw sk\u00f3ry.<\/p>\n<p>&#8211; <strong>Kolagen<\/strong> &#8211; sk\u0142adnik stoj\u0105cy na stra\u017cy m\u0142odo\u015bci. D\u0142ugotrwale chroni sk\u00f3r\u0119 przed utrat\u0105 wilgoci, poprawia jej spr\u0119\u017cysto\u015b\u0107, napi\u0119cie, wyg\u0142adza zmarszczki.<\/p>\n<p>&#8211;<strong> Rutyna<\/strong> &#8211; flawonoid pochodzenia ro\u015blinnego, wzmacnia kapilary i drobne naczynia krwiono\u015bne, poprawia cyrkulacj\u0119 krwi, dzia\u0142a silnie antyoksydacyjnie.<\/p>\n<p><strong>Zawarto\u015b\u0107 opakowania:<\/strong>\u00a0 50 ml<\/p>\n<p><strong>Sk\u0142ad:<\/strong> Aqua, Glyceryl Stearate SE, Pentylene Glycol, Glycerin, Isononyl Isononanoate, Caprylic\/Capric Triglyceride, Sucrose Stearate, Cetearyl Alcohol, Butylene Glycol, Cetyl Hydroxyethylcellulose, Rutin, Palmitoyl Oligopeptide, Palmitoyl Tetrapeptide-7, Phaseolus Lunatus Seed Extract, Hydroxypropyl Cyclodextrin, Squalane, Phosphatidylcholine, Propylene Glycol, Collagen, Elastin, Collagen Amino Acids, Elastin Amino Acids, Arginine\/Lysine Polypeptide, Lactic Acid, Tocopherol, Carrageenan, Sodium Hyaluronate, Tocopheryl Acetate, Spirulina Maxima Extract, Dehydroacetic Acid, Benzyl Alcohol, Silica, Allantoin, Parfum, CI 77891, CI 77491.<\/p>\n<p><strong>Spos\u00f3b u\u017cycia<\/strong><br \/>\nNanie\u015b niewielk\u0105 ilo\u015b\u0107 kremu na oczyszczon\u0105 sk\u00f3r\u0119 twarzy, szyi i dekoltu. Do stosowania jako krem na dzie\u0144 i na noc<\/p>\n<p><strong>Przechowywanie: <\/strong>Przechowywa\u0107 w spos\u00f3b niedost\u0119pny dla ma\u0142ych dzieci.<\/p>\n<p><strong>Producent:<\/strong><br \/>\nWell4U<\/p>\n","protected":false},"excerpt":{"rendered":"<h2>Luksusowy krem przeciwzmarszczkowy.<\/h2>\n<p><strong>Larens Lifting Face Cream<\/strong> &#8211; \u00a0to ekskluzywny, intensywnie liftinguj\u0105cy krem do sk\u00f3ry dojrza\u0142ej. Zawiera unikatowy <strong>Liposomal Collagen<\/strong> <strong>Complex<\/strong> tj. kompleks naturalnych peptyd\u00f3w kolagenu rybiego w liposomach oraz mix efektywnie dzia\u0142aj\u0105cych sk\u0142adnik\u00f3w aktywnych, takich jak <strong>liftinguj\u0105ca Phytodermina Lifting\u00ae<\/strong> czy nawil\u017caj\u0105cy<strong> liposomalny kwas hialuronowy.<\/strong><\/p>\n","protected":false},"featured_media":9778,"comment_status":"open","ping_status":"closed","template":"","meta":[],"product_brand":[],"product_cat":[82,83,128],"product_tag":[],"class_list":{"0":"post-7282","1":"product","2":"type-product","3":"status-publish","4":"has-post-thumbnail","6":"product_cat-kosmetyki-naturalne","7":"product_cat-larens","8":"product_cat-kosmetyki-naturalne-larens","10":"first","11":"instock","12":"taxable","13":"shipping-taxable","14":"purchasable","15":"product-type-simple"},"_links":{"self":[{"href":"https:\/\/ziolazycia.com\/nowa\/wp-json\/wp\/v2\/product\/7282","targetHints":{"allow":["GET"]}}],"collection":[{"href":"https:\/\/ziolazycia.com\/nowa\/wp-json\/wp\/v2\/product"}],"about":[{"href":"https:\/\/ziolazycia.com\/nowa\/wp-json\/wp\/v2\/types\/product"}],"replies":[{"embeddable":true,"href":"https:\/\/ziolazycia.com\/nowa\/wp-json\/wp\/v2\/comments?post=7282"}],"wp:featuredmedia":[{"embeddable":true,"href":"https:\/\/ziolazycia.com\/nowa\/wp-json\/wp\/v2\/media\/9778"}],"wp:attachment":[{"href":"https:\/\/ziolazycia.com\/nowa\/wp-json\/wp\/v2\/media?parent=7282"}],"wp:term":[{"taxonomy":"product_brand","embeddable":true,"href":"https:\/\/ziolazycia.com\/nowa\/wp-json\/wp\/v2\/product_brand?post=7282"},{"taxonomy":"product_cat","embeddable":true,"href":"https:\/\/ziolazycia.com\/nowa\/wp-json\/wp\/v2\/product_cat?post=7282"},{"taxonomy":"product_tag","embeddable":true,"href":"https:\/\/ziolazycia.com\/nowa\/wp-json\/wp\/v2\/product_tag?post=7282"}],"curies":[{"name":"wp","href":"https:\/\/api.w.org\/{rel}","templated":true}]}}