{"id":7277,"date":"2024-02-14T15:34:09","date_gmt":"2024-02-14T14:34:09","guid":{"rendered":"https:\/\/ziolazycia.com\/nowa\/?post_type=product&#038;p=7277"},"modified":"2025-11-26T15:59:04","modified_gmt":"2025-11-26T14:59:04","slug":"larens-krem-do-twarzy-przeciwsloneczny-spf-20-50-ml","status":"publish","type":"product","link":"https:\/\/ziolazycia.com\/nowa\/product\/larens-krem-do-twarzy-przeciwsloneczny-spf-20-50-ml\/","title":{"rendered":"Larens Suncare Face Cream SPF 20 &#8211; Krem ochronno-regeneruj\u0105cy do twarzy z filtrami przeciws\u0142onecznymi 50 ml"},"content":{"rendered":"<p>Opr\u00f3cz ochronnej tarczy przeciws\u0142onecznej o faktorze SPF 20 preparat zawiera kompozycj\u0119 sk\u0142adnik\u00f3w o dzia\u0142aniu liftinguj\u0105co-rewitalizuj\u0105cym oraz koj\u0105cym podra\u017cnienia nawet wra\u017cliwej i naczynkowej sk\u00f3ry. Dzia\u0142anie ochronne kremu intensyfikuje <strong>Booster SPF,<\/strong> sk\u0142adnik zawieraj\u0105cy ekstrakt z ro\u015blinny Pongamia Pinnata. Jest on bogaty w zmi\u0119kczaj\u0105cy i wyg\u0142adzaj\u0105cy kwas oleinowy. Preparat zawiera r\u00f3wnie\u017c <strong>kwas ferulowy<\/strong>, kt\u00f3ry jako silny antyoksydant spowalnia procesy starzenia wywo\u0142ane nadmiern\u0105 ekspozycj\u0105 na s\u0142o\u0144ce, pomaga niwelowa\u0107 przebarwienia, nawil\u017ca oraz pobudza syntez\u0119 kolagenu.<\/p>\n<p><strong>Dzia\u0142anie ultranawil\u017caj\u0105ce<\/strong> oraz <strong>ochron\u0119 przed utrat\u0105 wody<\/strong> zapewniaj\u0105 <strong>liposomalny kwas hialuronowy<\/strong>,<strong> Biopeptide Complex<\/strong> oraz <strong>ekstrakt z w\u0105kroty azjatyckiej.<\/strong><\/p>\n<p>Te dwa ostatnie sk\u0142adniki dzia\u0142aj\u0105 r\u00f3wnie\u017c regeneruj\u0105co i przeciwzapalnie, pomagaj\u0105c niwelowa\u0107 przebarwienia oraz drobne blizny na sk\u00f3rze.<\/p>\n<p><strong>Efekt liftinguj\u0105cy<\/strong> i wyg\u0142adzaj\u0105cy uzyskamy dzi\u0119ki dzia\u0142aniu wyj\u0105tkowej <strong>algi Laminaria Saccharina (listownica cukrowa).<\/strong><\/p>\n<p><strong>Glukonolakton<\/strong>, <strong>glukonian cynku<\/strong> i <strong>alantoina<\/strong> wraz z pobudzaj\u0105cymi do dzia\u0142ania bia\u0142ka HSP peptydami kolagenu rybiego w<strong> Biopeptide<\/strong> <strong>Complex<\/strong> dbaj\u0105 o<strong> z\u0142agodzenie skutk\u00f3w nadmiernej ekspozycji na s\u0142o\u0144ce.<\/strong><\/p>\n<p><strong>Zawarto\u015b\u0107 opakowania:<\/strong>\u00a0 50 ml<\/p>\n<p><strong>Sk\u0142ad:<\/strong> Aqua, Isoamyl p-Methoxycinnamate, Caprylic\/Capric Triglyceride, Cocamidopropyl Betaine, Cetearyl Alcohol, Pongamia Pinnata Seed Extract, Propanediol, 1 ,2-Hexanediol, Glyceryl Stearate Citrate, Arachidyl Alcohol, Behenyl Alcohol, Arachidyl Glucoside, Glycerin, Laminaria Saccharina Extract, Phosphatidylcholine, Propylene Glycol, Sodium Hyaluronate, Butylene Glycol, Centella Asiatica Leaf Extract, Collagen, Elastin, Collagen Amino Acids, Elastin Amino Acids, Arginine\/Lysine Polypept ide, Palmi toyl Ol igopept ide, Gluconolactone, Calcium Gluconate, Carrageenan, Allantoin,Tocopheryl Acetate, Tocopherol, Sodium Benzoate, Dehydroacetic Acid, Benzyl Alcohol, Sodium Hydroxyde, Hydroxycinnamic Acid, Ferulic Acid, Parfum, Benzyl Salicylate, Hexyl Cinnamal, Linalool, Coumarin, Alpha-Isomethyl Ionone.<\/p>\n<h2><strong>Spos\u00f3b u\u017cycia Larens Suncare Face Cream:<\/strong><\/h2>\n<p>Nanie\u015b Larens Suncare Face Cream na dok\u0142adnie oczyszczon\u0105 sk\u00f3r\u0119 twarzy, szyi i dekoltu na ok. 20 min. przed planowan\u0105 ekspozycj\u0105 na s\u0142o\u0144ce. Opuszkami palc\u00f3w delikatnie wklep preparat w sk\u00f3r\u0119. Krem sprawdzi si\u0119 r\u00f3wnie\u017c jako baza pod makija\u017c.<br \/>\nStosuj jako codzienne zabezpieczenie sk\u00f3ry przed promieniowaniem UV lub bezpo\u015brednio przed intensywn\u0105 ekspozycj\u0105 sk\u00f3ry na s\u0142o\u0144ce.<br \/>\nW przypadku sta\u0142ej ekspozycji s\u0142onecznej, dla utrzymania ochrony, ponawiaj aplikacj\u0119 co ok. 2 godziny lub cz\u0119\u015bciej, zw\u0142aszcza po spoceniu si\u0119, p\u0142ywaniu czy wycieraniu r\u0119cznikiem.<\/p>\n<p><strong>Przechowywanie: <\/strong>Przechowywa\u0107 w spos\u00f3b niedost\u0119pny dla ma\u0142ych dzieci.<\/p>\n<p><strong>Producent:<\/strong><br \/>\nWell4U<\/p>\n","protected":false},"excerpt":{"rendered":"<h2>Krem ochronno- regeneracyjny do twarzy, szyi i dekoltu z filtrami SPF 20 (\u015brednia bariera)<\/h2>\n<p>Wielofunkcyjny preparat o lekkiej, szybko wch\u0142aniaj\u0105cej si\u0119 konsystencji i orze\u017awiaj\u0105cym zapachu wody kokosowej.<br \/>\nOryginalne po\u0142\u0105czenie regeneruj\u0105cych w\u0142a\u015bciwo\u015bci peptyd\u00f3w kolagenu rybiego i filtr\u00f3w przeciws\u0142onecznych (Amiloxate) sprawia, \u017ce Larens Suncare Face Cream idealnie sprawdzi si\u0119 jako codzienne zabezpieczenie przed promieniowaniem UV i skuteczne przeciwdzia\u0142anie fotostarzeniu si\u0119 sk\u00f3ry.<\/p>\n","protected":false},"featured_media":9776,"comment_status":"open","ping_status":"closed","template":"","meta":[],"product_brand":[],"product_cat":[82,83,128],"product_tag":[],"class_list":{"0":"post-7277","1":"product","2":"type-product","3":"status-publish","4":"has-post-thumbnail","6":"product_cat-kosmetyki-naturalne","7":"product_cat-larens","8":"product_cat-kosmetyki-naturalne-larens","10":"first","11":"instock","12":"taxable","13":"shipping-taxable","14":"purchasable","15":"product-type-simple"},"_links":{"self":[{"href":"https:\/\/ziolazycia.com\/nowa\/wp-json\/wp\/v2\/product\/7277","targetHints":{"allow":["GET"]}}],"collection":[{"href":"https:\/\/ziolazycia.com\/nowa\/wp-json\/wp\/v2\/product"}],"about":[{"href":"https:\/\/ziolazycia.com\/nowa\/wp-json\/wp\/v2\/types\/product"}],"replies":[{"embeddable":true,"href":"https:\/\/ziolazycia.com\/nowa\/wp-json\/wp\/v2\/comments?post=7277"}],"wp:featuredmedia":[{"embeddable":true,"href":"https:\/\/ziolazycia.com\/nowa\/wp-json\/wp\/v2\/media\/9776"}],"wp:attachment":[{"href":"https:\/\/ziolazycia.com\/nowa\/wp-json\/wp\/v2\/media?parent=7277"}],"wp:term":[{"taxonomy":"product_brand","embeddable":true,"href":"https:\/\/ziolazycia.com\/nowa\/wp-json\/wp\/v2\/product_brand?post=7277"},{"taxonomy":"product_cat","embeddable":true,"href":"https:\/\/ziolazycia.com\/nowa\/wp-json\/wp\/v2\/product_cat?post=7277"},{"taxonomy":"product_tag","embeddable":true,"href":"https:\/\/ziolazycia.com\/nowa\/wp-json\/wp\/v2\/product_tag?post=7277"}],"curies":[{"name":"wp","href":"https:\/\/api.w.org\/{rel}","templated":true}]}}