{"id":7274,"date":"2024-02-14T15:30:59","date_gmt":"2024-02-14T14:30:59","guid":{"rendered":"https:\/\/ziolazycia.com\/nowa\/?post_type=product&#038;p=7274"},"modified":"2025-11-26T15:59:04","modified_gmt":"2025-11-26T14:59:04","slug":"kamienny-roller-do-twarzy","status":"publish","type":"product","link":"https:\/\/ziolazycia.com\/nowa\/product\/kamienny-roller-do-twarzy\/","title":{"rendered":"Jadeitowy dwustronny roller karbowany do masa\u017cu twarzy"},"content":{"rendered":"<p>Strona z wi\u0119kszym karbowanym idealnie nadaje si\u0119 do bardziej intensywnego masa\u017cu twarzy i szyi, a strona z mniejszym g\u0142adkim wa\u0142eczkiem &#8211; do delikatniejszego masa\u017cu okolic oczu i ust.<\/p>\n<p><strong>Poczuj luksus naturalnego jadeitu i odkryj sekret m\u0142odej i promiennej sk\u00f3ry.<\/strong><\/p>\n<p data-sourcepos=\"10:1-10:11\"><strong>Zalety stosowania jadeitowego dwustronnego rollera:<\/strong><\/p>\n<ul data-sourcepos=\"12:1-19:0\">\n<li data-sourcepos=\"12:1-12:101\"><strong>Ch\u0142odny w dotyku:<\/strong> Jadeit naturalnie utrzymuje ch\u0142\u00f3d, co pomaga zmniejszy\u0107 opuchlizn\u0119 i obrz\u0119ki, szczeg\u00f3lnie cienie i worki pod oczami.<\/li>\n<li data-sourcepos=\"13:1-13:102\"><strong>Poprawia kr\u0105\u017cenie krwi:<\/strong> Masa\u017c wa\u0142eczkiem stymuluje kr\u0105\u017cenie krwi, co nadaje sk\u00f3rze zdrowy blask.<\/li>\n<li data-sourcepos=\"14:1-14:63\"><strong>Drena\u017c limfatyczny:<\/strong> Pomaga w usuwaniu toksyn z organizmu.<\/li>\n<li data-sourcepos=\"15:1-15:104\"><strong>Zmniejsza zmarszczki:<\/strong> Regularny masa\u017c twarzy mo\u017ce pom\u00f3c w sp\u0142yceniu zmarszczek i linii mimicznych.<\/li>\n<li data-sourcepos=\"16:1-16:87\"><strong>Uj\u0119drnia sk\u00f3r\u0119:<\/strong> Masa\u017c stymuluje produkcj\u0119 kolagenu, co uj\u0119drnia i wyg\u0142adza sk\u00f3r\u0119.<\/li>\n<li data-sourcepos=\"17:1-17:108\"><strong>\u0141agodzi napi\u0119cie mi\u0119\u015bni:<\/strong> Masa\u017c twarzy mo\u017ce pom\u00f3c w rozlu\u017anieniu mi\u0119\u015bni twarzy i zmniejszeniu napi\u0119cia.<\/li>\n<li data-sourcepos=\"18:1-19:0\"><strong>Uniwersalny:<\/strong> Mo\u017ce by\u0107 stosowany do wszystkich rodzaj\u00f3w sk\u00f3ry, tak\u017ce tej naczynkowej, na kt\u00f3r\u0105 ma bardzo korzystny wp\u0142yw.<\/li>\n<\/ul>\n<h2 data-sourcepos=\"20:1-20:18\"><strong>Jadeitowy dwustronny roller &#8211; spos\u00f3b u\u017cycia:<\/strong><\/h2>\n<ol data-sourcepos=\"22:1-27:0\">\n<li data-sourcepos=\"22:1-22:95\">Umie\u015b\u0107 wa\u0142ek w lod\u00f3wce na 10-15 minut przed u\u017cyciem, aby zwi\u0119kszy\u0107 jego dzia\u0142anie ch\u0142odz\u0105ce (nie wk\u0142ada\u0107 do zamra\u017carki!).<\/li>\n<li data-sourcepos=\"23:1-23:45\">Na\u0142\u00f3\u017c na twarz serum lub olejek do twarzy.<\/li>\n<li data-sourcepos=\"24:1-24:101\">Delikatnie przesuwaj wa\u0142ek po twarzy, zaczynaj\u0105c od czo\u0142a i przesuwaj\u0105c si\u0119 w d\u00f3\u0142 w kierunku szyi.<\/li>\n<li data-sourcepos=\"25:1-25:36\">Powtarzaj ruchy przez ok.15 minut.<\/li>\n<li data-sourcepos=\"26:1-27:0\">Umyj wa\u0142ek ciep\u0142\u0105 wod\u0105 i myd\u0142em po u\u017cyciu.<\/li>\n<\/ol>\n<p>Jadeitowy wa\u0142eczek do masa\u017cu twarzy najlepiej jest stosowa\u0107 w japo\u0144skiej technice liftingu opieraj\u0105cej si\u0119 na masa\u017cu shiatsu. Masa\u017c wykonuje si\u0119 pocz\u0105tkowo wy\u0142\u0105cznie d\u0142o\u0144mi &#8211; zaczynaj\u0105c od ruch\u00f3w g\u0142aszcz\u0105cych, aby nast\u0119pnie przej\u015b\u0107 do uciskania palcami. Po zako\u0144czeniu masa\u017cu manualnego wykorzystuje si\u0119 wa\u0142eczek jadeitowy, aby zamkn\u0105\u0107 pory i poprawi\u0107 mikrokr\u0105\u017cenie masowanej sk\u00f3ry.<\/p>\n<p>Masa\u017c twarzy jadeitowym rollerem mo\u017cna stosowa\u0107 codziennie. Najlepsze efekty uzyskamy, gdy masa\u017c wa\u0142eczkiem trwa oko\u0142o 15 minut i jest wykonywany co najmniej 4 razy w tygodniu.<\/p>\n<p data-sourcepos=\"28:1-28:25\"><strong>Dodatkowe informacje:<\/strong><\/p>\n<ul data-sourcepos=\"30:1-32:0\">\n<li data-sourcepos=\"30:1-30:104\">Jadeit jest kamieniem naturalnym, dlatego ka\u017cdy wa\u0142ek mo\u017ce si\u0119 nieznacznie r\u00f3\u017cni\u0107 kolorem, wzorem i kszta\u0142tem.<\/li>\n<li data-sourcepos=\"31:1-32:0\">Wa\u0142ek jest delikatny, dlatego nale\u017cy obchodzi\u0107 si\u0119 z nim ostro\u017cnie.<\/li>\n<li data-sourcepos=\"31:1-32:0\">Metal mocowania w kolorze srebrnym jest bardziej odporny na korozj\u0119 i nie odbarwia si\u0119 z czasem tak jak w przypadku tradycyjnych, mosi\u0119\u017cnych mocowa\u0144 (tych w kolorze z\u0142otym).<\/li>\n<\/ul>\n<p data-sourcepos=\"33:1-33:21\"><strong>Przeciwwskazania:<\/strong><\/p>\n<ul data-sourcepos=\"35:1-37:0\">\n<li data-sourcepos=\"35:1-35:83\">Nie stosowa\u0107 rollera w przypadku jakichkolwiek stan\u00f3w zapalnych sk\u00f3ry lub otwartych rany.<\/li>\n<\/ul>\n<p data-sourcepos=\"38:1-38:141\"><strong>Jadeitowy roll-on do masa\u017cu twarzy to doskona\u0142e narz\u0119dzie do piel\u0119gnacji sk\u00f3ry, kt\u00f3re mo\u017ce pom\u00f3c Ci uzyska\u0107 promienn\u0105 i m\u0142odzie\u0144cz\u0105 cer\u0119.<\/strong><\/p>\n<p><strong>Zafunduj sobie relaksuj\u0105cy masa\u017c twarzy w zaciszu w\u0142asnego domu.<\/strong><\/p>\n<p><strong>Podmiot odpowiedzialny:<\/strong><br \/>\nTCM BRAND Sp. z o.o.,<br \/>\nul. Winnicka 52,<br \/>\n30-394 Krak\u00f3w.<\/p>\n","protected":false},"excerpt":{"rendered":"<p><strong>oller do twarzy<\/strong>\u00a0marki\u00a0<strong>Wsch\u00f3d<\/strong>\u00a0wykonany z wysokiej jako\u015bci, pi\u0119knego\u00a0<strong>jadeitu &#8211; kamienia nazywanego w Azji &#8222;kamieniem m\u0142odo\u015bci&#8221;. <\/strong>Jadeitowy wa\u0142ek do twarzy s\u0142u\u017cy do uj\u0119drniaj\u0105cego i liftinguj\u0105cego <strong>masa\u017cu kosmetycznego twarzy<\/strong>.<\/p>\n<p>Wa\u0142eczek do twarzy ma\u00a0<strong>dwie ko\u0144c\u00f3wki<\/strong>\u00a0masuj\u0105ce wykonane z\u00a0<strong>karbowanego<\/strong>\u00a0oraz\u00a0<strong>g\u0142adkiego<\/strong>\u00a0<strong>jadeitu.<\/strong><\/p>\n","protected":false},"featured_media":9771,"comment_status":"open","ping_status":"closed","template":"","meta":[],"product_brand":[],"product_cat":[73,74],"product_tag":[],"class_list":{"0":"post-7274","1":"product","2":"type-product","3":"status-publish","4":"has-post-thumbnail","6":"product_cat-akcesoria-do-twarzy-i-ciala","7":"product_cat-masaz-twarzy","9":"first","10":"instock","11":"sale","12":"taxable","13":"shipping-taxable","14":"purchasable","15":"product-type-simple"},"_links":{"self":[{"href":"https:\/\/ziolazycia.com\/nowa\/wp-json\/wp\/v2\/product\/7274","targetHints":{"allow":["GET"]}}],"collection":[{"href":"https:\/\/ziolazycia.com\/nowa\/wp-json\/wp\/v2\/product"}],"about":[{"href":"https:\/\/ziolazycia.com\/nowa\/wp-json\/wp\/v2\/types\/product"}],"replies":[{"embeddable":true,"href":"https:\/\/ziolazycia.com\/nowa\/wp-json\/wp\/v2\/comments?post=7274"}],"wp:featuredmedia":[{"embeddable":true,"href":"https:\/\/ziolazycia.com\/nowa\/wp-json\/wp\/v2\/media\/9771"}],"wp:attachment":[{"href":"https:\/\/ziolazycia.com\/nowa\/wp-json\/wp\/v2\/media?parent=7274"}],"wp:term":[{"taxonomy":"product_brand","embeddable":true,"href":"https:\/\/ziolazycia.com\/nowa\/wp-json\/wp\/v2\/product_brand?post=7274"},{"taxonomy":"product_cat","embeddable":true,"href":"https:\/\/ziolazycia.com\/nowa\/wp-json\/wp\/v2\/product_cat?post=7274"},{"taxonomy":"product_tag","embeddable":true,"href":"https:\/\/ziolazycia.com\/nowa\/wp-json\/wp\/v2\/product_tag?post=7274"}],"curies":[{"name":"wp","href":"https:\/\/api.w.org\/{rel}","templated":true}]}}